{"id":21157,"date":"2024-11-12T17:09:22","date_gmt":"2024-11-12T20:09:22","guid":{"rendered":"https:\/\/com-automotive.com\/motor-de-arranque-12v-3-2kw-10t-compatible-2280005640-para-el-motor-case-a8000-a8800-a8810-case-7120-ih-c9\/"},"modified":"2025-02-27T17:07:02","modified_gmt":"2025-02-27T20:07:02","slug":"motor-de-arranque-12v-3-2kw-10t-compatible-2280005640-para-el-motor-case-a8000-a8800-a8810-case-7120-ih-c9","status":"publish","type":"product","link":"https:\/\/com-automotive.com\/es\/motor-de-arranque-12v-3-2kw-10t-compatible-2280005640-para-el-motor-case-a8000-a8800-a8810-case-7120-ih-c9\/","title":{"rendered":"Motor de arranque de 12V 3.2KW 10T compatible 2280005640 para Case A8000 A8800 A8810 Case 7120 IH C9<span class=\"product-sku\" style=\"display: block; font-size: 0.85em; color: #777; margin-top: 5px; margin-bottom: 5px;\">SKU: 6000.0640-COM<\/span>"},"content":{"rendered":"<h1><strong>COM-AUTOMOTIVE, producto con Calidad y Dise\u00f1o Original.<\/strong><\/h1>\n<p>Motor de arranque de 12V 3.2KW 10T compatible 2280005640 para Case A8000 A8800 A8810 Case 7120 IH C9<\/p>\n<h2>Preguntas m\u00e1s frecuentes<\/h2>\n<h3><strong>\u00bfCu\u00e1les son las referencias cruzadas de este producto de la marca COM Automotive?<\/strong><\/h3>\n<p>0001250004, 2995138, 42498714, 99432760, 99432760R, 2280005640, 2280005641, ZEN 34007, ZM 8014103, EURO 20651, DITA 20509, 2280005640<\/p>\n<h2><strong>Tabla de aplicaci\u00f3n<\/strong><\/h2>\n<table style=\"height: 1064px;\" width=\"1324\">\n<tbody>\n<tr>\n<td width=\"529\">CASE IH PUMA 185, FPT INDUSTRIALDIESEL, 2015-2022.<\/td>\n<\/tr>\n<tr>\n<td>CASE IH PUMA 170 SEMI-POWERSHIFT, FPT INDUSTRIALDIESEL, 2015-2022.<\/td>\n<\/tr>\n<tr>\n<td>ESTUCHE IH PUMA 170, FPT INDUSTRIAL 6.7L 12V SOHV L6 DIESEL, 2014-2022.<\/td>\n<\/tr>\n<tr>\n<td>CASE IH PUMA 185 4X4, FPT INDUSTRIAL 6.7 L 12V SOHV L6 DIESEL, 2013-2022.<\/td>\n<\/tr>\n<tr>\n<td>CASE IH PUMA 185, FPT INDUSTRIAL 6.7L 12V SOHV L6 DIESEL, 2014-2022.<\/td>\n<\/tr>\n<tr>\n<td>CASE IH PUMA 170, FPT INDUSTRIALDIESEL, 2016-2022.<\/td>\n<\/tr>\n<tr>\n<td>CASE IH PUMA 185 SEMI-POWERSHIFT, FPT INDUSTRIALDIESEL, 2016-2022.<\/td>\n<\/tr>\n<tr>\n<td>CASE IH PUMA 200, FPT INDUSTRIAL N67 NEF 6 6.7L 12V SOHV L6 DIESEL, 2016-2022.<\/td>\n<\/tr>\n<tr>\n<td>ESTUCHE IH PUMA 215, FPT INDUSTRIAL N67 NEF 6 6.7L 12V SOHV L6 DIESEL, 2016-2022.<\/td>\n<\/tr>\n<tr>\n<td>ESTUCHE IH PUMA 230, FPT INDUSTRIAL N67 NEF 6 6.7L 12V SOHV L6 DIESEL, 2016-2022.<\/td>\n<\/tr>\n<tr>\n<td>CASE IH PUMA 230, FPT INDUSTRIALDIESEL, 2015-2022.<\/td>\n<\/tr>\n<tr>\n<td>CASE FARMLIFT 735, CASEDIESEL,<\/td>\n<\/tr>\n<tr>\n<td>CAJA JX1080 U, CAJA 4.5L DIESEL, 2004-2008.<\/td>\n<\/tr>\n<tr>\n<td>CAJA JX1085 C, CNH 4.5L DIESEL,<\/td>\n<\/tr>\n<tr>\n<td>CAJA JX1095, CNH 4.5L DIESEL,<\/td>\n<\/tr>\n<tr>\n<td>ESTUCHE JX90, ESTUCHE DIESEL 3.9L,<\/td>\n<\/tr>\n<tr>\n<td>CAJA JX95,3.9L DIESEL, 2002-2009.<\/td>\n<\/tr>\n<tr>\n<td>CAJA JXU 105, CAJA DI\u00c9SEL DE 4,5 L,<\/td>\n<\/tr>\n<tr>\n<td>ESTUCHE JXU 85, ESTUCHE 4.5L DIESEL, 2008-2012.<\/td>\n<\/tr>\n<tr>\n<td>ESTUCHE JXU 95, IVECO 4.5L DIESEL,<\/td>\n<\/tr>\n<tr>\n<td>CASE MAXXUM 100, CUMMINS 5.9L DIESEL,<\/td>\n<\/tr>\n<tr>\n<td>CASE MAXXUM 110, FPT 4.5L DIESEL,<\/td>\n<\/tr>\n<tr>\n<td>CASE MAXXUM 115, FPT 6.7L DIESEL, 2007-*.<\/td>\n<\/tr>\n<tr>\n<td>CASE MAXXUM 120, FPT 4.5L DIESEL, 2007-2014.<\/td>\n<\/tr>\n<tr>\n<td>CASE MAXXUM130, FPT 4.5L DIESEL, 2007-2014.<\/td>\n<\/tr>\n<tr>\n<td>CASO MAXXUM175, FPT 6.7L DIESEL, 2002-2007.<\/td>\n<\/tr>\n<tr>\n<td>CAJA MXU 100, CNH 4.5L DIESEL, 2004-2006.<\/td>\n<\/tr>\n<tr>\n<td>CAJA MXU 110, CNH 4.5L DIESEL, 2004-2006.<\/td>\n<\/tr>\n<tr>\n<td>CAJA MXU 115, CNH 6.7L DIESEL, 2005-2006.<\/td>\n<\/tr>\n<tr>\n<td>ESTUCHE PUMA 130, ESTUCHE 6.7L DIESEL, 2011-2013.<\/td>\n<\/tr>\n<tr>\n<td>ESTUCHE PUMA 145, ESTUCHE 6.7L DIESEL, 2011-2013.<\/td>\n<\/tr>\n<tr>\n<td>ESTUCHE PUMA 150, ESTUCHE DI\u00c9SEL 6.7L, 2014-*.<\/td>\n<\/tr>\n<tr>\n<td>ESTUCHE PUMA 160, ESTUCHE 6.7L DIESEL, 2011-2013.<\/td>\n<\/tr>\n<tr>\n<td>ESTUCHE PUMA 175, ESTUCHE DI\u00c9SEL 6.7L, 2017-2020.<\/td>\n<\/tr>\n<tr>\n<td>CASE QUANTUM 105, CASEDIESEL,<\/td>\n<\/tr>\n<tr>\n<td>CASE QUANTUM 85, CASEDIESEL,<\/td>\n<\/tr>\n<\/tbody>\n<\/table>\n<div><strong>ATENCI\u00d3N:<\/strong><\/div>\n<div>Recomendamos que el producto sea instalado por un profesional formado y especializado.<\/div>\n<div>S\u00f3lo compra este producto si est\u00e1s seguro de que es compatible con tu veh\u00edculo. Si tienes alguna duda, no dudes en ponerte en contacto con nosotros. Nuestro horario de apertura es de lunes a viernes de 8 a 18 h.<\/div>\n<div><\/div>\n<div><strong>SOBRE NOSOTROS:<\/strong><\/div>\n<div>COM Automotive est\u00e1 especializada en piezas de autom\u00f3vil de dise\u00f1o original para el sector de la reparaci\u00f3n posventa, clientes industriales y fabricantes de veh\u00edculos especiales OEM.<\/div>\n<div>Nuestro equipo tiene m\u00e1s de 28 a\u00f1os de experiencia en la fabricaci\u00f3n y el suministro de piezas de automoci\u00f3n a escala mundial.<\/div>\n<div>Nuestra <strong>MISI\u00d3N <\/strong> es ofrecer productos de dise\u00f1o original con una calidad impecable y una sustituci\u00f3n personalizada.<\/div>\n<div>Nuestra <strong>VISI\u00d3N<\/strong> es promover el crecimiento y un valor inigualable para nuestros clientes.<\/div>\n<div><\/div>\n<div><strong>DISE\u00d1O ORIGINAL<\/strong><\/div>\n<div>El t\u00e9rmino \u00abDise\u00f1o Original\u00bb se refiere a la percepci\u00f3n \u00fanica e innovadora y a la propuesta de valor de los productos de COM Automotive, as\u00ed como a la experiencia ofrecida durante su compra. Esto abarca no solo el empaque y la est\u00e9tica del producto, sino tambi\u00e9n la autenticidad y creatividad de la marca. COM Automotive busca ofrecer productos de alta calidad que satisfagan las necesidades de la industria del mercado de repuestos, aline\u00e1ndose con su Visi\u00f3n, Misi\u00f3n y Valores.  <\/div>\n<div><\/div>\n<div><strong>NOTAR:<\/strong><\/div>\n<div>C\u00f3digo de Protecci\u00f3n al Consumidor (CDC): La Ley N\u00b0 8.078, de 11 de septiembre de 1990, establece que la informaci\u00f3n proporcionada al consumidor debe ser clara y precisa. El art\u00edculo 31 del CDC exige que la publicidad y el etiquetado de los productos y servicios sean veraces y no induzcan a error al consumidor. Esto incluye asegurarse de que la informaci\u00f3n sobre la compatibilidad, la marca y las caracter\u00edsticas se describa correctamente para evitar malentendidos. El uso del t\u00e9rmino \u00abcompatible\u00bb tambi\u00e9n est\u00e1 regulado por los grandes mercados en el mercado para la catalogaci\u00f3n adecuada de productos y la aplicaci\u00f3n automotriz.   <\/div>\n","protected":false},"excerpt":{"rendered":"<p>6000.0640-COM. Compatible con: 0001250004, 2995138, 42498714, 99432760, 99432760R, 2280005640, 2280005641, ZEN 34007, ZM 8014103, EURO 20651, DITA 20509, 2280005640.  Marca: COM Automotive &#8211; Producto con calidad y dise\u00f1o originales.<\/p>\n","protected":false},"featured_media":21144,"comment_status":"open","ping_status":"closed","template":"","meta":[],"product_brand":[],"product_cat":[8119],"product_tag":[14003,33323,33324,33329,33330,33334,33333,33335,33331,33332,33328,33327,33325,33326],"class_list":{"0":"post-21157","1":"product","2":"type-product","3":"status-publish","4":"has-post-thumbnail","6":"product_cat-motor-de-arranque","7":"product_tag-0001250004-es","8":"product_tag-2280005640-es","9":"product_tag-2280005641-es","10":"product_tag-2995138-es","11":"product_tag-42498714-es","12":"product_tag-6000-0640-es","13":"product_tag-6000-0640-com-es","14":"product_tag-60000640-es","15":"product_tag-99432760-es","16":"product_tag-99432760r-es","17":"product_tag-dita-20509-es","18":"product_tag-euro-20651-es","19":"product_tag-zen-34007-es","20":"product_tag-zm-8014103-es","22":"first","23":"instock","24":"taxable","25":"shipping-taxable","26":"purchasable","27":"product-type-simple"},"_links":{"self":[{"href":"https:\/\/com-automotive.com\/es\/wp-json\/wp\/v2\/product\/21157","targetHints":{"allow":["GET"]}}],"collection":[{"href":"https:\/\/com-automotive.com\/es\/wp-json\/wp\/v2\/product"}],"about":[{"href":"https:\/\/com-automotive.com\/es\/wp-json\/wp\/v2\/types\/product"}],"replies":[{"embeddable":true,"href":"https:\/\/com-automotive.com\/es\/wp-json\/wp\/v2\/comments?post=21157"}],"wp:featuredmedia":[{"embeddable":true,"href":"https:\/\/com-automotive.com\/es\/wp-json\/wp\/v2\/media\/21144"}],"wp:attachment":[{"href":"https:\/\/com-automotive.com\/es\/wp-json\/wp\/v2\/media?parent=21157"}],"wp:term":[{"taxonomy":"product_brand","embeddable":true,"href":"https:\/\/com-automotive.com\/es\/wp-json\/wp\/v2\/product_brand?post=21157"},{"taxonomy":"product_cat","embeddable":true,"href":"https:\/\/com-automotive.com\/es\/wp-json\/wp\/v2\/product_cat?post=21157"},{"taxonomy":"product_tag","embeddable":true,"href":"https:\/\/com-automotive.com\/es\/wp-json\/wp\/v2\/product_tag?post=21157"}],"curies":[{"name":"wp","href":"https:\/\/api.w.org\/{rel}","templated":true}]}}