{"id":21154,"date":"2024-11-12T17:09:12","date_gmt":"2024-11-12T20:09:12","guid":{"rendered":"https:\/\/com-automotive.com\/alternador-de-11205018-48025533-compatible-de-12v-170a-para-new-holland-t7-nuevo-modelo\/"},"modified":"2025-07-15T13:40:01","modified_gmt":"2025-07-15T16:40:01","slug":"alternador-de-11205018-48025533-compatible-de-12v-170a-para-new-holland-t7-nuevo-modelo","status":"publish","type":"product","link":"https:\/\/com-automotive.com\/es\/alternador-de-11205018-48025533-compatible-de-12v-170a-para-new-holland-t7-nuevo-modelo\/","title":{"rendered":"Alternador 12V 150A 10PK compatible con 11205018 48025533 MG30 para New Holland T7 (nuevo modelo)<span class=\"product-sku\" style=\"display: block; font-size: 0.85em; color: #777; margin-top: 5px; margin-bottom: 5px;\">SKU: 8000.5018-COM<\/span>"},"content":{"rendered":"<h1><strong>COM-AUTOMOTIVE, producto con Calidad y Dise\u00f1o Original.<\/strong><\/h1>\n<p>Alternador 12V 150A 10PK compatible con 11205018 48025533 MG30 para New Holland T7 (nuevo modelo)<\/p>\n<h2>Preguntas m\u00e1s frecuentes<\/h2>\n<h3><strong>\u00bfCu\u00e1les son las referencias cruzadas de este producto de la marca COM Automotive?<\/strong><\/h3>\n<p>48025533, 84141455, 87573243, 11205018, 11204174, MG 30, AAN5333, IA1198, MG 694, 11204233, MG30, MG694, DRA0816, 23842, 80005018<\/p>\n<h2><strong>Tabla de aplicaci\u00f3n<\/strong><\/h2>\n<p>CAJA PUMA 170 NEF Tier 4; 167CV 6.7- 01.11<br \/>\nCAJA PUMA 170 CVX NEF Tier 4; 167 CV 6,7- 12,10<br \/>\nCAJA PUMA 180 CVX NEF Tier 3; 182 CV 6.7-12.10<br \/>\nCAJA PUMA 185 NEF Tier 4; 185 CV 6.7-01.11<br \/>\nCAJA PUMA 185 CVX NEF Tier 4; 185 CV 6,7 &#8211; 12,10<br \/>\nCAJA PUMA 200 NEF Tier 4; 200 CV 6,7- 12,10<br \/>\nCAJA PUMA 200 CVX NEF Tier 4; 200 CV 6,7- 12,10<br \/>\nCAJA PUMA 215 NEF Tier 4; 215 CV 6,7- 12,10<br \/>\nCAJA PUMA 215 CVX NEF Tier 4; 215 CV 6,7- 12,10<br \/>\nCAJA PUMA 225 CVX NEF Tier 3; 224CV 6.7 01.09-<br \/>\nCAJA PUMA 230 CVX NEF Tier 4; 228 CV 6,7 &#8211; 12,10<br \/>\nCASE T 7030 NEF, 6 cilindros; Nivel III (167 CV): 6,7 &#8211;<br \/>\nASUNTO T 7040 NEF; 6 cilindros, Tier III (182 CV) 6.7 &#8211;<br \/>\nASUNTO T 7050 NEF; 6 cilindros, Tier III (197 CV) 6.7 &#8211;<br \/>\nASUNTO T 7060 NEF; 6 cilindros, Tier III (213 CV) 6,7 &#8211;<br \/>\nCAJA T 7070 NEF, 6 cilindros; Nivel III (225 CV) 6,7 &#8211;<br \/>\nNUEVO HOLLAND T7 T7.185 AUTO COMMAND FPT NEF; 6 cilindros, Tier 4; 188HP 6.7- 01.11<br \/>\nNEW HOLLAND T7 T7.190 FPT NEF; 6 cilindros, Tier 4; 190 CV 6.7-01.14<br \/>\nNUEVO HOLLAND T7 T7.190 AUTO COMMAND FPT NEF; 6 cilindros, Tier 4; 190 CV 6.7-01.14<br \/>\nNEW HOLLAND T7 T7.195 S FPT NEF Stage V; 6 cilindros; 190 CV 6.7 &#8211;<br \/>\nNUEVO HOLLAND T7 T7.200 AUTO COMMAND FPT NEF; 6 cilindros, Tier 4; 203HP 6.7 01.11-NEW<br \/>\n HOLLAND T7 T7.220 AUTO COMMAND FPT NEF; 6 cilindros, Tier 4; 218HP 6.7 12.10-NEW<br \/>\n HOLLAND T7 T7.230 AUTO COMMAND FPT NEF; 6 cilindros, Tier 4; 234HP 6.7 12.10-NEW<br \/>\n HOLLAND T7 T7.240 NEF; 6 cilindros; 205HP 6.7-NEW<br \/>\n HOLLAND T7 T7.245 NEF; 6 cilindros 215HP 6.7 &#8211;<br \/>\nNUEVO HOLLAND T7 T7.260 AUTO COMMAND FPT NEF; 6 cilindros, Tier 4; 260 CV 6,7 &#8211; 12,10<br \/>\nNEW HOLLAND T7 T7.270 FPT NEF Etapa V; 6 cilindros; 260 CV &#8211; 6,7<br \/>\nNUEVO HOLLAND T7 T7.270 AUTO COMMAND FPT NEF; 6 cilindros, Tier 4; 269 CV 6.7- 12.10<br \/>\nNEW HOLLAND T7030 Auto Command NEF Tier 3; 167CV 6.7- 01.07<br \/>\nNEW HOLLAND T7040 Auto Command NEF Tier 3; 182CV 6.7 &#8211; 01.07<br \/>\nNEW HOLLAND T7050 Auto Command NEF Tier 3; 197CV 6.7-06.09<br \/>\nNEW HOLLAND T7060 NEF de 6 cilindros; 210FP 6.7 01.07-<br \/>\nNEW HOLLAND T7070 Auto Command NEF Tier 3; 225 CV 6.7- 06.09<br \/>\nNUEVA HOLANDA (SPERRY NEW HOLL.) T7030 NEF; 204HP 6 cilindros; Nivel III 6.7 &#8211;<br \/>\nNUEVA HOLANDA (SPERRY NEW HOLL.) T7040 NEF; 218HP 6 cilindros; Nivel III 6.7 &#8211;<br \/>\nNUEVA HOLANDA (SPERRY NEW HOLL.) T7050 NEF; 234HP 6 cilindros; Tiar III 6.7 &#8211;<br \/>\nNUEVA HOLANDA (SPERRY NEW HOLL.) T7060 NEF; 238HP 6 cilindros; Nivel III 6.7 &#8211;<\/p>\n<div><strong>ATENCI\u00d3N:<\/strong><\/div>\n<div>Recomendamos que la instalaci\u00f3n del producto sea realizada por un profesional capacitado y especializado.<\/div>\n<div>Solo realiza la compra de este producto con la certeza de que es compatible con tu veh\u00edculo, si tienes alguna duda, no dudes en ponerte en contacto con nosotros. Nuestro horario de apertura es de lunes a viernes de 8 a 18 h.<\/div>\n<div><\/div>\n<div><strong>SOBRE NOSOTROS:<\/strong><\/div>\n<div>COM Automotive est\u00e1 especializada en piezas de autom\u00f3vil de dise\u00f1o original para el sector de la reparaci\u00f3n posventa, clientes industriales y fabricantes de veh\u00edculos especiales OEM.<\/div>\n<div>Nuestro equipo tiene m\u00e1s de 28 a\u00f1os de experiencia en la fabricaci\u00f3n y el suministro de piezas de automoci\u00f3n a escala mundial.<\/div>\n<div>Nuestra <strong>MISI\u00d3N <\/strong> es ofrecer productos de dise\u00f1o original con una calidad impecable y una sustituci\u00f3n personalizada.<\/div>\n<div>Nuestra <strong>VISI\u00d3N<\/strong> es promover el crecimiento y un valor inigualable para nuestros clientes.<\/div>\n<div><\/div>\n<div><strong>DISE\u00d1O ORIGINAL<\/strong><\/div>\n<div>El t\u00e9rmino \u00abDise\u00f1o Original\u00bb se refiere a la percepci\u00f3n \u00fanica e innovadora y a la propuesta de valor de los productos de COM Automotive, as\u00ed como a la experiencia ofrecida durante su compra. Esto abarca no solo el empaque y la est\u00e9tica del producto, sino tambi\u00e9n la autenticidad y creatividad de la marca. COM Automotive busca ofrecer productos de alta calidad que satisfagan las necesidades de la industria del mercado de repuestos, aline\u00e1ndose con su Visi\u00f3n, Misi\u00f3n y Valores.  <\/div>\n<div><\/div>\n<div><strong>NOTAR:<\/strong><\/div>\n<div>C\u00f3digo de Protecci\u00f3n al Consumidor (CDC): La Ley N\u00b0 8.078, de 11 de septiembre de 1990, establece que la informaci\u00f3n proporcionada al consumidor debe ser clara y precisa. El art\u00edculo 31 del CDC exige que la publicidad y el etiquetado de los productos y servicios sean veraces y no induzcan a error al consumidor. Esto incluye asegurarse de que la informaci\u00f3n sobre la compatibilidad, la marca y las caracter\u00edsticas se describa correctamente para evitar malentendidos. El uso del t\u00e9rmino \u00abcompatible\u00bb tambi\u00e9n est\u00e1 regulado por los grandes mercados en el mercado para la catalogaci\u00f3n adecuada de productos y la aplicaci\u00f3n automotriz.   <\/div>\n","protected":false},"excerpt":{"rendered":"<p>8000.5018-COM. Compatible con: 48025533, 84141455, 87573243, 11205018, 11204174, MG 30, AAN5333, IA1198, MG 694, 11204233, MG30, MG694, DRA0816, 23842, 80005018.  Marca: COM Automotive &#8211; Producto con calidad y dise\u00f1o originales.<\/p>\n","protected":false},"featured_media":20912,"comment_status":"open","ping_status":"closed","template":"","meta":[],"product_brand":[],"product_cat":[8109],"product_tag":[37083,37088,33316,37092,33315,37093,37081,37082,37085,37091,37086,37084,37087,37089,37090],"class_list":{"0":"post-21154","1":"product","2":"type-product","3":"status-publish","4":"has-post-thumbnail","6":"product_cat-alternador-es-2","7":"product_tag-11204174-es","8":"product_tag-11204233-es","9":"product_tag-11205018-es","10":"product_tag-23842-es","11":"product_tag-48025533-es","12":"product_tag-80005018-es","13":"product_tag-84141455-es","14":"product_tag-87573243-es","15":"product_tag-aan5333-es","16":"product_tag-dra0816-es","17":"product_tag-ia1198-es","18":"product_tag-mg-30-es","19":"product_tag-mg-694-es","20":"product_tag-mg30-es","21":"product_tag-mg694-es","23":"first","24":"instock","25":"taxable","26":"shipping-taxable","27":"purchasable","28":"product-type-simple"},"_links":{"self":[{"href":"https:\/\/com-automotive.com\/es\/wp-json\/wp\/v2\/product\/21154","targetHints":{"allow":["GET"]}}],"collection":[{"href":"https:\/\/com-automotive.com\/es\/wp-json\/wp\/v2\/product"}],"about":[{"href":"https:\/\/com-automotive.com\/es\/wp-json\/wp\/v2\/types\/product"}],"replies":[{"embeddable":true,"href":"https:\/\/com-automotive.com\/es\/wp-json\/wp\/v2\/comments?post=21154"}],"wp:featuredmedia":[{"embeddable":true,"href":"https:\/\/com-automotive.com\/es\/wp-json\/wp\/v2\/media\/20912"}],"wp:attachment":[{"href":"https:\/\/com-automotive.com\/es\/wp-json\/wp\/v2\/media?parent=21154"}],"wp:term":[{"taxonomy":"product_brand","embeddable":true,"href":"https:\/\/com-automotive.com\/es\/wp-json\/wp\/v2\/product_brand?post=21154"},{"taxonomy":"product_cat","embeddable":true,"href":"https:\/\/com-automotive.com\/es\/wp-json\/wp\/v2\/product_cat?post=21154"},{"taxonomy":"product_tag","embeddable":true,"href":"https:\/\/com-automotive.com\/es\/wp-json\/wp\/v2\/product_tag?post=21154"}],"curies":[{"name":"wp","href":"https:\/\/api.w.org\/{rel}","templated":true}]}}