{"id":20096,"date":"2024-09-30T16:38:21","date_gmt":"2024-09-30T19:38:21","guid":{"rendered":"https:\/\/com-automotive.com\/alternador-12v-120a-compatible-con-0120484027-9120080197-sin-polea-para-tractor-jdeere-para-gm-d20-1993-a-1997-maxion-motor-gm-silverado-1997\/"},"modified":"2025-03-17T17:04:31","modified_gmt":"2025-03-17T20:04:31","slug":"alternador-12v-120a-compatible-con-0120484027-9120080197-sin-polea-para-tractor-jdeere-para-gm-d20-1993-a-1997-maxion-motor-gm-silverado-1997","status":"publish","type":"product","link":"https:\/\/com-automotive.com\/es\/alternador-12v-120a-compatible-con-0120484027-9120080197-sin-polea-para-tractor-jdeere-para-gm-d20-1993-a-1997-maxion-motor-gm-silverado-1997\/","title":{"rendered":"Alternador 12V 120A compatible con 0120484027 9120080197 sin polea para Tractor Jdeere para GM D20 1993 A 1997 Maxion Motor GM Silverado 1997 &gt;<span class=\"product-sku\" style=\"display: block; font-size: 0.85em; color: #777; margin-top: 5px; margin-bottom: 5px;\">SKU: 8000.4027-COM<\/span>"},"content":{"rendered":"<h1><strong>COM-AUTOMOTIVE, producto con Calidad y Dise\u00f1o Original.<\/strong><\/h1>\n<p>Alternador 12V 120A compatible con 0120484027 9120080197 sin polea para Tractor Jdeere para GM D20 1993 A 1997 Motor Maxion GM Silverado 1997 &gt;<\/p>\n<h2>Preguntas m\u00e1s frecuentes<\/h2>\n<h3><strong>\u00bfCu\u00e1les son las referencias cruzadas de este producto de la marca COM Automotive?<\/strong><\/h3>\n<p>Y24486, AL81438, AH165975, LRA2698, 93224737, AT185951, 87020406, AH165975, 327121A1, AL78689, AL81438, AT185951, TY24486, 0120484027, F000LD0103, F005A00025, F042301139, 9120080197, 9120080196,0120484012, 0120484014, EURO 70710<\/p>\n<h2><strong>Tabla de aplicaci\u00f3n<\/strong><\/h2>\n<p>JOHN DEERE 2550 1990<br \/>\nJOHN DEERE 1550\/608 0 MOTOR 6068T<br \/>\nTRACTOR JOHN DEERE 6610 1990<br \/>\nTRACTOR JOHN DEERE 6650 1990<br \/>\nTRACTOR JOHN DEERE 6810 1990<br \/>\nJOHN DEERE 7200 TRATOR 1990<br \/>\nTRACTOR JOHN DEERE 7800 1990<br \/>\nJOHN DEERE 1170 COSECHADORA 0<br \/>\nJOHN DEERE 1450 COSECHADORA 0 MOTOR 6068T<br \/>\nJOHN DEERE 9970 COSECHADORA DE ALGOD\u00d3N 0<br \/>\nJOHN DEERE 9976 COSECHADORA DE ALGOD\u00d3N 0<br \/>\nJOHN DEERE 9986 COSECHADORA DE ALGOD\u00d3N 0<br \/>\nJOHN DEERE 2054 COSECHADORA 1990<br \/>\nJOHN DEERE 1165 COSECHADORA 0 MOTOR 6068T<br \/>\nJOHN DEERE 1175 COSECHADORA 0 MOTOR 6068T<\/p>\n<div><strong>ATENCI\u00d3N:<\/strong><\/div>\n<div>Recomendamos que el producto sea instalado por un profesional formado y especializado.<\/div>\n<div>S\u00f3lo compra este producto si est\u00e1s seguro de que es compatible con tu veh\u00edculo. Si tienes alguna duda, no dudes en ponerte en contacto con nosotros. Nuestro horario de apertura es de lunes a viernes de 8 a 18 h.<\/div>\n<div><\/div>\n<div><strong>SOBRE NOSOTROS:<\/strong><\/div>\n<div>COM Automotive est\u00e1 especializada en piezas de autom\u00f3vil de dise\u00f1o original para el sector de la reparaci\u00f3n posventa, clientes industriales y fabricantes de veh\u00edculos especiales OEM.<\/div>\n<div>Nuestro equipo tiene m\u00e1s de 28 a\u00f1os de experiencia en la fabricaci\u00f3n y el suministro de piezas de automoci\u00f3n a escala mundial.<\/div>\n<div>Nuestra <strong>MISI\u00d3N <\/strong> es ofrecer productos de dise\u00f1o original con una calidad impecable y una sustituci\u00f3n personalizada.<\/div>\n<div>Nuestra <strong>VISI\u00d3N<\/strong> es promover el crecimiento y un valor inigualable para nuestros clientes.<\/div>\n<div><\/div>\n<div><strong>DISE\u00d1O ORIGINAL<\/strong><\/div>\n<div>El t\u00e9rmino \u00abDise\u00f1o Original\u00bb se refiere a la percepci\u00f3n \u00fanica e innovadora y a la propuesta de valor de los productos de COM Automotive, as\u00ed como a la experiencia ofrecida durante su compra. Esto abarca no solo el empaque y la est\u00e9tica del producto, sino tambi\u00e9n la autenticidad y creatividad de la marca. COM Automotive busca ofrecer productos de alta calidad que satisfagan las necesidades de la industria del mercado de repuestos, aline\u00e1ndose con su Visi\u00f3n, Misi\u00f3n y Valores.  <\/div>\n<div><\/div>\n<div><strong>NOTAR:<\/strong><\/div>\n<div>C\u00f3digo de Protecci\u00f3n al Consumidor (CDC): La Ley N\u00b0 8.078, de 11 de septiembre de 1990, establece que la informaci\u00f3n proporcionada al consumidor debe ser clara y precisa. El art\u00edculo 31 del CDC exige que la publicidad y el etiquetado de los productos y servicios sean veraces y no induzcan a error al consumidor. Esto incluye asegurarse de que la informaci\u00f3n sobre la compatibilidad, la marca y las caracter\u00edsticas se describa correctamente para evitar malentendidos. El uso del t\u00e9rmino \u00abcompatible\u00bb tambi\u00e9n est\u00e1 regulado por los grandes mercados en el mercado para la catalogaci\u00f3n adecuada de productos y la aplicaci\u00f3n automotriz.   <\/div>\n","protected":false},"excerpt":{"rendered":"<p>8000.4027-COM. Compatible con: Y24486, AL81438, AH165975, LRA2698, 93224737, AT185951, 87020406, AH165975, 327121A1, AL78689, AL81438, AT185951, TY24486, 0120484027, F000LD0103, F005A00025, F042301139, 9120080197, 9120080196,0120484012, 0120484014, EURO 70710.  Marca: COM Automotive &#8211; Producto con calidad y dise\u00f1o originales.<\/p>\n","protected":false},"featured_media":27582,"comment_status":"open","ping_status":"closed","template":"","meta":[],"product_brand":[],"product_cat":[8109],"product_tag":[32857,32850,32845,32852,32842,32853,32855,32854,32841,32856,32849,32839,32837,32843,32836,32840,32851,32846,32847,32848,32838,32844,32835],"class_list":{"0":"post-20096","1":"product","2":"type-product","3":"status-publish","4":"has-post-thumbnail","6":"product_cat-alternador-es-2","7":"product_tag-0120484012-es","8":"product_tag-0120484014-es","9":"product_tag-0120484027-es","10":"product_tag-0120484027-com-es","11":"product_tag-327121a1-es","12":"product_tag-8000-4027-com-es","13":"product_tag-80004027-es","14":"product_tag-80004027-com-es","15":"product_tag-87020406-es","16":"product_tag-9120080196-es","17":"product_tag-9120080197-es","18":"product_tag-93224737-es","19":"product_tag-ah165975-es","20":"product_tag-al78689-es","21":"product_tag-al81438-es","22":"product_tag-at185951-es","23":"product_tag-euro-70710-es","24":"product_tag-f000ld0103-es","25":"product_tag-f005a00025-es","26":"product_tag-f042301139-es","27":"product_tag-lra2698-es","28":"product_tag-ty24486-es","29":"product_tag-y24486-es","31":"first","32":"instock","33":"taxable","34":"shipping-taxable","35":"purchasable","36":"product-type-simple"},"_links":{"self":[{"href":"https:\/\/com-automotive.com\/es\/wp-json\/wp\/v2\/product\/20096","targetHints":{"allow":["GET"]}}],"collection":[{"href":"https:\/\/com-automotive.com\/es\/wp-json\/wp\/v2\/product"}],"about":[{"href":"https:\/\/com-automotive.com\/es\/wp-json\/wp\/v2\/types\/product"}],"replies":[{"embeddable":true,"href":"https:\/\/com-automotive.com\/es\/wp-json\/wp\/v2\/comments?post=20096"}],"wp:featuredmedia":[{"embeddable":true,"href":"https:\/\/com-automotive.com\/es\/wp-json\/wp\/v2\/media\/27582"}],"wp:attachment":[{"href":"https:\/\/com-automotive.com\/es\/wp-json\/wp\/v2\/media?parent=20096"}],"wp:term":[{"taxonomy":"product_brand","embeddable":true,"href":"https:\/\/com-automotive.com\/es\/wp-json\/wp\/v2\/product_brand?post=20096"},{"taxonomy":"product_cat","embeddable":true,"href":"https:\/\/com-automotive.com\/es\/wp-json\/wp\/v2\/product_cat?post=20096"},{"taxonomy":"product_tag","embeddable":true,"href":"https:\/\/com-automotive.com\/es\/wp-json\/wp\/v2\/product_tag?post=20096"}],"curies":[{"name":"wp","href":"https:\/\/api.w.org\/{rel}","templated":true}]}}