{"id":20086,"date":"2024-09-30T16:38:49","date_gmt":"2024-09-30T19:38:49","guid":{"rendered":"https:\/\/com-automotive.com\/motor-de-arranque-12v-12t-compatible-con-35259730-para-autobuses-y-camiones-internacionales-m100r\/"},"modified":"2025-03-17T17:02:36","modified_gmt":"2025-03-17T20:02:36","slug":"motor-de-arranque-12v-12t-compatible-con-35259730-para-autobuses-y-camiones-internacionales-m100r","status":"publish","type":"product","link":"https:\/\/com-automotive.com\/es\/motor-de-arranque-12v-12t-compatible-con-35259730-para-autobuses-y-camiones-internacionales-m100r\/","title":{"rendered":"Motor de arranque 12V 12T compatible con 35259730 para autobuses y camiones internacionales M100R<span class=\"product-sku\" style=\"display: block; font-size: 0.85em; color: #777; margin-top: 5px; margin-bottom: 5px;\">SKU: 6000.9730-COM<\/span>"},"content":{"rendered":"<h1><strong>COM-AUTOMOTIVE, producto con Calidad y Dise\u00f1o Original.<\/strong><\/h1>\n<p>Motor de arranque 12V 12T compatible con 35259730 para autobuses y camiones internacionales M100R<\/p>\n<h2>Preguntas m\u00e1s frecuentes<\/h2>\n<h3><strong>\u00bfCu\u00e1les son las referencias cruzadas de este producto de la marca COM Automotive?<\/strong><\/h3>\n<p>35259730, 323855, SM5096, SDR0028, 6371N, 351962, 202386T91, 0R2189, 0R5218, 8C359.6 157579, 185617, 3910645, 554560, 10461169, M105602, 10461171, 10478999, 10461032, 35259730, DITA 20582<\/p>\n<h2><strong>Tabla de aplicaci\u00f3n<\/strong><\/h2>\n<p>Autobuses de las series INTERNATIONAL 3000\/3900 7.3L IHC DT-444\/466, camiones de las series INTERNATIONAL 7100\/7700, 8100\/8600\/2554\/2654\/4000\/4900 &gt;2007, modelo M100R \u2013 4kw<\/p>\n<div><strong>ATENCI\u00d3N:<\/strong><\/div>\n<div>Recomendamos que el producto sea instalado por un profesional formado y especializado.<\/div>\n<div>S\u00f3lo compra este producto si est\u00e1s seguro de que es compatible con tu veh\u00edculo. Si tienes alguna duda, no dudes en ponerte en contacto con nosotros. Nuestro horario de apertura es de lunes a viernes de 8 a 18 h.<\/div>\n<div><\/div>\n<div><strong>SOBRE NOSOTROS:<\/strong><\/div>\n<div>COM Automotive est\u00e1 especializada en piezas de autom\u00f3vil de dise\u00f1o original para el sector de la reparaci\u00f3n posventa, clientes industriales y fabricantes de veh\u00edculos especiales OEM.<\/div>\n<div>Nuestro equipo tiene m\u00e1s de 28 a\u00f1os de experiencia en la fabricaci\u00f3n y el suministro de piezas de automoci\u00f3n a escala mundial.<\/div>\n<div>Nuestra <strong>MISI\u00d3N <\/strong> es ofrecer productos de dise\u00f1o original con una calidad impecable y una sustituci\u00f3n personalizada.<\/div>\n<div>Nuestra <strong>VISI\u00d3N<\/strong> es promover el crecimiento y un valor inigualable para nuestros clientes.<\/div>\n<div><\/div>\n<div><strong>DISE\u00d1O ORIGINAL<\/strong><\/div>\n<div>El t\u00e9rmino \u00abDise\u00f1o Original\u00bb se refiere a la percepci\u00f3n \u00fanica e innovadora y a la propuesta de valor de los productos de COM Automotive, as\u00ed como a la experiencia ofrecida durante su compra. Esto abarca no solo el empaque y la est\u00e9tica del producto, sino tambi\u00e9n la autenticidad y creatividad de la marca. COM Automotive busca ofrecer productos de alta calidad que satisfagan las necesidades de la industria del mercado de repuestos, aline\u00e1ndose con su Visi\u00f3n, Misi\u00f3n y Valores.<\/div>\n<div><\/div>\n<div><strong>NOTAR:<\/strong><\/div>\n<div>C\u00f3digo de Protecci\u00f3n al Consumidor (CDC): La Ley N\u00b0 8.078, de 11 de septiembre de 1990, establece que la informaci\u00f3n proporcionada al consumidor debe ser clara y precisa. El art\u00edculo 31 del CDC exige que la publicidad y el etiquetado de los productos y servicios sean veraces y no induzcan a error al consumidor. Esto incluye asegurarse de que la informaci\u00f3n sobre la compatibilidad, la marca y las caracter\u00edsticas se describa correctamente para evitar malentendidos. El uso del t\u00e9rmino \u00abcompatible\u00bb tambi\u00e9n est\u00e1 regulado por los grandes mercados en el mercado para la catalogaci\u00f3n adecuada de productos y la aplicaci\u00f3n automotriz.<\/div>\n","protected":false},"excerpt":{"rendered":"<p>6000.9730-COM. Compatible con: 35259730, 323855, SM5096, SDR0028, 6371N, 351962, 202386T91, 0R2189, 0R5218, 8C359.6 157579, 185617, 3910645, 554560, 10461169, M105602, 10461171, 10478999, 10461032, 35259730, DITA 20582.  Marca: COM Automotive &#8211; Producto con calidad y dise\u00f1o originales.<\/p>\n","protected":false},"featured_media":19934,"comment_status":"open","ping_status":"closed","template":"","meta":[],"product_brand":[],"product_cat":[8119],"product_tag":[14846,14847,14861,19278,19280,19284,14850,14845,32763,32766,32762,32769,14853,14854,32774,32770,32772,32771,32761,32773,32768,32767,32765,32764],"class_list":{"0":"post-20086","1":"product","2":"type-product","3":"status-publish","4":"has-post-thumbnail","6":"product_cat-motor-de-arranque","7":"product_tag-0r2189-es","8":"product_tag-0r5218-es","9":"product_tag-10461032-es","10":"product_tag-10461169-es","11":"product_tag-10461171-es","12":"product_tag-10478999-es","13":"product_tag-185617-es","14":"product_tag-202386t91-es","15":"product_tag-323855-es","16":"product_tag-351962-es","17":"product_tag-35259730-es","18":"product_tag-35259730-com-es","19":"product_tag-3910645-es","20":"product_tag-554560-es","21":"product_tag-6-157579-es","22":"product_tag-6000-9730-com-es","23":"product_tag-60009730-es","24":"product_tag-60009730-com-es","25":"product_tag-6371n-es","26":"product_tag-8c359-es","27":"product_tag-dita-20582-es","28":"product_tag-m105602-es","29":"product_tag-sdr0028-es","30":"product_tag-sm5096-es","32":"first","33":"instock","34":"taxable","35":"shipping-taxable","36":"purchasable","37":"product-type-simple"},"_links":{"self":[{"href":"https:\/\/com-automotive.com\/es\/wp-json\/wp\/v2\/product\/20086","targetHints":{"allow":["GET"]}}],"collection":[{"href":"https:\/\/com-automotive.com\/es\/wp-json\/wp\/v2\/product"}],"about":[{"href":"https:\/\/com-automotive.com\/es\/wp-json\/wp\/v2\/types\/product"}],"replies":[{"embeddable":true,"href":"https:\/\/com-automotive.com\/es\/wp-json\/wp\/v2\/comments?post=20086"}],"wp:featuredmedia":[{"embeddable":true,"href":"https:\/\/com-automotive.com\/es\/wp-json\/wp\/v2\/media\/19934"}],"wp:attachment":[{"href":"https:\/\/com-automotive.com\/es\/wp-json\/wp\/v2\/media?parent=20086"}],"wp:term":[{"taxonomy":"product_brand","embeddable":true,"href":"https:\/\/com-automotive.com\/es\/wp-json\/wp\/v2\/product_brand?post=20086"},{"taxonomy":"product_cat","embeddable":true,"href":"https:\/\/com-automotive.com\/es\/wp-json\/wp\/v2\/product_cat?post=20086"},{"taxonomy":"product_tag","embeddable":true,"href":"https:\/\/com-automotive.com\/es\/wp-json\/wp\/v2\/product_tag?post=20086"}],"curies":[{"name":"wp","href":"https:\/\/api.w.org\/{rel}","templated":true}]}}