{"id":18311,"date":"2024-06-28T09:29:26","date_gmt":"2024-06-28T12:29:26","guid":{"rendered":"https:\/\/com-automotive.com\/motor-limpiaparabrisas-de-12-v-81513400-tractores-valmet-valtra\/"},"modified":"2024-09-05T11:28:16","modified_gmt":"2024-09-05T14:28:16","slug":"motor-limpiaparabrisas-de-12-v-81513400-tractores-valmet-valtra","status":"publish","type":"product","link":"https:\/\/com-automotive.com\/es\/motor-limpiaparabrisas-de-12-v-81513400-tractores-valmet-valtra\/","title":{"rendered":"Motor limpiaparabrisas 12V compatible 81513400 tractores Valmet Valtra<span class=\"product-sku\" style=\"display: block; font-size: 0.85em; color: #777; margin-top: 5px; margin-bottom: 5px;\">SKU: 9000.3400-COM<\/span>"},"content":{"rendered":"<h1><strong>COM-AUTOMOTIVE, calidad de dise\u00f1o original.<\/strong><\/h1>\n<p>  Motor limpiaparabrisas de 12 V 81513400 tractores Valmet Valtra  <\/p>\n<h2>Preguntas m\u00e1s frecuentes<\/h2>\n<h3><strong>\u00bfCu\u00e1les son las referencias cruzadas?<\/strong><\/h3>\n<p>  81513400, 34604162CD4, 346.0416.20D0, 346041620D0  <\/p>\n<h2><strong>Tabla de aplicaci\u00f3n<\/strong><\/h2>\n<p>  Tractores Valmet Valtra 1780, 1780 G2, BH140, BH160, BH165, BH180, BH180 G2, BH185i, BH205i, BM100, BM100 G2, BM110, BM110 G2, BM120, BM120 G2, BM125i, BM85, BM85 G2- MOTOR TRASERO &#8211; 12V\u00bb  <\/p>\n<div>ATENCI\u00d3N:<\/div>\n<div>Recomendamos que el producto sea instalado por un profesional formado y especializado.<\/div>\n<div>S\u00f3lo compra este producto si est\u00e1s seguro de que es compatible con tu veh\u00edculo. Si tienes alguna duda, no dudes en ponerte en contacto con nosotros. Nuestro horario de apertura es de lunes a viernes de 8 a 18 h.<\/div>\n<div><\/div>\n<div>Sobre nosotros<\/div>\n<div>COM Automotive est\u00e1 especializada en piezas de autom\u00f3vil de dise\u00f1o original para el sector de la reparaci\u00f3n posventa, clientes industriales y fabricantes de veh\u00edculos especiales OEM.<\/div>\n<div>Nuestro equipo tiene m\u00e1s de 28 a\u00f1os de experiencia en la fabricaci\u00f3n y el suministro de piezas de automoci\u00f3n a escala mundial.<\/div>\n<div>Nuestra MISI\u00d3N es ofrecer productos de dise\u00f1o original con una calidad impecable y una sustituci\u00f3n personalizada.<\/div>\n<div>Nuestra VISI\u00d3N es promover el crecimiento y un valor inigualable para nuestros clientes.<\/div>\n","protected":false},"excerpt":{"rendered":"<p>9000.3400-COM. En stock. Compatible con: MB81513400, 34604162CD4, 346.0416.20D0, 346041620D0, CK 84486#. Marca: COM Automotive &#8211; Producto con calidad y dise\u00f1o originales.<\/p>\n","protected":false},"featured_media":19620,"comment_status":"open","ping_status":"closed","template":"","meta":[],"product_brand":[],"product_cat":[8498],"product_tag":[27466,27470,27462,27458,27478,32278,32280,32279,27474],"class_list":{"0":"post-18311","1":"product","2":"type-product","3":"status-publish","4":"has-post-thumbnail","6":"product_cat-motor-limpiador","7":"product_tag-346-0416-20d0-es","8":"product_tag-346041620d0-es","9":"product_tag-34604162cd4-es","10":"product_tag-81513400-es","11":"product_tag-81513400-com-es","12":"product_tag-9000-3400-com-es","13":"product_tag-90003400-es","14":"product_tag-90003400-com-es","15":"product_tag-caballero-del-caos-84486","17":"first","18":"instock","19":"taxable","20":"shipping-taxable","21":"purchasable","22":"product-type-simple"},"_links":{"self":[{"href":"https:\/\/com-automotive.com\/es\/wp-json\/wp\/v2\/product\/18311","targetHints":{"allow":["GET"]}}],"collection":[{"href":"https:\/\/com-automotive.com\/es\/wp-json\/wp\/v2\/product"}],"about":[{"href":"https:\/\/com-automotive.com\/es\/wp-json\/wp\/v2\/types\/product"}],"replies":[{"embeddable":true,"href":"https:\/\/com-automotive.com\/es\/wp-json\/wp\/v2\/comments?post=18311"}],"wp:featuredmedia":[{"embeddable":true,"href":"https:\/\/com-automotive.com\/es\/wp-json\/wp\/v2\/media\/19620"}],"wp:attachment":[{"href":"https:\/\/com-automotive.com\/es\/wp-json\/wp\/v2\/media?parent=18311"}],"wp:term":[{"taxonomy":"product_brand","embeddable":true,"href":"https:\/\/com-automotive.com\/es\/wp-json\/wp\/v2\/product_brand?post=18311"},{"taxonomy":"product_cat","embeddable":true,"href":"https:\/\/com-automotive.com\/es\/wp-json\/wp\/v2\/product_cat?post=18311"},{"taxonomy":"product_tag","embeddable":true,"href":"https:\/\/com-automotive.com\/es\/wp-json\/wp\/v2\/product_tag?post=18311"}],"curies":[{"name":"wp","href":"https:\/\/api.w.org\/{rel}","templated":true}]}}