{"id":18046,"date":"2024-06-27T15:33:08","date_gmt":"2024-06-27T18:33:08","guid":{"rendered":"https:\/\/com-automotive.com\/alternador-jfwz2933-24v-35a-para-motor-yuchai-carreg-sdlg-xcmg-yc6108g-yc6b125-4110000561021-3113701100-ano-2015\/"},"modified":"2024-07-30T21:48:05","modified_gmt":"2024-07-31T00:48:05","slug":"alternador-jfwz2933-24v-35a-para-motor-yuchai-carreg-sdlg-xcmg-yc6108g-yc6b125-4110000561021-3113701100-ano-2015","status":"publish","type":"product","link":"https:\/\/com-automotive.com\/es\/alternador-jfwz2933-24v-35a-para-motor-yuchai-carreg-sdlg-xcmg-yc6108g-yc6b125-4110000561021-3113701100-ano-2015\/","title":{"rendered":"Alternador JFWZ2933 24V 35A para motor Yuchai Carreg SDLG XCMG YC6108G YC6B125 4110000561021 3113701100 a\u00f1o 2015<span class=\"product-sku\" style=\"display: block; font-size: 0.85em; color: #777; margin-top: 5px; margin-bottom: 5px;\">SKU: 8000.2933-COM<\/span>"},"content":{"rendered":"<h1><strong>COM-AUTOMOTIVE, calidad de dise\u00f1o original.<\/strong><\/h1>\n<p> Alternador 24V 35A JFWZ2933 para el motor Yuchai Carry SDLG XCMG YC6108G YC6B125 4110000561021 3113701100 a\u00f1o 2015 <\/p>\n<h2>Preguntas m\u00e1s frecuentes<\/h2>\n<h3><strong>\u00bfCu\u00e1les son las referencias cruzadas?<\/strong><\/h3>\n<p> JFWZ2933, JFZ2241, JFWZ29-33, YC6108G, YC6B125, 4110000561021, 3113701100, B7713-3701010A, B77133701010A, 301N21459Z, 6105Q3509013, RD15581, 1361925W <\/p>\n<h2><strong>Tabla de aplicaci\u00f3n<\/strong><\/h2>\n<p> Yuchai YC6108G, YC6B125 ; LIUGONG RD15581&#8243; <\/p>\n<div>ATENCI\u00d3N:<\/div>\n<div>Recomendamos que el producto sea instalado por un profesional formado y especializado.<\/div>\n<div>S\u00f3lo compra este producto si est\u00e1s seguro de que es compatible con tu veh\u00edculo. Si tienes alguna duda, no dudes en ponerte en contacto con nosotros. Nuestro horario de apertura es de lunes a viernes de 8 a 18 h.<\/div>\n<div><\/div>\n<div>Sobre nosotros<\/div>\n<div>COM Automotive est\u00e1 especializada en piezas de autom\u00f3vil de dise\u00f1o original para el sector de la reparaci\u00f3n posventa, clientes industriales y fabricantes de veh\u00edculos especiales OEM.<\/div>\n<div>Nuestro equipo tiene m\u00e1s de 28 a\u00f1os de experiencia en la fabricaci\u00f3n y el suministro de piezas de automoci\u00f3n a escala mundial.<\/div>\n<div>Nuestra MISI\u00d3N es ofrecer productos de dise\u00f1o original con una calidad impecable y una sustituci\u00f3n personalizada.<\/div>\n<div>Nuestra VISI\u00d3N es promover el crecimiento y un valor inigualable para nuestros clientes.<\/div>\n","protected":false},"excerpt":{"rendered":"<p>JFWZ2933-COM. En stock. Ref: JFWZ2933, JFZ2241, JFWZ29-33, YC6108G, YC6B125, 4110000561021, 3113701100, B7713-3701010A, B77133701010A, 301N21459Z, 6105Q3509013, RD15581, 1361925W, &#8212; compatible con: SDLG. Marca: COM Automotive &#8211; Producto con calidad y dise\u00f1o originales. Compatible con: JFWZ<\/p>\n","protected":false},"featured_media":19110,"comment_status":"open","ping_status":"closed","template":"","meta":[],"product_brand":[],"product_cat":[8109],"product_tag":[21642,21639,21636,21640,21637,21638,21632,21630,27207,21631,21641,21633],"class_list":{"0":"post-18046","1":"product","2":"type-product","3":"status-publish","4":"has-post-thumbnail","6":"product_cat-alternador-es-2","7":"product_tag-1361925w-es","8":"product_tag-301n21459z-es","9":"product_tag-3113701100-es","10":"product_tag-6105q3509013-es","11":"product_tag-b7713-3701010a-es","12":"product_tag-b77133701010a-es","13":"product_tag-jfwz29-33-es","14":"product_tag-jfwz2933-es","15":"product_tag-jfwz2933-com-es","16":"product_tag-jfz2241-es","17":"product_tag-rd15581-es","18":"product_tag-yc6108g-es","20":"first","21":"instock","22":"taxable","23":"shipping-taxable","24":"purchasable","25":"product-type-simple"},"_links":{"self":[{"href":"https:\/\/com-automotive.com\/es\/wp-json\/wp\/v2\/product\/18046","targetHints":{"allow":["GET"]}}],"collection":[{"href":"https:\/\/com-automotive.com\/es\/wp-json\/wp\/v2\/product"}],"about":[{"href":"https:\/\/com-automotive.com\/es\/wp-json\/wp\/v2\/types\/product"}],"replies":[{"embeddable":true,"href":"https:\/\/com-automotive.com\/es\/wp-json\/wp\/v2\/comments?post=18046"}],"wp:featuredmedia":[{"embeddable":true,"href":"https:\/\/com-automotive.com\/es\/wp-json\/wp\/v2\/media\/19110"}],"wp:attachment":[{"href":"https:\/\/com-automotive.com\/es\/wp-json\/wp\/v2\/media?parent=18046"}],"wp:term":[{"taxonomy":"product_brand","embeddable":true,"href":"https:\/\/com-automotive.com\/es\/wp-json\/wp\/v2\/product_brand?post=18046"},{"taxonomy":"product_cat","embeddable":true,"href":"https:\/\/com-automotive.com\/es\/wp-json\/wp\/v2\/product_cat?post=18046"},{"taxonomy":"product_tag","embeddable":true,"href":"https:\/\/com-automotive.com\/es\/wp-json\/wp\/v2\/product_tag?post=18046"}],"curies":[{"name":"wp","href":"https:\/\/api.w.org\/{rel}","templated":true}]}}