{"id":18028,"date":"2024-06-14T19:07:59","date_gmt":"2024-06-14T22:07:59","guid":{"rendered":"https:\/\/com-automotive.com\/motor-de-arranque-de-0001107416-12v-9t-1-1kw-para-mercedes\/"},"modified":"2024-06-27T13:55:07","modified_gmt":"2024-06-27T16:55:07","slug":"motor-de-arranque-de-0001107416-12v-9t-1-1kw-para-mercedes","status":"publish","type":"product","link":"https:\/\/com-automotive.com\/es\/motor-de-arranque-de-0001107416-12v-9t-1-1kw-para-mercedes\/","title":{"rendered":"Motor de arranque de 0001107416 12V 9T 1.1Kw para Mercedes<span class=\"product-sku\" style=\"display: block; font-size: 0.85em; color: #777; margin-top: 5px; margin-bottom: 5px;\">SKU: 6000.7416-COM<\/span>"},"content":{"rendered":"<h1><strong>COM-AUTOMOTIVE, calidad de dise\u00f1o original.<\/strong><\/h1>\n<p>Motor de arranque de 0001107416 12V 9T 1.1Kw para Mercedes<\/p>\n<h2>Preguntas m\u00e1s frecuentes<\/h2>\n<h3><strong>\u00bfCu\u00e1les son las referencias cruzadas?<\/strong><\/h3>\n<p>0001107403, 0001107416, 0001107037, 0001107048, 0001107072, 0001107096, 63111043, 63111043, 94428016380 94428018850 17730N, 069911023G, 069911023G, 069911023G, 069911023G, 069911023G, 069911023G, 069911023GX, 1009110233 G, 100911023G, 1516657R, 0001107096, 0041516901, 0041516901, 0041518101, 0051513401, 0051515301, 0051510601, 0051513401, 0051514601, 0051515301, 0051517301, A0001107096, A0041516901, A0051513401, A0051515301, A0041516901, A0041518101, A0051510601, A0051513401, A0051514601, A0051515301, A0051517301, 0041516901 0051513401<\/p>\n<h2><strong>Tabla de aplicaci\u00f3n<\/strong><\/h2>\n<p>Motor de arranque 0001107416 12V 9T 1.1Kw para Mercedes\u00bb<\/p>\n<div>ATENCI\u00d3N:<\/div>\n<div>Recomendamos que la instalaci\u00f3n del producto sea realizada por un profesional capacitado y especializado.<\/div>\n<div>Solo realiza la compra de este producto con la certeza de que es compatible con tu veh\u00edculo, si tienes alguna duda, no dudes en ponerte en contacto con nosotros. Nuestro horario de apertura es de lunes a viernes de 8 a 18 h.<\/div>\n<div><\/div>\n<div>Sobre nosotros<\/div>\n<div>COM Automotive est\u00e1 especializada en piezas de autom\u00f3vil de dise\u00f1o original para el sector de la reparaci\u00f3n posventa, clientes industriales y fabricantes de veh\u00edculos especiales OEM.<\/div>\n<div>Nuestro equipo tiene m\u00e1s de 28 a\u00f1os de experiencia en la fabricaci\u00f3n y el suministro de piezas de automoci\u00f3n a escala mundial.<\/div>\n<div>Nuestra MISI\u00d3N es ofrecer productos de dise\u00f1o original con una calidad impecable y una sustituci\u00f3n personalizada.<\/div>\n<div>Nuestra VISI\u00d3N es promover el crecimiento y un valor inigualable para nuestros clientes.<\/div>\n","protected":false},"excerpt":{"rendered":"<p>0001107416-COM. En stock. Ref: 0001107403, 0001107416, 0001107037, 0001107048, 0001107072, 0001107096, 63111043, 63111043, 94428016380 94428018850 17730N, 069911023G, 069911023G, 069911023GX, 069911023G, 069911023GX, 100911023G, 100911023G, 1516657R, 0001107096, 0041516901, 0041516901, 0041518101, 0051513401, 0051515301, 0051510601, 0051513401, 0051514601, 0051515301, 0051517301, A0001107096, A0041516901, A0051513401, A0051515301, A0041516901, A0041518101, A0051510601, A0051513401, A0051514601, A0051515301, A0051517301, 0041516901, 0051513401 &#8211; compatible con: Mercedes. Marca: COM Automotive &#8211; Producto con calidad y dise\u00f1o originales. Compatible con: Bosch<\/p>\n","protected":false},"featured_media":18518,"comment_status":"open","ping_status":"closed","template":"","meta":[],"product_brand":[],"product_cat":[8119],"product_tag":[21434,21437,21439,21441,21430,21432,21453,21455,21460,21457,21461,21458,21464,13550,21446,21448,21450,21443,21466,21468,21474,21476,21470,21478,21472,21480],"class_list":{"0":"post-18028","1":"product","2":"type-product","3":"status-publish","4":"has-post-thumbnail","6":"product_cat-motor-de-arranque","7":"product_tag-0001107037-es","8":"product_tag-0001107048-es","9":"product_tag-0001107072-es","10":"product_tag-0001107096-es","11":"product_tag-0001107403-es","12":"product_tag-0001107416-es","13":"product_tag-0041516901-es","14":"product_tag-0041518101-es","15":"product_tag-0051510601-es","16":"product_tag-0051513401-es","17":"product_tag-0051514601-es","18":"product_tag-0051515301-es","19":"product_tag-0051517301-es","20":"product_tag-069911023g-es","21":"product_tag-069911023gx-es","22":"product_tag-100911023g-es","23":"product_tag-1516657r-es","24":"product_tag-63111043-es","25":"product_tag-a0001107096-es","26":"product_tag-a0041516901-es","27":"product_tag-a0041518101-es","28":"product_tag-a0051510601-es","29":"product_tag-a0051513401-es","30":"product_tag-a0051514601-es","31":"product_tag-a0051515301-es","32":"product_tag-a0051517301-es","34":"first","35":"instock","36":"taxable","37":"shipping-taxable","38":"purchasable","39":"product-type-simple"},"_links":{"self":[{"href":"https:\/\/com-automotive.com\/es\/wp-json\/wp\/v2\/product\/18028","targetHints":{"allow":["GET"]}}],"collection":[{"href":"https:\/\/com-automotive.com\/es\/wp-json\/wp\/v2\/product"}],"about":[{"href":"https:\/\/com-automotive.com\/es\/wp-json\/wp\/v2\/types\/product"}],"replies":[{"embeddable":true,"href":"https:\/\/com-automotive.com\/es\/wp-json\/wp\/v2\/comments?post=18028"}],"wp:featuredmedia":[{"embeddable":true,"href":"https:\/\/com-automotive.com\/es\/wp-json\/wp\/v2\/media\/18518"}],"wp:attachment":[{"href":"https:\/\/com-automotive.com\/es\/wp-json\/wp\/v2\/media?parent=18028"}],"wp:term":[{"taxonomy":"product_brand","embeddable":true,"href":"https:\/\/com-automotive.com\/es\/wp-json\/wp\/v2\/product_brand?post=18028"},{"taxonomy":"product_cat","embeddable":true,"href":"https:\/\/com-automotive.com\/es\/wp-json\/wp\/v2\/product_cat?post=18028"},{"taxonomy":"product_tag","embeddable":true,"href":"https:\/\/com-automotive.com\/es\/wp-json\/wp\/v2\/product_tag?post=18028"}],"curies":[{"name":"wp","href":"https:\/\/api.w.org\/{rel}","templated":true}]}}