{"id":18024,"date":"2024-06-14T19:07:58","date_gmt":"2024-06-14T22:07:58","guid":{"rendered":"https:\/\/com-automotive.com\/motor-de-arranque-de-0001108230-de-12v-9t-para-bmw\/"},"modified":"2024-06-27T13:53:46","modified_gmt":"2024-06-27T16:53:46","slug":"motor-de-arranque-de-0001108230-de-12v-9t-para-bmw","status":"publish","type":"product","link":"https:\/\/com-automotive.com\/es\/motor-de-arranque-de-0001108230-de-12v-9t-para-bmw\/","title":{"rendered":"Motor de arranque de 0001108230 de 12V 9T para BMW<span class=\"product-sku\" style=\"display: block; font-size: 0.85em; color: #777; margin-top: 5px; margin-bottom: 5px;\">SKU: 6000.7442-COM<\/span>"},"content":{"rendered":"<h1><strong>COM-AUTOMOTIVE, calidad de dise\u00f1o original.<\/strong><\/h1>\n<p>Motor de arranque de 0001108230 de 12V 9T para BMW<\/p>\n<h2>Preguntas m\u00e1s frecuentes<\/h2>\n<h3><strong>\u00bfCu\u00e1les son las referencias cruzadas?<\/strong><\/h3>\n<p>1986S00674, 0001107442, 0001107443, 0001108145, 0001108157, 0001108161, 0001108169, 000110819 000110823 0001108231, 0001108401, 428000067 4280000671, 06352107442 63223537, 94324117001 94428017110 94428080091 20510119, 17702N, 12411712937, 12411740374, 12414354823, 12411317584, 12411354823, 1241140299 12411466702, 12411712939, 12411740373, 12411740374, 12411740375, 12411740379, 12412179001, 12412344242, 12417501668, 12417501738, 1241751539 12417515391, 12417515392, 12417515396, 12417519532, 7515390<\/p>\n<h2><strong>Tabla de aplicaci\u00f3n<\/strong><\/h2>\n<p>Motor de arranque de 12V 9T 0001108230 para BMW\u00bb<\/p>\n<div>ATENCI\u00d3N:<\/div>\n<div>Recomendamos que la instalaci\u00f3n del producto sea realizada por un profesional capacitado y especializado.<\/div>\n<div>Solo realiza la compra de este producto con la certeza de que es compatible con tu veh\u00edculo, si tienes alguna duda, no dudes en ponerte en contacto con nosotros. Nuestro horario de apertura es de lunes a viernes de 8 a 18 h.<\/div>\n<div><\/div>\n<div>Sobre nosotros<\/div>\n<div>COM Automotive est\u00e1 especializada en piezas de autom\u00f3vil de dise\u00f1o original para el sector de la reparaci\u00f3n posventa, clientes industriales y fabricantes de veh\u00edculos especiales OEM.<\/div>\n<div>Nuestro equipo tiene m\u00e1s de 28 a\u00f1os de experiencia en la fabricaci\u00f3n y el suministro de piezas de automoci\u00f3n a escala mundial.<\/div>\n<div>Nuestra MISI\u00d3N es ofrecer productos de dise\u00f1o original con una calidad impecable y una sustituci\u00f3n personalizada.<\/div>\n<div>Nuestra VISI\u00d3N es promover el crecimiento y un valor inigualable para nuestros clientes.<\/div>\n","protected":false},"excerpt":{"rendered":"<p>0001107442-COM. En stock. Ref: 1986S00674, 0001107442, 0001107443, 0001108145, 0001108157, 0001108161, 0001108169, 000110819 000110823 0001108231, 0001108401, 428000067 4280000671, 06352107442 63223537, 94324117001 94428017110 94428080091 20510119, 17702N, 12411712937, 12411740374, 12414354823, 12411317584, 12411354823, 1241140299 12411466702, 12411712939, 12411740373, 12411740374, 12411740375, 12411740379, 12412179001, 12412344242, 12417501668, 12417501738, 1241751539 12417515391, 12417515392, 12417515396, 12417519532, 7515390 &#8211; compatible con: BMW. Marca: COM Automotive &#8211; Producto con calidad y dise\u00f1o originales. Compatible con: Bosch<\/p>\n","protected":false},"featured_media":18520,"comment_status":"open","ping_status":"closed","template":"","meta":[],"product_brand":[],"product_cat":[8119],"product_tag":[21377,21378,21379,21381,21383,21385,21389,21398,21399,21395,21402,21404,21396,21406,21408,21410,21412,21397,21414,21416,21420,21422,21424,21394,21426],"class_list":{"0":"post-18024","1":"product","2":"type-product","3":"status-publish","4":"has-post-thumbnail","6":"product_cat-motor-de-arranque","7":"product_tag-0001107442-es","8":"product_tag-0001107443-es","9":"product_tag-0001108145-es","10":"product_tag-0001108157-es","11":"product_tag-0001108161-es","12":"product_tag-0001108169-es","13":"product_tag-0001108401-es","14":"product_tag-12411317584-es","15":"product_tag-12411354823-es","16":"product_tag-12411712937-es","17":"product_tag-12411712939-es","18":"product_tag-12411740373-es","19":"product_tag-12411740374-es","20":"product_tag-12411740375-es","21":"product_tag-12411740379-es","22":"product_tag-12412179001-es","23":"product_tag-12412344242-es","24":"product_tag-12414354823-es","25":"product_tag-12417501668-es","26":"product_tag-12417501738-es","27":"product_tag-12417515392-es","28":"product_tag-12417515396-es","29":"product_tag-12417519532-es","30":"product_tag-17702n-es","31":"product_tag-7515390-es","33":"first","34":"instock","35":"taxable","36":"shipping-taxable","37":"purchasable","38":"product-type-simple"},"_links":{"self":[{"href":"https:\/\/com-automotive.com\/es\/wp-json\/wp\/v2\/product\/18024","targetHints":{"allow":["GET"]}}],"collection":[{"href":"https:\/\/com-automotive.com\/es\/wp-json\/wp\/v2\/product"}],"about":[{"href":"https:\/\/com-automotive.com\/es\/wp-json\/wp\/v2\/types\/product"}],"replies":[{"embeddable":true,"href":"https:\/\/com-automotive.com\/es\/wp-json\/wp\/v2\/comments?post=18024"}],"wp:featuredmedia":[{"embeddable":true,"href":"https:\/\/com-automotive.com\/es\/wp-json\/wp\/v2\/media\/18520"}],"wp:attachment":[{"href":"https:\/\/com-automotive.com\/es\/wp-json\/wp\/v2\/media?parent=18024"}],"wp:term":[{"taxonomy":"product_brand","embeddable":true,"href":"https:\/\/com-automotive.com\/es\/wp-json\/wp\/v2\/product_brand?post=18024"},{"taxonomy":"product_cat","embeddable":true,"href":"https:\/\/com-automotive.com\/es\/wp-json\/wp\/v2\/product_cat?post=18024"},{"taxonomy":"product_tag","embeddable":true,"href":"https:\/\/com-automotive.com\/es\/wp-json\/wp\/v2\/product_tag?post=18024"}],"curies":[{"name":"wp","href":"https:\/\/api.w.org\/{rel}","templated":true}]}}