{"id":18006,"date":"2024-06-14T19:04:50","date_gmt":"2024-06-14T22:04:50","guid":{"rendered":"https:\/\/com-automotive.com\/alternador-12v-110a-0124325128-para-vw-octavia-skoda\/"},"modified":"2024-06-14T19:04:50","modified_gmt":"2024-06-14T22:04:50","slug":"alternador-12v-110a-0124325128-para-vw-octavia-skoda","status":"publish","type":"product","link":"https:\/\/com-automotive.com\/es\/alternador-12v-110a-0124325128-para-vw-octavia-skoda\/","title":{"rendered":"Alternador 12V 110A 0124325128 para VW Octavia Skoda<span class=\"product-sku\" style=\"display: block; font-size: 0.85em; color: #777; margin-top: 5px; margin-bottom: 5px;\">SKU: 8000.5128-COM<\/span>"},"content":{"rendered":"<h1><strong>COM-AUTOMOTIVE, calidad de dise\u00f1o original.<\/strong><\/h1>\n<p>Alternador 12V 110A 0124325128 para VW Octavia Skoda<\/p>\n<h2>Preguntas m\u00e1s frecuentes<\/h2>\n<h3><strong>\u00bfCu\u00e1les son las referencias cruzadas?<\/strong><\/h3>\n<p>03C903023D, 1986A00563, 0124325128, 0124325044, 0124325095, 098604532 23361N, 03C903023, 03C903023B, 03C903023BX, 03C903023B, 03C903023BX, 03C903023D, 03C903023DX<\/p>\n<h2><strong>Tabla de aplicaci\u00f3n<\/strong><\/h2>\n<p>Alternador 12V 110A 0124325128 para VW Octavia Skoda\u00bb<\/p>\n<div>ATENCI\u00d3N:<\/div>\n<div>Recomendamos que la instalaci\u00f3n del producto sea realizada por un profesional capacitado y especializado.<\/div>\n<div>Solo realiza la compra de este producto con la certeza de que es compatible con tu veh\u00edculo, si tienes alguna duda, no dudes en ponerte en contacto con nosotros. Nuestro horario de apertura es de lunes a viernes de 8 a 18 h.<\/div>\n<div><\/div>\n<div>Sobre nosotros<\/div>\n<div>COM Automotive est\u00e1 especializada en piezas de autom\u00f3vil de dise\u00f1o original para el sector de la reparaci\u00f3n posventa, clientes industriales y fabricantes de veh\u00edculos especiales OEM.<\/div>\n<div>Nuestro equipo tiene m\u00e1s de 28 a\u00f1os de experiencia en la fabricaci\u00f3n y el suministro de piezas de automoci\u00f3n a escala mundial.<\/div>\n<div>Nuestra MISI\u00d3N es ofrecer productos de dise\u00f1o original con una calidad impecable y una sustituci\u00f3n personalizada.<\/div>\n<div>Nuestra VISI\u00d3N es promover el crecimiento y un valor inigualable para nuestros clientes.<\/div>\n","protected":false},"excerpt":{"rendered":"<p>0124325128-COM. En stock. Ref: 03C903023D , 1986A00563, 0124325128, 0124325044, 0124325095, 098604532 23361N, 03C903023, 03C903023B, 03C903023BX, 03C903023B, 03C903023BX, 03C903023D, 03C903023DX &#8211; compatible con: VW. Marca: COM Automotive &#8211; Producto con calidad y dise\u00f1o originales. Compatible con: Bosch<\/p>\n","protected":false},"featured_media":18823,"comment_status":"open","ping_status":"closed","template":"","meta":[],"product_brand":[],"product_cat":[8109],"product_tag":[21233,21235,21232,21239,21242,21244,21230,21246,21231],"class_list":{"0":"post-18006","1":"product","2":"type-product","3":"status-publish","4":"has-post-thumbnail","6":"product_cat-alternador-es-2","7":"product_tag-0124325044-es","8":"product_tag-0124325095-es","9":"product_tag-0124325128-es","10":"product_tag-03c903023-es","11":"product_tag-03c903023b-es","12":"product_tag-03c903023bx-es","13":"product_tag-03c903023d-es","14":"product_tag-03c903023dx-es","15":"product_tag-1986a00563-es","17":"first","18":"instock","19":"taxable","20":"shipping-taxable","21":"purchasable","22":"product-type-simple"},"_links":{"self":[{"href":"https:\/\/com-automotive.com\/es\/wp-json\/wp\/v2\/product\/18006","targetHints":{"allow":["GET"]}}],"collection":[{"href":"https:\/\/com-automotive.com\/es\/wp-json\/wp\/v2\/product"}],"about":[{"href":"https:\/\/com-automotive.com\/es\/wp-json\/wp\/v2\/types\/product"}],"replies":[{"embeddable":true,"href":"https:\/\/com-automotive.com\/es\/wp-json\/wp\/v2\/comments?post=18006"}],"wp:featuredmedia":[{"embeddable":true,"href":"https:\/\/com-automotive.com\/es\/wp-json\/wp\/v2\/media\/18823"}],"wp:attachment":[{"href":"https:\/\/com-automotive.com\/es\/wp-json\/wp\/v2\/media?parent=18006"}],"wp:term":[{"taxonomy":"product_brand","embeddable":true,"href":"https:\/\/com-automotive.com\/es\/wp-json\/wp\/v2\/product_brand?post=18006"},{"taxonomy":"product_cat","embeddable":true,"href":"https:\/\/com-automotive.com\/es\/wp-json\/wp\/v2\/product_cat?post=18006"},{"taxonomy":"product_tag","embeddable":true,"href":"https:\/\/com-automotive.com\/es\/wp-json\/wp\/v2\/product_tag?post=18006"}],"curies":[{"name":"wp","href":"https:\/\/api.w.org\/{rel}","templated":true}]}}