{"id":18005,"date":"2024-06-14T19:04:58","date_gmt":"2024-06-14T22:04:58","guid":{"rendered":"https:\/\/com-automotive.com\/alternador-12v-100a-6pk-0124415007-para-renault-megane-2-0\/"},"modified":"2024-06-14T19:04:58","modified_gmt":"2024-06-14T22:04:58","slug":"alternador-12v-100a-6pk-0124415007-para-renault-megane-2-0","status":"publish","type":"product","link":"https:\/\/com-automotive.com\/es\/alternador-12v-100a-6pk-0124415007-para-renault-megane-2-0\/","title":{"rendered":"Alternador 12V 100A 6PK 0124415007 para Renault Megane 2.0<span class=\"product-sku\" style=\"display: block; font-size: 0.85em; color: #777; margin-top: 5px; margin-bottom: 5px;\">SKU: 8000.5038-COM<\/span>"},"content":{"rendered":"<h1><strong>COM-AUTOMOTIVE, calidad de dise\u00f1o original.<\/strong><\/h1>\n<p>Alternador 12V 100A 6PK 0124415007 para Renault Megane 2.0<\/p>\n<h2>Preguntas m\u00e1s frecuentes<\/h2>\n<h3><strong>\u00bfCu\u00e1les son las referencias cruzadas?<\/strong><\/h3>\n<p>0124415007, 1986A00816, 1986A01143, 0124415013, 0124415014, 0124415038, 012441504 0124415041, 0124415043, 0124415046, 0124415047, 6033G106CY, 06353415007 94439041850 23751N, Dacia:770042931 7701473636, 7701476809, 7711497139, 6001548061, 7700101274, 7700421477, 7700429217, 770042931 770043490 7701473636, 7701477712, 7711134564, 771113587 7711497097, 8200030635, 8200103726, 8200438148, 820066004 8200692865, 8200727051<\/p>\n<h2><strong>Tabla de aplicaci\u00f3n<\/strong><\/h2>\n<p>Alternador 12V 100A 6PK 0124415007 para Renault Megane 2.0&#8243;<\/p>\n<div>ATENCI\u00d3N:<\/div>\n<div>Recomendamos que la instalaci\u00f3n del producto sea realizada por un profesional capacitado y especializado.<\/div>\n<div>Solo realiza la compra de este producto con la certeza de que es compatible con tu veh\u00edculo, si tienes alguna duda, no dudes en ponerte en contacto con nosotros. Nuestro horario de apertura es de lunes a viernes de 8 a 18 h.<\/div>\n<div><\/div>\n<div>Sobre nosotros<\/div>\n<div>COM Automotive est\u00e1 especializada en piezas de autom\u00f3vil de dise\u00f1o original para el sector de la reparaci\u00f3n posventa, clientes industriales y fabricantes de veh\u00edculos especiales OEM.<\/div>\n<div>Nuestro equipo tiene m\u00e1s de 28 a\u00f1os de experiencia en la fabricaci\u00f3n y el suministro de piezas de automoci\u00f3n a escala mundial.<\/div>\n<div>Nuestra MISI\u00d3N es ofrecer productos de dise\u00f1o original con una calidad impecable y una sustituci\u00f3n personalizada.<\/div>\n<div>Nuestra VISI\u00d3N es promover el crecimiento y un valor inigualable para nuestros clientes.<\/div>\n","protected":false},"excerpt":{"rendered":"<p>0124415007-COM. En stock. Ref: 0124415007, 1986A00816, 1986A01143, 0124415013, 0124415014, 0124415038, 012441504, 0124415041, 0124415043, 0124415046, 0124415047, 6033G106CY, 06353415007 94439041850 23751N, 770042931 7701473636, 7701476809, 7711497139, 6001548061, 7700101274, 7700421477, 7700429217, 770042931 770043490 7701473636, 7701477712, 7711134564, 771113587, 7711497097, 8200030635, 8200103726, 8200438148, 820066004, 8200692865, 8200727051 &#8211; compatible con: Renault. Marca: COM Automotive &#8211; Producto con calidad y dise\u00f1o originales. Compatible con: Bosch<\/p>\n","protected":false},"featured_media":18832,"comment_status":"open","ping_status":"closed","template":"","meta":[],"product_brand":[],"product_cat":[8109],"product_tag":[21174,21180,21182,21184,21187,21188,21190,21192,21176,21178,21204,21194,21206,21208,21210,21200,21214,21216,21219,21202,21220,21222,21224,21228,21229],"class_list":{"0":"post-18005","1":"product","2":"type-product","3":"status-publish","4":"has-post-thumbnail","6":"product_cat-alternador-es-2","7":"product_tag-0124415007-es","8":"product_tag-0124415013-es","9":"product_tag-0124415014-es","10":"product_tag-0124415038-es","11":"product_tag-0124415041-es","12":"product_tag-0124415043-es","13":"product_tag-0124415046-es","14":"product_tag-0124415047-es","15":"product_tag-1986a00816-es","16":"product_tag-1986a01143-es","17":"product_tag-6001548061-es","18":"product_tag-6033g106cy-es","19":"product_tag-7700101274-es","20":"product_tag-7700421477-es","21":"product_tag-7700429217-es","22":"product_tag-7701476809-es","23":"product_tag-7701477712-es","24":"product_tag-7711134564-es","25":"product_tag-7711497097-es","26":"product_tag-7711497139-es","27":"product_tag-8200030635-es","28":"product_tag-8200103726-es","29":"product_tag-8200438148-es","30":"product_tag-8200692865-es","31":"product_tag-8200727051-es","33":"first","34":"instock","35":"taxable","36":"shipping-taxable","37":"purchasable","38":"product-type-simple"},"_links":{"self":[{"href":"https:\/\/com-automotive.com\/es\/wp-json\/wp\/v2\/product\/18005","targetHints":{"allow":["GET"]}}],"collection":[{"href":"https:\/\/com-automotive.com\/es\/wp-json\/wp\/v2\/product"}],"about":[{"href":"https:\/\/com-automotive.com\/es\/wp-json\/wp\/v2\/types\/product"}],"replies":[{"embeddable":true,"href":"https:\/\/com-automotive.com\/es\/wp-json\/wp\/v2\/comments?post=18005"}],"wp:featuredmedia":[{"embeddable":true,"href":"https:\/\/com-automotive.com\/es\/wp-json\/wp\/v2\/media\/18832"}],"wp:attachment":[{"href":"https:\/\/com-automotive.com\/es\/wp-json\/wp\/v2\/media?parent=18005"}],"wp:term":[{"taxonomy":"product_brand","embeddable":true,"href":"https:\/\/com-automotive.com\/es\/wp-json\/wp\/v2\/product_brand?post=18005"},{"taxonomy":"product_cat","embeddable":true,"href":"https:\/\/com-automotive.com\/es\/wp-json\/wp\/v2\/product_cat?post=18005"},{"taxonomy":"product_tag","embeddable":true,"href":"https:\/\/com-automotive.com\/es\/wp-json\/wp\/v2\/product_tag?post=18005"}],"curies":[{"name":"wp","href":"https:\/\/api.w.org\/{rel}","templated":true}]}}