{"id":17993,"date":"2024-06-14T19:09:26","date_gmt":"2024-06-14T22:09:26","guid":{"rendered":"https:\/\/com-automotive.com\/motor-de-arranque-0001416202-24v-9t-kb-5-4kw-para-mb-man\/"},"modified":"2024-06-27T13:59:25","modified_gmt":"2024-06-27T16:59:25","slug":"motor-de-arranque-0001416202-24v-9t-kb-5-4kw-para-mb-man","status":"publish","type":"product","link":"https:\/\/com-automotive.com\/es\/motor-de-arranque-0001416202-24v-9t-kb-5-4kw-para-mb-man\/","title":{"rendered":"Motor de arranque 0001416202 24V 9T KB 5.4KW para MB MAN<span class=\"product-sku\" style=\"display: block; font-size: 0.85em; color: #777; margin-top: 5px; margin-bottom: 5px;\">SKU: 6000.6202-COM<\/span>"},"content":{"rendered":"<h1><strong>COM-AUTOMOTIVE, calidad de dise\u00f1o original.<\/strong><\/h1>\n<p>Motor de arranque 0001416202 24V 9T KB 5.4KW para MB MAN<\/p>\n<h2>Preguntas m\u00e1s frecuentes<\/h2>\n<h3><strong>\u00bfCu\u00e1les son las referencias cruzadas?<\/strong><\/h3>\n<p>1986S10022, 0001416202, 0001410013, 0001410024, 0001410088, 0001415001, 0001415027, 0001416002, 0001416023, 0001416078, 0001416079, F04200209 1902401 19024025, 06352416002 06352416078 943252194, 94325221 94325225 MSR692, MSR702, 860508GB, 860615, 18113N, IM31 IM501, IM502, IM523, 060532943, 140300 S115HD241, 000132693 000147163 132693 147163 1516707R, 608000 R2308, 7431026006001075, 912501 912522 912533 0001231008, 0001231029, 0001368016, 51262017092, 51262017095, 51262017109, 51262017119,  51262017123, 51262017125, 51262017153, 51262017157, 51262017158, 51262017181, 51262017183, 51262017212, 51262017213, 51262017239, 51262019119, 51252017181, 51252019181, 51262017061, 51262017092, 51262017108, 51262017109, 51262017125, 51262017127, 51262017159, 51262019061, 51262019117, 51262019127, 51262019159, 0021510201, 0021515301, 00215153018 0021510201, 0021515301, 0031514101, 0031514501, 00315145018 0031514101, 0031514501, 0041516001, 00415160018 0041516801, 00415168018 0041516001, 0041516801, 0051512701, 743103100 A0021510201, A0021515301, A0031514101, A0031514501, A0041516001, A0041516801, A0051512701, A743103100 A0021510201, A0021515301, A00215153018 A0031514101, A0031514501, A00315145018 A0041516001, A00415160018 A0041516801, A00415168018 A0051512701, 5000822346, 5000822887, 5000241521, 5000241777, 5000822346, 5001000061, 513210050000<\/p>\n<h2><strong>Tabla de aplicaci\u00f3n<\/strong><\/h2>\n<p>Motor de arranque de 24V 9T KB 5.4KW para MB MAN \u00bb<\/p>\n<div>ATENCI\u00d3N:<\/div>\n<div>Recomendamos que la instalaci\u00f3n del producto sea realizada por un profesional capacitado y especializado.<\/div>\n<div>Solo realiza la compra de este producto con la certeza de que es compatible con tu veh\u00edculo, si tienes alguna duda, no dudes en ponerte en contacto con nosotros. Nuestro horario de apertura es de lunes a viernes de 8 a 18 h.<\/div>\n<div><\/div>\n<div>Sobre nosotros<\/div>\n<div>COM Automotive est\u00e1 especializada en piezas de autom\u00f3vil de dise\u00f1o original para el sector de la reparaci\u00f3n posventa, clientes industriales y fabricantes de veh\u00edculos especiales OEM.<\/div>\n<div>Nuestro equipo tiene m\u00e1s de 28 a\u00f1os de experiencia en la fabricaci\u00f3n y el suministro de piezas de automoci\u00f3n a escala mundial.<\/div>\n<div>Nuestra MISI\u00d3N es ofrecer productos de dise\u00f1o original con una calidad impecable y una sustituci\u00f3n personalizada.<\/div>\n<div>Nuestra VISI\u00d3N es promover el crecimiento y un valor inigualable para nuestros clientes.<\/div>\n","protected":false},"excerpt":{"rendered":"<p>0001416202-COM. En stock. Ref: 1986S10022, 0001416202, 0001410013, 0001410024, 0001410088, 0001415001, 0001415027, 0001416002, 0001416023, 0001416078, 0001416079, F04200209 1902401 19024025, 06352416002 06352416078 943252194, 94325221 94325225 MSR692, MSR702, 860508GB, 860615, 18113N, IM31 IM501, IM502, IM523, 060532943, 140300 S115HD241, 000132693 000147163 132693 147163 1516707R, 608000 R2308, 7431026006001075, 912501 912522 912533 0001231008, 0001231029, 0001368016, 51262017092, 51262017095, 51262017109, 51262017119,  51262017123, 51262017125, 51262017153, 51262017157, 51262017158, 51262017181, 51262017183, 51262017212, 51262017213, 51262017239, 51262019119, 51252017181, 51252019181, 51262017061, 51262017092, 51262017108, 51262017109, 51262017125, 51262017127, 51262017159, 51262019061, 51262019117, 51262019127, 51262019159, 0021510201, 0021515301, 00215153018 0021510201, 0021515301, 0031514101, 0031514501, 00315145018 0031514101, 0031514501, 0041516001, 00415160018 0041516801, 00415168018 0041516001, 0041516801, 0051512701, 743103100 A0021510201, A0021515301, A0031514101, A0031514501, A0041516001, A0041516801, A0051512701, A743103100 A0021510201, A0021515301, A00215153018 A0031514101, A0031514501, A00315145018 A0041516001, A00415160018 A0041516801, A00415168018 A0051512701, 5000822346, 5000822887, 5000241521, 5000241777, 5000822346, 5001000061, 513210050000 &#8211; compatible con: Mercedes\/Man. Marca: COM Automotive &#8211; Producto con calidad y dise\u00f1o originales. Compatible con: Bosch<\/p>\n","protected":false},"featured_media":20186,"comment_status":"open","ping_status":"closed","template":"","meta":[],"product_brand":[],"product_cat":[41539,8119],"product_tag":[21545,21548,21088,21090,21092,21094,21095,21097,21099,21101,21103,21086,21134,21121,21084,40431,21549,21552,21553,21557,21560,21563,21565,21567,40434,40438,21113,21117,21129,21131,21109],"class_list":{"0":"post-17993","1":"product","2":"type-product","3":"status-publish","4":"has-post-thumbnail","6":"product_cat-lancamentos","7":"product_cat-motor-de-arranque","8":"product_tag-0001231029-es","9":"product_tag-0001368016-es","10":"product_tag-0001410013-es","11":"product_tag-0001410024-es","12":"product_tag-0001410088-es","13":"product_tag-0001415001-es","14":"product_tag-0001415027-es","15":"product_tag-0001416002-es","16":"product_tag-0001416023-es","17":"product_tag-0001416078-es","18":"product_tag-0001416079-es","19":"product_tag-0001416202-es","20":"product_tag-060532943-es","21":"product_tag-18113n-es","22":"product_tag-1986s10022-es","23":"product_tag-40431","24":"product_tag-51262017092-es","25":"product_tag-51262017095-es","26":"product_tag-51262017109-es","27":"product_tag-51262017119-es","28":"product_tag-51262017123-es","29":"product_tag-51262017125-es","30":"product_tag-51262017153-es","31":"product_tag-51262017157-es","32":"product_tag-40434","33":"product_tag-40438","34":"product_tag-860508gb-es","35":"product_tag-860615-es","36":"product_tag-im502-es","37":"product_tag-im523-es","38":"product_tag-msr702-es","40":"first","41":"instock","42":"taxable","43":"shipping-taxable","44":"purchasable","45":"product-type-simple"},"_links":{"self":[{"href":"https:\/\/com-automotive.com\/es\/wp-json\/wp\/v2\/product\/17993","targetHints":{"allow":["GET"]}}],"collection":[{"href":"https:\/\/com-automotive.com\/es\/wp-json\/wp\/v2\/product"}],"about":[{"href":"https:\/\/com-automotive.com\/es\/wp-json\/wp\/v2\/types\/product"}],"replies":[{"embeddable":true,"href":"https:\/\/com-automotive.com\/es\/wp-json\/wp\/v2\/comments?post=17993"}],"wp:featuredmedia":[{"embeddable":true,"href":"https:\/\/com-automotive.com\/es\/wp-json\/wp\/v2\/media\/20186"}],"wp:attachment":[{"href":"https:\/\/com-automotive.com\/es\/wp-json\/wp\/v2\/media?parent=17993"}],"wp:term":[{"taxonomy":"product_brand","embeddable":true,"href":"https:\/\/com-automotive.com\/es\/wp-json\/wp\/v2\/product_brand?post=17993"},{"taxonomy":"product_cat","embeddable":true,"href":"https:\/\/com-automotive.com\/es\/wp-json\/wp\/v2\/product_cat?post=17993"},{"taxonomy":"product_tag","embeddable":true,"href":"https:\/\/com-automotive.com\/es\/wp-json\/wp\/v2\/product_tag?post=17993"}],"curies":[{"name":"wp","href":"https:\/\/api.w.org\/{rel}","templated":true}]}}