{"id":17981,"date":"2024-06-14T19:07:37","date_gmt":"2024-06-14T22:07:37","guid":{"rendered":"https:\/\/com-automotive.com\/motor-de-arranque-jf-0001368301-9v-9t-para-scania-p94\/"},"modified":"2024-06-27T13:52:57","modified_gmt":"2024-06-27T16:52:57","slug":"motor-de-arranque-jf-0001368301-9v-9t-para-scania-p94","status":"publish","type":"product","link":"https:\/\/com-automotive.com\/es\/motor-de-arranque-jf-0001368301-9v-9t-para-scania-p94\/","title":{"rendered":"Motor de arranque JF 0001368301 9V 9T para Scania P94<span class=\"product-sku\" style=\"display: block; font-size: 0.85em; color: #777; margin-top: 5px; margin-bottom: 5px;\">SKU: 6000.8301-COM<\/span>"},"content":{"rendered":"<h1><strong>COM-AUTOMOTIVE, calidad de dise\u00f1o original.<\/strong><\/h1>\n<p>Motor de arranque JF 0001368301 9V 9T para Scania P94<\/p>\n<h2>Preguntas m\u00e1s frecuentes<\/h2>\n<h3><strong>\u00bfCu\u00e1les son las referencias cruzadas?<\/strong><\/h3>\n<p>0001368301, 1986S00067, 000136001 0001360038, 000136801 19024233, 19024274, 06352368301 943252207, 94325220701 MSR70 857472, 859535, 17320N, 1516825R, 9142602, Scania:183868, 263356, 310563, 369554, 57145 571451, 61200090091, 6226486, 6233004<\/p>\n<h2><strong>Tabla de aplicaci\u00f3n<\/strong><\/h2>\n<p>Motor de arranque JF 0001368301 9V 9T para Scania P94&#8243;<\/p>\n<div>ATENCI\u00d3N:<\/div>\n<div>Recomendamos que la instalaci\u00f3n del producto sea realizada por un profesional capacitado y especializado.<\/div>\n<div>Solo realiza la compra de este producto con la certeza de que es compatible con tu veh\u00edculo, si tienes alguna duda, no dudes en ponerte en contacto con nosotros. Nuestro horario de apertura es de lunes a viernes de 8 a 18 h.<\/div>\n<div><\/div>\n<div>Sobre nosotros<\/div>\n<div>COM Automotive est\u00e1 especializada en piezas de autom\u00f3vil de dise\u00f1o original para el sector de la reparaci\u00f3n posventa, clientes industriales y fabricantes de veh\u00edculos especiales OEM.<\/div>\n<div>Nuestro equipo tiene m\u00e1s de 28 a\u00f1os de experiencia en la fabricaci\u00f3n y el suministro de piezas de automoci\u00f3n a escala mundial.<\/div>\n<div>Nuestra MISI\u00d3N es ofrecer productos de dise\u00f1o original con una calidad impecable y una sustituci\u00f3n personalizada.<\/div>\n<div>Nuestra VISI\u00d3N es promover el crecimiento y un valor inigualable para nuestros clientes.<\/div>\n","protected":false},"excerpt":{"rendered":"<p>0001368301-COM. En stock. Ref: 0001368301, 1986S00067, 000136001 0001360038, 000136801 19024233, 19024274, 06352368301 943252207, 94325220701 MSR70 857472, 859535, 17320N, 1516825R, 9142602, Scania:183868, 263356, 310563, 369554, 57145 571451, 61200090091, 6226486, 6233004 &#8211; compatible con: Scania. Marca: COM Automotive &#8211; Producto con calidad y dise\u00f1o originales. Compatible con: Bosch<\/p>\n","protected":false},"featured_media":18645,"comment_status":"open","ping_status":"closed","template":"","meta":[],"product_brand":[],"product_cat":[8119],"product_tag":[20999,21008,21007,21003,21000,21011,21012,21013,21373,21374,21375,21006,21009,21010],"class_list":{"0":"post-17981","1":"product","2":"type-product","3":"status-publish","4":"has-post-thumbnail","6":"product_cat-motor-de-arranque","7":"product_tag-0001368301-es","8":"product_tag-1516825r-es","9":"product_tag-17320n-es","10":"product_tag-19024274-es","11":"product_tag-1986s00067-es","12":"product_tag-263356-es","13":"product_tag-310563-es","14":"product_tag-369554-es","15":"product_tag-61200090091-es","16":"product_tag-6226486-es","17":"product_tag-6233004-es","18":"product_tag-859535-es","19":"product_tag-9142602-es","20":"product_tag-scania183868-es","22":"first","23":"instock","24":"taxable","25":"shipping-taxable","26":"purchasable","27":"product-type-simple"},"_links":{"self":[{"href":"https:\/\/com-automotive.com\/es\/wp-json\/wp\/v2\/product\/17981","targetHints":{"allow":["GET"]}}],"collection":[{"href":"https:\/\/com-automotive.com\/es\/wp-json\/wp\/v2\/product"}],"about":[{"href":"https:\/\/com-automotive.com\/es\/wp-json\/wp\/v2\/types\/product"}],"replies":[{"embeddable":true,"href":"https:\/\/com-automotive.com\/es\/wp-json\/wp\/v2\/comments?post=17981"}],"wp:featuredmedia":[{"embeddable":true,"href":"https:\/\/com-automotive.com\/es\/wp-json\/wp\/v2\/media\/18645"}],"wp:attachment":[{"href":"https:\/\/com-automotive.com\/es\/wp-json\/wp\/v2\/media?parent=17981"}],"wp:term":[{"taxonomy":"product_brand","embeddable":true,"href":"https:\/\/com-automotive.com\/es\/wp-json\/wp\/v2\/product_brand?post=17981"},{"taxonomy":"product_cat","embeddable":true,"href":"https:\/\/com-automotive.com\/es\/wp-json\/wp\/v2\/product_cat?post=17981"},{"taxonomy":"product_tag","embeddable":true,"href":"https:\/\/com-automotive.com\/es\/wp-json\/wp\/v2\/product_tag?post=17981"}],"curies":[{"name":"wp","href":"https:\/\/api.w.org\/{rel}","templated":true}]}}