{"id":17956,"date":"2024-06-14T19:04:32","date_gmt":"2024-06-14T22:04:32","guid":{"rendered":"https:\/\/com-automotive.com\/alternador-12v-140a-0124525030-para-opel-astra-2-2-dti\/"},"modified":"2024-06-27T12:28:12","modified_gmt":"2024-06-27T15:28:12","slug":"alternador-12v-140a-0124525030-para-opel-astra-2-2-dti","status":"publish","type":"product","link":"https:\/\/com-automotive.com\/es\/alternador-12v-140a-0124525030-para-opel-astra-2-2-dti\/","title":{"rendered":"Alternador 12V 140A 0124525030 para Opel Astra 2.2 Dti<span class=\"product-sku\" style=\"display: block; font-size: 0.85em; color: #777; margin-top: 5px; margin-bottom: 5px;\">SKU: 8000.5030-COM<\/span>"},"content":{"rendered":"<h1><strong>COM-AUTOMOTIVE, calidad de dise\u00f1o original.<\/strong><\/h1>\n<p>Alternador 12V 140A 0124525030 para Opel Astra 2.2 Dti<\/p>\n<h2>Preguntas m\u00e1s frecuentes<\/h2>\n<h3><strong>\u00bfCu\u00e1les son las referencias cruzadas?<\/strong><\/h3>\n<p>93174497, 012452503 1986A01156, 0124415005, 0124515005, 012451508, 012452504, 0123510043, 0124225004, 0124225023, 012451508, 098604403, 6353525030, 23185N, 1516477R, 1516479R, 1516496R, 09200959, 1204134, 13108596, 24429105, 6204142, 6204025, 6204077, 6204081, 6204236, 90506203, 90512219, 90540885, 90561167, 90561169, 90561168, 9117932, 9117937, 9117937, 9133601, 9192824, 9117934, 9200959, 9200959, 93174497, 93175804, 93175953, 951279, 13108596, 5549555<\/p>\n<h2><strong>Tabla de aplicaci\u00f3n<\/strong><\/h2>\n<p>Alternador 12V 140A 0124525030 para Opel Astra 2.2 Dti\u00bb<\/p>\n<div>ATENCI\u00d3N:<\/div>\n<div>Recomendamos que la instalaci\u00f3n del producto sea realizada por un profesional capacitado y especializado.<\/div>\n<div>Solo realiza la compra de este producto con la certeza de que es compatible con tu veh\u00edculo, si tienes alguna duda, no dudes en ponerte en contacto con nosotros. Nuestro horario de apertura es de lunes a viernes de 8 a 18 h.<\/div>\n<div><\/div>\n<div>Sobre nosotros<\/div>\n<div>COM Automotive est\u00e1 especializada en piezas de autom\u00f3vil de dise\u00f1o original para el sector de la reparaci\u00f3n posventa, clientes industriales y fabricantes de veh\u00edculos especiales OEM.<\/div>\n<div>Nuestro equipo tiene m\u00e1s de 28 a\u00f1os de experiencia en la fabricaci\u00f3n y el suministro de piezas de automoci\u00f3n a escala mundial.<\/div>\n<div>Nuestra MISI\u00d3N es ofrecer productos de dise\u00f1o original con una calidad impecable y una sustituci\u00f3n personalizada.<\/div>\n<div>Nuestra VISI\u00d3N es promover el crecimiento y un valor inigualable para nuestros clientes.<\/div>\n","protected":false},"excerpt":{"rendered":"<p>0124525030-COM. En stock. Ref: 93174497, 012452503 1986A01156, 0124415005, 0124515005, 012451508 012452504 0123510043, 0124225004, 0124225023, 012451508 098604403 6353525030 23185N, 1516477R, 1516479R, 1516496R, 09200959, 1204134, 13108596, 24429105, 6204142, 6204025, 6204077, 6204081, 6204236, 90506203, 90512219, 90540885, 90561167, 90561169, 90561168, 9117932, 9117937, 9117937, 9133601, 9192824, 9117934, 9200959, 9200959, 93174497, 93175804, 93175953, 951279 Saab:13108596, 5549555 &#8211; compatible con: Opel. Marca: COM Automotive &#8211; Producto con calidad y dise\u00f1o originales. Compatible con: Bosch<\/p>\n","protected":false},"featured_media":18846,"comment_status":"open","ping_status":"closed","template":"","meta":[],"product_brand":[],"product_cat":[8109],"product_tag":[20793,20794,20795,20789,20790,20802,20803,20804,20799,20800,20801,20798,20805,21185,20807,20808,20809,20806,20810,20811,20812,20813,20814,20816,20815,21164,21175,21167,21170,21173,21177,20787,21179,21181],"class_list":{"0":"post-17956","1":"product","2":"type-product","3":"status-publish","4":"has-post-thumbnail","6":"product_cat-alternador-es-2","7":"product_tag-0123510043-es","8":"product_tag-0124225004-es","9":"product_tag-0124225023-es","10":"product_tag-0124415005-es","11":"product_tag-0124515005-es","12":"product_tag-09200959-es","13":"product_tag-1204134-es","14":"product_tag-13108596-es","15":"product_tag-1516477r-es","16":"product_tag-1516479r-es","17":"product_tag-1516496r-es","18":"product_tag-23185n-es","19":"product_tag-24429105-es","20":"product_tag-5549555-es","21":"product_tag-6204025-es","22":"product_tag-6204077-es","23":"product_tag-6204081-es","24":"product_tag-6204142-es","25":"product_tag-6204236-es","26":"product_tag-90506203-es","27":"product_tag-90512219-es","28":"product_tag-90540885-es","29":"product_tag-90561167-es","30":"product_tag-90561168-es","31":"product_tag-90561169-es","32":"product_tag-9117932-es","33":"product_tag-9117934-es","34":"product_tag-9117937-es","35":"product_tag-9133601-es","36":"product_tag-9192824-es","37":"product_tag-9200959-es","38":"product_tag-93174497-es","39":"product_tag-93175804-es","40":"product_tag-93175953-es","42":"first","43":"instock","44":"taxable","45":"shipping-taxable","46":"purchasable","47":"product-type-simple"},"_links":{"self":[{"href":"https:\/\/com-automotive.com\/es\/wp-json\/wp\/v2\/product\/17956","targetHints":{"allow":["GET"]}}],"collection":[{"href":"https:\/\/com-automotive.com\/es\/wp-json\/wp\/v2\/product"}],"about":[{"href":"https:\/\/com-automotive.com\/es\/wp-json\/wp\/v2\/types\/product"}],"replies":[{"embeddable":true,"href":"https:\/\/com-automotive.com\/es\/wp-json\/wp\/v2\/comments?post=17956"}],"wp:featuredmedia":[{"embeddable":true,"href":"https:\/\/com-automotive.com\/es\/wp-json\/wp\/v2\/media\/18846"}],"wp:attachment":[{"href":"https:\/\/com-automotive.com\/es\/wp-json\/wp\/v2\/media?parent=17956"}],"wp:term":[{"taxonomy":"product_brand","embeddable":true,"href":"https:\/\/com-automotive.com\/es\/wp-json\/wp\/v2\/product_brand?post=17956"},{"taxonomy":"product_cat","embeddable":true,"href":"https:\/\/com-automotive.com\/es\/wp-json\/wp\/v2\/product_cat?post=17956"},{"taxonomy":"product_tag","embeddable":true,"href":"https:\/\/com-automotive.com\/es\/wp-json\/wp\/v2\/product_tag?post=17956"}],"curies":[{"name":"wp","href":"https:\/\/api.w.org\/{rel}","templated":true}]}}