{"id":17944,"date":"2024-06-14T19:02:19","date_gmt":"2024-06-14T22:02:19","guid":{"rendered":"https:\/\/com-automotive.com\/alternador-12v-180a-0124625208-soporte-de-almohadilla-para-mercedes-cls-c219-cls-350\/"},"modified":"2024-07-30T20:05:29","modified_gmt":"2024-07-30T23:05:29","slug":"alternador-12v-180a-0124625208-soporte-de-almohadilla-para-mercedes-cls-c219-cls-350","status":"publish","type":"product","link":"https:\/\/com-automotive.com\/es\/alternador-12v-180a-0124625208-soporte-de-almohadilla-para-mercedes-cls-c219-cls-350\/","title":{"rendered":"Alternador 12V 180A 0124625208 Pad Mount para Mercedes CLS C219 CLS 350<span class=\"product-sku\" style=\"display: block; font-size: 0.85em; color: #777; margin-top: 5px; margin-bottom: 5px;\">SKU: 8000.5208-COM<\/span>"},"content":{"rendered":"<h1><strong>COM-AUTOMOTIVE, calidad de dise\u00f1o original.<\/strong><\/h1>\n<p> Alternador 12V 180A 0124625208 Pad Mount para Mercedes CLS C219 CLS 350 <\/p>\n<h2>Preguntas m\u00e1s frecuentes<\/h2>\n<h3><strong>\u00bfCu\u00e1les son las referencias cruzadas?<\/strong><\/h3>\n<p> 68011841AB, 1986A00952, 0124625208, 0124625023, LH4454, 0124625023, 11217N, 68011841AA, 68011841AB, 27215401028 2721540102, A27215401028 A2721540102 <\/p>\n<h2><strong>Tabla de aplicaci\u00f3n<\/strong><\/h2>\n<p> Alternador 12V 180A 0124625208 Pad Mount para Mercedes CLS C219 CLS 350 <\/p>\n<div>ATENCI\u00d3N:<\/div>\n<div>Recomendamos que la instalaci\u00f3n del producto sea realizada por un profesional capacitado y especializado.<\/div>\n<div>Solo realiza la compra de este producto con la certeza de que es compatible con tu veh\u00edculo, si tienes alguna duda, no dudes en ponerte en contacto con nosotros. Nuestro horario de apertura es de lunes a viernes de 8 a 18 h.<\/div>\n<div><\/div>\n<div>Sobre nosotros<\/div>\n<div>COM Automotive est\u00e1 especializada en piezas de autom\u00f3vil de dise\u00f1o original para el sector de la reparaci\u00f3n posventa, clientes industriales y fabricantes de veh\u00edculos especiales OEM.<\/div>\n<div>Nuestro equipo tiene m\u00e1s de 28 a\u00f1os de experiencia en la fabricaci\u00f3n y el suministro de piezas de automoci\u00f3n a escala mundial.<\/div>\n<div>Nuestra MISI\u00d3N es ofrecer productos de dise\u00f1o original con una calidad impecable y una sustituci\u00f3n personalizada.<\/div>\n<div>Nuestra VISI\u00d3N es promover el crecimiento y un valor inigualable para nuestros clientes.<\/div>\n","protected":false},"excerpt":{"rendered":"<p>0124625208-COM. En stock. Ref: 68011841AB, 1986A00952, 0124625208, 0124625023, LH4454, 0124625023, 11217N, 68011841AA, 68011841AB, 272154010280, 2721540102, A272154010280, A2721540102 &#8211; compatible con: Mercedes. Marca: COM Automotive &#8211; Producto con calidad y dise\u00f1o originales. Compatible con: Bosch<\/p>\n","protected":false},"featured_media":18892,"comment_status":"open","ping_status":"closed","template":"","meta":[],"product_brand":[],"product_cat":[8109],"product_tag":[20616,20614,27129,20620,20612,20626,27126,20622,20610,20628,27128,20618],"class_list":{"0":"post-17944","1":"product","2":"type-product","3":"status-publish","4":"has-post-thumbnail","6":"product_cat-alternador-es-2","7":"product_tag-0124625023-es","8":"product_tag-0124625208-es","9":"product_tag-0124625208-com-es","10":"product_tag-11217n-es","11":"product_tag-1986a00952-es","12":"product_tag-2721540102-es","13":"product_tag-272154010280-es","14":"product_tag-68011841aa-es","15":"product_tag-68011841ab-es","16":"product_tag-a2721540102-es","17":"product_tag-a272154010280-es","18":"product_tag-lh4454-es","20":"first","21":"instock","22":"taxable","23":"shipping-taxable","24":"purchasable","25":"product-type-simple"},"_links":{"self":[{"href":"https:\/\/com-automotive.com\/es\/wp-json\/wp\/v2\/product\/17944","targetHints":{"allow":["GET"]}}],"collection":[{"href":"https:\/\/com-automotive.com\/es\/wp-json\/wp\/v2\/product"}],"about":[{"href":"https:\/\/com-automotive.com\/es\/wp-json\/wp\/v2\/types\/product"}],"replies":[{"embeddable":true,"href":"https:\/\/com-automotive.com\/es\/wp-json\/wp\/v2\/comments?post=17944"}],"wp:featuredmedia":[{"embeddable":true,"href":"https:\/\/com-automotive.com\/es\/wp-json\/wp\/v2\/media\/18892"}],"wp:attachment":[{"href":"https:\/\/com-automotive.com\/es\/wp-json\/wp\/v2\/media?parent=17944"}],"wp:term":[{"taxonomy":"product_brand","embeddable":true,"href":"https:\/\/com-automotive.com\/es\/wp-json\/wp\/v2\/product_brand?post=17944"},{"taxonomy":"product_cat","embeddable":true,"href":"https:\/\/com-automotive.com\/es\/wp-json\/wp\/v2\/product_cat?post=17944"},{"taxonomy":"product_tag","embeddable":true,"href":"https:\/\/com-automotive.com\/es\/wp-json\/wp\/v2\/product_tag?post=17944"}],"curies":[{"name":"wp","href":"https:\/\/api.w.org\/{rel}","templated":true}]}}