{"id":17939,"date":"2024-06-14T19:03:48","date_gmt":"2024-06-14T22:03:48","guid":{"rendered":"https:\/\/com-automotive.com\/dinamo-12v-30a-0101302067-vw-sedan-karmann-ghia-escarabajo-t1\/"},"modified":"2024-06-27T12:12:31","modified_gmt":"2024-06-27T15:12:31","slug":"dinamo-12v-30a-0101302067-vw-sedan-karmann-ghia-escarabajo-t1","status":"publish","type":"product","link":"https:\/\/com-automotive.com\/es\/dinamo-12v-30a-0101302067-vw-sedan-karmann-ghia-escarabajo-t1\/","title":{"rendered":"Dinamo 12V 30A 0101302067 VW Sed\u00e1n Karmann Ghia escarabajo T1<span class=\"product-sku\" style=\"display: block; font-size: 0.85em; color: #777; margin-top: 5px; margin-bottom: 5px;\">SKU: 8000.2067-COM<\/span>"},"content":{"rendered":"<h1><strong>COM-AUTOMOTIVE, calidad de dise\u00f1o original.<\/strong><\/h1>\n<p>Dinamo 12V 30A 0101302067 VW Sed\u00e1n Karmann Ghia escarabajo T1<\/p>\n<h2>Preguntas m\u00e1s frecuentes<\/h2>\n<h3><strong>\u00bfCu\u00e1les son las referencias cruzadas?<\/strong><\/h3>\n<p>0101302111, 0101302067, 0101302068, 0101302074, 0101302075, 0101302085, 0101302086, 101302115, 101302116, 0101302061, 0101302076, 0101302087, 0101302112, 0101302115, 0101302116, 0101302117, 0101302118, 9100082009, 0101302068, 0101302076, 15268N, 113903031G, 113903031K, 113903031M, 113903031P, 131903021, 211903031, 6166031110 61660311200<\/p>\n<h2><strong>Tabla de aplicaci\u00f3n<\/strong><\/h2>\n<p>Dinamo 12V 30A VW Sed\u00e1n Karmann Ghia escarabajo T1&#8243;<\/p>\n<div>ATENCI\u00d3N:<\/div>\n<div>Recomendamos que la instalaci\u00f3n del producto sea realizada por un profesional capacitado y especializado.<\/div>\n<div>Solo realiza la compra de este producto con la certeza de que es compatible con tu veh\u00edculo, si tienes alguna duda, no dudes en ponerte en contacto con nosotros. Nuestro horario de apertura es de lunes a viernes de 8 a 18 h.<\/div>\n<div><\/div>\n<div>Sobre nosotros<\/div>\n<div>COM Automotive est\u00e1 especializada en piezas de autom\u00f3vil de dise\u00f1o original para el sector de la reparaci\u00f3n posventa, clientes industriales y fabricantes de veh\u00edculos especiales OEM.<\/div>\n<div>Nuestro equipo tiene m\u00e1s de 28 a\u00f1os de experiencia en la fabricaci\u00f3n y el suministro de piezas de automoci\u00f3n a escala mundial.<\/div>\n<div>Nuestra MISI\u00d3N es ofrecer productos de dise\u00f1o original con una calidad impecable y una sustituci\u00f3n personalizada.<\/div>\n<div>Nuestra VISI\u00d3N es promover el crecimiento y un valor inigualable para nuestros clientes.<\/div>\n","protected":false},"excerpt":{"rendered":"<p>0101302067-COM. En stock. Ref: 0101302111, 0101302067, 0101302068, 0101302074, 0101302075, 0101302085, 0101302086, 101302115, 101302116, 0101302061, 0101302076, 0101302087, 0101302112, 0101302115, 0101302116, 0101302117, 0101302118, 9100082009, 0101302068, 0101302076, 15268N, 113903031G, 113903031K, 113903031M, 113903031P, 131903021, 211903031, 6166031110, 61660311200 &#8211; compatible con: VW. Marca: COM Automotive &#8211; Producto con calidad y dise\u00f1o originales. Compatible con: Bosch<\/p>\n","protected":false},"featured_media":24277,"comment_status":"open","ping_status":"closed","template":"","meta":[],"product_brand":[],"product_cat":[8109],"product_tag":[20556,20727,20729,20748,20730,20731,20733,20735,20737,20739,20741,20742,20743,20745,20747,20749,20751,20757,20758,20760,20762,20763,20755,20764,20766,20753],"class_list":{"0":"post-17939","1":"product","2":"type-product","3":"status-publish","4":"has-post-thumbnail","6":"product_cat-alternador-es-2","7":"product_tag-0101302061-es","8":"product_tag-0101302067-es","9":"product_tag-0101302068-es","10":"product_tag-0101302074-es","11":"product_tag-0101302075-es","12":"product_tag-0101302076-es","13":"product_tag-0101302085-es","14":"product_tag-0101302086-es","15":"product_tag-0101302087-es","16":"product_tag-0101302111-es","17":"product_tag-0101302112-es","18":"product_tag-0101302115-es","19":"product_tag-0101302116-es","20":"product_tag-0101302117-es","21":"product_tag-0101302118-es","22":"product_tag-101302115-es","23":"product_tag-101302116-es","24":"product_tag-113903031g-es","25":"product_tag-113903031k-es","26":"product_tag-113903031m-es","27":"product_tag-113903031p-es","28":"product_tag-131903021-es","29":"product_tag-15268n-es","30":"product_tag-211903031-es","31":"product_tag-61660311200-es","32":"product_tag-9100082009-es","34":"first","35":"instock","36":"taxable","37":"shipping-taxable","38":"purchasable","39":"product-type-simple"},"_links":{"self":[{"href":"https:\/\/com-automotive.com\/es\/wp-json\/wp\/v2\/product\/17939","targetHints":{"allow":["GET"]}}],"collection":[{"href":"https:\/\/com-automotive.com\/es\/wp-json\/wp\/v2\/product"}],"about":[{"href":"https:\/\/com-automotive.com\/es\/wp-json\/wp\/v2\/types\/product"}],"replies":[{"embeddable":true,"href":"https:\/\/com-automotive.com\/es\/wp-json\/wp\/v2\/comments?post=17939"}],"wp:featuredmedia":[{"embeddable":true,"href":"https:\/\/com-automotive.com\/es\/wp-json\/wp\/v2\/media\/24277"}],"wp:attachment":[{"href":"https:\/\/com-automotive.com\/es\/wp-json\/wp\/v2\/media?parent=17939"}],"wp:term":[{"taxonomy":"product_brand","embeddable":true,"href":"https:\/\/com-automotive.com\/es\/wp-json\/wp\/v2\/product_brand?post=17939"},{"taxonomy":"product_cat","embeddable":true,"href":"https:\/\/com-automotive.com\/es\/wp-json\/wp\/v2\/product_cat?post=17939"},{"taxonomy":"product_tag","embeddable":true,"href":"https:\/\/com-automotive.com\/es\/wp-json\/wp\/v2\/product_tag?post=17939"}],"curies":[{"name":"wp","href":"https:\/\/api.w.org\/{rel}","templated":true}]}}