{"id":17913,"date":"2024-06-14T19:01:50","date_gmt":"2024-06-14T22:01:50","guid":{"rendered":"https:\/\/com-automotive.com\/motor-de-arranque-12v-11kw-10d-d6ra162-para-agile-celta-classic-corsa-meriva-montana-prisma-ano2002\/"},"modified":"2024-06-27T12:09:47","modified_gmt":"2024-06-27T15:09:47","slug":"motor-de-arranque-12v-11kw-10d-d6ra162-para-agile-celta-classic-corsa-meriva-montana-prisma-ano2002","status":"publish","type":"product","link":"https:\/\/com-automotive.com\/es\/motor-de-arranque-12v-11kw-10d-d6ra162-para-agile-celta-classic-corsa-meriva-montana-prisma-ano2002\/","title":{"rendered":"Motor de arranque 12V 1,1KW 10D D6RA162 para Agile Celta Classic Corsa Meriva Montana Prisma a\u00f1o2002&gt;<span class=\"product-sku\" style=\"display: block; font-size: 0.85em; color: #777; margin-top: 5px; margin-bottom: 5px;\">SKU: 6000.7413-COM<\/span>"},"content":{"rendered":"<h1><strong>COM-AUTOMOTIVE, calidad de dise\u00f1o original.<\/strong><\/h1>\n<p>Motor de arranque de 12V 1.1KW 10D D6RA162 para Agile Celta Classic Corsa Meriva Montana Prisma a\u00f1o2002&gt;<\/p>\n<h2>Preguntas m\u00e1s frecuentes<\/h2>\n<h3><strong>\u00bfCu\u00e1les son las referencias cruzadas?<\/strong><\/h3>\n<p>930543872, 9115191, 9130838, 0001107413, 0001107401, 0001106011, 0001106015, 0001107044, 0001112008, 0001112015, 0001112035, 1986S00668, D6RA162, SD6RA162, CVS081016, CVS081015, 495116, 90543872, D6RA249, 438183, 455699, 9326495 455973, 432632, 9000981P, 8020103, BD7E17, D6RA163, D6RA32, D6RA62, D6RA162, DPL0162, 9000981, 9000981P, ZEN 32005, ZM 8020103, EURO 20511, 6352112035 06352416301 06352416401 94325157601 94325408201 94428018010 94428020870 06352112035 30899N, 25182244, 25186107,  90421876, 90421877, 90543871, 90543872, 9115197, 96952006, 09117037, 09115191, 09198701, 1202001, 1202002, 1202127, 1202137, 1202142, 1202959, 1203002, 1200172, 1202138, 1202144, 3471172, 3471173, 6202016, 6202075, 9027337 90348292, 90421876, 90421877, 90508036, 90535261, 90543871, 90543872, 90444193, 90458452, 90458462, 90512188, 90518628, 9115191, 9130838, 9133598, 9190838, 9198701, 9115197, 9117031, 9198701, 93171936, 9318453, Saab:93184533, Vauxhall:R1040008<\/p>\n<h2><strong>Tabla de aplicaci\u00f3n<\/strong><\/h2>\n<p>Motor de arranque 12V 1.1KW 10D D6RA162 para Agile Celta Classic Corsa Meriva Montana Prisma a\u00f1o2002&gt;\u00bb<\/p>\n<div>ATENCI\u00d3N:<\/div>\n<div>Recomendamos que la instalaci\u00f3n del producto sea realizada por un profesional capacitado y especializado.<\/div>\n<div>Solo realiza la compra de este producto con la certeza de que es compatible con tu veh\u00edculo, si tienes alguna duda, no dudes en ponerte en contacto con nosotros. Nuestro horario de apertura es de lunes a viernes de 8 a 18 h.<\/div>\n<div><\/div>\n<div>Sobre nosotros<\/div>\n<div>COM Automotive est\u00e1 especializada en piezas de autom\u00f3vil de dise\u00f1o original para el sector de la reparaci\u00f3n posventa, clientes industriales y fabricantes de veh\u00edculos especiales OEM.<\/div>\n<div>Nuestro equipo tiene m\u00e1s de 28 a\u00f1os de experiencia en la fabricaci\u00f3n y el suministro de piezas de automoci\u00f3n a escala mundial.<\/div>\n<div>Nuestra MISI\u00d3N es ofrecer productos de dise\u00f1o original con una calidad impecable y una sustituci\u00f3n personalizada.<\/div>\n<div>Nuestra VISI\u00d3N es promover el crecimiento y un valor inigualable para nuestros clientes.<\/div>\n","protected":false},"excerpt":{"rendered":"<p>0001107413-COM. En stock. Ref: 90543872, 9115191, 9130838, 0001107413, 0001107401, 0001106011, 0001106015, 0001107044, 0001112008, 0001112015, 0001112035, 1986S00668, D6RA162, SD6RA162, CVS081016, CVS081015, 495116, 90543872, D6RA249, 438183, 455699, 9326495 455973, 432632, 9000981P, 8020103, BD7E17, D6RA163, D6RA32, D6RA62, D6RA162, DPL0162, 9000981, 9000981P, ZEN 32005, ZM 8020103, EURO 20511, 6352112035 06352416301 06352416401 94325157601 94325408201 94428018010 94428020870 06352112035 30899N, 25182244, 25186107,  90421876, 90421877, 90543871, 90543872, 9115197, 96952006, 09117037, 09115191, 09198701, 1202001, 1202002, 1202127, 1202137, 1202142, 1202959, 1203002, 1200172, 1202138, 1202144, 3471172, 3471173, 6202016, 6202075, 9027337 90348292, 90421876, 90421877, 90508036, 90535261, 90543871, 90543872, 90444193, 90458452, 90458462, 90512188, 90518628, 9115191, 9130838, 9133598, 9190838, 9198701, 9115197, 9117031, 9198701, 93171936, 93184533, Saab:93184533, Vauxhall:R1040008 &#8211; compatible con: GM. Marca: COM Automotive &#8211; Producto con calidad y dise\u00f1o originales. Compatible con: Bosch<\/p>\n","protected":false},"featured_media":20854,"comment_status":"open","ping_status":"closed","template":"","meta":[],"product_brand":[],"product_cat":[8119,8542],"product_tag":[20258,20260,20262,20256,20254,20263,20265,20267,20320,20318,20322,20336,20324,20326,20328,20329,13332,20330,13333,20332,20334,20269,20304,20306,34023,20338,20286,20281,20283,34019,20277,20288,14792,14793,20308,20310,13334,20312,14225,14226,20314,14227,14797,20316,20290,20275,20273,14228,20292,20279,20294,20296,20298,14230,20271,14229,20300],"class_list":{"0":"post-17913","1":"product","2":"type-product","3":"status-publish","4":"has-post-thumbnail","6":"product_cat-motor-de-arranque","7":"product_cat-sempreco-es","8":"product_tag-0001106011-es","9":"product_tag-0001106015-es","10":"product_tag-0001107044-es","11":"product_tag-0001107401-es","12":"product_tag-0001107413-es","13":"product_tag-0001112008-es","14":"product_tag-0001112015-es","15":"product_tag-0001112035-es","16":"product_tag-09115191-es","17":"product_tag-09117037-es","18":"product_tag-09198701-es","19":"product_tag-1200172-es","20":"product_tag-1202001-es","21":"product_tag-1202002-es","22":"product_tag-1202127-es","23":"product_tag-1202137-es","24":"product_tag-1202138-es","25":"product_tag-1202142-es","26":"product_tag-1202144-es","27":"product_tag-1202959-es","28":"product_tag-1203002-es","29":"product_tag-1986s00668-es","30":"product_tag-25182244-es","31":"product_tag-25186107-es","32":"product_tag-30899n-es","33":"product_tag-3471172-es","34":"product_tag-432632-es","35":"product_tag-438183-es","36":"product_tag-455699-es","37":"product_tag-455973-es","38":"product_tag-495116-es","39":"product_tag-8020103-es","40":"product_tag-9000981-es","41":"product_tag-9000981p-es","42":"product_tag-90421876-es","43":"product_tag-90421877-es","44":"product_tag-90458462-es","45":"product_tag-90543871-es","46":"product_tag-90543872-es","47":"product_tag-9115191-es","48":"product_tag-9115197-es","49":"product_tag-9130838-es","50":"product_tag-93264950-es","51":"product_tag-96952006-es","52":"product_tag-bd7e17-es","53":"product_tag-cvs081015-es","54":"product_tag-cvs081016-es","55":"product_tag-d6ra162-es","56":"product_tag-d6ra163-es","57":"product_tag-d6ra249-es","58":"product_tag-d6ra32-es","59":"product_tag-d6ra62-es","60":"product_tag-dpl0162-es","61":"product_tag-eurocopa-20511","62":"product_tag-sd6ra162-es","63":"product_tag-zen-32005-es","64":"product_tag-zm-8020103-es","66":"first","67":"instock","68":"taxable","69":"shipping-taxable","70":"purchasable","71":"product-type-simple"},"_links":{"self":[{"href":"https:\/\/com-automotive.com\/es\/wp-json\/wp\/v2\/product\/17913","targetHints":{"allow":["GET"]}}],"collection":[{"href":"https:\/\/com-automotive.com\/es\/wp-json\/wp\/v2\/product"}],"about":[{"href":"https:\/\/com-automotive.com\/es\/wp-json\/wp\/v2\/types\/product"}],"replies":[{"embeddable":true,"href":"https:\/\/com-automotive.com\/es\/wp-json\/wp\/v2\/comments?post=17913"}],"wp:featuredmedia":[{"embeddable":true,"href":"https:\/\/com-automotive.com\/es\/wp-json\/wp\/v2\/media\/20854"}],"wp:attachment":[{"href":"https:\/\/com-automotive.com\/es\/wp-json\/wp\/v2\/media?parent=17913"}],"wp:term":[{"taxonomy":"product_brand","embeddable":true,"href":"https:\/\/com-automotive.com\/es\/wp-json\/wp\/v2\/product_brand?post=17913"},{"taxonomy":"product_cat","embeddable":true,"href":"https:\/\/com-automotive.com\/es\/wp-json\/wp\/v2\/product_cat?post=17913"},{"taxonomy":"product_tag","embeddable":true,"href":"https:\/\/com-automotive.com\/es\/wp-json\/wp\/v2\/product_tag?post=17913"}],"curies":[{"name":"wp","href":"https:\/\/api.w.org\/{rel}","templated":true}]}}