{"id":17907,"date":"2024-06-14T19:01:55","date_gmt":"2024-06-14T22:01:55","guid":{"rendered":"https:\/\/com-automotive.com\/alternador-1120905510-cojinete-17x52x17\/"},"modified":"2024-06-14T19:01:55","modified_gmt":"2024-06-14T22:01:55","slug":"alternador-1120905510-cojinete-17x52x17","status":"publish","type":"product","link":"https:\/\/com-automotive.com\/es\/alternador-1120905510-cojinete-17x52x17\/","title":{"rendered":"Alternador 1120905510 cojinete 17X52X17<span class=\"product-sku\" style=\"display: block; font-size: 0.85em; color: #777; margin-top: 5px; margin-bottom: 5px;\">SKU: 1120905510-COM<\/span>"},"content":{"rendered":"<h1><strong>COM-AUTOMOTIVE, calidad de dise\u00f1o original.<\/strong><\/h1>\n<p>Cojinete del alternador 17X52X17 1120905510<\/p>\n<h2>Preguntas m\u00e1s frecuentes<\/h2>\n<h3><strong>\u00bfCu\u00e1les son las referencias cruzadas?<\/strong><\/h3>\n<p>112090551, 112090507, 1120905071, 1120905072, 1120905504, 1120905506, 1120905507, 01120905508, 1120905509, 112090552 01221AA01 1120905012, 1120905054, 1120905055, 1120905084, 1120905089, 1120905094, 1120905531, F00M990417, F00M990434, 800043, 1030434, 1809408, 83B218, B1799DDU, B1799DG3, B1799DG8, B1799DU, B1799LLU, SC0352LUA<\/p>\n<h2><strong>Tabla de aplicaci\u00f3n<\/strong><\/h2>\n<p>Cojinete del alternador 17X52X17 1120905510&#8243;<\/p>\n<div>ATENCI\u00d3N:<\/div>\n<div>Recomendamos que la instalaci\u00f3n del producto sea realizada por un profesional capacitado y especializado.<\/div>\n<div>Solo realiza la compra de este producto con la certeza de que es compatible con tu veh\u00edculo, si tienes alguna duda, no dudes en ponerte en contacto con nosotros. Nuestro horario de apertura es de lunes a viernes de 8 a 18 h.<\/div>\n<div><\/div>\n<div>Sobre nosotros<\/div>\n<div>COM Automotive est\u00e1 especializada en piezas de autom\u00f3vil de dise\u00f1o original para el sector de la reparaci\u00f3n posventa, clientes industriales y fabricantes de veh\u00edculos especiales OEM.<\/div>\n<div>Nuestro equipo tiene m\u00e1s de 28 a\u00f1os de experiencia en la fabricaci\u00f3n y el suministro de piezas de automoci\u00f3n a escala mundial.<\/div>\n<div>Nuestra MISI\u00d3N es ofrecer productos de dise\u00f1o original con una calidad impecable y una sustituci\u00f3n personalizada.<\/div>\n<div>Nuestra VISI\u00d3N es promover el crecimiento y un valor inigualable para nuestros clientes.<\/div>\n","protected":false},"excerpt":{"rendered":"<p>1120905510-COM. En stock. Ref: 112090551 112090507 1120905071, 1120905072, 1120905504, 1120905506, 1120905507, 01120905508, 1120905509, 112090552 01221AA01 1120905012, 1120905054, 1120905055, 1120905084, 1120905089, 1120905094, 1120905531, F00M990417, F00M990434, 800043, 1030434, 1809408, 83B218, B1799DDU, B1799DG3, B1799DG8, B1799DU, B1799LLU, SC0352LUA. Marca: COM Automotive &#8211; Producto con calidad y dise\u00f1o originales. Compatible con: Bosch<\/p>\n","protected":false},"featured_media":16425,"comment_status":"closed","ping_status":"closed","template":"","meta":[],"product_brand":[],"product_cat":[8499,8542],"product_tag":[20198,9895,20203,20205,20191,20193,20207,20209,20211,20195,9892,20197,20199,9893,9894,20219,20215,9889,20221,20222,20224,20226,20228,9859,20213,20230],"class_list":{"0":"post-17907","1":"product","2":"type-product","3":"status-publish","4":"has-post-thumbnail","6":"product_cat-balero","7":"product_cat-sempreco-es","8":"product_tag-01120905508-es","9":"product_tag-1120905012-es","10":"product_tag-1120905054-es","11":"product_tag-1120905055-es","12":"product_tag-1120905071-es","13":"product_tag-1120905072-es","14":"product_tag-1120905084-es","15":"product_tag-1120905089-es","16":"product_tag-1120905094-es","17":"product_tag-1120905504-es","18":"product_tag-1120905506-es","19":"product_tag-1120905507-es","20":"product_tag-1120905509-es","21":"product_tag-1120905510-es","22":"product_tag-1120905531-es","23":"product_tag-1809408-es","24":"product_tag-800043-es","25":"product_tag-83b218-es","26":"product_tag-b1799ddu-es","27":"product_tag-b1799dg3-es","28":"product_tag-b1799dg8-es","29":"product_tag-b1799du-es","30":"product_tag-b1799llu-es","31":"product_tag-f00m990417-es","32":"product_tag-f00m990434-es","33":"product_tag-sc0352lua-es","35":"first","36":"instock","37":"taxable","38":"shipping-taxable","39":"purchasable","40":"product-type-simple"},"_links":{"self":[{"href":"https:\/\/com-automotive.com\/es\/wp-json\/wp\/v2\/product\/17907","targetHints":{"allow":["GET"]}}],"collection":[{"href":"https:\/\/com-automotive.com\/es\/wp-json\/wp\/v2\/product"}],"about":[{"href":"https:\/\/com-automotive.com\/es\/wp-json\/wp\/v2\/types\/product"}],"replies":[{"embeddable":true,"href":"https:\/\/com-automotive.com\/es\/wp-json\/wp\/v2\/comments?post=17907"}],"wp:featuredmedia":[{"embeddable":true,"href":"https:\/\/com-automotive.com\/es\/wp-json\/wp\/v2\/media\/16425"}],"wp:attachment":[{"href":"https:\/\/com-automotive.com\/es\/wp-json\/wp\/v2\/media?parent=17907"}],"wp:term":[{"taxonomy":"product_brand","embeddable":true,"href":"https:\/\/com-automotive.com\/es\/wp-json\/wp\/v2\/product_brand?post=17907"},{"taxonomy":"product_cat","embeddable":true,"href":"https:\/\/com-automotive.com\/es\/wp-json\/wp\/v2\/product_cat?post=17907"},{"taxonomy":"product_tag","embeddable":true,"href":"https:\/\/com-automotive.com\/es\/wp-json\/wp\/v2\/product_tag?post=17907"}],"curies":[{"name":"wp","href":"https:\/\/api.w.org\/{rel}","templated":true}]}}