{"id":17878,"date":"2024-06-21T15:14:26","date_gmt":"2024-06-21T18:14:26","guid":{"rendered":"https:\/\/com-automotive.com\/motor-de-arranque-m93r3045-de-24v-11t-6kw-para-el-motor-del-dragon-dorado-del-autobus-yuchai\/"},"modified":"2024-07-30T21:46:57","modified_gmt":"2024-07-31T00:46:57","slug":"motor-de-arranque-m93r3045-de-24v-11t-6kw-para-el-motor-del-dragon-dorado-del-autobus-yuchai","status":"publish","type":"product","link":"https:\/\/com-automotive.com\/es\/motor-de-arranque-m93r3045-de-24v-11t-6kw-para-el-motor-del-dragon-dorado-del-autobus-yuchai\/","title":{"rendered":"Motor de arranque M93R3045 de 24V 11T 6Kw para el motor del drag\u00f3n dorado del autob\u00fas Yuchai<span class=\"product-sku\" style=\"display: block; font-size: 0.85em; color: #777; margin-top: 5px; margin-bottom: 5px;\">SKU: 6000.3045-COM<\/span>"},"content":{"rendered":"<h1><strong>COM-AUTOMOTIVE, calidad de dise\u00f1o original.<\/strong><\/h1>\n<p> Motor de arranque M93R3045 de 24V 11T 6Kw para el motor de autob\u00fas Yuchai Golden Dragon <\/p>\n<h2>Preguntas m\u00e1s frecuentes<\/h2>\n<h3><strong>\u00bfCu\u00e1les son las referencias cruzadas?<\/strong><\/h3>\n<p> G5800-37081000, G580037081000, 962EA000139, 20E0108, M93R3045SE-B, G58003708100A, G58003708100G, M93R3044SE <\/p>\n<h2><strong>Tabla de aplicaciones<\/strong><\/h2>\n<p>  Motor de arranque de M93R3045 de 24V 11T 6Kw para el motor de autob\u00fas Yuchai Golden Dragon \u00bb  <\/p>\n<div>ATENCI\u00d3N:<\/div>\n<div>Recomendamos que el producto sea instalado por un profesional formado y especializado.<\/div>\n<div>S\u00f3lo compra este producto si est\u00e1s seguro de que es compatible con tu veh\u00edculo. Si tienes alguna duda, no dudes en ponerte en contacto con nosotros. Nuestro horario de apertura es de lunes a viernes de 8 a 18 h.<\/div>\n<div><\/div>\n<div>Sobre nosotros<\/div>\n<div>COM Automotive est\u00e1 especializada en piezas de autom\u00f3vil de dise\u00f1o original para el sector de la reparaci\u00f3n posventa, clientes industriales y fabricantes de veh\u00edculos especiales OEM.<\/div>\n<div>Nuestro equipo tiene m\u00e1s de 28 a\u00f1os de experiencia en la fabricaci\u00f3n y el suministro de piezas de automoci\u00f3n a escala mundial.<\/div>\n<div>Nuestra MISI\u00d3N es ofrecer productos de dise\u00f1o original con una calidad impecable y una sustituci\u00f3n personalizada.<\/div>\n<div>Nuestra VISI\u00d3N es promover el crecimiento y un valor inigualable para nuestros clientes.<\/div>\n","protected":false},"excerpt":{"rendered":"<p>M93R3045SE-COM. En stock. Ref: G5800-37081000, G580037081000, 962EA000139, 20E0108, M93R3045SE-B, G58003708100A, G58003708100G, M93R3044SE, &#8211; &#8211; compatible con: Yuchai. Marca: COM Automotive &#8211; Producto con calidad y dise\u00f1o originales. Compatible con: Prestolite<\/p>\n","protected":false},"featured_media":19134,"comment_status":"open","ping_status":"closed","template":"","meta":[],"product_brand":[],"product_cat":[8119],"product_tag":[27194,27192,27188,27190,27198,27200,27202,27196,27204],"class_list":{"0":"post-17878","1":"product","2":"type-product","3":"status-publish","4":"has-post-thumbnail","6":"product_cat-motor-de-arranque","7":"product_tag-20e0108-es","8":"product_tag-962ea000139-es","9":"product_tag-g5800-37081000-es","10":"product_tag-g580037081000-es","11":"product_tag-g58003708100a-es","12":"product_tag-g58003708100g-es","13":"product_tag-m93r3044se-es","14":"product_tag-m93r3045se-b-es","15":"product_tag-m93r3045se-com-es","17":"first","18":"instock","19":"taxable","20":"shipping-taxable","21":"purchasable","22":"product-type-simple"},"_links":{"self":[{"href":"https:\/\/com-automotive.com\/es\/wp-json\/wp\/v2\/product\/17878","targetHints":{"allow":["GET"]}}],"collection":[{"href":"https:\/\/com-automotive.com\/es\/wp-json\/wp\/v2\/product"}],"about":[{"href":"https:\/\/com-automotive.com\/es\/wp-json\/wp\/v2\/types\/product"}],"replies":[{"embeddable":true,"href":"https:\/\/com-automotive.com\/es\/wp-json\/wp\/v2\/comments?post=17878"}],"wp:featuredmedia":[{"embeddable":true,"href":"https:\/\/com-automotive.com\/es\/wp-json\/wp\/v2\/media\/19134"}],"wp:attachment":[{"href":"https:\/\/com-automotive.com\/es\/wp-json\/wp\/v2\/media?parent=17878"}],"wp:term":[{"taxonomy":"product_brand","embeddable":true,"href":"https:\/\/com-automotive.com\/es\/wp-json\/wp\/v2\/product_brand?post=17878"},{"taxonomy":"product_cat","embeddable":true,"href":"https:\/\/com-automotive.com\/es\/wp-json\/wp\/v2\/product_cat?post=17878"},{"taxonomy":"product_tag","embeddable":true,"href":"https:\/\/com-automotive.com\/es\/wp-json\/wp\/v2\/product_tag?post=17878"}],"curies":[{"name":"wp","href":"https:\/\/api.w.org\/{rel}","templated":true}]}}