{"id":17862,"date":"2024-06-14T19:18:33","date_gmt":"2024-06-14T22:18:33","guid":{"rendered":"https:\/\/com-automotive.com\/motor-de-arranque-de-12v-15d-s1277-eaton-yale-industrial-motors-new-holland-yanmar-motor\/"},"modified":"2024-06-14T19:18:33","modified_gmt":"2024-06-14T22:18:33","slug":"motor-de-arranque-de-12v-15d-s1277-eaton-yale-industrial-motors-new-holland-yanmar-motor","status":"publish","type":"product","link":"https:\/\/com-automotive.com\/es\/motor-de-arranque-de-12v-15d-s1277-eaton-yale-industrial-motors-new-holland-yanmar-motor\/","title":{"rendered":"Motor de arranque de 12V 15D S1277 Eaton Yale Industrial Motors New Holland Yanmar Motor<span class=\"product-sku\" style=\"display: block; font-size: 0.85em; color: #777; margin-top: 5px; margin-bottom: 5px;\">SKU: 6000.1277-COM<\/span>"},"content":{"rendered":"<h1><strong>COM-AUTOMOTIVE, calidad de dise\u00f1o original.<\/strong><\/h1>\n<p>Motor de arranque de 12V 15D S1277 Eaton Yale Industrial Motors New Holland Yanmar Motor<\/p>\n<h2>Preguntas m\u00e1s frecuentes<\/h2>\n<h3><strong>\u00bfCu\u00e1les son las referencias cruzadas?<\/strong><\/h3>\n<p>Yanmar 12125677011, 1244507701 1247727701 1247727702 1295737701 1710087701 12125677011, 1244507701 1247727701 1247727702 1295737701 1710087701 s114244, s114244A, s114257, s114257G, s114483, s114483A, S113332, s113332, s114244, s114244A, s114257, s114257, s114257G, s114483, s114483A, AM875415, EURO 20673, 20513065<\/p>\n<h2><strong>Tabla de aplicaci\u00f3n<\/strong><\/h2>\n<p>Motor de arranque 12V 15D S1277 Eaton Yale Industrial Motors New Holland Yanmar Motor\u00bb<\/p>\n<div>ATENCI\u00d3N:<\/div>\n<div>Recomendamos que la instalaci\u00f3n del producto sea realizada por un profesional capacitado y especializado.<\/div>\n<div>Solo realiza la compra de este producto con la certeza de que es compatible con tu veh\u00edculo, si tienes alguna duda, no dudes en ponerte en contacto con nosotros. Nuestro horario de apertura es de lunes a viernes de 8 a 18 h.<\/div>\n<div><\/div>\n<div>Sobre nosotros<\/div>\n<div>COM Automotive est\u00e1 especializada en piezas de autom\u00f3vil de dise\u00f1o original para el sector de la reparaci\u00f3n posventa, clientes industriales y fabricantes de veh\u00edculos especiales OEM.<\/div>\n<div>Nuestro equipo tiene m\u00e1s de 28 a\u00f1os de experiencia en la fabricaci\u00f3n y el suministro de piezas de automoci\u00f3n a escala mundial.<\/div>\n<div>Nuestra MISI\u00d3N es ofrecer productos de dise\u00f1o original con una calidad impecable y una sustituci\u00f3n personalizada.<\/div>\n<div>Nuestra VISI\u00d3N es promover el crecimiento y un valor inigualable para nuestros clientes.<\/div>\n","protected":false},"excerpt":{"rendered":"<p>S1277-COM. En stock. Ref: Yanmar 12125677011, 1244507701 1247727701 1247727702 1295737701 1710087701 12125677011, 1244507701 1247727701 1247727702 1295737701 1710087701 s114244, s114244A, s114257, s114257G, s114483, s114483A, S113332, s113332, s114244, s114244A, s114257, s114257G, s114483, s114483A, AM875415, EURO 20673, 20513065 &#8211; compatible con: Yale. Marca: COM Automotive &#8211; Producto con calidad y dise\u00f1o originales. Compatible con: Hitachi<\/p>\n","protected":false},"featured_media":19136,"comment_status":"open","ping_status":"closed","template":"","meta":[],"product_brand":[],"product_cat":[8119],"product_tag":[],"class_list":{"0":"post-17862","1":"product","2":"type-product","3":"status-publish","4":"has-post-thumbnail","6":"product_cat-motor-de-arranque","8":"first","9":"instock","10":"taxable","11":"shipping-taxable","12":"purchasable","13":"product-type-simple"},"_links":{"self":[{"href":"https:\/\/com-automotive.com\/es\/wp-json\/wp\/v2\/product\/17862","targetHints":{"allow":["GET"]}}],"collection":[{"href":"https:\/\/com-automotive.com\/es\/wp-json\/wp\/v2\/product"}],"about":[{"href":"https:\/\/com-automotive.com\/es\/wp-json\/wp\/v2\/types\/product"}],"replies":[{"embeddable":true,"href":"https:\/\/com-automotive.com\/es\/wp-json\/wp\/v2\/comments?post=17862"}],"wp:featuredmedia":[{"embeddable":true,"href":"https:\/\/com-automotive.com\/es\/wp-json\/wp\/v2\/media\/19136"}],"wp:attachment":[{"href":"https:\/\/com-automotive.com\/es\/wp-json\/wp\/v2\/media?parent=17862"}],"wp:term":[{"taxonomy":"product_brand","embeddable":true,"href":"https:\/\/com-automotive.com\/es\/wp-json\/wp\/v2\/product_brand?post=17862"},{"taxonomy":"product_cat","embeddable":true,"href":"https:\/\/com-automotive.com\/es\/wp-json\/wp\/v2\/product_cat?post=17862"},{"taxonomy":"product_tag","embeddable":true,"href":"https:\/\/com-automotive.com\/es\/wp-json\/wp\/v2\/product_tag?post=17862"}],"curies":[{"name":"wp","href":"https:\/\/api.w.org\/{rel}","templated":true}]}}