{"id":17860,"date":"2024-06-14T19:18:24","date_gmt":"2024-06-14T22:18:24","guid":{"rendered":"https:\/\/com-automotive.com\/motor-de-arranque-12v-9d-s13407-dr93592-para-thermoking-con-motor-yanmar\/"},"modified":"2025-08-19T09:10:33","modified_gmt":"2025-08-19T12:10:33","slug":"motor-de-arranque-12v-9d-s13407-dr93592-para-thermoking-con-motor-yanmar","status":"publish","type":"product","link":"https:\/\/com-automotive.com\/es\/motor-de-arranque-12v-9d-s13407-dr93592-para-thermoking-con-motor-yanmar\/","title":{"rendered":"Motor de arranque 12V 9T compatible S13407 DR93592 para Thermoking con motor Yanmar<span class=\"product-sku\" style=\"display: block; font-size: 0.85em; color: #777; margin-top: 5px; margin-bottom: 5px;\">SKU: 6000.3407-COM<\/span>"},"content":{"rendered":"<h1><strong>COM-AUTOMOTIVE, calidad de dise\u00f1o original.<\/strong><\/h1>\n<p>Motor de arranque 12V 9D S13407 dr93592 para Thermoking con motor Yanmar<\/p>\n<h2>Preguntas m\u00e1s frecuentes<\/h2>\n<h3><strong>\u00bfCu\u00e1les son las referencias cruzadas?<\/strong><\/h3>\n<p>45-2177, 45-2324, 845-2177, 845-2324, DR93592, S13-407, 452177, 452324, 8452177, 8452324, S13407, S80052, S13207, 451688, 452323, 8452323, 20451688, 12648677011, 12948677011, DR93592, 10451688, DR93591, EURO 20728, S13407-COM, 6000.3407-COM, 60003407-COM, 60003407<\/p>\n<h2><strong>Tabla de aplicaci\u00f3n<\/strong><\/h2>\n<p>Motor de arranque 12V 9D S13407 dr93592 para Thermoking con motor Yanmar \u00bb<\/p>\n<div>ATENCI\u00d3N:<\/div>\n<div>Recomendamos que la instalaci\u00f3n del producto sea realizada por un profesional capacitado y especializado.<\/div>\n<div>Solo realiza la compra de este producto con la certeza de que es compatible con tu veh\u00edculo, si tienes alguna duda, no dudes en ponerte en contacto con nosotros. Nuestro horario de apertura es de lunes a viernes de 8 a 18 h.<\/div>\n<div><\/div>\n<div>Sobre nosotros<\/div>\n<div>COM Automotive est\u00e1 especializada en piezas de autom\u00f3vil de dise\u00f1o original para el sector de la reparaci\u00f3n posventa, clientes industriales y fabricantes de veh\u00edculos especiales OEM.<\/div>\n<div>Nuestro equipo tiene m\u00e1s de 28 a\u00f1os de experiencia en la fabricaci\u00f3n y el suministro de piezas de automoci\u00f3n a escala mundial.<\/div>\n<div>Nuestra MISI\u00d3N es ofrecer productos de dise\u00f1o original con una calidad impecable y una sustituci\u00f3n personalizada.<\/div>\n<div>Nuestra VISI\u00d3N es promover el crecimiento y un valor inigualable para nuestros clientes.<\/div>\n","protected":false},"excerpt":{"rendered":"<p>6000.3407-COM. Compatible con: 45-2177, 45-2324, 845-2177, 845-2324, DR93592, S13-407, 452177, 452324, 8452177, 8452324, S13407, S80052, S13207, 451688, 452323, 8452323, 20451688, 12648677011, 12948677011, DR93592, 10451688, DR93591, EURO 20728, S13407-COM, 6000.3407-COM, 60003407-COM, 60003407.  Marca: COM Automotive &#8211; Producto con calidad y dise\u00f1o originales.<\/p>\n","protected":false},"featured_media":19138,"comment_status":"open","ping_status":"closed","template":"","meta":[],"product_brand":[],"product_cat":[8119],"product_tag":[37786,37784,37785,37783,37769,37770,37780,20087,37781,20088,37775,37777,37776,37771,37772,20089,37782,20090,37787,20091,20093,37773,37779,20092,37774,37778],"class_list":{"0":"post-17860","1":"product","2":"type-product","3":"status-publish","4":"has-post-thumbnail","6":"product_cat-motor-de-arranque","7":"product_tag-10451688-es","8":"product_tag-12648677011-es","9":"product_tag-12948677011-es","10":"product_tag-20451688-es","11":"product_tag-45-2177-es","12":"product_tag-45-2324-es","13":"product_tag-451688-es","14":"product_tag-452177-es","15":"product_tag-452323-es","16":"product_tag-452324-es","17":"product_tag-6000-3407-com-es","18":"product_tag-60003407-es","19":"product_tag-60003407-com-es","20":"product_tag-845-2177-es","21":"product_tag-845-2324-es","22":"product_tag-8452177-es","23":"product_tag-8452323-es","24":"product_tag-8452324-es","25":"product_tag-dr93591-es","26":"product_tag-dr93592-es","27":"product_tag-euro-20728-es","28":"product_tag-s13-407-es","29":"product_tag-s13207-es","30":"product_tag-s13407-es","31":"product_tag-s13407-com-es","32":"product_tag-s80052-es","34":"first","35":"instock","36":"taxable","37":"shipping-taxable","38":"purchasable","39":"product-type-simple"},"_links":{"self":[{"href":"https:\/\/com-automotive.com\/es\/wp-json\/wp\/v2\/product\/17860","targetHints":{"allow":["GET"]}}],"collection":[{"href":"https:\/\/com-automotive.com\/es\/wp-json\/wp\/v2\/product"}],"about":[{"href":"https:\/\/com-automotive.com\/es\/wp-json\/wp\/v2\/types\/product"}],"replies":[{"embeddable":true,"href":"https:\/\/com-automotive.com\/es\/wp-json\/wp\/v2\/comments?post=17860"}],"wp:featuredmedia":[{"embeddable":true,"href":"https:\/\/com-automotive.com\/es\/wp-json\/wp\/v2\/media\/19138"}],"wp:attachment":[{"href":"https:\/\/com-automotive.com\/es\/wp-json\/wp\/v2\/media?parent=17860"}],"wp:term":[{"taxonomy":"product_brand","embeddable":true,"href":"https:\/\/com-automotive.com\/es\/wp-json\/wp\/v2\/product_brand?post=17860"},{"taxonomy":"product_cat","embeddable":true,"href":"https:\/\/com-automotive.com\/es\/wp-json\/wp\/v2\/product_cat?post=17860"},{"taxonomy":"product_tag","embeddable":true,"href":"https:\/\/com-automotive.com\/es\/wp-json\/wp\/v2\/product_tag?post=17860"}],"curies":[{"name":"wp","href":"https:\/\/api.w.org\/{rel}","templated":true}]}}