{"id":17853,"date":"2024-06-14T19:18:03","date_gmt":"2024-06-14T22:18:03","guid":{"rendered":"https:\/\/com-automotive.com\/rectificador-12v-f00m133289\/"},"modified":"2024-06-14T19:18:03","modified_gmt":"2024-06-14T22:18:03","slug":"rectificador-12v-f00m133289","status":"publish","type":"product","link":"https:\/\/com-automotive.com\/es\/rectificador-12v-f00m133289\/","title":{"rendered":"Rectificador 12V F00M133289<span class=\"product-sku\" style=\"display: block; font-size: 0.85em; color: #777; margin-top: 5px; margin-bottom: 5px;\">SKU: 8400.3289-COM<\/span>"},"content":{"rendered":"<h1><strong>COM-AUTOMOTIVE, calidad de dise\u00f1o original.<\/strong><\/h1>\n<p>Rectificador 12V F00M133289<\/p>\n<h2>Preguntas m\u00e1s frecuentes<\/h2>\n<h3><strong>\u00bfCu\u00e1les son las referencias cruzadas?<\/strong><\/h3>\n<p>Opel 1205555; Opel 6205504; Opel 9201137; Opel 93174475; OPEL 1205555; OPEL 6205504; OPEL 9201137; OPEL 93174475, F00M133289, F00M133243, GA1470, IBR243<\/p>\n<h2><strong>Tabla de aplicaci\u00f3n<\/strong><\/h2>\n<p>Rectificador 12V F00M133289&#8243;<\/p>\n<div>ATENCI\u00d3N:<\/div>\n<div>Recomendamos que la instalaci\u00f3n del producto sea realizada por un profesional capacitado y especializado.<\/div>\n<div>Solo realiza la compra de este producto con la certeza de que es compatible con tu veh\u00edculo, si tienes alguna duda, no dudes en ponerte en contacto con nosotros. Nuestro horario de apertura es de lunes a viernes de 8 a 18 h.<\/div>\n<div><\/div>\n<div>Sobre nosotros<\/div>\n<div>COM Automotive est\u00e1 especializada en piezas de autom\u00f3vil de dise\u00f1o original para el sector de la reparaci\u00f3n posventa, clientes industriales y fabricantes de veh\u00edculos especiales OEM.<\/div>\n<div>Nuestro equipo tiene m\u00e1s de 28 a\u00f1os de experiencia en la fabricaci\u00f3n y el suministro de piezas de automoci\u00f3n a escala mundial.<\/div>\n<div>Nuestra MISI\u00d3N es ofrecer productos de dise\u00f1o original con una calidad impecable y una sustituci\u00f3n personalizada.<\/div>\n<div>Nuestra VISI\u00d3N es promover el crecimiento y un valor inigualable para nuestros clientes.<\/div>\n","protected":false},"excerpt":{"rendered":"<p>F00M133289-COM. En stock. Ref: Opel 1205555; Opel 6205504; Opel 9201137; Opel 93174475; OPEL 1205555; OPEL 6205504; OPEL 9201137; OPEL 93174475, F00M133289, F00M133243, GA1470, IBR243 &#8211; compatible con: Opel. Marca: COM Automotive &#8211; Producto con calidad y dise\u00f1o originales. Compatible con: Bosch<\/p>\n","protected":false},"featured_media":19515,"comment_status":"open","ping_status":"closed","template":"","meta":[],"product_brand":[],"product_cat":[8477],"product_tag":[20039,20038,20040,20041],"class_list":{"0":"post-17853","1":"product","2":"type-product","3":"status-publish","4":"has-post-thumbnail","6":"product_cat-ponte-de-diodos","7":"product_tag-f00m133243-es","8":"product_tag-f00m133289-es","9":"product_tag-ga1470-es","10":"product_tag-ibr243-es","12":"first","13":"instock","14":"taxable","15":"shipping-taxable","16":"purchasable","17":"product-type-simple"},"_links":{"self":[{"href":"https:\/\/com-automotive.com\/es\/wp-json\/wp\/v2\/product\/17853","targetHints":{"allow":["GET"]}}],"collection":[{"href":"https:\/\/com-automotive.com\/es\/wp-json\/wp\/v2\/product"}],"about":[{"href":"https:\/\/com-automotive.com\/es\/wp-json\/wp\/v2\/types\/product"}],"replies":[{"embeddable":true,"href":"https:\/\/com-automotive.com\/es\/wp-json\/wp\/v2\/comments?post=17853"}],"wp:featuredmedia":[{"embeddable":true,"href":"https:\/\/com-automotive.com\/es\/wp-json\/wp\/v2\/media\/19515"}],"wp:attachment":[{"href":"https:\/\/com-automotive.com\/es\/wp-json\/wp\/v2\/media?parent=17853"}],"wp:term":[{"taxonomy":"product_brand","embeddable":true,"href":"https:\/\/com-automotive.com\/es\/wp-json\/wp\/v2\/product_brand?post=17853"},{"taxonomy":"product_cat","embeddable":true,"href":"https:\/\/com-automotive.com\/es\/wp-json\/wp\/v2\/product_cat?post=17853"},{"taxonomy":"product_tag","embeddable":true,"href":"https:\/\/com-automotive.com\/es\/wp-json\/wp\/v2\/product_tag?post=17853"}],"curies":[{"name":"wp","href":"https:\/\/api.w.org\/{rel}","templated":true}]}}