{"id":17806,"date":"2024-06-14T19:16:45","date_gmt":"2024-06-14T22:16:45","guid":{"rendered":"https:\/\/com-automotive.com\/regulador-14v-f04r320370-1197311304\/"},"modified":"2024-06-14T19:16:45","modified_gmt":"2024-06-14T22:16:45","slug":"regulador-14v-f04r320370-1197311304","status":"publish","type":"product","link":"https:\/\/com-automotive.com\/es\/regulador-14v-f04r320370-1197311304\/","title":{"rendered":"Regulador 14V F04R320370 1197311304<span class=\"product-sku\" style=\"display: block; font-size: 0.85em; color: #777; margin-top: 5px; margin-bottom: 5px;\">SKU: 8100.1304-COM<\/span>"},"content":{"rendered":"<h1><strong>COM-AUTOMOTIVE, calidad de dise\u00f1o original.<\/strong><\/h1>\n<p>Regulador 14V F04R320370 1197311304<\/p>\n<h2>Preguntas m\u00e1s frecuentes<\/h2>\n<h3><strong>\u00bfCu\u00e1les son las referencias cruzadas?<\/strong><\/h3>\n<p>119731109 0192052004, 0192052005, 0192052006, 0192052008, 0192052011, 0192052012, 0192052013, 0192052017, 0192052019, 0192052026, 192052028, 0192052003, 0192052018, 119731100 1197311001, 1197311002, 219731109 F04R32037 90009353, 6480801 64808011, 64808012, 64808109, 940038008, RTT110A, RTT110AB, RTT110ABT, IB370A, 049903803B, 049903803E, 053903803, 070903803A, 12311286073, 12311710732, 42484638, K83006001101 9940343, 9956522, 74GB10316AA, 81DB10316AA, 49003740 A186189, 1177496, 1320407, 8122153, Lamborghini:29429510 294390903, 29619510 01221152, 21221347, 21221373, 21221411, 212214411, 21931009, UCB412, 8125601602 0021545806, 1204252, Seat:0003894469, 0003899291, NG98102329, 3080009074 61000090742<\/p>\n<h2><strong>Tabla de aplicaci\u00f3n<\/strong><\/h2>\n<p>Regulador 14V F04R320370 1197311304&#8243;<\/p>\n<div>ATENCI\u00d3N:<\/div>\n<div>Recomendamos que la instalaci\u00f3n del producto sea realizada por un profesional capacitado y especializado.<\/div>\n<div>Solo realiza la compra de este producto con la certeza de que es compatible con tu veh\u00edculo, si tienes alguna duda, no dudes en ponerte en contacto con nosotros. Nuestro horario de apertura es de lunes a viernes de 8 a 18 h.<\/div>\n<div><\/div>\n<div>Sobre nosotros<\/div>\n<div>COM Automotive est\u00e1 especializada en piezas de autom\u00f3vil de dise\u00f1o original para el sector de la reparaci\u00f3n posventa, clientes industriales y fabricantes de veh\u00edculos especiales OEM.<\/div>\n<div>Nuestro equipo tiene m\u00e1s de 28 a\u00f1os de experiencia en la fabricaci\u00f3n y el suministro de piezas de automoci\u00f3n a escala mundial.<\/div>\n<div>Nuestra MISI\u00d3N es ofrecer productos de dise\u00f1o original con una calidad impecable y una sustituci\u00f3n personalizada.<\/div>\n<div>Nuestra VISI\u00d3N es promover el crecimiento y un valor inigualable para nuestros clientes.<\/div>\n","protected":false},"excerpt":{"rendered":"<p>1197311304-COM. En stock. Ref: 119731109 0192052004, 0192052005, 0192052006, 0192052008, 0192052011, 0192052012, 0192052013, 0192052017, 0192052019, 0192052026, 192052028, 0192052003, 0192052018, 119731100 1197311001, 1197311002, 219731109 F04R32037 90009353, 6480801 64808011, 64808012, 64808109, 940038008, RTT110A, RTT110AB, RTT110ABT, IB370A, 049903803B, 049903803E, 053903803, 070903803A, 12311286073, 12311710732, 42484638, K83006001101 9940343, 9956522, 74GB10316AA, 81DB10316AA, 49003740 A186189, 1177496, 1320407,  8122153, Lamborghini:29429510 294390903, 29619510 01221152, 21221347, 21221373, 21221411, 212214411, 21931009, UCB412, 8125601602 0021545806, 1204252, Seat:0003894469, 0003899291, NG98102329, 3080009074 61000090742. Marca: COM Automotive &#8211; Producto con calidad y dise\u00f1o originales. Compatible con: Bosch<\/p>\n","protected":false},"featured_media":19463,"comment_status":"open","ping_status":"closed","template":"","meta":[],"product_brand":[],"product_cat":[8489,8542],"product_tag":[],"class_list":{"0":"post-17806","1":"product","2":"type-product","3":"status-publish","4":"has-post-thumbnail","6":"product_cat-regulador","7":"product_cat-sempreco-es","9":"first","10":"instock","11":"taxable","12":"shipping-taxable","13":"purchasable","14":"product-type-simple"},"_links":{"self":[{"href":"https:\/\/com-automotive.com\/es\/wp-json\/wp\/v2\/product\/17806","targetHints":{"allow":["GET"]}}],"collection":[{"href":"https:\/\/com-automotive.com\/es\/wp-json\/wp\/v2\/product"}],"about":[{"href":"https:\/\/com-automotive.com\/es\/wp-json\/wp\/v2\/types\/product"}],"replies":[{"embeddable":true,"href":"https:\/\/com-automotive.com\/es\/wp-json\/wp\/v2\/comments?post=17806"}],"wp:featuredmedia":[{"embeddable":true,"href":"https:\/\/com-automotive.com\/es\/wp-json\/wp\/v2\/media\/19463"}],"wp:attachment":[{"href":"https:\/\/com-automotive.com\/es\/wp-json\/wp\/v2\/media?parent=17806"}],"wp:term":[{"taxonomy":"product_brand","embeddable":true,"href":"https:\/\/com-automotive.com\/es\/wp-json\/wp\/v2\/product_brand?post=17806"},{"taxonomy":"product_cat","embeddable":true,"href":"https:\/\/com-automotive.com\/es\/wp-json\/wp\/v2\/product_cat?post=17806"},{"taxonomy":"product_tag","embeddable":true,"href":"https:\/\/com-automotive.com\/es\/wp-json\/wp\/v2\/product_tag?post=17806"}],"curies":[{"name":"wp","href":"https:\/\/api.w.org\/{rel}","templated":true}]}}