{"id":17805,"date":"2024-06-14T19:16:45","date_gmt":"2024-06-14T22:16:45","guid":{"rendered":"https:\/\/com-automotive.com\/regulador-14v-100a-1197311212\/"},"modified":"2024-06-14T19:16:45","modified_gmt":"2024-06-14T22:16:45","slug":"regulador-14v-100a-1197311212","status":"publish","type":"product","link":"https:\/\/com-automotive.com\/es\/regulador-14v-100a-1197311212\/","title":{"rendered":"Regulador 14V 100A 1197311212<span class=\"product-sku\" style=\"display: block; font-size: 0.85em; color: #777; margin-top: 5px; margin-bottom: 5px;\">SKU: 8100.1212-COM<\/span>"},"content":{"rendered":"<h1><strong>COM-AUTOMOTIVE, calidad de dise\u00f1o original.<\/strong><\/h1>\n<p>Regulador 14V 100A 1197311212<\/p>\n<h2>Preguntas m\u00e1s frecuentes<\/h2>\n<h3><strong>\u00bfCu\u00e1les son las referencias cruzadas?<\/strong><\/h3>\n<p>1987237076, 1197311212, 1197311214, 1197311223, 119731153 119731122 1197311221, 1197311222, 1197311225, 1197311227, 1197311228, 1197311229, 1197311232, 1197311233, 1197311235, 1197311237, 1197311238, 1197311241, 1197311519, 1197311521, 1197311522, 1197311527, 1197311528, 119731154 90487255, 940038012, IB385, 021903803B, 028903803B, 028903803C, 028903803G, 030905241A, 038903803D, 054903803, 054903803A, 078903803, 12311247892, 12311730604, 12311739365, 1231174792 12317739365, 1247892, 1739365, F51590001001 2174825, 9943986, 9944423, 9944659, 9944827, 9944857, 9946659, 9947103, 9947418, 9950401, 9950561, 995083 90486255, 90540408, 9054199 9054323 93253788, 42531176, 1180855, 2131039, UCB418, 0021548502, 0031540206, 0331540706, NIssanInfiniti:2321572J0 1204271, 1204287, 571697, 576186, 576197, Saab:4466918, 354457 9130110<\/p>\n<h2><strong>Tabla de aplicaci\u00f3n<\/strong><\/h2>\n<p>Regulador 14V 100A 1197311212&#8243;<\/p>\n<div>ATENCI\u00d3N:<\/div>\n<div>Recomendamos que la instalaci\u00f3n del producto sea realizada por un profesional capacitado y especializado.<\/div>\n<div>Solo realiza la compra de este producto con la certeza de que es compatible con tu veh\u00edculo, si tienes alguna duda, no dudes en ponerte en contacto con nosotros. Nuestro horario de apertura es de lunes a viernes de 8 a 18 h.<\/div>\n<div><\/div>\n<div>Sobre nosotros<\/div>\n<div>COM Automotive est\u00e1 especializada en piezas de autom\u00f3vil de dise\u00f1o original para el sector de la reparaci\u00f3n posventa, clientes industriales y fabricantes de veh\u00edculos especiales OEM.<\/div>\n<div>Nuestro equipo tiene m\u00e1s de 28 a\u00f1os de experiencia en la fabricaci\u00f3n y el suministro de piezas de automoci\u00f3n a escala mundial.<\/div>\n<div>Nuestra MISI\u00d3N es ofrecer productos de dise\u00f1o original con una calidad impecable y una sustituci\u00f3n personalizada.<\/div>\n<div>Nuestra VISI\u00d3N es promover el crecimiento y un valor inigualable para nuestros clientes.<\/div>\n","protected":false},"excerpt":{"rendered":"<p>1197311212-COM. En stock. Ref: 1987237076, 1197311212, 1197311214, 1197311223, 119731153 119731122 1197311221, 1197311222, 1197311225, 1197311227, 1197311228, 1197311229, 1197311232, 1197311233, 1197311235, 1197311237, 1197311238, 1197311241, 1197311519, 1197311521, 1197311522, 1197311527, 1197311528, 119731154 90487255, 940038012, IB385, 021903803B, 028903803B, 028903803C, 028903803G, 030905241A, 038903803D, 054903803, 054903803A, 078903803, 12311247892, 12311730604, 12311739365, 1231174792 12317739365, 1247892,  1739365, F51590001001 2174825, 9943986, 9944423, 9944659, 9944827, 9944857, 9946659, 9947103, 9947418, 9950401, 9950561, 995083 90486255, 90540408, 9054199 9054323 93253788, 42531176, 1180855, 2131039, UCB418, 0021548502, 0031540206, 0331540706, NIssanInfiniti:2321572J0 1204271, 1204287, 571697, 576186, 576197, Saab:4466918, 354457 9130110. Marca: COM Automotive &#8211; Producto con calidad y dise\u00f1o originales. Compatible con: Bosch<\/p>\n","protected":false},"featured_media":19461,"comment_status":"open","ping_status":"closed","template":"","meta":[],"product_brand":[],"product_cat":[8489],"product_tag":[19660],"class_list":{"0":"post-17805","1":"product","2":"type-product","3":"status-publish","4":"has-post-thumbnail","6":"product_cat-regulador","7":"product_tag-028903803g-es","9":"first","10":"instock","11":"taxable","12":"shipping-taxable","13":"purchasable","14":"product-type-simple"},"_links":{"self":[{"href":"https:\/\/com-automotive.com\/es\/wp-json\/wp\/v2\/product\/17805","targetHints":{"allow":["GET"]}}],"collection":[{"href":"https:\/\/com-automotive.com\/es\/wp-json\/wp\/v2\/product"}],"about":[{"href":"https:\/\/com-automotive.com\/es\/wp-json\/wp\/v2\/types\/product"}],"replies":[{"embeddable":true,"href":"https:\/\/com-automotive.com\/es\/wp-json\/wp\/v2\/comments?post=17805"}],"wp:featuredmedia":[{"embeddable":true,"href":"https:\/\/com-automotive.com\/es\/wp-json\/wp\/v2\/media\/19461"}],"wp:attachment":[{"href":"https:\/\/com-automotive.com\/es\/wp-json\/wp\/v2\/media?parent=17805"}],"wp:term":[{"taxonomy":"product_brand","embeddable":true,"href":"https:\/\/com-automotive.com\/es\/wp-json\/wp\/v2\/product_brand?post=17805"},{"taxonomy":"product_cat","embeddable":true,"href":"https:\/\/com-automotive.com\/es\/wp-json\/wp\/v2\/product_cat?post=17805"},{"taxonomy":"product_tag","embeddable":true,"href":"https:\/\/com-automotive.com\/es\/wp-json\/wp\/v2\/product_tag?post=17805"}],"curies":[{"name":"wp","href":"https:\/\/api.w.org\/{rel}","templated":true}]}}