{"id":17772,"date":"2024-06-14T19:15:14","date_gmt":"2024-06-14T22:15:14","guid":{"rendered":"https:\/\/com-automotive.com\/rodamiento-f00m990409-17x47x14\/"},"modified":"2024-06-19T11:08:14","modified_gmt":"2024-06-19T14:08:14","slug":"rodamiento-f00m990409-17x47x14","status":"publish","type":"product","link":"https:\/\/com-automotive.com\/es\/rodamiento-f00m990409-17x47x14\/","title":{"rendered":"Rodamiento F00M990409 17x47x14<span class=\"product-sku\" style=\"display: block; font-size: 0.85em; color: #777; margin-top: 5px; margin-bottom: 5px;\">SKU: 8600.0409-COM<\/span>"},"content":{"rendered":"<h1><strong>COM-AUTOMOTIVE, calidad de dise\u00f1o original.<\/strong><\/h1>\n<p>Rodamiento F00M990409 17x47x14<\/p>\n<h2>Preguntas m\u00e1s frecuentes<\/h2>\n<h3><strong>\u00bfCu\u00e1les son las referencias cruzadas?<\/strong><\/h3>\n<p>1986AE1308, F00M990409, F00M99041 1120905001, 1120905004, 1120905008, 1120905021, 1120905037, 1120905039, 1120905047, 1120905052, 1120905074, 1120905502, 1120905518, 1120905533, 1900905004, 1900905304, 1900905331, 1900905376, 1900905379, F00M990407, F00M990411, 949100101 949100184 9491002701, 949100282 10469505, 10473706, 10476239, 10494481, 94223979, Z99603, 11178, 63034E, AlfaRomeo:9950064, 028903221N, 049903221D, 051903221, 5P841, 3755951, 5226307, Dacia:6001548077, 75204425, 79022467,  82283091, 992784 9948478 9960109, E9DF10A303AA, F0JY10A303A, F1CZ10A303A, F3RU10A303AA, F3XY10A303A, F6DU10A303AA, F6XZ10A303AA, 96063339, 96069105, Himno: 988120122A,Honda: 31114P01004, 31114P01014, Isuzu: 581229007 894223979 894360416 894453230 894462859 2991636, N39018W27, PN1618W27, RF1124523, 0089810605, 0089816825, NIssanInfiniti: 231200M005, 2312022J2 2312058S0 2312060U0 231206150 2312061502, 2312065004, 2312076201, 2312097E0 23120D4415, 23120P450 9117938, 63032RS, 6303CS14, 6303LUA,  6303LVA, 6303RDD, 6303RDH, 6303T2XCM, 6303V79, B17102DG3, B17102DG38, B17102DG46, B17102DG48, BB13065AE, TMB303, ParisRhone:590567, 5725G8, 5001850067, 7701047242, Saab:9117938, 9513128, Subaru:23721AA00 23721AA05 23721AA06 23721AA07 23721AA09 395382501, 395385301, 900991011 9009910223, ALTC026, ALTC103, 1363469<\/p>\n<h2><strong>Tabla de aplicaci\u00f3n<\/strong><\/h2>\n<p>Rodamiento F00M990409 17x47x14&#8243;<\/p>\n<div>ATENCI\u00d3N:<\/div>\n<div>Recomendamos que la instalaci\u00f3n del producto sea realizada por un profesional capacitado y especializado.<\/div>\n<div>Solo realiza la compra de este producto con la certeza de que es compatible con tu veh\u00edculo, si tienes alguna duda, no dudes en ponerte en contacto con nosotros. Nuestro horario de apertura es de lunes a viernes de 8 a 18 h.<\/div>\n<div><\/div>\n<div>Sobre nosotros<\/div>\n<div>COM Automotive est\u00e1 especializada en piezas de autom\u00f3vil de dise\u00f1o original para el sector de la reparaci\u00f3n posventa, clientes industriales y fabricantes de veh\u00edculos especiales OEM.<\/div>\n<div>Nuestro equipo tiene m\u00e1s de 28 a\u00f1os de experiencia en la fabricaci\u00f3n y el suministro de piezas de automoci\u00f3n a escala mundial.<\/div>\n<div>Nuestra MISI\u00d3N es ofrecer productos de dise\u00f1o original con una calidad impecable y una sustituci\u00f3n personalizada.<\/div>\n<div>Nuestra VISI\u00d3N es promover el crecimiento y un valor inigualable para nuestros clientes.<\/div>\n","protected":false},"excerpt":{"rendered":"<p>F00M990409-COM. En stock. Ref: 1986AE1308, F00M990409, F00M99041 1120905001, 1120905004, 1120905008, 1120905021, 1120905037, 1120905039, 1120905047, 1120905052, 1120905074, 1120905502, 1120905518, 1120905533, 1900905004, 1900905304, 1900905331, 1900905376, 1900905379, F00M990407, F00M990411, 949100101 949100184 9491002701, 949100282 10469505, 10473706, 10476239, 10494481, 94223979, Z99603, 11178, 63034E, AlfaRomeo:9950064, 028903221N, 049903221D, 051903221, 5P841, 3755951, 5226307, Dacia:6001548077, 75204425, 79022467, 82283091, 992784 9948478 9960109, E9DF10A303AA, F0JY10A303A, F1CZ10A303A, F3RU10A303AA, F3XY10A303A, F6DU10A303AA, F6XZ10A303AA, 96063339, 96069105, Hino:988120122A, Honda:31114P01004, 31114P01014, Isuzu:581229007 894223979 894360416 894453230 894462859 2991636, N39018W27, PN1618W27, RF1124523, 0089810605, 0089816825, NIssanInfiniti:231200M005, 2312022J2 2312058S0 2312060U0 231206150 2312061502, 2312065004, 2312076201, 2312097E0 23120D4415, 23120P450 9117938, 63032RS, 6303CS14,  6303LUA, 6303LVA, 6303RDD, 6303RDH, 6303T2XCM, 6303V79, B17102DG3, B17102DG38, B17102DG46, B17102DG48, BB13065AE, TMB303, ParisRhone:590567, 5725G8, 5001850067, 7701047242, Saab:9117938, 9513128, Subaru:23721AA00 23721AA05 23721AA06 23721AA07 23721AA09 395382501, 395385301, 900991011 9009910223, ALTC026, ALTC103, 1363469. Marca: COM Automotive &#8211; Producto con calidad y dise\u00f1o originales. Compatible con: Bosch<\/p>\n","protected":false},"featured_media":19548,"comment_status":"open","ping_status":"closed","template":"","meta":[],"product_brand":[],"product_cat":[8499,8542],"product_tag":[19764,19766,19484,19485,19486,19474,19476,19478,19440,19442,19444,19445,19447,19449,19451,19453,19455,19456,19457,19459,19461,19463,9978,19465,19435,19771,19773,19754,19488,19818,19807,19489,19805,19487,19778,19780,19781,19782,19784,19786,19788,19790,19491,19809,19492,19493,19479,19813,19747,19748,19483,19792,19794,19796,19798,19800,19490,19495,19467,19436,19469,19496,19497,19498,19499,19500,19745,19750,19752,19758,19768,19803,19760,19762,19811,19801,19480],"class_list":{"0":"post-17772","1":"product","2":"type-product","3":"status-publish","4":"has-post-thumbnail","6":"product_cat-balero","7":"product_cat-sempreco-es","8":"product_tag-0089810605-es","9":"product_tag-0089816825-es","10":"product_tag-028903221n-es","11":"product_tag-049903221d-es","12":"product_tag-051903221-es","13":"product_tag-10473706-es","14":"product_tag-10476239-es","15":"product_tag-10494481-es","16":"product_tag-1120905004-es","17":"product_tag-1120905008-es","18":"product_tag-1120905021-es","19":"product_tag-1120905037-es","20":"product_tag-1120905039-es","21":"product_tag-1120905047-es","22":"product_tag-1120905052-es","23":"product_tag-1120905074-es","24":"product_tag-1120905502-es","25":"product_tag-1120905518-es","26":"product_tag-1120905533-es","27":"product_tag-1900905004-es","28":"product_tag-1900905304-es","29":"product_tag-1900905331-es","30":"product_tag-1900905376-es","31":"product_tag-1900905379-es","32":"product_tag-1986ae1308-es","33":"product_tag-2312065004-es","34":"product_tag-2312076201-es","35":"product_tag-31114p01014-es","36":"product_tag-3755951-es","37":"product_tag-395385301-es","38":"product_tag-5001850067-es","39":"product_tag-5226307-es","40":"product_tag-5725g8-es","41":"product_tag-5p841-es","42":"product_tag-63032rs-es","43":"product_tag-6303cs14-es","44":"product_tag-6303luna","45":"product_tag-6303lva-es","46":"product_tag-6303rdd-es","47":"product_tag-6303rdh-es","48":"product_tag-6303t2xcm-es","49":"product_tag-6303v79-es","50":"product_tag-75204425-es","51":"product_tag-7701047242-es","52":"product_tag-79022467-es","53":"product_tag-82283091-es","54":"product_tag-94223979-es","55":"product_tag-9513128-es","56":"product_tag-96063339-es","57":"product_tag-96069105-es","58":"product_tag-alfaromeo9950064-es","59":"product_tag-b17102dg3-es","60":"product_tag-b17102dg38-es","61":"product_tag-b17102dg46-es","62":"product_tag-b17102dg48-es","63":"product_tag-bb13065ae-es","64":"product_tag-dacia6001548077-es","65":"product_tag-e9df10a303aa-es","66":"product_tag-f00m990407-es","67":"product_tag-f00m990409-es","68":"product_tag-f00m990411-es","69":"product_tag-f0jy10a303a-es","70":"product_tag-f1cz10a303a-es","71":"product_tag-f3ru10a303aa-es","72":"product_tag-f3xy10a303a-es","73":"product_tag-f6du10a303aa-es","74":"product_tag-f6xz10a303aa-es","75":"product_tag-himno988120122a","76":"product_tag-honda31114p01004-es","77":"product_tag-n39018w27-es","78":"product_tag-nissaninfiniti231200m005-es","79":"product_tag-parisrodano590567","80":"product_tag-pn1618w27-es","81":"product_tag-rf1124523-es","82":"product_tag-saab9117938-es","83":"product_tag-tmb303-es","84":"product_tag-z99603-es","86":"first","87":"instock","88":"taxable","89":"shipping-taxable","90":"purchasable","91":"product-type-simple"},"_links":{"self":[{"href":"https:\/\/com-automotive.com\/es\/wp-json\/wp\/v2\/product\/17772","targetHints":{"allow":["GET"]}}],"collection":[{"href":"https:\/\/com-automotive.com\/es\/wp-json\/wp\/v2\/product"}],"about":[{"href":"https:\/\/com-automotive.com\/es\/wp-json\/wp\/v2\/types\/product"}],"replies":[{"embeddable":true,"href":"https:\/\/com-automotive.com\/es\/wp-json\/wp\/v2\/comments?post=17772"}],"wp:featuredmedia":[{"embeddable":true,"href":"https:\/\/com-automotive.com\/es\/wp-json\/wp\/v2\/media\/19548"}],"wp:attachment":[{"href":"https:\/\/com-automotive.com\/es\/wp-json\/wp\/v2\/media?parent=17772"}],"wp:term":[{"taxonomy":"product_brand","embeddable":true,"href":"https:\/\/com-automotive.com\/es\/wp-json\/wp\/v2\/product_brand?post=17772"},{"taxonomy":"product_cat","embeddable":true,"href":"https:\/\/com-automotive.com\/es\/wp-json\/wp\/v2\/product_cat?post=17772"},{"taxonomy":"product_tag","embeddable":true,"href":"https:\/\/com-automotive.com\/es\/wp-json\/wp\/v2\/product_tag?post=17772"}],"curies":[{"name":"wp","href":"https:\/\/api.w.org\/{rel}","templated":true}]}}