{"id":17719,"date":"2024-06-14T19:12:47","date_gmt":"2024-06-14T22:12:47","guid":{"rendered":"https:\/\/com-automotive.com\/motor-de-arranque-12v-10t-0001138069-audi-a4-a5-a6-a7-a8-q5\/"},"modified":"2024-06-14T19:12:47","modified_gmt":"2024-06-14T22:12:47","slug":"motor-de-arranque-12v-10t-0001138069-audi-a4-a5-a6-a7-a8-q5","status":"publish","type":"product","link":"https:\/\/com-automotive.com\/es\/motor-de-arranque-12v-10t-0001138069-audi-a4-a5-a6-a7-a8-q5\/","title":{"rendered":"Motor de arranque 12V 10T 0001138069 Audi A4 A5 A6 A7 A8 Q5<span class=\"product-sku\" style=\"display: block; font-size: 0.85em; color: #777; margin-top: 5px; margin-bottom: 5px;\">SKU: 6000.8069-COM<\/span>"},"content":{"rendered":"<h1><strong>COM-AUTOMOTIVE, calidad de dise\u00f1o original.<\/strong><\/h1>\n<p>Motor de arranque 12V 10T 0001138069 Audi A4 A5 A6 A7 A8 Q5<\/p>\n<h2>Preguntas m\u00e1s frecuentes<\/h2>\n<h3><strong>\u00bfCu\u00e1les son las referencias cruzadas?<\/strong><\/h3>\n<p>1986S00838, 0001138069, 0001138019, 000113802 000113807 0001174402, 0001174403, 0001174604, 0001174605, 428000792 4280007921, 4280007924, 4280007926, 428000953 4280009532, 33286N, 04L911021B, 04L911021BX, 04L911021B, 04L911021BX, 06E911021D, 06E911021DX, 06E911021D, 06E911021DX, 06E911021F, 06E911021F, 06E911021D, 06E911021D, 06E911021D, 06E911021DX, 06E911021DX, 06E911021DX, 06E911021DX, 06E911021DX, 06E911021DX, 06E911021D, 06E911021DX, 06E911021DX, 06E911021F, 06E911021F, 06E911021D, 06E911021D, 06E911021DX, 06E911021D, 06E911021DX, 06E911021D, 06E911021D, 06E911021D, 06E911021DX, 06E911021F, 06E911021D, 06E911021D, 06E911021D, 06E911021D, 06E911021DX, 06E91106E911021FX, 06E911021D, 06E911021DX, 06E911021F, 06E911021FX, 06E911024, 06E911024A, 06E911024AX, 06E911024B, 06E911024A, 06E911024AX, 06E911024B, 06E911024AX, 06M911021, 06M911021X, 079911024, 079911024X, 079911024, 079911024X, 079911024X<\/p>\n<h2><strong>Tabla de aplicaci\u00f3n<\/strong><\/h2>\n<p>Motor de arranque 12V 10T 0001138069 Audi A4 A5 A6 A7 A8 Q5&#8243;<\/p>\n<div>ATENCI\u00d3N:<\/div>\n<div>Recomendamos que la instalaci\u00f3n del producto sea realizada por un profesional capacitado y especializado.<\/div>\n<div>Solo realiza la compra de este producto con la certeza de que es compatible con tu veh\u00edculo, si tienes alguna duda, no dudes en ponerte en contacto con nosotros. Nuestro horario de apertura es de lunes a viernes de 8 a 18 h.<\/div>\n<div><\/div>\n<div>Sobre nosotros<\/div>\n<div>COM Automotive est\u00e1 especializada en piezas de autom\u00f3vil de dise\u00f1o original para el sector de la reparaci\u00f3n posventa, clientes industriales y fabricantes de veh\u00edculos especiales OEM.<\/div>\n<div>Nuestro equipo tiene m\u00e1s de 28 a\u00f1os de experiencia en la fabricaci\u00f3n y el suministro de piezas de automoci\u00f3n a escala mundial.<\/div>\n<div>Nuestra MISI\u00d3N es ofrecer productos de dise\u00f1o original con una calidad impecable y una sustituci\u00f3n personalizada.<\/div>\n<div>Nuestra VISI\u00d3N es promover el crecimiento y un valor inigualable para nuestros clientes.<\/div>\n","protected":false},"excerpt":{"rendered":"<p>0001138069-COM. En stock. Ref: 1986S00838, 0001138069, 0001138019, 000113802 000113807 0001174402, 0001174403, 0001174604, 0001174605, 428000792 4280007921, 4280007924, 4280007926, 428000953 4280009532, 33286N, 04L911021B, 04L911021BX, 04L911021B, 04L911021BX, 06E911021D, 06E911021DX, 06E911021D, 06E911021DX, 06E911021DX, 06E911021DX, 06E911DX, 06E91021DX, 06E91021DX. 1021 F, 06E911021FX, 06E911021D, 06E911021DX, 06E911021F, 06E911021FX, 06E911024, 06E911024A, 06E911024AX, 06E911024B, 06E911024A, 06E911024AX, 06E911024B, 06E911024AX, 06M911021, 06M911021X, 079911024,  079911024X, 079911024, 079911024X, 079911024X &#8211; compatible con: Audi\/VW. Marca: COM Automotive &#8211; Producto con calidad y dise\u00f1o originales. Compatible con: Bosch<\/p>\n","protected":false},"featured_media":18592,"comment_status":"open","ping_status":"closed","template":"","meta":[],"product_brand":[],"product_cat":[8119],"product_tag":[],"class_list":{"0":"post-17719","1":"product","2":"type-product","3":"status-publish","4":"has-post-thumbnail","6":"product_cat-motor-de-arranque","8":"first","9":"instock","10":"taxable","11":"shipping-taxable","12":"purchasable","13":"product-type-simple"},"_links":{"self":[{"href":"https:\/\/com-automotive.com\/es\/wp-json\/wp\/v2\/product\/17719","targetHints":{"allow":["GET"]}}],"collection":[{"href":"https:\/\/com-automotive.com\/es\/wp-json\/wp\/v2\/product"}],"about":[{"href":"https:\/\/com-automotive.com\/es\/wp-json\/wp\/v2\/types\/product"}],"replies":[{"embeddable":true,"href":"https:\/\/com-automotive.com\/es\/wp-json\/wp\/v2\/comments?post=17719"}],"wp:featuredmedia":[{"embeddable":true,"href":"https:\/\/com-automotive.com\/es\/wp-json\/wp\/v2\/media\/18592"}],"wp:attachment":[{"href":"https:\/\/com-automotive.com\/es\/wp-json\/wp\/v2\/media?parent=17719"}],"wp:term":[{"taxonomy":"product_brand","embeddable":true,"href":"https:\/\/com-automotive.com\/es\/wp-json\/wp\/v2\/product_brand?post=17719"},{"taxonomy":"product_cat","embeddable":true,"href":"https:\/\/com-automotive.com\/es\/wp-json\/wp\/v2\/product_cat?post=17719"},{"taxonomy":"product_tag","embeddable":true,"href":"https:\/\/com-automotive.com\/es\/wp-json\/wp\/v2\/product_tag?post=17719"}],"curies":[{"name":"wp","href":"https:\/\/api.w.org\/{rel}","templated":true}]}}