{"id":17715,"date":"2024-06-14T19:12:15","date_gmt":"2024-06-14T22:12:15","guid":{"rendered":"https:\/\/com-automotive.com\/motor-de-arranque-de-0001108471-12v-1-4kw-9t-para-peugeot-citroen\/"},"modified":"2024-06-14T19:12:15","modified_gmt":"2024-06-14T22:12:15","slug":"motor-de-arranque-de-0001108471-12v-1-4kw-9t-para-peugeot-citroen","status":"publish","type":"product","link":"https:\/\/com-automotive.com\/es\/motor-de-arranque-de-0001108471-12v-1-4kw-9t-para-peugeot-citroen\/","title":{"rendered":"Motor de arranque de 0001108471 12V 1.4kw 9T para Peugeot Citroen<span class=\"product-sku\" style=\"display: block; font-size: 0.85em; color: #777; margin-top: 5px; margin-bottom: 5px;\">SKU: 6000.8471-COM<\/span>"},"content":{"rendered":"<h1><strong>COM-AUTOMOTIVE, calidad de dise\u00f1o original.<\/strong><\/h1>\n<p>Motor de arranque de 0001108471 12V 1.4kw 9T para Peugeot Citroen<\/p>\n<h2>Preguntas m\u00e1s frecuentes<\/h2>\n<h3><strong>\u00bfCu\u00e1les son las referencias cruzadas?<\/strong><\/h3>\n<p>19D10239SC, 5802CY, 965629948 1986S00714, 0001108471, 0001108183, 000110840 F042007004, 098601612 438091, D7R24, 438068, D7R26, 6352108400 33100N, 5802FJ, 5802M3, 5802M7, 5802S3, 5802V5, 5802W4, 580222N, 5802FJ, 5802M3, 5802V5, 5802W4, 580222  W5, 5802W9, 96253825, 96481116, 1516779R, 132092108 133241908 134279208 71716562, 71716563, 71716564, 71716565, 71719595, 71719598, 71719599, 7171960 71719603, 71719604, 71719605, 71719606, 71719608, 71719609, 71723361, 71723362, 71728811, 7173833 71773833 71782363, 71785217, 71785219, 960350358 962429148 962538258 962538268 962538278 962538308 965626278 965629948 K134279208 K962538258 K962538268 K962538308 K965626278 K965629948 Lancia:71719608, 71728811, 962538258 962538268 K962538258 K962538268 Peugeot:5802FJ, 5802M3, 5802M7, 5802S3, 5802V5, 5802W4, 5802W5, 5802W8, 96253825, 96481116, 964811168 964811168 964811168 96253825<\/p>\n<h2><strong>Tabla de aplicaci\u00f3n<\/strong><\/h2>\n<p>Motor de arranque 12V 1.4Kw 9T para Peugeot Citroen\u00bb<\/p>\n<div>ATENCI\u00d3N:<\/div>\n<div>Recomendamos que la instalaci\u00f3n del producto sea realizada por un profesional capacitado y especializado.<\/div>\n<div>Solo realiza la compra de este producto con la certeza de que es compatible con tu veh\u00edculo, si tienes alguna duda, no dudes en ponerte en contacto con nosotros. Nuestro horario de apertura es de lunes a viernes de 8 a 18 h.<\/div>\n<div><\/div>\n<div>Sobre nosotros<\/div>\n<div>COM Automotive est\u00e1 especializada en piezas de autom\u00f3vil de dise\u00f1o original para el sector de la reparaci\u00f3n posventa, clientes industriales y fabricantes de veh\u00edculos especiales OEM.<\/div>\n<div>Nuestro equipo tiene m\u00e1s de 28 a\u00f1os de experiencia en la fabricaci\u00f3n y el suministro de piezas de automoci\u00f3n a escala mundial.<\/div>\n<div>Nuestra MISI\u00d3N es ofrecer productos de dise\u00f1o original con una calidad impecable y una sustituci\u00f3n personalizada.<\/div>\n<div>Nuestra VISI\u00d3N es promover el crecimiento y un valor inigualable para nuestros clientes.<\/div>\n","protected":false},"excerpt":{"rendered":"<p>0001108471-COM. En stock. Ref: 19D10239SC, 5802CY, 965629948 1986S00714, 0001108471, 0001108183, 000110840 F042007004, 098601612 438091, D7R24, 438068, D7R26, 6352108400 33100N, 5802FJ, 5802M3, 5802M7, 5802S3, 5802V5, 5802W4, 5802W5, 5802W9, 96253825, 96481116, 1516779R, 132092108 133241908 134279208 71716562, 71716563, 71716564, 71716565, 71719595, 71719598, 71719599, 7171960 71719603, 71719604, 71719605, 71719606, 71719608, 71719609, 71723361, 71723362, 71728811, 7173833 71773833 71782363, 71785217, 71785219,  960350358 962429148 962538258 962538268 962538278 962538308 965626278 965629948 K134279208 K962538258 K962538268 K962538308 K965626278 K965629948 Lancia: 71719608, 71728811, 962538258 962538268 K962538258 K962538268 Peugeot: 5802FJ, 5802M3, 5802M7, 5802S3, 5802V5, 5802W4, 5802W5, 5802W8, 96253825, 96481116, 964811168 964811168 964811168 96253825 &#8211; compatible con: PSA. Marca: COM Automotive &#8211; Producto con calidad y dise\u00f1o originales. Compatible con: Bosch<\/p>\n","protected":false},"featured_media":18538,"comment_status":"open","ping_status":"closed","template":"","meta":[],"product_brand":[],"product_cat":[8119],"product_tag":[9482],"class_list":{"0":"post-17715","1":"product","2":"type-product","3":"status-publish","4":"has-post-thumbnail","6":"product_cat-motor-de-arranque","7":"product_tag-0986016120-es","9":"first","10":"instock","11":"taxable","12":"shipping-taxable","13":"purchasable","14":"product-type-simple"},"_links":{"self":[{"href":"https:\/\/com-automotive.com\/es\/wp-json\/wp\/v2\/product\/17715","targetHints":{"allow":["GET"]}}],"collection":[{"href":"https:\/\/com-automotive.com\/es\/wp-json\/wp\/v2\/product"}],"about":[{"href":"https:\/\/com-automotive.com\/es\/wp-json\/wp\/v2\/types\/product"}],"replies":[{"embeddable":true,"href":"https:\/\/com-automotive.com\/es\/wp-json\/wp\/v2\/comments?post=17715"}],"wp:featuredmedia":[{"embeddable":true,"href":"https:\/\/com-automotive.com\/es\/wp-json\/wp\/v2\/media\/18538"}],"wp:attachment":[{"href":"https:\/\/com-automotive.com\/es\/wp-json\/wp\/v2\/media?parent=17715"}],"wp:term":[{"taxonomy":"product_brand","embeddable":true,"href":"https:\/\/com-automotive.com\/es\/wp-json\/wp\/v2\/product_brand?post=17715"},{"taxonomy":"product_cat","embeddable":true,"href":"https:\/\/com-automotive.com\/es\/wp-json\/wp\/v2\/product_cat?post=17715"},{"taxonomy":"product_tag","embeddable":true,"href":"https:\/\/com-automotive.com\/es\/wp-json\/wp\/v2\/product_tag?post=17715"}],"curies":[{"name":"wp","href":"https:\/\/api.w.org\/{rel}","templated":true}]}}