{"id":17688,"date":"2024-06-14T19:11:08","date_gmt":"2024-06-14T22:11:08","guid":{"rendered":"https:\/\/com-automotive.com\/motor-de-arranque-de-0001107081-de-12v-9t-1-1kw-para-daewoo\/"},"modified":"2024-06-14T19:11:08","modified_gmt":"2024-06-14T22:11:08","slug":"motor-de-arranque-de-0001107081-de-12v-9t-1-1kw-para-daewoo","status":"publish","type":"product","link":"https:\/\/com-automotive.com\/es\/motor-de-arranque-de-0001107081-de-12v-9t-1-1kw-para-daewoo\/","title":{"rendered":"Motor de arranque de 0001107081 de 12V 9T 1.1kw para Daewoo<span class=\"product-sku\" style=\"display: block; font-size: 0.85em; color: #777; margin-top: 5px; margin-bottom: 5px;\">SKU: 6000.7081-COM<\/span>"},"content":{"rendered":"<h1><strong>COM-AUTOMOTIVE, calidad de dise\u00f1o original.<\/strong><\/h1>\n<p>Motor de arranque de 0001107081 de 12V 9T 1.1kw para Daewoo<\/p>\n<h2>Preguntas m\u00e1s frecuentes<\/h2>\n<h3><strong>\u00bfCu\u00e1les son las referencias cruzadas?<\/strong><\/h3>\n<p>1986S0066 0001107081, 0986MN0509, 0001107077, 0001107098, 0001107402, 06352107098 06352107402 06352416301 943253151, 94428018350 94428020870 MSR5351, 31223N, Daewoo:96430344, 1516683R, Holden:0920096 9117691, 93184536, 1202179, 24406133, 24422258, 6202042, 90586916, 9058691 9117691, 920096 93104536, 9317195 93184534, 93174027, 93174033, 93184536, 9512658, Vauxhall:R1540009<\/p>\n<h2><strong>Tabla de aplicaci\u00f3n<\/strong><\/h2>\n<p>Motor de arranque de 0001107081 de 12V 9T 1.1Kw para Daewoo\u00bb<\/p>\n<div>ATENCI\u00d3N:<\/div>\n<div>Recomendamos que la instalaci\u00f3n del producto sea realizada por un profesional capacitado y especializado.<\/div>\n<div>Solo realiza la compra de este producto con la certeza de que es compatible con tu veh\u00edculo, si tienes alguna duda, no dudes en ponerte en contacto con nosotros. Nuestro horario de apertura es de lunes a viernes de 8 a 18 h.<\/div>\n<div><\/div>\n<div>Sobre nosotros<\/div>\n<div>COM Automotive est\u00e1 especializada en piezas de autom\u00f3vil de dise\u00f1o original para el sector de la reparaci\u00f3n posventa, clientes industriales y fabricantes de veh\u00edculos especiales OEM.<\/div>\n<div>Nuestro equipo tiene m\u00e1s de 28 a\u00f1os de experiencia en la fabricaci\u00f3n y el suministro de piezas de automoci\u00f3n a escala mundial.<\/div>\n<div>Nuestra MISI\u00d3N es ofrecer productos de dise\u00f1o original con una calidad impecable y una sustituci\u00f3n personalizada.<\/div>\n<div>Nuestra VISI\u00d3N es promover el crecimiento y un valor inigualable para nuestros clientes.<\/div>\n","protected":false},"excerpt":{"rendered":"<p>0001107081-COM. En stock. Ref: 1986S0066 0001107081, 0986MN0509, 0001107077, 0001107098, 0001107402, 06352107098 06352107402 06352416301 943253151, 94428018350 94428020870 MSR5351, 31223N, Daewoo:96430344, 1516683R, Holden:0920096 9117691, 93184536, 1202179, 24406133, 24422258, 6202042, 90586916, 9058691 9117691, 920096 93104536, 9317195 93184534, 93174027, 93174033, 93184536, 9512658, Vauxhall:R1540009 &#8211; Compatible con: Daewoo. Marca: COM Automotive &#8211; Producto con calidad y dise\u00f1o originales. Compatible con: Bosch<\/p>\n","protected":false},"featured_media":18514,"comment_status":"open","ping_status":"closed","template":"","meta":[],"product_brand":[],"product_cat":[8119],"product_tag":[],"class_list":{"0":"post-17688","1":"product","2":"type-product","3":"status-publish","4":"has-post-thumbnail","6":"product_cat-motor-de-arranque","8":"first","9":"instock","10":"taxable","11":"shipping-taxable","12":"purchasable","13":"product-type-simple"},"_links":{"self":[{"href":"https:\/\/com-automotive.com\/es\/wp-json\/wp\/v2\/product\/17688","targetHints":{"allow":["GET"]}}],"collection":[{"href":"https:\/\/com-automotive.com\/es\/wp-json\/wp\/v2\/product"}],"about":[{"href":"https:\/\/com-automotive.com\/es\/wp-json\/wp\/v2\/types\/product"}],"replies":[{"embeddable":true,"href":"https:\/\/com-automotive.com\/es\/wp-json\/wp\/v2\/comments?post=17688"}],"wp:featuredmedia":[{"embeddable":true,"href":"https:\/\/com-automotive.com\/es\/wp-json\/wp\/v2\/media\/18514"}],"wp:attachment":[{"href":"https:\/\/com-automotive.com\/es\/wp-json\/wp\/v2\/media?parent=17688"}],"wp:term":[{"taxonomy":"product_brand","embeddable":true,"href":"https:\/\/com-automotive.com\/es\/wp-json\/wp\/v2\/product_brand?post=17688"},{"taxonomy":"product_cat","embeddable":true,"href":"https:\/\/com-automotive.com\/es\/wp-json\/wp\/v2\/product_cat?post=17688"},{"taxonomy":"product_tag","embeddable":true,"href":"https:\/\/com-automotive.com\/es\/wp-json\/wp\/v2\/product_tag?post=17688"}],"curies":[{"name":"wp","href":"https:\/\/api.w.org\/{rel}","templated":true}]}}