{"id":17681,"date":"2024-06-14T19:10:21","date_gmt":"2024-06-14T22:10:21","guid":{"rendered":"https:\/\/com-automotive.com\/motor-de-arranque-de-24v-9t-0001231133-para-mercedes\/"},"modified":"2024-06-14T19:10:21","modified_gmt":"2024-06-14T22:10:21","slug":"motor-de-arranque-de-24v-9t-0001231133-para-mercedes","status":"publish","type":"product","link":"https:\/\/com-automotive.com\/es\/motor-de-arranque-de-24v-9t-0001231133-para-mercedes\/","title":{"rendered":"Motor de arranque de 24V 9T 0001231133 para Mercedes<span class=\"product-sku\" style=\"display: block; font-size: 0.85em; color: #777; margin-top: 5px; margin-bottom: 5px;\">SKU: 6000.1133-COM<\/span>"},"content":{"rendered":"<h1><strong>COM-AUTOMOTIVE, calidad de dise\u00f1o original.<\/strong><\/h1>\n<p>Motor de arranque de 24V 9T 0001231133 para Mercedes<\/p>\n<h2>Preguntas m\u00e1s frecuentes<\/h2>\n<h3><strong>\u00bfCu\u00e1les son las referencias cruzadas?<\/strong><\/h3>\n<p>0001231133, 0001231033, 0001231002, F042002084, F042002093, 06352231033 MSN2049, 860321, 19637N, 1516660R,571570808, 36262016003, 0041418101, 0041516201, 0041518401, 0041516201, 0041518401, 0051512001, 0051512201, 00515122018 0051512001, 0051512201, 0051517601, 0051512201, 0061512101, 0061512201, 00615122018 0061512203, 00615122038 0061512201, 0061512203, 00615122018 0071510801, A0041418101, A0041516201, A0041518401, A0051512001, A0051512201, A0061512101, A0061512201, A00615122018 A0061512203, A00615122038 A0071510801, A0041518401, A0051512001, A0041516201, A0051512201, A00515122018 A0061512201, A0061512203, Talbot:551503093<\/p>\n<h2><strong>Tabla de aplicaci\u00f3n<\/strong><\/h2>\n<p>Motor de arranque de 0001231133 de 24V 9T para Mercedes\u00bb<\/p>\n<div>ATENCI\u00d3N:<\/div>\n<div>Recomendamos que la instalaci\u00f3n del producto sea realizada por un profesional capacitado y especializado.<\/div>\n<div>Solo realiza la compra de este producto con la certeza de que es compatible con tu veh\u00edculo, si tienes alguna duda, no dudes en ponerte en contacto con nosotros. Nuestro horario de apertura es de lunes a viernes de 8 a 18 h.<\/div>\n<div><\/div>\n<div>Sobre nosotros<\/div>\n<div>COM Automotive est\u00e1 especializada en piezas de autom\u00f3vil de dise\u00f1o original para el sector de la reparaci\u00f3n posventa, clientes industriales y fabricantes de veh\u00edculos especiales OEM.<\/div>\n<div>Nuestro equipo tiene m\u00e1s de 28 a\u00f1os de experiencia en la fabricaci\u00f3n y el suministro de piezas de automoci\u00f3n a escala mundial.<\/div>\n<div>Nuestra MISI\u00d3N es ofrecer productos de dise\u00f1o original con una calidad impecable y una sustituci\u00f3n personalizada.<\/div>\n<div>Nuestra VISI\u00d3N es promover el crecimiento y un valor inigualable para nuestros clientes.<\/div>\n","protected":false},"excerpt":{"rendered":"<p>0001231133-COM. En stock. Ref: 0001231133, 0001231033, 0001231002, F042002084, F042002093, 06352231033 MSN2049, 860321, 19637N, 1516660R,571570808, 36262016003, 0041418101, 0041516201, 0041518401, 0041516201, 0041518401, 0051512001, 0051512201, 00515122018 0051512001, 0051512201, 0051517601, 0051512201, 0061512101, 0061512201, 00615122018 0061512203, 00615122038 0061512201, 0061512203, 00615122018 0071510801, A0041418101, A0041516201, A0041518401, A0051512001, A0051512201, A0061512101, A0061512201, A00615122018 A0061512203, A00615122038 A0071510801, A0041518401, A0051512001, A0041516201, A0051512201, A00515122018 A0061512201, A0061512203, Talbot:551503093 &#8211; compatible con: Mercedes. Marca: COM Automotive &#8211; Producto con calidad y dise\u00f1o originales. Compatible con: Bosch<\/p>\n","protected":false},"featured_media":18631,"comment_status":"open","ping_status":"closed","template":"","meta":[],"product_brand":[],"product_cat":[8119],"product_tag":[9357,15374],"class_list":{"0":"post-17681","1":"product","2":"type-product","3":"status-publish","4":"has-post-thumbnail","6":"product_cat-motor-de-arranque","7":"product_tag-0061512101-es","8":"product_tag-a0071510801-es","10":"first","11":"instock","12":"taxable","13":"shipping-taxable","14":"purchasable","15":"product-type-simple"},"_links":{"self":[{"href":"https:\/\/com-automotive.com\/es\/wp-json\/wp\/v2\/product\/17681","targetHints":{"allow":["GET"]}}],"collection":[{"href":"https:\/\/com-automotive.com\/es\/wp-json\/wp\/v2\/product"}],"about":[{"href":"https:\/\/com-automotive.com\/es\/wp-json\/wp\/v2\/types\/product"}],"replies":[{"embeddable":true,"href":"https:\/\/com-automotive.com\/es\/wp-json\/wp\/v2\/comments?post=17681"}],"wp:featuredmedia":[{"embeddable":true,"href":"https:\/\/com-automotive.com\/es\/wp-json\/wp\/v2\/media\/18631"}],"wp:attachment":[{"href":"https:\/\/com-automotive.com\/es\/wp-json\/wp\/v2\/media?parent=17681"}],"wp:term":[{"taxonomy":"product_brand","embeddable":true,"href":"https:\/\/com-automotive.com\/es\/wp-json\/wp\/v2\/product_brand?post=17681"},{"taxonomy":"product_cat","embeddable":true,"href":"https:\/\/com-automotive.com\/es\/wp-json\/wp\/v2\/product_cat?post=17681"},{"taxonomy":"product_tag","embeddable":true,"href":"https:\/\/com-automotive.com\/es\/wp-json\/wp\/v2\/product_tag?post=17681"}],"curies":[{"name":"wp","href":"https:\/\/api.w.org\/{rel}","templated":true}]}}