{"id":17679,"date":"2024-06-14T19:10:16","date_gmt":"2024-06-14T22:10:16","guid":{"rendered":"https:\/\/com-automotive.com\/motor-de-arranque-0001261049-de-24v-5-5kw-para-volvo-fm-b12\/"},"modified":"2025-07-15T13:34:01","modified_gmt":"2025-07-15T16:34:01","slug":"motor-de-arranque-0001261049-de-24v-5-5kw-para-volvo-fm-b12","status":"publish","type":"product","link":"https:\/\/com-automotive.com\/es\/motor-de-arranque-0001261049-de-24v-5-5kw-para-volvo-fm-b12\/","title":{"rendered":"Motor de arranque 24V 5.5Kw compatible 0001261049 para Volvo FM B12<span class=\"product-sku\" style=\"display: block; font-size: 0.85em; color: #777; margin-top: 5px; margin-bottom: 5px;\">SKU: 6000.1049-COM<\/span>"},"content":{"rendered":"<h1><strong>COM-AUTOMOTIVE, calidad de dise\u00f1o original.<\/strong><\/h1>\n<p>Motor de arranque 24V 5.5Kw 0001261049 para Volvo FM B12 &#8211; Plataforma Bosch<br \/>\nVersi\u00f3n recomendada: 6000.61171-COM &#8211; Plataforma Mitsubishi<\/p>\n<h2>Preguntas m\u00e1s frecuentes<\/h2>\n<h3><strong>\u00bfCu\u00e1les son las referencias cruzadas?<\/strong><\/h3>\n<p>098602545 098602546 0001261049, F042001199, M009T61171, M90R3547SE, 19538N, 20430564, 20431073, 85000087<\/p>\n<h2><strong>Tabla de aplicaci\u00f3n<\/strong><\/h2>\n<p>Motor de arranque 0001261049 de 24V 5.5Kw para Volvo FM B12&#8243;<\/p>\n<div>ATENCI\u00d3N:<\/div>\n<div>Recomendamos que la instalaci\u00f3n del producto sea realizada por un profesional capacitado y especializado.<\/div>\n<div>Solo realiza la compra de este producto con la certeza de que es compatible con tu veh\u00edculo, si tienes alguna duda, no dudes en ponerte en contacto con nosotros. Nuestro horario de apertura es de lunes a viernes de 8 a 18 h.<\/div>\n<div><\/div>\n<div>Sobre nosotros<\/div>\n<div>COM Automotive est\u00e1 especializada en piezas de autom\u00f3vil de dise\u00f1o original para el sector de la reparaci\u00f3n posventa, clientes industriales y fabricantes de veh\u00edculos especiales OEM.<\/div>\n<div>Nuestro equipo tiene m\u00e1s de 28 a\u00f1os de experiencia en la fabricaci\u00f3n y el suministro de piezas de automoci\u00f3n a escala mundial.<\/div>\n<div>Nuestra MISI\u00d3N es ofrecer productos de dise\u00f1o original con una calidad impecable y una sustituci\u00f3n personalizada.<\/div>\n<div>Nuestra VISI\u00d3N es promover el crecimiento y un valor inigualable para nuestros clientes.<\/div>\n","protected":false},"excerpt":{"rendered":"<p>6000.1049-COM. Compatible con: 0986025450, 0986025460, 0001261049, F042001199, M009T61171, M90R3547SE, 19538N, 20430564, 20431073, 85000087, 60001049.  Marca: COM Automotive &#8211; Producto con calidad y dise\u00f1o originales.<\/p>\n","protected":false},"featured_media":23931,"comment_status":"open","ping_status":"closed","template":"","meta":[],"product_brand":[],"product_cat":[8119],"product_tag":[37094,37097,37095,37096,19073,13137,15990,37098,37100,37099,13149,19069,13144,19071],"class_list":{"0":"post-17679","1":"product","2":"type-product","3":"status-publish","4":"has-post-thumbnail","6":"product_cat-motor-de-arranque","7":"product_tag-0001261049-es","8":"product_tag-0001261049-com-es","9":"product_tag-0986025450-es","10":"product_tag-0986025460-es","11":"product_tag-19538n-es","12":"product_tag-20430564-es","13":"product_tag-20431073-es","14":"product_tag-6000-1049-com-es","15":"product_tag-60001049-es","16":"product_tag-60001049-com-es","17":"product_tag-85000087-es","18":"product_tag-f042001199-es","19":"product_tag-m009t61171-es","20":"product_tag-m90r3547se-es","22":"first","23":"instock","24":"taxable","25":"shipping-taxable","26":"purchasable","27":"product-type-simple"},"_links":{"self":[{"href":"https:\/\/com-automotive.com\/es\/wp-json\/wp\/v2\/product\/17679","targetHints":{"allow":["GET"]}}],"collection":[{"href":"https:\/\/com-automotive.com\/es\/wp-json\/wp\/v2\/product"}],"about":[{"href":"https:\/\/com-automotive.com\/es\/wp-json\/wp\/v2\/types\/product"}],"replies":[{"embeddable":true,"href":"https:\/\/com-automotive.com\/es\/wp-json\/wp\/v2\/comments?post=17679"}],"wp:featuredmedia":[{"embeddable":true,"href":"https:\/\/com-automotive.com\/es\/wp-json\/wp\/v2\/media\/23931"}],"wp:attachment":[{"href":"https:\/\/com-automotive.com\/es\/wp-json\/wp\/v2\/media?parent=17679"}],"wp:term":[{"taxonomy":"product_brand","embeddable":true,"href":"https:\/\/com-automotive.com\/es\/wp-json\/wp\/v2\/product_brand?post=17679"},{"taxonomy":"product_cat","embeddable":true,"href":"https:\/\/com-automotive.com\/es\/wp-json\/wp\/v2\/product_cat?post=17679"},{"taxonomy":"product_tag","embeddable":true,"href":"https:\/\/com-automotive.com\/es\/wp-json\/wp\/v2\/product_tag?post=17679"}],"curies":[{"name":"wp","href":"https:\/\/api.w.org\/{rel}","templated":true}]}}