{"id":16215,"date":"2024-06-05T00:25:26","date_gmt":"2024-06-05T03:25:26","guid":{"rendered":"https:\/\/com-automotive.com\/alternador-sin-bateria-de-24-v-100-a-avi144w3002-para-clima-de-aire-acondicionado\/"},"modified":"2024-06-06T11:58:34","modified_gmt":"2024-06-06T14:58:34","slug":"alternador-sin-bateria-de-24-v-100-a-avi144w3002-para-clima-de-aire-acondicionado","status":"publish","type":"product","link":"https:\/\/com-automotive.com\/es\/alternador-sin-bateria-de-24-v-100-a-avi144w3002-para-clima-de-aire-acondicionado\/","title":{"rendered":"Alternador sin bater\u00eda de 24 V 100 A AVI144W3002 para clima de aire acondicionado<span class=\"product-sku\" style=\"display: block; font-size: 0.85em; color: #777; margin-top: 5px; margin-bottom: 5px;\">SKU: 8000.3002-COM<\/span>"},"content":{"rendered":"<h1><strong>COM-AUTOMOTIVE, calidad de dise\u00f1o original.<\/strong><\/h1>\n<p>Alternador sin bater\u00eda de 24V 100A AVI144W3002 para aire acondicionado<\/p>\n<h2>Preguntas m\u00e1s frecuentes.<\/h2>\n<div>ATENCI\u00d3N:<\/div>\n<div>Recomendamos que la instalaci\u00f3n del producto sea realizada por un profesional capacitado y especializado.<\/div>\n<div>Solo realiza la compra de este producto con la certeza de que es compatible con tu veh\u00edculo, si tienes alguna duda, no dudes en ponerte en contacto con nosotros. Nuestro horario de atenci\u00f3n es de lunes a viernes de 08:00 a 18:00hrs.<\/div>\n<div><\/div>\n<div>Sobre nosotros<\/div>\n<div>COM Automotive es especialista en piezas de autom\u00f3vil de dise\u00f1o original para el sector de la reparaci\u00f3n de posventa, clientes industriales y fabricantes de veh\u00edculos especiales OEM.<\/div>\n<div>Nuestro equipo cuenta con m\u00e1s de 28 a\u00f1os de experiencia en la fabricaci\u00f3n y suministro de piezas automotrices a escala global.<\/div>\n<div>Nuestra MISI\u00d3N es proporcionar productos de Dise\u00f1o Original con una calidad impecable y un reemplazo \u00abuno a uno\u00bb.<\/div>\n<div>Nuestra VISI\u00d3N es impulsar el crecimiento y el valor incomparable para nuestros clientes.<\/div>\n<p>&nbsp;<\/p>\n","protected":false},"excerpt":{"rendered":"<p>AVI144W3002-COM. En stock. Air-Com, Clima. Marca: COM Automotive &#8211; Producto con Calidad y Dise\u00f1o Original. Compatible con: Prestolite<\/p>\n","protected":false},"featured_media":19030,"comment_status":"open","ping_status":"closed","template":"","meta":[],"product_brand":[],"product_cat":[8109],"product_tag":[16158],"class_list":{"0":"post-16215","1":"product","2":"type-product","3":"status-publish","4":"has-post-thumbnail","6":"product_cat-alternador-es-2","7":"product_tag-avi144w3002-com-es","9":"first","10":"instock","11":"taxable","12":"shipping-taxable","13":"purchasable","14":"product-type-simple"},"_links":{"self":[{"href":"https:\/\/com-automotive.com\/es\/wp-json\/wp\/v2\/product\/16215","targetHints":{"allow":["GET"]}}],"collection":[{"href":"https:\/\/com-automotive.com\/es\/wp-json\/wp\/v2\/product"}],"about":[{"href":"https:\/\/com-automotive.com\/es\/wp-json\/wp\/v2\/types\/product"}],"replies":[{"embeddable":true,"href":"https:\/\/com-automotive.com\/es\/wp-json\/wp\/v2\/comments?post=16215"}],"wp:featuredmedia":[{"embeddable":true,"href":"https:\/\/com-automotive.com\/es\/wp-json\/wp\/v2\/media\/19030"}],"wp:attachment":[{"href":"https:\/\/com-automotive.com\/es\/wp-json\/wp\/v2\/media?parent=16215"}],"wp:term":[{"taxonomy":"product_brand","embeddable":true,"href":"https:\/\/com-automotive.com\/es\/wp-json\/wp\/v2\/product_brand?post=16215"},{"taxonomy":"product_cat","embeddable":true,"href":"https:\/\/com-automotive.com\/es\/wp-json\/wp\/v2\/product_cat?post=16215"},{"taxonomy":"product_tag","embeddable":true,"href":"https:\/\/com-automotive.com\/es\/wp-json\/wp\/v2\/product_tag?post=16215"}],"curies":[{"name":"wp","href":"https:\/\/api.w.org\/{rel}","templated":true}]}}