{"id":16184,"date":"2024-06-03T23:23:33","date_gmt":"2024-06-04T02:23:33","guid":{"rendered":"https:\/\/com-automotive.com\/motor-de-arranque-2280007411-24v-11d-para-jdeere-re500199-pc200-clc\/"},"modified":"2024-07-31T14:03:19","modified_gmt":"2024-07-31T17:03:19","slug":"motor-de-arranque-2280007411-24v-11d-para-jdeere-re500199-pc200-clc","status":"publish","type":"product","link":"https:\/\/com-automotive.com\/es\/motor-de-arranque-2280007411-24v-11d-para-jdeere-re500199-pc200-clc\/","title":{"rendered":"Motor de arranque 2280007411 24V 11D para JDeere RE500199 PC200 CLC<span class=\"product-sku\" style=\"display: block; font-size: 0.85em; color: #777; margin-top: 5px; margin-bottom: 5px;\">SKU: 6000.7411-COM<\/span>"},"content":{"rendered":"<h1><strong>COM-AUTOMOTIVE, calidad de dise\u00f1o original.<\/strong><\/h1>\n<p> Motor de arranque de 24V 11D 2280007411 para JDeere RE500199 PC200 CLC <\/p>\n<h2>Preguntas m\u00e1s frecuentes<\/h2>\n<h3><strong>\u00bfCu\u00e1les son las referencias cruzadas?<\/strong><\/h3>\n<p> 2280007412, 2280007410, 24 V, 2280007012, 2280007010, 2280007011, 2280007012, 22800-7010, 228000-7011, 228000-7012, 228000-7411, 2280007411, 228000-7412, 2280007412, 228000-7410, 2280007410, 19847N <\/p>\n<h2><strong>Tabla de aplicaci\u00f3n<\/strong><\/h2>\n<p> Cosechadora 1070D. Cosechadora 1270D. Cosechadora 1470D. Cosechadora 1490D. Transitario \u00bb  <\/p>\n<div>ATENCI\u00d3N:<\/div>\n<div>Recomendamos que el producto sea instalado por un profesional formado y especializado.<\/div>\n<div>S\u00f3lo compra este producto si est\u00e1s seguro de que es compatible con tu veh\u00edculo. Si tienes alguna duda, no dudes en ponerte en contacto con nosotros. Nuestro horario de apertura es de lunes a viernes de 8 a 18 h.<\/div>\n<div><\/div>\n<div>Sobre nosotros<\/div>\n<div>COM Automotive est\u00e1 especializada en piezas de autom\u00f3vil de dise\u00f1o original para el sector de la reparaci\u00f3n posventa, clientes industriales y fabricantes de veh\u00edculos especiales OEM.<\/div>\n<div>Nuestro equipo tiene m\u00e1s de 28 a\u00f1os de experiencia en la fabricaci\u00f3n y el suministro de piezas de automoci\u00f3n a escala mundial.<\/div>\n<div>Nuestra MISI\u00d3N es ofrecer productos de dise\u00f1o original con una calidad impecable y una sustituci\u00f3n personalizada.<\/div>\n<div>Nuestra VISI\u00d3N es promover el crecimiento y un valor inigualable para nuestros clientes.<\/div>\n<p>  &amp;nbsp<\/p>\n","protected":false},"excerpt":{"rendered":"<p>2280007411-COM. En stock. Ref: RE500199, RE500345, 2280007012, 2280007010, 2280007011, 2280007012, 22800-7010, 228000-7011, 228000-7012, 228000-7411, 2280007411, 228000-7412, 2280007412, 228000-7410, 2280007410, 1113445, 19847N &#8211; compatible con: John Deere. Marca: COM Automotive &#8211; Producto con calidad y dise\u00f1o originales. Compatible con Denso<\/p>\n","protected":false},"featured_media":18964,"comment_status":"open","ping_status":"closed","template":"","meta":[],"product_brand":[],"product_cat":[8119],"product_tag":[27318,16076,16069,16070,16071,16075,16072,16074,16067,16068,16066,13937,16073,16077,16065,27316],"class_list":{"0":"post-16184","1":"product","2":"type-product","3":"status-publish","4":"has-post-thumbnail","6":"product_cat-motor-de-arranque","7":"product_tag-1113445-es","8":"product_tag-19847n-es","9":"product_tag-22800-7010-es","10":"product_tag-228000-7011-es","11":"product_tag-228000-7012-es","12":"product_tag-228000-7410-es","13":"product_tag-228000-7411-es","14":"product_tag-228000-7412-es","15":"product_tag-2280007010-es","16":"product_tag-2280007011-es","17":"product_tag-2280007012-es","18":"product_tag-2280007410-es","19":"product_tag-2280007411-es","20":"product_tag-2280007411-com-es","21":"product_tag-2280007412-es","22":"product_tag-re500199-es","24":"first","25":"instock","26":"taxable","27":"shipping-taxable","28":"purchasable","29":"product-type-simple"},"_links":{"self":[{"href":"https:\/\/com-automotive.com\/es\/wp-json\/wp\/v2\/product\/16184","targetHints":{"allow":["GET"]}}],"collection":[{"href":"https:\/\/com-automotive.com\/es\/wp-json\/wp\/v2\/product"}],"about":[{"href":"https:\/\/com-automotive.com\/es\/wp-json\/wp\/v2\/types\/product"}],"replies":[{"embeddable":true,"href":"https:\/\/com-automotive.com\/es\/wp-json\/wp\/v2\/comments?post=16184"}],"wp:featuredmedia":[{"embeddable":true,"href":"https:\/\/com-automotive.com\/es\/wp-json\/wp\/v2\/media\/18964"}],"wp:attachment":[{"href":"https:\/\/com-automotive.com\/es\/wp-json\/wp\/v2\/media?parent=16184"}],"wp:term":[{"taxonomy":"product_brand","embeddable":true,"href":"https:\/\/com-automotive.com\/es\/wp-json\/wp\/v2\/product_brand?post=16184"},{"taxonomy":"product_cat","embeddable":true,"href":"https:\/\/com-automotive.com\/es\/wp-json\/wp\/v2\/product_cat?post=16184"},{"taxonomy":"product_tag","embeddable":true,"href":"https:\/\/com-automotive.com\/es\/wp-json\/wp\/v2\/product_tag?post=16184"}],"curies":[{"name":"wp","href":"https:\/\/api.w.org\/{rel}","templated":true}]}}