{"id":16131,"date":"2023-11-01T16:16:58","date_gmt":"2023-11-01T19:16:58","guid":{"rendered":"https:\/\/com-automotive.com\/motor-de-arranque-de-24v-11d-10478998-2288312-caterpillar-6v0890\/"},"modified":"2024-06-02T17:53:36","modified_gmt":"2024-06-02T20:53:36","slug":"motor-de-arranque-de-24v-11d-10478998-2288312-caterpillar-6v0890","status":"publish","type":"product","link":"https:\/\/com-automotive.com\/es\/motor-de-arranque-de-24v-11d-10478998-2288312-caterpillar-6v0890\/","title":{"rendered":"Motor de arranque de 24V 11D 10478998 2288312 Caterpillar 6V0890<span class=\"product-sku\" style=\"display: block; font-size: 0.85em; color: #777; margin-top: 5px; margin-bottom: 5px;\">SKU: 6000.8998-COM<\/span>"},"content":{"rendered":"<h1><strong>COM-AUTOMOTIVE, calidad de dise\u00f1o original.<\/strong><\/h1>\n<p>10478998 24V 7.5KW 11D Arrancador Dise\u00f1o: Delco Remy Tipo: 42MT &#8211; OEM: CUMMINS<\/p>\n<h2>Preguntas m\u00e1s frecuentes<\/h2>\n<h3><strong>\u00bfCu\u00e1les son las referencias cruzadas?<\/strong><\/h3>\n<table style=\"height: 381px;\" width=\"1105\">\n<tbody>\n<tr>\n<td width=\"623\">T001000002, 10478998, 2288312, 0R2187, 0R2190, 0R4259, 0R5209, 1047041, 1047042, 1068551, 1068554, 3T2649, 3T3152, 3T3153, 4N0957, 4N1062, 4N8118, 4N957, 5L2537, 5L2637, 5L537, 5L637, 6B5539, 6N1886, 6N3122, 6N5405, 7L8797, 7T080000 , 7T0801, 7T0806, 8C3644, 8C3645, 8C3649, 8H1813, 9G5584, 9G5585, 9L6691, 9N0435, 9N0453, 135160, 135161, 135162, 135163, 147923, 173006, 173007, 3001214, 3021036, 3037489, 3328550, 3328552, 3603862, 3603862RX, 3604321RX, 555241, 706620,  70620382, 70622235, 73061273, 73069398, 73116947, 73117237, 73130194, 73130195, 73130625, C4TF11000A, C4TZ11002A, LN7400MC, 7400M, 7400MA, 7400MC, 260493C91, 307822R92, 313979R92, 313979R93, 317941R92, 439677R91, 489716C91, 527888C91 2 91, 627589C91, 690400C91, 755496C91, 989969C91, 989969R91, 5000811448, 10451047, 10461024, 10461030, 10461043, 10461047, 10461054, 10461068, 10461128, 10461143, 10461184, 10461259, 10461359, 10461360, 10478937, 10478938, 10478943, 10478946, 10478952, 10478980,  10478986, 10478988, 10478990, 10478998, 10479010, 10479111, 10479114, 10479119, 10479149, 10479164, 10479168, 10479171, 10479290, 1109702, 1109704, 1109705, 1109723, 1109745, 1109760, 1109762, 1109765, 1113726, 1113738, 1113792, 1113809, 1113813, 1113820, 1113824, 1113825, 1113831, 1113842, 1113845, 1113846, 1113847, 1113849, 1113850, 1113851, 1113855, 1113858, 1113868, 1113872, 1113876, 1113883, 1113887, 1113892, 1113895, 1113898, 1113900, 1113902, 1113905, 1113914, 1113915, 1113916, 1113920,  1113926, 1113935, 1113952, 1113955, 1113957, 1113958, 1113965, 1113968, 1113972, 1113973, 1113975, 1113976, 1113977, 1113980, 1113981, 1113994, 1113995, 1113997, 1113999, 1114715, 1114727, 1114728, 1114737, 1114756, 1114762, 1114781, 1114784, 1114842, 1114844, 1114846, 1114848, 1114849, 1114850, 1114851, 1114852, 1114853, 1114854, 1114855, 1114873, 1114874, 1114875, 1114878, 1114879, 1114880, 1114903, 1114915, 1114916, 1114923, 1114935, 1114947, 1114950, 1114951, 1114963, 1114964, 1114970,  1114979, 1114981, 1114987, 1990202, 1990344, 1990361, 1990367, 1990368, 1990382, 1990383, 1990384, 1990388, 1990409, 1990410, 1990416, 1990418, 1990422, 1990437, 1990456, 1990460, 1990461, 1990485, 1990491, 1990493, 1993700, 1993802, 1993805, 1993810, 1993842, 1993933, 1993941, 1993978<\/td>\n<\/tr>\n<\/tbody>\n<\/table>\n<h2><strong>Tabla de aplicaci\u00f3n<\/strong><\/h2>\n<p>Excavadora Samsung, SE350 Cummins L-10 1992-1993<\/p>\n<p>&nbsp;<\/p>\n<div>ATENCI\u00d3N:<\/div>\n<div>Recomendamos que la instalaci\u00f3n la realice un profesional formado y especializado.<\/div>\n<div>Solo realiza la compra de este producto (10478998) con la certeza de que es compatible con tu veh\u00edculo, si tienes alguna duda, no dudes en ponerte en contacto con nosotros. Nuestro horario de apertura es de lunes a viernes de 8 a 18 h.<\/div>\n<div><\/div>\n<div>Sobre nosotros<\/div>\n<div>COM Automotive est\u00e1 especializada en piezas de autom\u00f3vil de dise\u00f1o original para el sector de la reparaci\u00f3n posventa, clientes industriales y fabricantes de veh\u00edculos especiales OEM.<\/div>\n<div>Nuestro equipo tiene m\u00e1s de 28 a\u00f1os de experiencia en la fabricaci\u00f3n y el suministro de piezas de automoci\u00f3n a escala mundial.<\/div>\n<div>Nuestra MISI\u00d3N es ofrecer productos de dise\u00f1o original con una calidad impecable y una sustituci\u00f3n personalizada.<\/div>\n<div>Nuestra VISI\u00d3N es promover el crecimiento y un valor inigualable para nuestros clientes.<\/div>\n","protected":false},"excerpt":{"rendered":"<p>10478998-COM. En stock. Ref: T001000002, 10478998, 2288312, 0R2187, 0R2190, 0R4259, 0R5209, 1047041, 1047042, 1068551, 1068554, 3T2649, 3T3152, 3T3153, 4N0957, 4N1062, 4N8118, 4N957, 5L2537, 5L2637, 5L537, 5L637, 6B5539, 6N1886, 6N3122, 6N5405, 7L8797, 7797, 7L537, 7L537, 7L877, 7L877 T0800, 7T0801, 7T0806, 8C3644, 8C3645, 8C3649, 8H1813, 9G5584, 9G5585, 9L6691, 9N0435, 9N0453, 135160, 135161, 135162, 135163, 147923, 173006, 173007, 3001214, 3021036, 3037489, 3328550, 3328552, 3603862, 3603862RX, 3604321RX, 555241,  706620, 70620382, 70622235, 73061273, 73069398, 73116947, 73117237, 73130194, 73130195, 73130625, C4TF11000A, C4TZ11002A, LN7400MC, 7400MA, 260493C91, 307822R92, 313979R92, 313979R93, 317941R92, 439677R91, 489716C91, 527888C91, 62758 9C91, 690400C91, 755496C91, 989969C91, 989969R91, 5000811448, AZG4689, IS 1183, MS 77, 10451047, 10461024, 10461030, 10461043, 10461047, 10461054, 10461068, 10461128, 10461143, 10461184, 10461259, 10461359, 10461360, 10478937, 10478938, 10478943, 10478946, 10478952,  10478980, 10478986, 10478988, 10478990, 10478998, 10479010, 10479111, 10479114, 10479119, 10479149, 10479164, 10479168, 10479171, 10479290, 1109702, 1109704, 1109705, 1109723, 1109745, 1109760, 1109762, 1109765, 1113726, 1113738, 1113792, 1113809, 1113813, 1113820, 1113824, 1113825, 1113831, 1113842, 1113845, 1113846, 1113847, 1113849, 1113850, 1113851, 1113855, 1113858, 1113868, 1113872, 1113876, 1113883, 1113887, 1113892, 1113895, 1113898, 1113900, 1113902, 1113905, 1113914, 1113915, 1113916,  1113920, 1113926, 1113935, 1113952, 1113955, 1113957, 1113958, 1113965, 1113968, 1113972, 1113973, 1113975, 1113976, 1113977, 1113980, 1113981, 1113994, 1113995, 1113997, 1113999, 1114715, 1114727, 1114728, 1114737, 1114756, 1114762, 1114781, 1114784, 1114842, 1114844, 1114846, 1114848, 1114849, 1114850, 1114851, 1114852, 1114853, 1114854, 1114855, 1114873, 1114874, 1114875, 1114878, 1114879, 1114880, 1114903, 1114915, 1114916, 1114923, 1114935, 1114947, 1114950, 1114951, 1114963, 1114964,  1114970, 1114979, 1114981, 1114987, 1990202, 1990344, 1990361, 1990367, 1990368, 1990382, 1990383, 1990384, 1990388, 1990409, 1990410, 1990416, 1990418, 1990422, 1990437, 1990456, 1990460, 1990461, 1990485, 1990491, 1990493, 1993700, 1993802, 1993805, 1993810, 1993842, 1993933, 1993941, 1993978, ZM 8045602, DITA 20513 &#8211; compatible con: CUMMINS. Marca: COM Automotive &#8211; Producto con calidad y dise\u00f1o originales. Compatible con Delco Remy<\/p>\n","protected":false},"featured_media":18747,"comment_status":"open","ping_status":"closed","template":"","meta":[],"product_brand":[],"product_cat":[8119],"product_tag":[15706,15707,15708,15709,15788,15789,15790,15791,15792,15793,15794,15795,15796,15797,15798,15799,15800,15710,15711,15801,15802,15803,15804,15805,15806,15807,15808,15809,15704,15810,15811,15812,15813,15814,15815,15816,15817,15818,15712,15713,15819,15820,15821,15822,15823,15824,15825,15826,15827,15828,15829,15830,15831,15832,15833,15834,15835,15836,15837,15838,15839,15840,15841,15842,15843,15844,15845,15846,15847,15848,15849,15850,15851,15852,15853,15854,15855,15856,15857,15858,15859,15860,15861,15862,15863,15864,15865,15866,15867,15868,15869,15870,15871,15872,15873,15874,15875,15876,15877,15878,15879,15880,15881,15882,15883,15884,15885,15886,15887,15888,15889,15890,15891,15892,15893,15894,15895,15896,15897,15898,15899,15900,15901,15902,15903,15904,15905,15906,15907,15908,15909,15910,15911,15912,15913,15914,15915,15916,15917,15742,15743,15744,15745,15746,15747,15748,15918,15919,15920,15921,15922,15923,15924,15925,15926,15927,15928,15929,15930,15931,15932,15933,15934,15935,15936,15937,15938,15939,15940,15941,15942,15943,15944,15945,15946,15705,15774,15749,15750,15751,15775,15776,15777,15778,15752,15753,15754,15755,15756,15714,15715,15716,15779,15780,15717,15718,15719,15720,15787,15781,15757,15721,15722,15723,15724,15782,15783,15725,15726,15727,15728,15759,15760,15758,15761,15762,15763,15764,15765,15766,15767,15772,15784,15729,15730,15731,15732,15733,15734,15735,15736,15785,15786,15737,15738,15739,15740,15741,15768,15769,15770,15703],"class_list":{"0":"post-16131","1":"product","2":"type-product","3":"status-publish","4":"has-post-thumbnail","6":"product_cat-motor-de-arranque","7":"product_tag-0r2187-es","8":"product_tag-0r2190-es","9":"product_tag-0r4259-es","10":"product_tag-0r5209-es","11":"product_tag-10451047-es","12":"product_tag-10461024-es","13":"product_tag-10461030-es","14":"product_tag-10461043-es","15":"product_tag-10461047-es","16":"product_tag-10461054-es","17":"product_tag-10461068-es","18":"product_tag-10461128-es","19":"product_tag-10461143-es","20":"product_tag-10461184-es","21":"product_tag-10461259-es","22":"product_tag-10461359-es","23":"product_tag-10461360-es","24":"product_tag-1047041-es","25":"product_tag-1047042-es","26":"product_tag-10478937-es","27":"product_tag-10478938-es","28":"product_tag-10478943-es","29":"product_tag-10478946-es","30":"product_tag-10478952-es","31":"product_tag-10478980-es","32":"product_tag-10478986-es","33":"product_tag-10478988-es","34":"product_tag-10478990-es","35":"product_tag-10478998-es","36":"product_tag-10479010-es","37":"product_tag-10479111-es","38":"product_tag-10479114-es","39":"product_tag-10479119-es","40":"product_tag-10479149-es","41":"product_tag-10479164-es","42":"product_tag-10479168-es","43":"product_tag-10479171-es","44":"product_tag-10479290-es","45":"product_tag-1068551-es","46":"product_tag-1068554-es","47":"product_tag-1109702-es","48":"product_tag-1109704-es","49":"product_tag-1109705-es","50":"product_tag-1109723-es","51":"product_tag-1109745-es","52":"product_tag-1109760-es","53":"product_tag-1109762-es","54":"product_tag-1109765-es","55":"product_tag-1113726-es","56":"product_tag-1113738-es","57":"product_tag-1113792-es","58":"product_tag-1113809-es","59":"product_tag-1113813-es","60":"product_tag-1113820-es","61":"product_tag-1113824-es","62":"product_tag-1113825-es","63":"product_tag-1113831-es","64":"product_tag-1113842-es","65":"product_tag-1113845-es","66":"product_tag-1113846-es","67":"product_tag-1113847-es","68":"product_tag-1113849-es","69":"product_tag-1113850-es","70":"product_tag-1113851-es","71":"product_tag-1113855-es","72":"product_tag-1113858-es","73":"product_tag-1113868-es","74":"product_tag-1113872-es","75":"product_tag-1113876-es","76":"product_tag-1113883-es","77":"product_tag-1113887-es","78":"product_tag-1113892-es","79":"product_tag-1113895-es","80":"product_tag-1113898-es","81":"product_tag-1113900-es","82":"product_tag-1113902-es","83":"product_tag-1113905-es","84":"product_tag-1113914-es","85":"product_tag-1113915-es","86":"product_tag-1113916-es","87":"product_tag-1113920-es","88":"product_tag-1113926-es","89":"product_tag-1113935-es","90":"product_tag-1113952-es","91":"product_tag-1113955-es","92":"product_tag-1113957-es","93":"product_tag-1113958-es","94":"product_tag-1113965-es","95":"product_tag-1113968-es","96":"product_tag-1113972-es","97":"product_tag-1113973-es","98":"product_tag-1113975-es","99":"product_tag-1113976-es","100":"product_tag-1113977-es","101":"product_tag-1113980-es","102":"product_tag-1113981-es","103":"product_tag-1113994-es","104":"product_tag-1113995-es","105":"product_tag-1113997-es","106":"product_tag-1113999-es","107":"product_tag-1114715-es","108":"product_tag-1114727-es","109":"product_tag-1114728-es","110":"product_tag-1114737-es","111":"product_tag-1114756-es","112":"product_tag-1114762-es","113":"product_tag-1114781-es","114":"product_tag-1114784-es","115":"product_tag-1114842-es","116":"product_tag-1114844-es","117":"product_tag-1114846-es","118":"product_tag-1114848-es","119":"product_tag-1114849-es","120":"product_tag-1114850-es","121":"product_tag-1114851-es","122":"product_tag-1114852-es","123":"product_tag-1114853-es","124":"product_tag-1114854-es","125":"product_tag-1114855-es","126":"product_tag-1114873-es","127":"product_tag-1114874-es","128":"product_tag-1114875-es","129":"product_tag-1114878-es","130":"product_tag-1114879-es","131":"product_tag-1114880-es","132":"product_tag-1114903-es","133":"product_tag-1114915-es","134":"product_tag-1114916-es","135":"product_tag-1114923-es","136":"product_tag-1114935-es","137":"product_tag-1114947-es","138":"product_tag-1114950-es","139":"product_tag-1114951-es","140":"product_tag-1114963-es","141":"product_tag-1114964-es","142":"product_tag-1114970-es","143":"product_tag-1114979-es","144":"product_tag-1114981-es","145":"product_tag-1114987-es","146":"product_tag-135160-es","147":"product_tag-135161-es","148":"product_tag-135162-es","149":"product_tag-135163-es","150":"product_tag-147923-es","151":"product_tag-173006-es","152":"product_tag-173007-es","153":"product_tag-1990202-es","154":"product_tag-1990344-es","155":"product_tag-1990361-es","156":"product_tag-1990367-es","157":"product_tag-1990368-es","158":"product_tag-1990382-es","159":"product_tag-1990383-es","160":"product_tag-1990384-es","161":"product_tag-1990388-es","162":"product_tag-1990409-es","163":"product_tag-1990410-es","164":"product_tag-1990416-es","165":"product_tag-1990418-es","166":"product_tag-1990422-es","167":"product_tag-1990437-es","168":"product_tag-1990456-es","169":"product_tag-1990460-es","170":"product_tag-1990461-es","171":"product_tag-1990485-es","172":"product_tag-1990491-es","173":"product_tag-1990493-es","174":"product_tag-1993700-es","175":"product_tag-1993802-es","176":"product_tag-1993805-es","177":"product_tag-1993810-es","178":"product_tag-1993842-es","179":"product_tag-1993933-es","180":"product_tag-1993941-es","181":"product_tag-1993978-es","182":"product_tag-2288312-es","183":"product_tag-260493c91-es","184":"product_tag-3001214-es","185":"product_tag-3021036-es","186":"product_tag-3037489-es","187":"product_tag-307822r92-es","188":"product_tag-313979r92-es","189":"product_tag-313979r93-es","190":"product_tag-317941r92-es","191":"product_tag-3328550-es","192":"product_tag-3328552-es","193":"product_tag-3603862-es","194":"product_tag-3603862rx-es","195":"product_tag-3604321rx-es","196":"product_tag-3t2649-es","197":"product_tag-3t3152-es","198":"product_tag-3t3153-es","199":"product_tag-439677r91-es","200":"product_tag-489716c91-es","201":"product_tag-4n0957-es","202":"product_tag-4n1062-es","203":"product_tag-4n8118-es","204":"product_tag-4n957-es","205":"product_tag-5000811448-es","206":"product_tag-527888c91-es","207":"product_tag-555241-es","208":"product_tag-5l2537-es","209":"product_tag-5l2637-es","210":"product_tag-5l537-es","211":"product_tag-5l637-es","212":"product_tag-627589c91-es","213":"product_tag-690400c91-es","214":"product_tag-6b5539-es","215":"product_tag-6n1886-es","216":"product_tag-6n3122-es","217":"product_tag-6n5405-es","218":"product_tag-70620382-es","219":"product_tag-70622235-es","220":"product_tag-706620-es","221":"product_tag-73061273-es","222":"product_tag-73069398-es","223":"product_tag-73116947-es","224":"product_tag-73117237-es","225":"product_tag-73130194-es","226":"product_tag-73130195-es","227":"product_tag-73130625-es","228":"product_tag-7400ma-es","229":"product_tag-755496c91-es","230":"product_tag-7l8797-es","231":"product_tag-7t0800-es","232":"product_tag-7t0801-es","233":"product_tag-7t0806-es","234":"product_tag-8c3644-es","235":"product_tag-8c3645-es","236":"product_tag-8c3649-es","237":"product_tag-8h1813-es","238":"product_tag-989969c91-es","239":"product_tag-989969r91-es","240":"product_tag-9g5584-es","241":"product_tag-9g5585-es","242":"product_tag-9l6691-es","243":"product_tag-9n0435-es","244":"product_tag-9n0453-es","245":"product_tag-c4tf11000a-es","246":"product_tag-c4tz11002a-es","247":"product_tag-ln7400mc-es","248":"product_tag-t001000002-es","250":"first","251":"instock","252":"taxable","253":"shipping-taxable","254":"purchasable","255":"product-type-simple"},"_links":{"self":[{"href":"https:\/\/com-automotive.com\/es\/wp-json\/wp\/v2\/product\/16131","targetHints":{"allow":["GET"]}}],"collection":[{"href":"https:\/\/com-automotive.com\/es\/wp-json\/wp\/v2\/product"}],"about":[{"href":"https:\/\/com-automotive.com\/es\/wp-json\/wp\/v2\/types\/product"}],"replies":[{"embeddable":true,"href":"https:\/\/com-automotive.com\/es\/wp-json\/wp\/v2\/comments?post=16131"}],"wp:featuredmedia":[{"embeddable":true,"href":"https:\/\/com-automotive.com\/es\/wp-json\/wp\/v2\/media\/18747"}],"wp:attachment":[{"href":"https:\/\/com-automotive.com\/es\/wp-json\/wp\/v2\/media?parent=16131"}],"wp:term":[{"taxonomy":"product_brand","embeddable":true,"href":"https:\/\/com-automotive.com\/es\/wp-json\/wp\/v2\/product_brand?post=16131"},{"taxonomy":"product_cat","embeddable":true,"href":"https:\/\/com-automotive.com\/es\/wp-json\/wp\/v2\/product_cat?post=16131"},{"taxonomy":"product_tag","embeddable":true,"href":"https:\/\/com-automotive.com\/es\/wp-json\/wp\/v2\/product_tag?post=16131"}],"curies":[{"name":"wp","href":"https:\/\/api.w.org\/{rel}","templated":true}]}}