{"id":16130,"date":"2023-11-01T16:16:48","date_gmt":"2023-11-01T19:16:48","guid":{"rendered":"https:\/\/com-automotive.com\/24-12d-10479013-0r4263-motor-de-arranque-caterpillar-938g-140h-950f-950h-12k\/"},"modified":"2023-11-01T16:16:48","modified_gmt":"2023-11-01T19:16:48","slug":"24-12d-10479013-0r4263-motor-de-arranque-caterpillar-938g-140h-950f-950h-12k","status":"publish","type":"product","link":"https:\/\/com-automotive.com\/es\/24-12d-10479013-0r4263-motor-de-arranque-caterpillar-938g-140h-950f-950h-12k\/","title":{"rendered":"24 12D 10479013 0R4263 Motor de arranque Caterpillar 938G 140H 950F 950H 12K<span class=\"product-sku\" style=\"display: block; font-size: 0.85em; color: #777; margin-top: 5px; margin-bottom: 5px;\">SKU: 6000.9013-COM<\/span>"},"content":{"rendered":"<h1><strong>COM-AUTOMOTIVE, calidad de dise\u00f1o original.<\/strong><\/h1>\n<p>10479013 24V 7.5KW 12D Arrancador Dise\u00f1o: Delco Remy Tipo: 41MT &#8211; OEM: CATERPILLAR<\/p>\n<h2>Preguntas m\u00e1s frecuentes<\/h2>\n<h3><strong>\u00bfCu\u00e1les son las referencias cruzadas?<\/strong><\/h3>\n<p>T001000089, 10479013, 0R4263, 1047040, 1068557, 1068558, 1068559, 10R0395, 2071511, 2071517, 6V5720, 10461153, 10461395, 10461417, 10478961, 10479013<\/p>\n<h2><strong>Tabla de aplicaci\u00f3n<\/strong><\/h2>\n<table width=\"623\">\n<tbody>\n<tr>\n<td width=\"623\">CATERPILLAR, CATERPILLARDIESEL,<\/td>\n<\/tr>\n<tr>\n<td>CATERPILLAR 120K, CATERPILLARDIESEL,<\/td>\n<\/tr>\n<tr>\n<td>CATERPILLAR 140K, CATERPILLAR 10.3L DIESEL,<\/td>\n<\/tr>\n<tr>\n<td>CATERPILLAR 160K, CATERPILLARDIESEL,<\/td>\n<\/tr>\n<tr>\n<td>CATERPILLAR 322B, CATERPILLARDIESEL,<\/td>\n<\/tr>\n<tr>\n<td>CATERPILLAR 322C, CATERPILLARDIESEL,<\/td>\n<\/tr>\n<tr>\n<td>CATERPILLAR 324D, CATERPILLARDIESEL,<\/td>\n<\/tr>\n<tr>\n<td>CATERPILLAR 325, CATERPILLARDIESEL,<\/td>\n<\/tr>\n<tr>\n<td>CATERPILLAR 325B, CATERPILLARDIESEL,<\/td>\n<\/tr>\n<tr>\n<td>CATERPILLAR 325C, CATERPILLARDIESEL,<\/td>\n<\/tr>\n<tr>\n<td>CATERPILLAR 325D, CATERPILLARDIESEL, 2007-*.<\/td>\n<\/tr>\n<tr>\n<td>CATERPILLAR 329D, CATERPILLARDIESEL,<\/td>\n<\/tr>\n<tr>\n<td>CATERPILLAR 550, CATERPILLARDIESEL,<\/td>\n<\/tr>\n<tr>\n<td>CATERPILLAR 570, CATERPILLARDIESEL,<\/td>\n<\/tr>\n<tr>\n<td>CATERPILLAR 570B, CATERPILLARDIESEL,<\/td>\n<\/tr>\n<tr>\n<td>CATERPILLAR 580, CATERPILLARDIESEL,<\/td>\n<\/tr>\n<tr>\n<td>CATERPILLAR 580B, CATERPILLARDIESEL,<\/td>\n<\/tr>\n<tr>\n<td>CATERPILLAR 928F, CATERPILLARDIESEL,<\/td>\n<\/tr>\n<tr>\n<td>CATERPILLAR 928G, CATERPILLARDIESEL,<\/td>\n<\/tr>\n<tr>\n<td>CATERPILLAR 938F, CATERPILLARDIESEL,<\/td>\n<\/tr>\n<tr>\n<td>CATERPILLAR 938G, CATERPILLARDIESEL,<\/td>\n<\/tr>\n<tr>\n<td>CATERPILLAR D5N, CATERPILLARDIESEL,<\/td>\n<\/tr>\n<tr>\n<td>CATERPILLAR D6N, CATERPILLAR 6.6L DIESEL,<\/td>\n<\/tr>\n<tr>\n<td>CATERPILLAR D6N LGP, CATERPILLARDIESEL,<\/td>\n<\/tr>\n<tr>\n<td>CATERPILLAR D6N XL, CATERPILLAR 6.6L DIESEL,<\/td>\n<\/tr>\n<tr>\n<td>CATERPILLAR M318, CATERPILLARDIESEL,<\/td>\n<\/tr>\n<tr>\n<td>CATERPILLAR M320, CATERPILLARDIESEL,<\/td>\n<\/tr>\n<tr>\n<td>CATERPILLAR M325B, CATERPILLARDIESEL,<\/td>\n<\/tr>\n<tr>\n<td>CATERPILLAR M325C, CATERPILLARDIESEL,<\/td>\n<\/tr>\n<tr>\n<td>CATERPILLAR M325D, CATERPILLARDIESEL,<\/td>\n<\/tr>\n<\/tbody>\n<\/table>\n<div><\/div>\n<div>ATENCI\u00d3N:<\/div>\n<div>Recomendamos que la instalaci\u00f3n la realice un profesional formado y especializado.<\/div>\n<div>S\u00f3lo compra este producto si est\u00e1s seguro de que es compatible con tu veh\u00edculo. Si tienes alguna duda, no dudes en ponerte en contacto con nosotros. Nuestro horario de apertura es de lunes a viernes de 8 a 18 h.<\/div>\n<div><\/div>\n<div>Sobre nosotros<\/div>\n<div>COM Automotive est\u00e1 especializada en piezas de autom\u00f3vil de dise\u00f1o original para el sector de la reparaci\u00f3n posventa, clientes industriales y fabricantes de veh\u00edculos especiales OEM.<\/div>\n<div>Nuestro equipo tiene m\u00e1s de 28 a\u00f1os de experiencia en la fabricaci\u00f3n y el suministro de piezas de automoci\u00f3n a escala mundial.<\/div>\n<div>Nuestra MISI\u00d3N es ofrecer productos de dise\u00f1o original con una calidad impecable y una sustituci\u00f3n personalizada.<\/div>\n<div>Nuestra VISI\u00d3N es promover el crecimiento y un valor inigualable para nuestros clientes.<\/div>\n","protected":false},"excerpt":{"rendered":"<p>10479013-COM. En stock. Ref: T001000089, 10479013, 0R4263, 1047040, 1068557, 1068558, 1068559, 10R0395, 2071511, 2071517, 6V5720, 10461153, 10461395, 10461417, 10478961, 10479013, DITA 20409 &#8211; compatible con: CATERPILLAR. Marca: COM Automotive &#8211; Producto con calidad y dise\u00f1o originales. Compatible con Delco Remy<\/p>\n","protected":false},"featured_media":18749,"comment_status":"open","ping_status":"closed","template":"","meta":[],"product_brand":[],"product_cat":[8119],"product_tag":[15690,15699,15700,15701,15691,15702,15689,15692,15693,15694,15695,15696,15697,15698,15688],"class_list":{"0":"post-16130","1":"product","2":"type-product","3":"status-publish","4":"has-post-thumbnail","6":"product_cat-motor-de-arranque","7":"product_tag-0r4263-es","8":"product_tag-10461153-es","9":"product_tag-10461395-es","10":"product_tag-10461417-es","11":"product_tag-1047040-es","12":"product_tag-10478961-es","13":"product_tag-10479013-es","14":"product_tag-1068557-es","15":"product_tag-1068558-es","16":"product_tag-1068559-es","17":"product_tag-10r0395-es","18":"product_tag-2071511-es","19":"product_tag-2071517-es","20":"product_tag-6v5720-es","21":"product_tag-t001000089-es","23":"first","24":"instock","25":"taxable","26":"shipping-taxable","27":"purchasable","28":"product-type-simple"},"_links":{"self":[{"href":"https:\/\/com-automotive.com\/es\/wp-json\/wp\/v2\/product\/16130","targetHints":{"allow":["GET"]}}],"collection":[{"href":"https:\/\/com-automotive.com\/es\/wp-json\/wp\/v2\/product"}],"about":[{"href":"https:\/\/com-automotive.com\/es\/wp-json\/wp\/v2\/types\/product"}],"replies":[{"embeddable":true,"href":"https:\/\/com-automotive.com\/es\/wp-json\/wp\/v2\/comments?post=16130"}],"wp:featuredmedia":[{"embeddable":true,"href":"https:\/\/com-automotive.com\/es\/wp-json\/wp\/v2\/media\/18749"}],"wp:attachment":[{"href":"https:\/\/com-automotive.com\/es\/wp-json\/wp\/v2\/media?parent=16130"}],"wp:term":[{"taxonomy":"product_brand","embeddable":true,"href":"https:\/\/com-automotive.com\/es\/wp-json\/wp\/v2\/product_brand?post=16130"},{"taxonomy":"product_cat","embeddable":true,"href":"https:\/\/com-automotive.com\/es\/wp-json\/wp\/v2\/product_cat?post=16130"},{"taxonomy":"product_tag","embeddable":true,"href":"https:\/\/com-automotive.com\/es\/wp-json\/wp\/v2\/product_tag?post=16130"}],"curies":[{"name":"wp","href":"https:\/\/api.w.org\/{rel}","templated":true}]}}