{"id":16129,"date":"2023-11-01T16:14:31","date_gmt":"2023-11-01T19:14:31","guid":{"rendered":"https:\/\/com-automotive.com\/motor-de-arranque-de-0001107045-de-12v-79d-para-vectra-astra-2-0-2-2-16v-2001\/"},"modified":"2025-03-17T16:33:55","modified_gmt":"2025-03-17T19:33:55","slug":"motor-de-arranque-de-0001107045-de-12v-79d-para-vectra-astra-2-0-2-2-16v-2001","status":"publish","type":"product","link":"https:\/\/com-automotive.com\/es\/motor-de-arranque-de-0001107045-de-12v-79d-para-vectra-astra-2-0-2-2-16v-2001\/","title":{"rendered":"Motor de arranque 12V 1.1KW 9T compatible 0001107045 para Vectra Astra 2.0 2.2 16V 2001&gt;<span class=\"product-sku\" style=\"display: block; font-size: 0.85em; color: #777; margin-top: 5px; margin-bottom: 5px;\">SKU: 6000.7045-COM<\/span>"},"content":{"rendered":"<h1><strong>COM-AUTOMOTIVE, calidad de dise\u00f1o original.<\/strong><\/h1>\n<p>Motor de arranque compatible 0001107045 12V 1.1KW 9 Dientes<\/p>\n<h2>Preguntas m\u00e1s frecuentes<\/h2>\n<h3><strong>\u00bfCu\u00e1les son las referencias cruzadas?<\/strong><\/h3>\n<p>T001002002, 0001107045, 93297653, 90512189, 90518627, 93297653, 8000159, 9000891, ZEN 31021, Euro 20554, 20317, 9000891, 8000159, 93297653<\/p>\n<h2><strong>Tabla de aplicaci\u00f3n<\/strong><\/h2>\n<table width=\"997\">\n<tbody>\n<tr>\n<td width=\"997\">CHEVROLET S10 C.CAB EXECUTIVE G-1, SOHC X24XF 2.4L 8V SOHC L4 FLEX, 2009-2012.<\/td>\n<\/tr>\n<tr>\n<td>CHEVROLET VECTRA GLS ,DOHC SFI JWJX 2.2L 16V DOHC L4 GASOLINA, 1998-2005.<\/td>\n<\/tr>\n<tr>\n<td>CHEVROLET S10 LTZ 4X2 CABINA DOBLE AUTOM\u00c1TICA G-2,SOHC N24XF 2.4 L 8V SOHC L4 FLEX, 2012-2013.<\/td>\n<\/tr>\n<tr>\n<td>CHEVROLET S10 C.CAB TORNADO 4X2 G-1,SOHC X24XF 2.4 L 8V SOHC L4 FLEX, 2008-2012.<\/td>\n<\/tr>\n<tr>\n<td>CHEVROLET S10 S.CAB ADVANTAGE G-1,SOHC X24XF 2.4 L 8V SOHC L4 FLEX, 2008-2012.<\/td>\n<\/tr>\n<tr>\n<td>CHEVROLET S10 STD EFI G-1,SOHC EFI B22NZ 2.2L 8V SOHC L4 GASOLINA, 1995-1999.<\/td>\n<\/tr>\n<tr>\n<td>CHEVROLET S10 LUXE EFI G-1,SOHC EFI B22NZ 2.2 L 8V SOHC L4 GASOLINA, 1995-1998.<\/td>\n<\/tr>\n<tr>\n<td>CHEVROLET S10 C.CAB DODGE G-1, SOHC X24XF 2.4 L 8V SOHC L4 FLEX, 2010-2012.<\/td>\n<\/tr>\n<tr>\n<td>CHEVROLET VECTRA CD ,DOHC SFI C20SE 2.0 L 16V DOHC L4 GASOLINA, 1996-2004.<\/td>\n<\/tr>\n<tr>\n<td>CHEVROLET S10 LT 4X2 DOBLE CAB G-2,SOHC N24XF 2.4 L 8V SOHC L4 FLEX, 2012-2013.<\/td>\n<\/tr>\n<tr>\n<td>CHEVROLET S10 STD MPFI G-1,SOHC MPFI C22SE 2.2L 8V SOHC L4 GASOLINA, 1997-2001.<\/td>\n<\/tr>\n<tr>\n<td>CHEVROLET VECTRA CD 2.2 ,DOHC SFI JWJX 2.2 L 16V DOHC L4 GASOLINA, 1998-2007.<\/td>\n<\/tr>\n<tr>\n<td>CHEVROLET S10 C.CAB TORNADO 4X2 G-1,SOHC X24XF 2.4 L 8V SOHC L4 FLEX, 2007-2007.<\/td>\n<\/tr>\n<tr>\n<td>CHEVROLET S10 LTZ 4X2 CABINA DOBLE AUTOM\u00c1TICA G-2,SOHC N24XF 2.4 L 8V SOHC L4 FLEX, 2014-2019.<\/td>\n<\/tr>\n<tr>\n<td>CHEVROLET S10 LS 4X2 CABINA SIMPLE G-2, SOHC N24XF 2.4 L 8V SOHC L4 FLEX, 2012-2013.<\/td>\n<\/tr>\n<tr>\n<td>CHEVROLET ZAFIRA SFI 16V ,DOHC SFI C20SE 2.0L 16V DOHC L4 GASOLINA, 2001-2007.<\/td>\n<\/tr>\n<tr>\n<td>CHEVROLET ASTRA GLS SFI 16V, C20SEL C20SE 2.0L 16V DOHC L4 GASOLINA, 1999-2006.<\/td>\n<\/tr>\n<tr>\n<td>CHEVROLET S10 S.CAB EXECUTIVE G-1, SOHC X24XF 2.4 L 8V SOHC L4 FLEX, 2008-2010.<\/td>\n<\/tr>\n<tr>\n<td>CHEVROLET S10 LT 4X2 DOBLE CAB G-2,SOHC N24XF 2.4 L 8V SOHC L4 FLEX, 2014-2014.<\/td>\n<\/tr>\n<tr>\n<td>CHEVROLET S10 LS 4X2 DOBLE CAB G-2,SOHC X24XF 2.4 L 8V SOHC L4 FLEX, 2014-2015.<\/td>\n<\/tr>\n<tr>\n<td>CHEVROLET S10 LS 4X2 CABINA SIMPLE G-2,SOHC N24XF 2.4 L 8V SOHC L4 FLEX, 2014-2015.<\/td>\n<\/tr>\n<tr>\n<td>CHEVROLET ASTRA GSI ,C20SEL C20SE 2.0L 16V DOHC L4 GASOLINA, 1999-2004.<\/td>\n<\/tr>\n<tr>\n<td>CHEVROLET S10 LS 4X2 DOBLE CAB G-2,SOHC X24XF 2.4L 8V SOHC L4 FLEX, 2012-2013.<\/td>\n<\/tr>\n<tr>\n<td>CHEVROLET ASTRA 2.0 16V ,C20SEL C20SE 2.0L 16V DOHC L4 GASOLINA, 2001-2005.<\/td>\n<\/tr>\n<tr>\n<td>CHEVROLET S10 LS 4X2 DOBLE CAB G-2,SOHC N24XF 2.4 L 8V SOHC L4 FLEX, 2016-2019.<\/td>\n<\/tr>\n<tr>\n<td>CHEVROLET S10 C.CAB COLINA 4X2 G-1,SOHC X24XF 2.4 L 8V SOHC L4 FLEX, 2008-2010.<\/td>\n<\/tr>\n<tr>\n<td>CHEVROLET VECTRA GSI ,DOHC SFI C20XE 2.0 L 16V DOHC L4 GASOLINA, 1993-1997.<\/td>\n<\/tr>\n<tr>\n<td>CHEVROLET S10 DLX MPFI G-1,SOHC MPFI C22SE 2.2L 8V SOHC L4 GASOLINA, 1997-2000.<\/td>\n<\/tr>\n<tr>\n<td>CHEVROLET S10 S.CAB 4X2 G-1,SOHC X24XF 2.4 L 8V SOHC L4 FLEX, 2008-2009.<\/td>\n<\/tr>\n<tr>\n<td>CHEVROLET S10 C.CAB COLINA 4X2 G-1,SOHC X24XF 2.4 L 8V SOHC L4 FLEX, 2007-2007.<\/td>\n<\/tr>\n<tr>\n<td>CHEVROLET S10 ADVANTAGE G-2,SOHC N24XF 2.4 L 8V SOHC L4 FLEX, 2016-2019.<\/td>\n<\/tr>\n<tr>\n<td>CHEVROLET ASTRA 2.0 16V MPFI ,C20SEL C20SE 2.0L 16V DOHC L4 GASOLINA, 2001-2006.<\/td>\n<\/tr>\n<tr>\n<td>CHEVROLET S10 S.CAB 4X2 G-1,SOHC X24XF 2.4 L 8V SOHC L4 FLEX, 2007-2007.<\/td>\n<\/tr>\n<tr>\n<td>CHEVROLET ZAFIRA ELITE ,DOHC SFI C20SE 2.0 L 16V DOHC L4 GASOLINA, 2004-2006.<\/td>\n<\/tr>\n<tr>\n<td>CHEVROLET ZAFIRA ELEGANCE ,DOHC SFI C20SE 2.0 L 16V DOHC L4 GASOLINA, 2004-2006.<\/td>\n<\/tr>\n<tr>\n<td>CHEVROLET VECTRA ELEGANCE ,DOHC SFI JWJX 2.2 L 16V DOHC L4 GASOLINA, 1998-2001.<\/td>\n<\/tr>\n<tr>\n<td>CHEVROLET VECTRA CD 2.2 ,DOHC SFI JWJX 2.2 L 16V DOHC L4 GASOLINA, 2008-2009.<\/td>\n<\/tr>\n<tr>\n<td>CHEVROLET VECTRA ELEGANCE ,DOHC SFI JWJX 2.2 L 16V DOHC L4 GASOLINA, 2010-2010.<\/td>\n<\/tr>\n<tr>\n<td>CHEVROLET ZAFIRA SFI 16V ,DOHC SFI C20SE 2.0 L 16V DOHC L4 GASOLINA, 2008-2008.<\/td>\n<\/tr>\n<\/tbody>\n<\/table>\n<p>&nbsp;<\/p>\n<div>ATENCI\u00d3N:<\/div>\n<div>Recomendamos que la instalaci\u00f3n la realice un profesional formado y especializado.<\/div>\n<div>Solo realiza la compra de este producto (0001107045) con la certeza de que es compatible con tu veh\u00edculo, si tienes alguna duda, no dudes en ponerte en contacto con nosotros. Nuestro horario de apertura es de lunes a viernes de 8 a 18 h.<\/div>\n<div><\/div>\n<div>Sobre nosotros<\/div>\n<div>COM Automotive est\u00e1 especializada en piezas de autom\u00f3vil de dise\u00f1o original para el sector de la reparaci\u00f3n posventa, clientes industriales y fabricantes de veh\u00edculos especiales OEM.<\/div>\n<div>Nuestro equipo tiene m\u00e1s de 28 a\u00f1os de experiencia en la fabricaci\u00f3n y el suministro de piezas de automoci\u00f3n a escala mundial.<\/div>\n<div>Nuestra MISI\u00d3N es ofrecer productos de dise\u00f1o original con una calidad impecable y una sustituci\u00f3n personalizada.<\/div>\n<div>Nuestra VISI\u00d3N es promover el crecimiento y un valor inigualable para nuestros clientes.<\/div>\n","protected":false},"excerpt":{"rendered":"<p>6000.7045-COM. En stock. Compatible con: T001002002, 0001107045, 93297653, 90512189, 90518627, 0001107056, 0001107034, MB8000159, 9000891, ZEN 31021, EURO 20554, 33083N. Marca: COM Automotive &#8211; Producto con calidad y dise\u00f1o originales.<\/p>\n","protected":false},"featured_media":18512,"comment_status":"open","ping_status":"closed","template":"","meta":[],"product_brand":[],"product_cat":[8119],"product_tag":[33777,33768,33779,33776,33778,33780,33782,33781,33772,33773,33770,33771,33769,33775,33767,33774],"class_list":{"0":"post-16129","1":"product","2":"type-product","3":"status-publish","4":"has-post-thumbnail","6":"product_cat-motor-de-arranque","7":"product_tag-0001107034-es","8":"product_tag-0001107045-es","9":"product_tag-0001107045-com-es","10":"product_tag-0001107056-es","11":"product_tag-33083n-es","12":"product_tag-6000-7045-com-es","13":"product_tag-60007045-es","14":"product_tag-60007045-com-es","15":"product_tag-8000159-es","16":"product_tag-9000891-es","17":"product_tag-90512189-es","18":"product_tag-90518627-es","19":"product_tag-93297653-es","20":"product_tag-eurocopa-20554","21":"product_tag-t001002002-es","22":"product_tag-zen-31021-es","24":"first","25":"instock","26":"taxable","27":"shipping-taxable","28":"purchasable","29":"product-type-simple"},"_links":{"self":[{"href":"https:\/\/com-automotive.com\/es\/wp-json\/wp\/v2\/product\/16129","targetHints":{"allow":["GET"]}}],"collection":[{"href":"https:\/\/com-automotive.com\/es\/wp-json\/wp\/v2\/product"}],"about":[{"href":"https:\/\/com-automotive.com\/es\/wp-json\/wp\/v2\/types\/product"}],"replies":[{"embeddable":true,"href":"https:\/\/com-automotive.com\/es\/wp-json\/wp\/v2\/comments?post=16129"}],"wp:featuredmedia":[{"embeddable":true,"href":"https:\/\/com-automotive.com\/es\/wp-json\/wp\/v2\/media\/18512"}],"wp:attachment":[{"href":"https:\/\/com-automotive.com\/es\/wp-json\/wp\/v2\/media?parent=16129"}],"wp:term":[{"taxonomy":"product_brand","embeddable":true,"href":"https:\/\/com-automotive.com\/es\/wp-json\/wp\/v2\/product_brand?post=16129"},{"taxonomy":"product_cat","embeddable":true,"href":"https:\/\/com-automotive.com\/es\/wp-json\/wp\/v2\/product_cat?post=16129"},{"taxonomy":"product_tag","embeddable":true,"href":"https:\/\/com-automotive.com\/es\/wp-json\/wp\/v2\/product_tag?post=16129"}],"curies":[{"name":"wp","href":"https:\/\/api.w.org\/{rel}","templated":true}]}}