{"id":16127,"date":"2023-11-01T16:17:04","date_gmt":"2023-11-01T19:17:04","guid":{"rendered":"https:\/\/com-automotive.com\/motor-de-arranque-cummins-de-12v-4-6kw-10d-8200077-3978385\/"},"modified":"2023-11-01T16:17:04","modified_gmt":"2023-11-01T19:17:04","slug":"motor-de-arranque-cummins-de-12v-4-6kw-10d-8200077-3978385","status":"publish","type":"product","link":"https:\/\/com-automotive.com\/es\/motor-de-arranque-cummins-de-12v-4-6kw-10d-8200077-3978385\/","title":{"rendered":"Motor de arranque Cummins de 12V 4.6KW 10D 8200077 3978385<span class=\"product-sku\" style=\"display: block; font-size: 0.85em; color: #777; margin-top: 5px; margin-bottom: 5px;\">SKU: 6000.0077-COM<\/span>"},"content":{"rendered":"<h1><strong>COM-AUTOMOTIVE, calidad de dise\u00f1o original.<\/strong><\/h1>\n<p>8200077 12V 4.6KW 10D Arrancador Dise\u00f1o: Delco Remy Tipo: 38MT &#8211; OEM: CUMMINS<\/p>\n<h2>Preguntas m\u00e1s frecuentes<\/h2>\n<h3><strong>\u00bfCu\u00e1les son las referencias cruzadas?<\/strong><\/h3>\n<p>T001000078, 8200077, 3978385, 3965281, 8C4Z11002BA, 19026031, 8200023, 8200077, 8200235, 8201039<\/p>\n<h2><strong>Tabla de aplicaci\u00f3n<\/strong><\/h2>\n<table width=\"623\">\n<tbody>\n<tr>\n<td width=\"623\">AUTOCA, CUMMINS ISB6.7L DIESEL,<\/td>\n<\/tr>\n<tr>\n<td>P\u00c1JARO AZUL, 6.7L DIESEL,<\/td>\n<\/tr>\n<tr>\n<td>CAPACIDAD, CUMMINS 6.7L DIESEL,<\/td>\n<\/tr>\n<tr>\n<td>CAPACIDAD, CUMMINS ISB6.7L DIESEL,<\/td>\n<\/tr>\n<tr>\n<td>CAPACIDAD, CUMMINS QSB6.7L DIESEL,<\/td>\n<\/tr>\n<tr>\n<td>CAPACIDAD, CUMMINS QSBT36.7L DIESEL,<\/td>\n<\/tr>\n<tr>\n<td>EL DORADO, CUMMINS DI\u00c9SEL DE 6.7L,<\/td>\n<\/tr>\n<tr>\n<td>FREIGHTLINER, 6.7L DIESEL,<\/td>\n<\/tr>\n<tr>\n<td>FREIGHTLINER, CUMMINS 6.7L DIESEL,<\/td>\n<\/tr>\n<tr>\n<td>FREIGHTLINER, CUMMINS B6.76.7L DIESEL,<\/td>\n<\/tr>\n<tr>\n<td>FREIGHTLINER, CUMMINS ISB6.7L DIESEL,<\/td>\n<\/tr>\n<tr>\n<td>FREIGHTLINER, CUMMINS ISB106.7L DIESEL,<\/td>\n<\/tr>\n<tr>\n<td>FREIGHTLINER, CUMMINS ISB6.76.7L DIESEL,<\/td>\n<\/tr>\n<tr>\n<td>FREIGHTLINER, DETROIT DIESEL DD136.7L DIESEL,<\/td>\n<\/tr>\n<tr>\n<td>FREIGHTLINER, DETROIT DIESEL DD56.7L DIESEL,<\/td>\n<\/tr>\n<tr>\n<td>GILLIG, CUMMINS ISB6.7L DIESEL,<\/td>\n<\/tr>\n<tr>\n<td>IC CORPORATION, 6.7L DIESEL,<\/td>\n<\/tr>\n<tr>\n<td>INTERNACIONAL, CUMMINS ISB6.76.7L DIESEL,<\/td>\n<\/tr>\n<tr>\n<td>KALMAR OTTAWA, 6.7L DIESEL,<\/td>\n<\/tr>\n<tr>\n<td>KENWORTH, CUMMINS ISL3308.9L DIESEL,<\/td>\n<\/tr>\n<tr>\n<td>KENWORTH , PACCAR 6.7L DIESEL,<\/td>\n<\/tr>\n<tr>\n<td>KENWORTH, PACCAR PX66.7L DIESEL,<\/td>\n<\/tr>\n<tr>\n<td>KENWORTH, PACCAR PX76.7L DIESEL,<\/td>\n<\/tr>\n<tr>\n<td>NUEVO FLYER, DIESEL,<\/td>\n<\/tr>\n<tr>\n<td>PETERBILT, 6.7L DIESEL,<\/td>\n<\/tr>\n<tr>\n<td>PETERBILT, KENWORTH PACCAR PX-66.7L DIESEL,<\/td>\n<\/tr>\n<tr>\n<td>STERLING, CUMMINS ISB2406.7L DIESEL,<\/td>\n<\/tr>\n<tr>\n<td>TRANSATL\u00c1NTICO DE TRANSPORTE, CUMMINS ISB6.7L DIESEL.<\/td>\n<\/tr>\n<\/tbody>\n<\/table>\n<p>ATENCI\u00d3N:<br \/>\nRecomendamos que la instalaci\u00f3n la realice un profesional formado y especializado.<br \/>\nS\u00f3lo compra este producto si est\u00e1s seguro de que es compatible con tu veh\u00edculo. Si tienes alguna duda, no dudes en ponerte en contacto con nosotros. Nuestro horario de apertura es de lunes a viernes de 8 a 18 h.<\/p>\n","protected":false},"excerpt":{"rendered":"<p>8200077-COM. En stock. Ref: T001000078, 8200077, 3978385, 3965281, 8C4Z11002BA, 19026031, 8200023, 8200077, 8200235, 8201039, 8300024, ZM 8038005 &#8211; compatible con: CUMMINS. Marca: COM Automotive &#8211; Producto con calidad y dise\u00f1o originales. Compatible con Delco Remy<\/p>\n","protected":false},"featured_media":18676,"comment_status":"open","ping_status":"closed","template":"","meta":[],"product_brand":[],"product_cat":[8119],"product_tag":[15654,15650,15648,15656,15647,15658,15659,15652,15645],"class_list":{"0":"post-16127","1":"product","2":"type-product","3":"status-publish","4":"has-post-thumbnail","6":"product_cat-motor-de-arranque","7":"product_tag-19026031-es","8":"product_tag-3965281-es","9":"product_tag-3978385-es","10":"product_tag-8200023-es","11":"product_tag-8200077-es","12":"product_tag-8200235-es","13":"product_tag-8201039-es","14":"product_tag-8c4z11002ba-es","15":"product_tag-t001000078-es","17":"first","18":"instock","19":"taxable","20":"shipping-taxable","21":"purchasable","22":"product-type-simple"},"_links":{"self":[{"href":"https:\/\/com-automotive.com\/es\/wp-json\/wp\/v2\/product\/16127","targetHints":{"allow":["GET"]}}],"collection":[{"href":"https:\/\/com-automotive.com\/es\/wp-json\/wp\/v2\/product"}],"about":[{"href":"https:\/\/com-automotive.com\/es\/wp-json\/wp\/v2\/types\/product"}],"replies":[{"embeddable":true,"href":"https:\/\/com-automotive.com\/es\/wp-json\/wp\/v2\/comments?post=16127"}],"wp:featuredmedia":[{"embeddable":true,"href":"https:\/\/com-automotive.com\/es\/wp-json\/wp\/v2\/media\/18676"}],"wp:attachment":[{"href":"https:\/\/com-automotive.com\/es\/wp-json\/wp\/v2\/media?parent=16127"}],"wp:term":[{"taxonomy":"product_brand","embeddable":true,"href":"https:\/\/com-automotive.com\/es\/wp-json\/wp\/v2\/product_brand?post=16127"},{"taxonomy":"product_cat","embeddable":true,"href":"https:\/\/com-automotive.com\/es\/wp-json\/wp\/v2\/product_cat?post=16127"},{"taxonomy":"product_tag","embeddable":true,"href":"https:\/\/com-automotive.com\/es\/wp-json\/wp\/v2\/product_tag?post=16127"}],"curies":[{"name":"wp","href":"https:\/\/api.w.org\/{rel}","templated":true}]}}