{"id":16123,"date":"2023-11-01T16:14:06","date_gmt":"2023-11-01T19:14:06","guid":{"rendered":"https:\/\/com-automotive.com\/12v-2-9kw-9d-8200103-35008vlp-0051518301-mercedes-delco-remy\/"},"modified":"2024-07-30T20:04:00","modified_gmt":"2024-07-30T23:04:00","slug":"12v-2-9kw-9d-8200103-35008vlp-0051518301-mercedes-delco-remy","status":"publish","type":"product","link":"https:\/\/com-automotive.com\/es\/12v-2-9kw-9d-8200103-35008vlp-0051518301-mercedes-delco-remy\/","title":{"rendered":"Motor de arranque12 9T 8200103 29Series S\/Terminal de tierra para Mercedes Bluebird Freightliner<span class=\"product-sku\" style=\"display: block; font-size: 0.85em; color: #777; margin-top: 5px; margin-bottom: 5px;\">SKU: 6000.0103-COM<\/span>"},"content":{"rendered":"<h1><strong>COM-AUTOMOTIVE, calidad de dise\u00f1o original.<\/strong><\/h1>\n<p> Motor de arranque12 9T 8200103 29Series s\/terminal de tierra para Mercedes Bluebird Freightliner <\/p>\n<h2>Preguntas m\u00e1s frecuentes<\/h2>\n<h3><strong>\u00bfCu\u00e1les son las referencias cruzadas?<\/strong><\/h3>\n<p> T001000061, 35008VLP, 0061515001, A0061515001, A0061515101, 61006208, 8200011, 10461772, 19011403 <\/p>\n<h2><strong>Tabla de aplicaci\u00f3n<\/strong><\/h2>\n<p> MERCEDES BENZ 710, MERCEDES BENZ OM 364 LA OM 364 LA 4.0 L 8V SOHV L4 DIESEL, 2001-2019. MERCEDES BENZ L 1620, MERCEDES BENZ OM 366 LA OM 366 LA 6.0 L 12V SOHV L6 DIESEL, 1996-2015. MERCEDES BENZ DE 1721, MERCEDES BENZ OM 366 LA OM 366 LA 6.0 L 12V SOHV L6 DIESEL, 1997-2004. MERCEDES BENZ LO 812, MERCEDES BENZ OM 364 LA OM 364 LA 4.0 L 8V SOHV L4 DIESEL, 2003-2012. MERCEDES BENZ 712, MERCEDES BENZ OM 364 A OM 364 A 4.0 L 8V SOHV L4 DIESEL, 1996-1999. MERCEDES BENZ LB\/LO 814, MERCEDES BENZ OM 364 LA OM 364 LA 4.0 L 8V SOHV L4 DIESEL, 1997-2002. MERCEDES BENZ OH 1621 L , MERCEDES BENZ OM 366 LA OM 366 LA 6.0 L 12V SOHV L6 DIESEL, 1997-2005. MERCEDES BENZ 914, MERCEDES BENZ OM 364 LA OM 364 LA 4.0 L 8V SOHV L4 DIESEL, 1994-1999. MERCEDES BENZ 912, MERCEDES BENZ OM 364 A OM 364 A 4.0 L 8V SOHV L4 DIESEL, 1988-1996. MERCEDES BENZ 1720, MERCEDES BENZ OM 366 LA OM 366 LA 6.0 L 12V SOHV L6 DIESEL, 1984-2016. MERCEDES BENZ DE 1318, MERCEDES BENZ OM 366 LA OM 366 LA 6.0 L 12V SOHV L6 DIESEL, 1997-1999. MERCEDES BENZ 1214 C, MERCEDES BENZ OM 364 LA OM 364 LA 4.0 L 8V SOHV L4 DIESEL, 1997-2000. MERCEDES BENZ L 1621, MERCEDES BENZ OM 366 LA OM 366 LA 6.0 L 12V SOHV L6 DIESEL, 1989-1996. MERCEDES BENZ 1420, MERCEDES BENZ OM 366 LA OM 366 LA 6.0 L 12V SOHV L6 DIESEL, 2002-2005. MERCEDES BENZ LO 712, MERCEDES BENZ OM 364 LA OM 364 LA 4.0 L 8V SOHV L4 DIESEL, 2003-2012. MERCEDES BENZ LO 610, MERCEDES BENZ OM 364 LA OM 364 LA 4.0 L 8V SOHV L4 DIESEL, 2001-2003. MERCEDES BENZ 1723, MERCEDES BENZ OM 366 LA OM 366 LA 6.0 L 12V SOHV L6 DIESEL, 1999-2002. MERCEDES BENZ OH 1420, MERCEDES BENZ OM 366 LA OM 366 LA 6.0 L 12V SOHV L6 DIESEL, 1998-2003. MERCEDES BENZ L 1721 S, MERCEDES BENZ OM 366 LA OM 366 LA 6.0 L 12V SOHV L6 DIESEL, 1992-1998. MERCEDES BENZ 710, MERCEDES BENZ OM 364 A OM 364 A 4.0 L 8V SOHV L4 DIESEL, 1995-1997. MERCEDES BENZ LK 1621, MERCEDES BENZ OM 366 LA OM 366 LA 6.0 L 12V SOHV L6 DIESEL, 1989-1996. MERCEDES BENZ OH 1623, MERCEDES BENZ OM 366 LA OM 366 LA 6.0 L 12V SOHV L6 DIESEL, 2001-2006. MERCEDES BENZ L 1319, MERCEDES BENZ OM 366 LA OM 366 LA 6.0 L 12V SOHV L6 DIESEL, 1984-1986. MERCEDES BENZ 1720 A, MERCEDES BENZ OM 366 LA OM 366 LA 6.0 L 12V SOHV L6 DIESEL, 2019-2019. MERCEDES BENZ OH 1421 L , MERCEDES BENZ OM 366 LA OM 366 LA 6.0 L 12V SOHV L6 DIESEL, 2003-2003. \u00ab\u00bb  <\/p>\n<div>ATENCI\u00d3N:<\/div>\n<div>Recomendamos que la instalaci\u00f3n del producto sea realizada por un profesional capacitado y especializado.<\/div>\n<div>Solo realiza la compra de este producto con la certeza de que es compatible con tu veh\u00edculo, si tienes alguna duda, no dudes en ponerte en contacto con nosotros. Nuestro horario de apertura es de lunes a viernes de 8 a 18 h.<\/div>\n<div><\/div>\n<div>Sobre nosotros<\/div>\n<div>COM Automotive est\u00e1 especializada en piezas de autom\u00f3vil de dise\u00f1o original para el sector de la reparaci\u00f3n posventa, clientes industriales y fabricantes de veh\u00edculos especiales OEM.<\/div>\n<div>Nuestro equipo tiene m\u00e1s de 28 a\u00f1os de experiencia en la fabricaci\u00f3n y el suministro de piezas de automoci\u00f3n a escala mundial.<\/div>\n<div>Nuestra MISI\u00d3N es ofrecer productos de dise\u00f1o original con una calidad impecable y una sustituci\u00f3n personalizada.<\/div>\n<div>Nuestra VISI\u00d3N es promover el crecimiento y un valor inigualable para nuestros clientes.<\/div>\n","protected":false},"excerpt":{"rendered":"<p>8200103-COM Motor de arranque 12V 3.3KW 9D. En stock. Calidad Producto Dise\u00f1o original, marca: COM Automotive, cross-ref.: T001000061, 35008VLP, 0061515001, A0061515001, A0061515101, 61006208, 8200011,10461772, 19011403, 6849N &#8211; Ref. de dise\u00f1o: Delco Remy &#8211; OEM: Mercedes<\/p>\n","protected":false},"featured_media":18679,"comment_status":"open","ping_status":"closed","template":"","meta":[],"product_brand":[],"product_cat":[8119],"product_tag":[21648,19271,19273,15633,21651,19275,21649,21650,15632],"class_list":{"0":"post-16123","1":"product","2":"type-product","3":"status-publish","4":"has-post-thumbnail","6":"product_cat-motor-de-arranque","7":"product_tag-0061515001-es","8":"product_tag-10461772-es","9":"product_tag-19011403-es","10":"product_tag-35008vlp-es","11":"product_tag-61006208-es","12":"product_tag-8200011-es","13":"product_tag-a0061515001-es","14":"product_tag-a0061515101-es","15":"product_tag-t001000061-es","17":"first","18":"instock","19":"taxable","20":"shipping-taxable","21":"purchasable","22":"product-type-simple"},"_links":{"self":[{"href":"https:\/\/com-automotive.com\/es\/wp-json\/wp\/v2\/product\/16123","targetHints":{"allow":["GET"]}}],"collection":[{"href":"https:\/\/com-automotive.com\/es\/wp-json\/wp\/v2\/product"}],"about":[{"href":"https:\/\/com-automotive.com\/es\/wp-json\/wp\/v2\/types\/product"}],"replies":[{"embeddable":true,"href":"https:\/\/com-automotive.com\/es\/wp-json\/wp\/v2\/comments?post=16123"}],"wp:featuredmedia":[{"embeddable":true,"href":"https:\/\/com-automotive.com\/es\/wp-json\/wp\/v2\/media\/18679"}],"wp:attachment":[{"href":"https:\/\/com-automotive.com\/es\/wp-json\/wp\/v2\/media?parent=16123"}],"wp:term":[{"taxonomy":"product_brand","embeddable":true,"href":"https:\/\/com-automotive.com\/es\/wp-json\/wp\/v2\/product_brand?post=16123"},{"taxonomy":"product_cat","embeddable":true,"href":"https:\/\/com-automotive.com\/es\/wp-json\/wp\/v2\/product_cat?post=16123"},{"taxonomy":"product_tag","embeddable":true,"href":"https:\/\/com-automotive.com\/es\/wp-json\/wp\/v2\/product_tag?post=16123"}],"curies":[{"name":"wp","href":"https:\/\/api.w.org\/{rel}","templated":true}]}}