{"id":16117,"date":"2023-11-01T16:13:00","date_gmt":"2023-11-01T19:13:00","guid":{"rendered":"https:\/\/com-automotive.com\/motor-de-arranque-12v-9d-ts8e6-8200369521-renault-logan-sandero-clio-03\/"},"modified":"2023-11-01T16:13:00","modified_gmt":"2023-11-01T19:13:00","slug":"motor-de-arranque-12v-9d-ts8e6-8200369521-renault-logan-sandero-clio-03","status":"publish","type":"product","link":"https:\/\/com-automotive.com\/es\/motor-de-arranque-12v-9d-ts8e6-8200369521-renault-logan-sandero-clio-03\/","title":{"rendered":"Motor de arranque 12V 9D TS8E6 8200369521 Renault Logan Sandero Clio 03&gt;<span class=\"product-sku\" style=\"display: block; font-size: 0.85em; color: #777; margin-top: 5px; margin-bottom: 5px;\">SKU: 6000.S8E6-COM<\/span>"},"content":{"rendered":"<h1><strong>COM-AUTOMOTIVE, calidad de dise\u00f1o original.<\/strong><\/h1>\n<p>TS8E6 12V 0.8KW 9 Dientes Motor de arranque Dise\u00f1o: VALEO Tipo: TS8 &#8211; OEM: RENAULT<\/p>\n<h2>Preguntas m\u00e1s frecuentes<\/h2>\n<h3><strong>\u00bfCu\u00e1les son las referencias cruzadas?<\/strong><\/h3>\n<p>T001006009, TS8E6, 8200369521, 233000799R, 2330000QAM, 2330000QAY, 5802X6, 7700864608, 7700867838, 7701499651, F042200161, TS8E6, 102N10014, DRS7840, DRS7840N, DRS7840X, RAS38951, ZEN 32012, Euro 20559<\/p>\n<h2><strong>Tabla de aplicaci\u00f3n<\/strong><\/h2>\n<table width=\"997\">\n<tbody>\n<tr>\n<td width=\"997\">RENAULT CLIO CAMPUS ,D4D D4D 1.0 L 16V SOHC L4 FLEX, 2010-2013.<\/td>\n<\/tr>\n<tr>\n<td>RENAULT LOGAN EXPRESSION G-1,D4D D4D 1.0 L 16V SOHC L4 FLEX, 2008-2013.<\/td>\n<\/tr>\n<tr>\n<td>RENAULT SANDERO EXPRESSION HI-FLEX G-1,D4D D4D 1.0 L 16V SOHC L4 FLEX, 2011-2013.<\/td>\n<\/tr>\n<tr>\n<td>RENAULT SANDERO EXPRESSION G-1,D4D D4D 1.0 L 16V SOHC L4 FLEX, 2008-2011.<\/td>\n<\/tr>\n<tr>\n<td>RENAULT LOGAN AUTHENTIQUE G-1,D4D D4D 1.0 L 16V SOHC L4 FLEX, 2008-2013.<\/td>\n<\/tr>\n<tr>\n<td>RENAULT CLIO CAMPUS ,D4D D4D 1.0 L 16V SOHC L4 FLEX, 2014-2015.<\/td>\n<\/tr>\n<tr>\n<td>RENAULT SANDERO AUTHENTIQUE HI-FLEX G-1,D4D D4D 1.0 L 16V SOHC L4 FLEX, 2011-2013.<\/td>\n<\/tr>\n<tr>\n<td>RENAULT CLIO RL ,D7D D7D 1.0L 8V SOHC L4 GASOLINA, 1999-2005.<\/td>\n<\/tr>\n<tr>\n<td>RENAULT SANDERO AUTHENTIQUE G-1,D4D D4D 1.0 L 16V SOHC L4 FLEX, 2008-2011.<\/td>\n<\/tr>\n<tr>\n<td>RENAULT CLIO RL ,D4D D4D 1.0L 16V SOHC L4 GASOLINA, 2001-2005.<\/td>\n<\/tr>\n<tr>\n<td>RENAULT CLIO AUTHENTIQUE HI-FLEX ,D4D D4D 1.0 L 16V SOHC L4 FLEX, 2005-2007.<\/td>\n<\/tr>\n<tr>\n<td>RENAULT CLIO AUTHENTIQUE HI-FLEX ,D4D D4D 1.0 L 16V SOHC L4 FLEX, 2008-2009.<\/td>\n<\/tr>\n<tr>\n<td>RENAULT SANDERO EXPRESSION HI-POWER G-2,D4D D4D 1.0 L 16V SOHC L4 FLEX, 2014-2015.<\/td>\n<\/tr>\n<tr>\n<td>RENAULT CLIO AUTHENTIQUE ,D7D D7D 1.0L 8V SOHC L4 GASOLINA, 2003-2007.<\/td>\n<\/tr>\n<tr>\n<td>RENAULT CLIO EXPRESSION ,D4D D4D 1.0 L 16V SOHC L4 FLEX, 2016-2017.<\/td>\n<\/tr>\n<tr>\n<td>RENAULT CLIO AUTHENTIQUE ,D4D D4D 1.0 L 16V SOHC L4 GASOLINA, 2003-2006.<\/td>\n<\/tr>\n<tr>\n<td>NISSAN MARCH S G-2, CVVTCS HR10DE 1.0 L 12V DOHC L3 FLEX, 2015-2019.<\/td>\n<\/tr>\n<tr>\n<td>RENAULT LOGAN EXPRESSION G-2,D4D D4D 1.0 L 16V SOHC L4 FLEX, 2014-2015.<\/td>\n<\/tr>\n<tr>\n<td>NISSAN MARCH SV G-2, CVVTCS HR10DE 1.0 L 12V DOHC L3 FLEX, 2015-2019.<\/td>\n<\/tr>\n<tr>\n<td>RENAULT CLIO EXPRESSION ,D4D D4D 1.0L 16V SOHC L4 GASOLINA, 2003-2006.<\/td>\n<\/tr>\n<tr>\n<td>RENAULT SANDERO EXPRESSION HI-POWER G-2,D4D HI-POWER D4D 1.0 L 16V SOHC L4 FLEX, 2016-2016.<\/td>\n<\/tr>\n<tr>\n<td>RENAULT CLIO PRIVILEGE ,D4D D4D 1.0 L 16V SOHC L4 GASOLINA, 2003-2006.<\/td>\n<\/tr>\n<tr>\n<td>RENAULT CLIO EXPRESSION HI-FLEX ,D4D D4D 1.0 L 16V SOHC L4 FLEX, 2005-2007.<\/td>\n<\/tr>\n<tr>\n<td>RENAULT LOGAN EXPRESSION G-1,D4D D4D 1.0 L 16V SOHC L4 FLEX, 2007-2007.<\/td>\n<\/tr>\n<tr>\n<td>RENAULT LOGAN AUTHENTIQUE G2 G-2,D4D D4D 1.0 L 16V SOHC L4 FLEX, 2014-2015.<\/td>\n<\/tr>\n<tr>\n<td>RENAULT LOGAN EXPRESSION G3 G-3,D4D D4D 1.0 L 16V SOHC L4 FLEX, 2016-2016.<\/td>\n<\/tr>\n<tr>\n<td>RENAULT SANDERO EXPRESSION HI-FLEX G-1,D4D D4D 1.0 L 16V SOHC L4 FLEX, 2014-2014.<\/td>\n<\/tr>\n<tr>\n<td>RENAULT SANDERO AUTHENTIQUE HI-POWER G-2,D4D D4D 1.0 L 16V SOHC L4 FLEX, 2014-2015.<\/td>\n<\/tr>\n<tr>\n<td>RENAULT SANDERO AUTHENTIQUE HI-FLEX G-1,D4D D4D 1.0 L 16V SOHC L4 FLEX, 2014-2014.<\/td>\n<\/tr>\n<tr>\n<td>RENAULT CLIO PRIVILEGE HI-FLEX ,D4D D4D 1.0 L 16V SOHC L4 FLEX, 2005-2007.<\/td>\n<\/tr>\n<tr>\n<td>NISSAN MARCH COMFORT G-2,CVVTCS HR10DE 1.0 L 12V DOHC L3 FLEX, 2017-2018.<\/td>\n<\/tr>\n<tr>\n<td>RENAULT CLIO EXPRESSION ,D7D D7D 1.0L 8V SOHC L4 GASOLINA, 2003-2006.<\/td>\n<\/tr>\n<tr>\n<td>RENAULT SANDERO AUTHENTIQUE HI-POWER G-2,D4D HI-POWER D4D 1.0 L 16V SOHC L4 FLEX, 2016-2016.<\/td>\n<\/tr>\n<tr>\n<td>RENAULT LOGAN AUTHENTIQUE G3 G-3,D4D D4D 1.0 L 16V SOHC L4 FLEX, 2016-2016.<\/td>\n<\/tr>\n<tr>\n<td>RENAULT KANGOO RL ,D7D D7D 1.0L 8V SOHC L4 GASOLINA, 2002-2006.<\/td>\n<\/tr>\n<tr>\n<td>RENAULT LOGAN AUTHENTIQUE G-1,D4D D4D 1.0 L 16V SOHC L4 FLEX, 2007-2007.<\/td>\n<\/tr>\n<tr>\n<td>RENAULT LOGAN EXPRESSION G-2,D4D D4D 1.0 L 16V SOHC L4 FLEX, 2013-2013.<\/td>\n<\/tr>\n<tr>\n<td>RENAULT LOGAN AUTHENTIQUE G2 G-2,D4D D4D 1.0 L 16V SOHC L4 FLEX, 2013-2013.<\/td>\n<\/tr>\n<tr>\n<td>RENAULT KANGOO RN ,D7D D7D 1.0L 8V SOHC L4 GASOLINA, 2002-2007.<\/td>\n<\/tr>\n<tr>\n<td>RENAULT KANGOO RL EXPRESS ,D7D D7D 1.0L 8V SOHC L4 GASOLINA, 2002-2006.<\/td>\n<\/tr>\n<tr>\n<td>RENAULT CLIO EXPRESSION HI-FLEX ,D4D D4D 1.0 L 16V SOHC L4 FLEX, 2008-2009.<\/td>\n<\/tr>\n<tr>\n<td>RENAULT CLIO AUTHENTIQUE ,D7D D7D 1.0L 8V SOHC L4 GASOLINA, 2008-2008.<\/td>\n<\/tr>\n<tr>\n<td>RENAULT KANGOO RL EXPRESS ,D4D D4D 1.0 L 16V SOHC L4 GASOLINA, 2003-2006.<\/td>\n<\/tr>\n<tr>\n<td>RENAULT KANGOO RL ,D4D D4D 1.0L 16V SOHC L4 GASOLINA, 2003-2005.<\/td>\n<\/tr>\n<tr>\n<td>RENAULT CLIO PRIVILEGE HI-FLEX ,D4D D4D 1.0 L 16V SOHC L4 FLEX, 2008-2009.<\/td>\n<\/tr>\n<tr>\n<td>RENAULT CLIO DYNNAMIQUE ,D4D D4D 1.0 L 16V SOHC L4 GASOLINA, 2004-2006.<\/td>\n<\/tr>\n<tr>\n<td>RENAULT KANGOO RT ,D4D D4D 1.0 L 16V SOHC L4 GASOLINA, 2002-2006.<\/td>\n<\/tr>\n<tr>\n<td>NISSAN MARCH SV G-2, CVVTCS HR10DE 1.0 L 12V DOHC L3 FLEX, 2020-2021.<\/td>\n<\/tr>\n<tr>\n<td>RENAULT KANGOO RN ,D4D D4D 1.0L 16V SOHC L4 GASOLINA, 2002-2005.<\/td>\n<\/tr>\n<tr>\n<td>RENAULT SANDERO AUTHENTIQUE G-1,D4D D4D 1.0 L 16V SOHC L4 FLEX, 2007-2007.<\/td>\n<\/tr>\n<tr>\n<td>RENAULT SANDERO EXPRESSION G-1,D4D D4D 1.0 L 16V SOHC L4 FLEX, 2007-2007.<\/td>\n<\/tr>\n<tr>\n<td>RENAULT KANGOO EXPRESS FCON, D4D D4D 1.0L 16V SOHC L4 GASOLINA, 2005-2005.<\/td>\n<\/tr>\n<tr>\n<td>RENAULT KANGOO EXPRESSION ,D4D D4D 1.0 L 16V SOHC L4 GASOLINA, 2005-2005.<\/td>\n<\/tr>\n<\/tbody>\n<\/table>\n<div><\/div>\n<div>ATENCI\u00d3N:<\/div>\n<div>Recomendamos que la instalaci\u00f3n la realice un profesional formado y especializado.<\/div>\n<div>S\u00f3lo compra este producto si est\u00e1s seguro de que es compatible con tu veh\u00edculo. Si tienes alguna duda, no dudes en ponerte en contacto con nosotros. Nuestro horario de apertura es de lunes a viernes de 8 a 18 h.<\/div>\n<div><\/div>\n<div>Sobre nosotros<\/div>\n<div>COM Automotive est\u00e1 especializada en piezas de autom\u00f3vil de dise\u00f1o original para el sector de la reparaci\u00f3n posventa, clientes industriales y fabricantes de veh\u00edculos especiales OEM.<\/div>\n<div>Nuestro equipo tiene m\u00e1s de 28 a\u00f1os de experiencia en la fabricaci\u00f3n y el suministro de piezas de automoci\u00f3n a escala mundial.<\/div>\n<div>Nuestra MISI\u00d3N es ofrecer productos de dise\u00f1o original con una calidad impecable y una sustituci\u00f3n personalizada.<\/div>\n<div>Nuestra VISI\u00d3N es promover el crecimiento y un valor inigualable para nuestros clientes.<\/div>\n","protected":false},"excerpt":{"rendered":"<p>TS8E6-COM. En stock. Ref: T001006009, TS8E6, 8200369521, 233000799R, 2330000QAM, 2330000QAY, 5802X6, 7700864608, 7700867838, 7701499651, F042200161, T001.006.009, TS8E6, D7E39, FS10B4, D7E24, 102N10014, DRS7840, DRS7840N, DRS7840X, RAS38951, ZEN 32012, ZM 8020109, EURO 20559 &#8211; compatible con: RENAULT. Marca: COM Automotive &#8211; Producto con calidad y dise\u00f1o originales. Compatible con Valeo<\/p>\n","protected":false},"featured_media":20545,"comment_status":"open","ping_status":"closed","template":"","meta":[],"product_brand":[],"product_cat":[8119],"product_tag":[15596,15582,15584,15581,15586,15588,15590,15592,15578,15598,15600,15602,15606,15594,15604,15575,15577,15605],"class_list":{"0":"post-16117","1":"product","2":"type-product","3":"status-publish","4":"has-post-thumbnail","6":"product_cat-motor-de-arranque","7":"product_tag-102n10014-es","8":"product_tag-2330000maq","9":"product_tag-2330000qay-es","10":"product_tag-233000799r-es","11":"product_tag-5802x6-es","12":"product_tag-7700864608-es","13":"product_tag-7700867838-es","14":"product_tag-7701499651-es","15":"product_tag-8200369521-es","16":"product_tag-drs7840-es","17":"product_tag-drs7840n-es","18":"product_tag-drs7840x-es","19":"product_tag-euro-20559-es","20":"product_tag-f042200161-es","21":"product_tag-ras38951-es","22":"product_tag-t001006009-es","23":"product_tag-ts8e6-es","24":"product_tag-zen-32012-es","26":"first","27":"instock","28":"taxable","29":"shipping-taxable","30":"purchasable","31":"product-type-simple"},"_links":{"self":[{"href":"https:\/\/com-automotive.com\/es\/wp-json\/wp\/v2\/product\/16117","targetHints":{"allow":["GET"]}}],"collection":[{"href":"https:\/\/com-automotive.com\/es\/wp-json\/wp\/v2\/product"}],"about":[{"href":"https:\/\/com-automotive.com\/es\/wp-json\/wp\/v2\/types\/product"}],"replies":[{"embeddable":true,"href":"https:\/\/com-automotive.com\/es\/wp-json\/wp\/v2\/comments?post=16117"}],"wp:featuredmedia":[{"embeddable":true,"href":"https:\/\/com-automotive.com\/es\/wp-json\/wp\/v2\/media\/20545"}],"wp:attachment":[{"href":"https:\/\/com-automotive.com\/es\/wp-json\/wp\/v2\/media?parent=16117"}],"wp:term":[{"taxonomy":"product_brand","embeddable":true,"href":"https:\/\/com-automotive.com\/es\/wp-json\/wp\/v2\/product_brand?post=16117"},{"taxonomy":"product_cat","embeddable":true,"href":"https:\/\/com-automotive.com\/es\/wp-json\/wp\/v2\/product_cat?post=16117"},{"taxonomy":"product_tag","embeddable":true,"href":"https:\/\/com-automotive.com\/es\/wp-json\/wp\/v2\/product_tag?post=16117"}],"curies":[{"name":"wp","href":"https:\/\/api.w.org\/{rel}","templated":true}]}}