{"id":16116,"date":"2023-11-01T16:13:42","date_gmt":"2023-11-01T19:13:42","guid":{"rendered":"https:\/\/com-automotive.com\/12v-12d-0001109205-6c1t11000ac-ford-transit-ducato-jumper-09\/"},"modified":"2023-11-01T16:13:42","modified_gmt":"2023-11-01T19:13:42","slug":"12v-12d-0001109205-6c1t11000ac-ford-transit-ducato-jumper-09","status":"publish","type":"product","link":"https:\/\/com-automotive.com\/es\/12v-12d-0001109205-6c1t11000ac-ford-transit-ducato-jumper-09\/","title":{"rendered":"12V 12D 0001109205 6C1T11000AC Ford Transit Ducato Jumper 09&gt;<span class=\"product-sku\" style=\"display: block; font-size: 0.85em; color: #777; margin-top: 5px; margin-bottom: 5px;\">SKU: 6000.9205-COM<\/span>"},"content":{"rendered":"<h1><strong>COM-AUTOMOTIVE, calidad de dise\u00f1o original.<\/strong><\/h1>\n<p>0001109205 Motor de arranque de 12V 2KW 12 dientes Dise\u00f1o: BOSCH SEG Tipo: R78-M28 &#8211; OEM: FIAT<\/p>\n<h2>Preguntas m\u00e1s frecuentes<\/h2>\n<h3><strong>\u00bfCu\u00e1les son las referencias cruzadas?<\/strong><\/h3>\n<p>0001109324-COM, 0001109324, T001002003, 0001109205, 6C1T11000AC, 5802AS, 95681447, 9658144780, K9658144780, 1385378, 6C1T11000AB, 6C1T11000AE, 5802AS, 0001109205, ZEN 31018, Euro 20539,<\/p>\n<h2><strong>Tabla de aplicaci\u00f3n<\/strong><\/h2>\n<table width=\"997\">\n<tbody>\n<tr>\n<td width=\"997\">FIAT DUCATO MINIB\u00daS TECHO ALTO , FPT INDUSTRIAL F1A MULTIJET E 0481 T 2.3 L 16V DOHC L4 DIESEL, 2009-2015.<\/td>\n<\/tr>\n<tr>\n<td>FIAT DUCATO MULTI TECHO ALTO , FPT INDUSTRIAL F1A MULTIJET F1A E 0481 T 2.3 L 16V DOHC L4 DIESEL, 2009-2015.<\/td>\n<\/tr>\n<tr>\n<td>CITROEN JUMPER FURGON , FPT INDUSTRIAL F1A MULTIJET F1A MULTIJET 2.3L 16V DOHC L4 DIESEL, 2010-2017.<\/td>\n<\/tr>\n<tr>\n<td>FIAT DUCATO MAXICARGO 12M3 , FPT INDUSTRIAL F1A MULTIJET E 0481 T 2.3 L 16V DOHC L4 DIESEL, 2009-2015.<\/td>\n<\/tr>\n<tr>\n<td>FIAT DUCATO CARGO , FPT INDUSTRIAL F1A MULTIJET E 0481 T 2.3 L 16V DOHC L4 DIESEL, 2009-2015.<\/td>\n<\/tr>\n<tr>\n<td>PEUGEOT BOXER 16 PLAZAS HDI , FPT INDUSTRIAL F1A MULTIJET F1A MULTIJET 2.3 L 16V DOHV L4 DIESEL, 2010-2015.<\/td>\n<\/tr>\n<tr>\n<td>FIAT DUCATO MAXICARGO , FPT INDUSTRIAL F1A MULTIJET F1A MULTIJET 2.3 L 16V DOHC L4 DIESEL, 2019-2022.<\/td>\n<\/tr>\n<tr>\n<td>PEUGEOT BOXER HIGH LONG VAN, FPT INDUSTRIAL F1A MULTIJET F1A MULTIJET 2.3 L 16V DOHV L4 DIESEL, 2010-2015.<\/td>\n<\/tr>\n<tr>\n<td>FIAT DUCATO CARGO 9.0 m\u00b3 , FPT INDUSTRIAL F1A MULTIJET F1A MULTIJET 2.3 L 16V DOHC L4 DIESEL, 2014-2017.<\/td>\n<\/tr>\n<tr>\n<td>FIAT DUCATO MAXICARGO 12.0 m\u00b3 , FPT INDUSTRIAL F1A MULTIJET F1A MULTIJET 2.3 L 16V DOHC L4 DIESEL, 2014-2017.<\/td>\n<\/tr>\n<tr>\n<td>FIAT DUCATO CARGO 7,5 m\u00b3 , FPT INDUSTRIAL F1A MULTIJET F1A MULTIJET 2,3 L 16V DOHC L4 DIESEL, 2014-2017.<\/td>\n<\/tr>\n<tr>\n<td>FIAT DUCATO MULTI , FPT INDUSTRIAL F1A MULTIJET F1A MULTIJET 2.3 L 16V DOHC L4 DIESEL, 2014-2017.<\/td>\n<\/tr>\n<tr>\n<td>FORD TRANSIT FURGONETA ,PUMA JXF 2.4 L 16V DOHC L4 DIESEL, 2008-2011.<\/td>\n<\/tr>\n<tr>\n<td>FORD TRANSIT FURGONETA ,PUMA JXF 2.4 L 16V DOHC L4 DIESEL, 2008-2011.<\/td>\n<\/tr>\n<tr>\n<td>FIAT DUCATO CARGO L , FPT INDUSTRIAL F1A MULTIJET F1A E 0481 T 2.3 L 16V DOHC L4 DIESEL, 2009-2015.<\/td>\n<\/tr>\n<tr>\n<td>FIAT DUCATO MAXICARGO 10M3 , FPT INDUSTRIAL F1A MULTIJET E 0481 T 2.3 L 16V DOHC L4 DIESEL, 2009-2015.<\/td>\n<\/tr>\n<tr>\n<td>FORD TRANSIT FURGONETA, FORD DURATORQ CYFA 2.2L 16V DOHC L4 DIESEL, 2012-2016.<\/td>\n<\/tr>\n<tr>\n<td>FORD TRANSIT FURGONETA, FORD DURATORQ CYFA 2.2 L 16V DOHC L4 DIESEL, 2012-2016.<\/td>\n<\/tr>\n<tr>\n<td>PANTAL\u00d3N CORTO FIAT DUCATO CARGO, FPT INDUSTRIAL F1A MULTIJET F1A MULTIJET 2.3 L 16V DOHC L4 DIESEL, 2019-2022.<\/td>\n<\/tr>\n<tr>\n<td>MINIB\u00daS FIAT DUCATO, FPT INDUSTRIAL F1A MULTIJET F1A MULTIJET 2.3 L 16V DOHC L4 DIESEL, 2018-2022.<\/td>\n<\/tr>\n<tr>\n<td>CHASIS FORD TRANSIT, FORD DURATORQ CYFA 2.2L 16V DOHC L4 DIESEL, 2013-2016.<\/td>\n<\/tr>\n<tr>\n<td>FORD TRANSIT CHASIS CABINA, FORD DURATORQ CYFA 2.2L 16V DOHC L4 DIESEL, 2012-2016.<\/td>\n<\/tr>\n<tr>\n<td>CHASIS FIAT DUCATO, FPT INDUSTRIAL F1A MULTIJET F1A MULTIJET 2.3 L 16V DOHC L4 DIESEL, 2019-2022.<\/td>\n<\/tr>\n<tr>\n<td>FORD TRANSIT CHASSIS CAB, PUMA JXF 2.4 L 16V DOHC L4 DIESEL, 2010-2011.<\/td>\n<\/tr>\n<tr>\n<td>FIAT DUCATO MINIBUS COMFORT , FPT INDUSTRIAL F1A MULTIJET F1A MULTIJET 2.3 L 16V DOHC L4 DIESEL, 2020-2022.<\/td>\n<\/tr>\n<tr>\n<td>PEUGEOT BOXER MEDIUM VAN HDI , FPT INDUSTRIAL F1A MULTIJET F1A MULTIJET 2.3 L 16V DOHV L4 DIESEL, 2010-2014.<\/td>\n<\/tr>\n<tr>\n<td>FIAT DUCATO MULTI , FPT INDUSTRIAL F1A MULTIJET F1A MULTIJET 2.3 L 16V DOHC L4 DIESEL, 2018-2022.<\/td>\n<\/tr>\n<tr>\n<td>FIAT DUCATO CARGO MEDIUM , FPT INDUSTRIAL F1A MULTIJET F1A MULTIJET 2.3 L 16V DOHC L4 DIESEL, 2019-2022.<\/td>\n<\/tr>\n<tr>\n<td>FIAT DUCATO COMBINATO , FPT INDUSTRIAL F1A MULTIJET F1A E 0481 T 2.3 L 16V DOHC L4 DIESEL, 2009-2012.<\/td>\n<\/tr>\n<tr>\n<td>FIAT DUCATO MAXICARGO 12.0 m\u00b3 , FPT INDUSTRIAL F1A MULTIJET F1A MULTIJET 2.3 L 16V DOHC L4 DIESEL, 2018-2019.<\/td>\n<\/tr>\n<tr>\n<td>FIAT DUCATO CARGO 9.0 m\u00b3 , FPT INDUSTRIAL F1A MULTIJET F1A MULTIJET 2.3 L 16V DOHC L4 DIESEL, 2018-2018.<\/td>\n<\/tr>\n<tr>\n<td>PEUGEOT BOXER SHORT VAN HDI , FPT INDUSTRIAL F1A MULTIJET F1A MULTIJET 2.3 L 16V DOHV L4 DIESEL, 2010-2013.<\/td>\n<\/tr>\n<tr>\n<td>FIAT DUCATO CARGO 7,5 m\u00b3 , FPT INDUSTRIAL F1A MULTIJET F1A MULTIJET 2,3 L 16V DOHC L4 DIESEL, 2018-2019.<\/td>\n<\/tr>\n<tr>\n<td>PEUGEOT BOXER HIGH MEDIUM VAN HDI , FPT INDUSTRIAL F1A MULTIJET F1A MULTIJET 2.3 L 16V DOHV L4 DIESEL, 2010-2013.<\/td>\n<\/tr>\n<tr>\n<td>MINIB\u00daS FIAT DUCATO, FPT INDUSTRIAL F1A MULTIJET F1A MULTIJET 2.3 L 16V DOHC L4 DIESEL, 2016-2017.<\/td>\n<\/tr>\n<tr>\n<td>PICK-UP CITRO\u00cbN JUMPER, FPT INDUSTRIAL F1A MULTIJET F1A MULTIJET 2.3L 16V DOHC L4 DIESEL, 2010-2011.<\/td>\n<\/tr>\n<tr>\n<td>FIAT DUCATO MINIB\u00daS TECHO ALTO, FPT INDUSTRIAL F1A MULTIJET F1A MULTIJET 2.3L 16V DOHC L4 DIESEL, 2016-2017.<\/td>\n<\/tr>\n<tr>\n<td>CITROEN JUMPER MINIBUS ,F1A MULTIJET F1A MULTIJET 2.3 L 16V DOHC L4 DIESEL, 2017-2017.<\/td>\n<\/tr>\n<tr>\n<td>FIAT DUCATO MINIB\u00daS TECHO ALTO, FPT INDUSTRIAL F1A MULTIJET F1A MULTIJET 2.3L 16V DOHC L4 DIESEL, 2018-2018.<\/td>\n<\/tr>\n<tr>\n<td>FIAT DUCATO MAXIMULTI , FPT INDUSTRIAL F1A MULTIJET F1A MULTIJET 2.3 L 16V DOHC L4 DIESEL, 2019-2022.<\/td>\n<\/tr>\n<tr>\n<td>CITROEN JUMPER MINIB\u00daS ,F1A MULTIJET F1A MULTIJET 2.3 L 16V DOHC L4 DIESEL, 2018-2019.<\/td>\n<\/tr>\n<tr>\n<td>PEUGEOT BOXER VAN 2.3 16 PLAZAS, FPT INDUSTRIAL F1A MULTIJET F1A MULTIJET 2.3 L 16V DOHV L4 DIESEL, 2017-2017.<\/td>\n<\/tr>\n<tr>\n<td>CITROEN JUMPER FURGON, FPT INDUSTRIAL F1A MULTIJET F1A MULTIJET 2.3L 16V DOHC L4 DIESEL, 2018-2018.<\/td>\n<\/tr>\n<tr>\n<td>PEUGEOT BOXER VAN 2.3 16 PLAZAS , FPT INDUSTRIAL F1A MULTIJET F1A MULTIJET 2.3 L 16V DOHV L4 DIESEL, 2018-2019.<\/td>\n<\/tr>\n<\/tbody>\n<\/table>\n<div><\/div>\n<div>ATENCI\u00d3N:<\/div>\n<div>Recomendamos que la instalaci\u00f3n la realice un profesional formado y especializado.<\/div>\n<div>Solo realiza la compra de este(0001109205) producto con la certeza de que es compatible con tu veh\u00edculo, si tienes alguna duda, no dudes en ponerte en contacto con nosotros. Nuestro horario de apertura es de lunes a viernes de 8 a 18 h.<\/div>\n<div><\/div>\n<div>Sobre nosotros<\/div>\n<div>COM Automotive est\u00e1 especializada en piezas de autom\u00f3vil de dise\u00f1o original para el sector de la reparaci\u00f3n posventa, clientes industriales y fabricantes de veh\u00edculos especiales OEM.<\/div>\n<div>Nuestro equipo tiene m\u00e1s de 28 a\u00f1os de experiencia en la fabricaci\u00f3n y el suministro de piezas de automoci\u00f3n a escala mundial.<\/div>\n<div>Nuestra MISI\u00d3N es ofrecer productos de dise\u00f1o original con una calidad impecable y una sustituci\u00f3n personalizada.<\/div>\n<div>Nuestra VISI\u00d3N es promover el crecimiento y un valor inigualable para nuestros clientes.<\/div>\n","protected":false},"excerpt":{"rendered":"<p>0001109205-COM. En stock. Ref: T001002003, 0001109205, 6C1T11000AC, 5802AS, 95681447, 9658144780, K9658144780, 1385378, 6C1T11000AB, 6C1T11000AE, 0001109205, ZEN 31018, EURO 20539, DITA 20185, 0001109324-COM, 0001109324 &#8211; compatible con: FIAT. Marca: COM Automotive &#8211; Producto con calidad y dise\u00f1o originales. Compatible con Bosch<\/p>\n","protected":false},"featured_media":18540,"comment_status":"open","ping_status":"closed","template":"","meta":[],"product_brand":[],"product_cat":[8119],"product_tag":[15574,15603,15587,15579,15589,15576,15591,15580,15583,15595,15585,15573,15593],"class_list":{"0":"post-16116","1":"product","2":"type-product","3":"status-publish","4":"has-post-thumbnail","6":"product_cat-motor-de-arranque","7":"product_tag-0001109205-es","8":"product_tag-0001109324-es","9":"product_tag-1385378-es","10":"product_tag-5802as-es","11":"product_tag-6c1t11000ab-es","12":"product_tag-6c1t11000ac-es","13":"product_tag-6c1t11000ae-es","14":"product_tag-95681447-es","15":"product_tag-9658144780-es","16":"product_tag-euro-20539-es","17":"product_tag-k9658144780-es","18":"product_tag-t001002003-es","19":"product_tag-zen-31018-es","21":"first","22":"instock","23":"taxable","24":"shipping-taxable","25":"purchasable","26":"product-type-simple"},"_links":{"self":[{"href":"https:\/\/com-automotive.com\/es\/wp-json\/wp\/v2\/product\/16116","targetHints":{"allow":["GET"]}}],"collection":[{"href":"https:\/\/com-automotive.com\/es\/wp-json\/wp\/v2\/product"}],"about":[{"href":"https:\/\/com-automotive.com\/es\/wp-json\/wp\/v2\/types\/product"}],"replies":[{"embeddable":true,"href":"https:\/\/com-automotive.com\/es\/wp-json\/wp\/v2\/comments?post=16116"}],"wp:featuredmedia":[{"embeddable":true,"href":"https:\/\/com-automotive.com\/es\/wp-json\/wp\/v2\/media\/18540"}],"wp:attachment":[{"href":"https:\/\/com-automotive.com\/es\/wp-json\/wp\/v2\/media?parent=16116"}],"wp:term":[{"taxonomy":"product_brand","embeddable":true,"href":"https:\/\/com-automotive.com\/es\/wp-json\/wp\/v2\/product_brand?post=16116"},{"taxonomy":"product_cat","embeddable":true,"href":"https:\/\/com-automotive.com\/es\/wp-json\/wp\/v2\/product_cat?post=16116"},{"taxonomy":"product_tag","embeddable":true,"href":"https:\/\/com-automotive.com\/es\/wp-json\/wp\/v2\/product_tag?post=16116"}],"curies":[{"name":"wp","href":"https:\/\/api.w.org\/{rel}","templated":true}]}}