{"id":16115,"date":"2023-11-01T16:12:53","date_gmt":"2023-11-01T19:12:53","guid":{"rendered":"https:\/\/com-automotive.com\/motor-de-arranque-12v-1-2kw-8d-d6ra78-3610023160-hyundai-tucson-2011\/"},"modified":"2023-11-01T16:12:53","modified_gmt":"2023-11-01T19:12:53","slug":"motor-de-arranque-12v-1-2kw-8d-d6ra78-3610023160-hyundai-tucson-2011","status":"publish","type":"product","link":"https:\/\/com-automotive.com\/es\/motor-de-arranque-12v-1-2kw-8d-d6ra78-3610023160-hyundai-tucson-2011\/","title":{"rendered":"Motor de arranque 12V 1.2KW 8D D6RA78 3610023160 Hyundai Tucson 2011&gt;<span class=\"product-sku\" style=\"display: block; font-size: 0.85em; color: #777; margin-top: 5px; margin-bottom: 5px;\">SKU: 6000.RA78-COM<\/span>"},"content":{"rendered":"<h1><strong>COM-AUTOMOTIVE, calidad de dise\u00f1o original.<\/strong><\/h1>\n<p>Motor de arranque de 8 dientes D6RA78 12V 1.2KW Dise\u00f1o: VALEO Tipo: D6R &#8211; OEM: HYUNDAI<\/p>\n<h2>Preguntas m\u00e1s frecuentes<\/h2>\n<h3><strong>\u00bfCu\u00e1les son las referencias cruzadas?<\/strong><\/h3>\n<p>T001001001, D6RA78, 3610023160, 3610023170, 3610023170RU, 3610023171, 3610023170RU, D6RA78, ZEN 35005, Euro 20580<\/p>\n<h2><strong>Tabla de aplicaci\u00f3n<\/strong><\/h2>\n<table width=\"997\">\n<tbody>\n<tr>\n<td width=\"997\">HYUNDAI HB20 SENSE G-3,KAPPA FFV 1.0 L 12V DOHC L3 FLEX, 2019-2021.<\/td>\n<\/tr>\n<tr>\n<td>HYUNDAI HB20 CONFORT PLUS G-1,KAPPA FFV 1.0 L 12V DOHC L3 FLEX, 2012-2015.<\/td>\n<\/tr>\n<tr>\n<td>HYUNDAI TUCSON GLS AUTOMATIC ,BETA G4GC 2.0 L 16V DOHC L4 GASOLINA, 2009-2015.<\/td>\n<\/tr>\n<tr>\n<td>HYUNDAI HB20 UNIQUE G-3,KAPPA FFV 1.0 L 12V DOHC L3 FLEX, 2019-2021.<\/td>\n<\/tr>\n<tr>\n<td>HYUNDAI HB20 VISION G-3,KAPPA FFV 1.0 L 12V DOHC L3 FLEX, 2019-2021.<\/td>\n<\/tr>\n<tr>\n<td>HYUNDAI HB20 CONFORT G-1,KAPPA FFV 1.0 L 12V DOHC L3 FLEX, 2012-2015.<\/td>\n<\/tr>\n<tr>\n<td>HYUNDAI HB20 S CONFORT PLUS G-1,KAPPA FFV 1.0 L 12V DOHC L3 FLEX, 2013-2015.<\/td>\n<\/tr>\n<tr>\n<td>HYUNDAI TUCSON GL 4WD AUTO ,BETA G4GC 2.0 L 16V DOHC L4 GASOLINA, 2006-2011.<\/td>\n<\/tr>\n<tr>\n<td>HYUNDAI HB20 COMFORT PLUS G-2,KAPPA FFV 1.0 L 12V DOHC L3 FLEX, 2016-2019.<\/td>\n<\/tr>\n<tr>\n<td>HYUNDAI HB20 S CONFORT PLUS G2 G-2,KAPPA FFV 1.0 L 12V DOHC L3 FLEX, 2016-2021.<\/td>\n<\/tr>\n<tr>\n<td>HYUNDAI HB20 EVOLUTION G-3,KAPPA FFV 1.0 L 12V DOHC L3 FLEX, 2019-2021.<\/td>\n<\/tr>\n<tr>\n<td>HYUNDAI HB20 S VISION G-3,KAPPA FFV 1.0 L 12V DOHC L3 FLEX, 2019-2021.<\/td>\n<\/tr>\n<tr>\n<td>HYUNDAI HB20 COMFORT STYLE G-1,KAPPA FFV 1.0 L 12V DOHC L3 FLEX, 2012-2015.<\/td>\n<\/tr>\n<tr>\n<td>HYUNDAI HB20 COMFORT G-2,KAPPA FFV 1.0 L 12V DOHC L3 FLEX, 2016-2021.<\/td>\n<\/tr>\n<tr>\n<td>HYUNDAI TUCSON GL ,BETA G4GC 2.0 L 16V DOHC L4 GASOLINA, 2009-2010.<\/td>\n<\/tr>\n<tr>\n<td>HYUNDAI HB20 S CONFORT ESTILO G-2, KAPPA FFV 1.0 L 12V DOHC L3 FLEX, 2016-2018.<\/td>\n<\/tr>\n<tr>\n<td>HYUNDAI HB20 COMFORT STYLE G-2,KAPPA FFV 1.0 L 12V DOHC L3 FLEX, 2016-2018.<\/td>\n<\/tr>\n<tr>\n<td>HYUNDAI HB20 S UNIQUE G-2,KAPPA FFV 1.0 L 12V DOHC L3 FLEX, 2019-2021.<\/td>\n<\/tr>\n<tr>\n<td>HYUNDAI HB20 S EVOLUTION G-3,KAPPA FFV 1.0 L 12V DOHC L3 FLEX, 2019-2021.<\/td>\n<\/tr>\n<tr>\n<td>HYUNDAI HB20 OCEAN G-2,KAPPA FFV 1.0 L 12V DOHC L3 FLEX, 2016-2018.<\/td>\n<\/tr>\n<tr>\n<td>HYUNDAI TUCSON GLS ,BETA G4GC 2.0 L 16V DOHC L4 GASOLINA, 2011-2013.<\/td>\n<\/tr>\n<tr>\n<td>HYUNDAI HB20 S PARA TI G-1,KAPPA FFV 1.0 L 12V DOHC L3 FLEX, 2015-2015.<\/td>\n<\/tr>\n<tr>\n<td>HYUNDAI HB20 S COPA MUNDIAL DE LA FIFA G-1,KAPPA FFV 1.0 L 12V DOHC L3 FLEX, 2014-2015.<\/td>\n<\/tr>\n<tr>\n<td>HYUNDAI HB20 5 A\u00d1OS EDICI\u00d3N G-2, KAPPA FFV 1.0 L 12V DOHC L3 FLEX, 2017-2018.<\/td>\n<\/tr>\n<tr>\n<td>HYUNDAI HB20 PARA TI G-1,KAPPA FFV 1.0 L 12V DOHC L3 FLEX, 2015-2015.<\/td>\n<\/tr>\n<tr>\n<td>HYUNDAI HB20 SPICY G-1,KAPPA FFV 1.0 L 12V DOHC L3 FLEX, 2015-2015.<\/td>\n<\/tr>\n<tr>\n<td>HYUNDAI HB20 COPA MUNDIAL DE LA FIFA G-1,KAPPA FFV 1.0 L 12V DOHC L3 FLEX, 2014-2014.<\/td>\n<\/tr>\n<tr>\n<td>KIA CERATO 2.0 KOUP ,2.0 TETTA II G4KD 2.0 L 16V DOHC L4 GASOLINA, 2011-2013.<\/td>\n<\/tr>\n<tr>\n<td>HYUNDAI ELANTRA GLS ,1.8 I 16V G4GM 1.8 L 16V DOHC L4 GASOLINA, 1996-2000.<\/td>\n<\/tr>\n<tr>\n<td>HYUNDAI HB20 S 5 A\u00d1OS G-2 EDITION, KAPPA FFV 1.0 L 12V DOHC L3 FLEX, 2017-2018.<\/td>\n<\/tr>\n<tr>\n<td>HYUNDAI ELANTRA GLS ,NUEVO SIRIUS G4DJ 1.6 L 16V DOHC L4 GASOLINA, 1993-1995.<\/td>\n<\/tr>\n<tr>\n<td>HYUNDAI ELANTRA 2.0L, CVVT G4GC 2.0L 16V DOHC L4 GASOLINA, 2000-2006.<\/td>\n<\/tr>\n<tr>\n<td>HYUNDAI ELANTRA GLS, CVVT G4GC 2.0L 16V DOHC L4 GASOLINA, 2001-2004.D6RA78<\/td>\n<\/tr>\n<\/tbody>\n<\/table>\n<p>&nbsp;<\/p>\n<div>ATENCI\u00d3N:<\/div>\n<div>Recomendamos que la instalaci\u00f3n del D6RA78 sea realizada por un profesional capacitado y especializado.<\/div>\n<div>Solo realiza la compra de este producto D6RA78 con la certeza de que es compatible con tu veh\u00edculo, si tienes alguna duda, no dudes en ponerte en contacto con nosotros. Nuestro horario de apertura es de lunes a viernes de 8 a 18 h.<\/div>\n<div><\/div>\n<div>Sobre nosotros<\/div>\n<div>COM Automotive est\u00e1 especializada en piezas de autom\u00f3vil de dise\u00f1o original para el sector de la reparaci\u00f3n posventa, clientes industriales y fabricantes de veh\u00edculos especiales OEM.<\/div>\n<div>Nuestro equipo tiene m\u00e1s de 28 a\u00f1os de experiencia en la fabricaci\u00f3n y el suministro de piezas de automoci\u00f3n a escala mundial.<\/div>\n<div>Nuestra MISI\u00d3N es ofrecer productos de dise\u00f1o original con una calidad impecable y una sustituci\u00f3n personalizada.<\/div>\n<div>Nuestra VISI\u00d3N es promover el crecimiento y un valor inigualable para nuestros clientes.<\/div>\n","protected":false},"excerpt":{"rendered":"<p>D6RA78-COM. En stock. Ref: T001001001, D6RA78, 3610023160, 3610023170, 3610023170RU, 3610023171, D6RA78, ZEN 35005, EURO 20580 &#8211; compatible con: HYUNDAI. Marca: COM Automotive &#8211; Producto con calidad y dise\u00f1o originales. Compatible con Valeo<\/p>\n","protected":false},"featured_media":20544,"comment_status":"open","ping_status":"closed","template":"","meta":[],"product_brand":[],"product_cat":[8119],"product_tag":[15509,15568,15569,15570,15506,15572,15567,15571],"class_list":{"0":"post-16115","1":"product","2":"type-product","3":"status-publish","4":"has-post-thumbnail","6":"product_cat-motor-de-arranque","7":"product_tag-3610023160-es","8":"product_tag-3610023170-es","9":"product_tag-3610023170ru-es","10":"product_tag-3610023171-es","11":"product_tag-d6ra78-es","12":"product_tag-euro-20580-es","13":"product_tag-t001001001-es","14":"product_tag-zen-35005-es","16":"first","17":"instock","18":"taxable","19":"shipping-taxable","20":"purchasable","21":"product-type-simple"},"_links":{"self":[{"href":"https:\/\/com-automotive.com\/es\/wp-json\/wp\/v2\/product\/16115","targetHints":{"allow":["GET"]}}],"collection":[{"href":"https:\/\/com-automotive.com\/es\/wp-json\/wp\/v2\/product"}],"about":[{"href":"https:\/\/com-automotive.com\/es\/wp-json\/wp\/v2\/types\/product"}],"replies":[{"embeddable":true,"href":"https:\/\/com-automotive.com\/es\/wp-json\/wp\/v2\/comments?post=16115"}],"wp:featuredmedia":[{"embeddable":true,"href":"https:\/\/com-automotive.com\/es\/wp-json\/wp\/v2\/media\/20544"}],"wp:attachment":[{"href":"https:\/\/com-automotive.com\/es\/wp-json\/wp\/v2\/media?parent=16115"}],"wp:term":[{"taxonomy":"product_brand","embeddable":true,"href":"https:\/\/com-automotive.com\/es\/wp-json\/wp\/v2\/product_brand?post=16115"},{"taxonomy":"product_cat","embeddable":true,"href":"https:\/\/com-automotive.com\/es\/wp-json\/wp\/v2\/product_cat?post=16115"},{"taxonomy":"product_tag","embeddable":true,"href":"https:\/\/com-automotive.com\/es\/wp-json\/wp\/v2\/product_tag?post=16115"}],"curies":[{"name":"wp","href":"https:\/\/api.w.org\/{rel}","templated":true}]}}