{"id":16113,"date":"2023-11-01T16:12:44","date_gmt":"2023-11-01T19:12:44","guid":{"rendered":"https:\/\/com-automotive.com\/motor-de-arranque-12v-9d-8200295-a3761510401-mb-710-712e-1720-l1620-om364-366\/"},"modified":"2023-11-01T16:12:44","modified_gmt":"2023-11-01T19:12:44","slug":"motor-de-arranque-12v-9d-8200295-a3761510401-mb-710-712e-1720-l1620-om364-366","status":"publish","type":"product","link":"https:\/\/com-automotive.com\/es\/motor-de-arranque-12v-9d-8200295-a3761510401-mb-710-712e-1720-l1620-om364-366\/","title":{"rendered":"Motor de arranque 12V 9D 8200295 A3761510401 MB 710 712E 1720 L1620 OM364 366<span class=\"product-sku\" style=\"display: block; font-size: 0.85em; color: #777; margin-top: 5px; margin-bottom: 5px;\">SKU: 6000.0295-COM<\/span>"},"content":{"rendered":"<h1><strong>COM-AUTOMOTIVE, calidad de dise\u00f1o original.<\/strong><\/h1>\n<p>8200295 12V 3.3KW 9 Dientes Arrancador Dise\u00f1o: Delco Remy Tipo: 29MT &#8211; OEM: MERCEDES<\/p>\n<h2>Preguntas m\u00e1s frecuentes<\/h2>\n<h3><strong>\u00bfCu\u00e1les son las referencias cruzadas?<\/strong><\/h3>\n<p>8200295-COM, T001000063, 8200295, A3761510401, A0051518301, A3761510201, 3761510201, 3761510201R, 3761510301R, 10479651, 3761510201, 8200003, 8200295, 8200295R3, 8200511, ZEN 33007, ZEN 33016, ZM 8029001, ZM 8028005, EURO 20611, DITA 20527, 8200103<\/p>\n<h2><strong>Tabla de aplicaci\u00f3n<\/strong><\/h2>\n<table width=\"793\">\n<tbody>\n<tr>\n<td width=\"793\" data-sheets-value=\"{\"1\":2,\"2\":\"MERCEDES BENZ 710, MERCEDES BENZ OM 364 LA OM 364 LA 4.0 L 8V SOHV L4 DIESEL, 2001-2019.\"}\">MERCEDES BENZ 710, MERCEDES BENZ OM 364 LA OM 364 LA 4.0 L 8V SOHV L4 DIESEL, 2001-2019.<\/td>\n<\/tr>\n<tr>\n<td data-sheets-value=\"{\"1\":2,\"2\":\"MERCEDES BENZ L 1620, MERCEDES BENZ OM 366 LA OM 366 LA 6.0 L 12V SOHV L6 DIESEL, 1996-2015.\"}\">MERCEDES BENZ L 1620, MERCEDES BENZ OM 366 LA OM 366 LA 6.0 L 12V SOHV L6 DIESEL, 1996-2015.<\/td>\n<\/tr>\n<tr>\n<td data-sheets-value=\"{\"1\":2,\"2\":\"MERCEDES BENZ OF 1721, MERCEDES BENZ OM 366 LA OM 366 LA 6.0 L 12V SOHV L6 DIESEL, 1997-2004.\"}\">MERCEDES BENZ DE 1721, MERCEDES BENZ OM 366 LA OM 366 LA 6.0 L 12V SOHV L6 DIESEL, 1997-2004.<\/td>\n<\/tr>\n<tr>\n<td data-sheets-value=\"{\"1\":2,\"2\":\"MERCEDES BENZ OH 1318, MERCEDES BENZ OM 366 A OM 366 A 6.0 L 12V SOHV L6 DIESEL, 1990-1996.\"}\">MERCEDES BENZ OH 1318, MERCEDES BENZ OM 366 A OM 366 A 6.0 L 12V SOHV L6 DIESEL, 1990-1996.<\/td>\n<\/tr>\n<tr>\n<td data-sheets-value=\"{\"1\":2,\"2\":\"MERCEDES BENZ OH 1315, MERCEDES BENZ OM 366 OM 366 6.0 L 12V SOHV L6 DIESEL, 1987-1994.\"}\">MERCEDES BENZ OH 1315, MERCEDES BENZ OM 366 OM 366 6.0 L 12V SOHV L6 DIESEL, 1987-1994.<\/td>\n<\/tr>\n<tr>\n<td data-sheets-value=\"{\"1\":2,\"2\":\"MERCEDES BENZ OF 1620, MERCEDES BENZ OM 366 OM 366 6.0 L 12V SOHV L6 DIESEL, 1993-1996.\"}\">MERCEDES BENZ DE 1620, MERCEDES BENZ OM 366 OM 366 6.0 L 12V SOHV L6 DIESEL, 1993-1996.<\/td>\n<\/tr>\n<tr>\n<td data-sheets-value=\"{\"1\":2,\"2\":\"MERCEDES BENZ L 709 37\/42 , MERCEDES BENZ OM 364 OM 364 4.0 L 8V SOHV L4 DIESEL, 1988-1996.\"}\">MERCEDES BENZ L 709 37\/42 , MERCEDES BENZ OM 364 OM 364 4.0 L 8V SOHV L4 DIESEL, 1988-1996.<\/td>\n<\/tr>\n<tr>\n<td data-sheets-value=\"{\"1\":2,\"2\":\"MERCEDES BENZ L 1618, MERCEDES BENZ OM 366 A OM 366 A 6.0 L 12V SOHV L6 DIESEL, 1989-1996.\"}\">MERCEDES BENZ L 1618, MERCEDES BENZ OM 366 A OM 366 A 6.0 L 12V SOHV L6 DIESEL, 1989-1996.<\/td>\n<\/tr>\n<tr>\n<td data-sheets-value=\"{\"1\":2,\"2\":\"MERCEDES BENZ L 1418, MERCEDES BENZ OM 366 A OM 366 A 6.0 L 12V SOHV L6 DIESEL, 1989-2001.\"}\">MERCEDES BENZ L 1418, MERCEDES BENZ OM 366 A OM 366 A 6.0 L 12V SOHV L6 DIESEL, 1989-2001.<\/td>\n<\/tr>\n<tr>\n<td data-sheets-value=\"{\"1\":2,\"2\":\"MERCEDES BENZ OF 1820, MERCEDES BENZ OM 366 OM 366 6.0 L 12V SOHV L6 DIESEL, 1994-2003.\"}\">MERCEDES BENZ DE 1820, MERCEDES BENZ OM 366 OM 366 6.0 L 12V SOHV L6 DIESEL, 1994-2003.<\/td>\n<\/tr>\n<tr>\n<td data-sheets-value=\"{\"1\":2,\"2\":\"MERCEDES BENZ L 1218, MERCEDES BENZ OM 366 A OM 366 A 6.0 L 12V SOHV L6 DIESEL, 1989-2016.\"}\">MERCEDES BENZ L 1218, MERCEDES BENZ OM 366 A OM 366 A 6.0 L 12V SOHV L6 DIESEL, 1989-2016.<\/td>\n<\/tr>\n<tr>\n<td data-sheets-value=\"{\"1\":2,\"2\":\"MERCEDES BENZ LO 812, MERCEDES BENZ OM 364 LA OM 364 LA 4.0 L 8V SOHV L4 DIESEL, 2003-2012.\"}\">MERCEDES BENZ LO 812, MERCEDES BENZ OM 364 LA OM 364 LA 4.0 L 8V SOHV L4 DIESEL, 2003-2012.<\/td>\n<\/tr>\n<tr>\n<td data-sheets-value=\"{\"1\":2,\"2\":\"MERCEDES BENZ 712, MERCEDES BENZ OM 364 A OM 364 A 4.0 L 8V SOHV L4 DIESEL, 1996-1999.\"}\">MERCEDES BENZ 712, MERCEDES BENZ OM 364 A OM 364 A 4.0 L 8V SOHV L4 DIESEL, 1996-1999.<\/td>\n<\/tr>\n<tr>\n<td data-sheets-value=\"{\"1\":2,\"2\":\"MERCEDES BENZ LB\/LO 814, MERCEDES BENZ OM 364 LA OM 364 LA 4.0 L 8V SOHV L4 DIESEL, 1997-2002.\"}\">MERCEDES BENZ LB\/LO 814, MERCEDES BENZ OM 364 LA OM 364 LA 4.0 L 8V SOHV L4 DIESEL, 1997-2002.<\/td>\n<\/tr>\n<tr>\n<td data-sheets-value=\"{\"1\":2,\"2\":\"MERCEDES BENZ L 1214, MERCEDES BENZ OM 366 OM 366 6.0 L 12V SOHV L6 DIESEL, 1989-2019.\"}\">MERCEDES BENZ L 1214, MERCEDES BENZ OM 366 OM 366 6.0 L 12V SOHV L6 DIESEL, 1989-2019.<\/td>\n<\/tr>\n<tr>\n<td data-sheets-value=\"{\"1\":2,\"2\":\"MERCEDES BENZ OH 1621 L , MERCEDES BENZ OM 366 LA OM 366 LA 6.0 L 12V SOHV L6 DIESEL, 1997-2005.\"}\">MERCEDES BENZ OH 1621 L , MERCEDES BENZ OM 366 LA OM 366 LA 6.0 L 12V SOHV L6 DIESEL, 1997-2005.<\/td>\n<\/tr>\n<tr>\n<td data-sheets-value=\"{\"1\":2,\"2\":\"MERCEDES BENZ 914, MERCEDES BENZ OM 364 LA OM 364 LA 4.0 L 8V SOHV L4 DIESEL, 1994-1999.\"}\">MERCEDES BENZ 914, MERCEDES BENZ OM 364 LA OM 364 LA 4.0 L 8V SOHV L4 DIESEL, 1994-1999.<\/td>\n<\/tr>\n<tr>\n<td data-sheets-value=\"{\"1\":2,\"2\":\"MERCEDES BENZ 912, MERCEDES BENZ OM 364 A OM 364 A 4.0 L 8V SOHV L4 DIESEL, 1988-1996.\"}\">MERCEDES BENZ 912, MERCEDES BENZ OM 364 A OM 364 A 4.0 L 8V SOHV L4 DIESEL, 1988-1996.<\/td>\n<\/tr>\n<tr>\n<td data-sheets-value=\"{\"1\":2,\"2\":\"MERCEDES BENZ 1720, MERCEDES BENZ OM 366 LA OM 366 LA 6.0 L 12V SOHV L6 DIESEL, 1984-2016.\"}\">MERCEDES BENZ 1720, MERCEDES BENZ OM 366 LA OM 366 LA 6.0 L 12V SOHV L6 DIESEL, 1984-2016.<\/td>\n<\/tr>\n<tr>\n<td data-sheets-value=\"{\"1\":2,\"2\":\"MERCEDES BENZ O 371, MERCEDES BENZ OM 366 OM 366 6.0 L 12V SOHV L6 DIESEL, 1987-1995.\"}\">MERCEDES BENZ O 371, MERCEDES BENZ OM 366 OM 366 6.0 L 12V SOHV L6 DIESEL, 1987-1995.<\/td>\n<\/tr>\n<tr>\n<td data-sheets-value=\"{\"1\":2,\"2\":\"MERCEDES BENZ OF 1318, MERCEDES BENZ OM 366 LA OM 366 LA 6.0 L 12V SOHV L6 DIESEL, 1997-1999.\"}\">MERCEDES BENZ DE 1318, MERCEDES BENZ OM 366 LA OM 366 LA 6.0 L 12V SOHV L6 DIESEL, 1997-1999.<\/td>\n<\/tr>\n<tr>\n<td data-sheets-value=\"{\"1\":2,\"2\":\"MERCEDES BENZ OF 1115, MERCEDES BENZ OM 366 OM 366 6.0 L 12V SOHV L6 DIESEL, 1987-1994.\"}\">MERCEDES BENZ DE 1115, MERCEDES BENZ OM 366 OM 366 6.0 L 12V SOHV L6 DIESEL, 1987-1994.<\/td>\n<\/tr>\n<tr>\n<td data-sheets-value=\"{\"1\":2,\"2\":\"MERCEDES BENZ L 2318, MERCEDES BENZ OM 366 A OM 366 A 6.0 L 12V SOHV L6 DIESEL, 1990-1999.\"}\">MERCEDES BENZ L 2318, MERCEDES BENZ OM 366 A OM 366 A 6.0 L 12V SOHV L6 DIESEL, 1990-1999.<\/td>\n<\/tr>\n<tr>\n<td data-sheets-value=\"{\"1\":2,\"2\":\"MERCEDES BENZ LO 812, MERCEDES BENZ OM 364 OM 364 4.0 L 8V SOHV L4 DIESEL, 1988-1996.\"}\">MERCEDES BENZ LO 812, MERCEDES BENZ OM 364 OM 364 4.0 L 8V SOHV L4 DIESEL, 1988-1996.<\/td>\n<\/tr>\n<tr>\n<td data-sheets-value=\"{\"1\":2,\"2\":\"MERCEDES BENZ OF 1618, MERCEDES BENZ OM 366 OM 366 6.0 L 12V SOHV L6 DIESEL, 1992-1994.\"}\">MERCEDES BENZ DE 1618, MERCEDES BENZ OM 366 OM 366 6.0 L 12V SOHV L6 DIESEL, 1992-1994.<\/td>\n<\/tr>\n<tr>\n<td data-sheets-value=\"{\"1\":2,\"2\":\"MERCEDES BENZ 1214 C, MERCEDES BENZ OM 364 LA OM 364 LA 4.0 L 8V SOHV L4 DIESEL, 1997-2000.\"}\">MERCEDES BENZ 1214 C, MERCEDES BENZ OM 364 LA OM 364 LA 4.0 L 8V SOHV L4 DIESEL, 1997-2000.<\/td>\n<\/tr>\n<tr>\n<td data-sheets-value=\"{\"1\":2,\"2\":\"MERCEDES BENZ L 1621, MERCEDES BENZ OM 366 LA OM 366 LA 6.0 L 12V SOHV L6 DIESEL, 1989-1996.\"}\">MERCEDES BENZ L 1621, MERCEDES BENZ OM 366 LA OM 366 LA 6.0 L 12V SOHV L6 DIESEL, 1989-1996.<\/td>\n<\/tr>\n<tr>\n<td data-sheets-value=\"{\"1\":2,\"2\":\"MERCEDES BENZ LA 1418, MERCEDES BENZ OM 366 A OM 366 A 6.0 L 12V SOHV L6 DIESEL, 1989-2019.\"}\">MERCEDES BENZ LA 1418, MERCEDES BENZ OM 366 A OM 366 A 6.0L 12V SOHV L6 DIESEL, 1989-2019.<\/td>\n<\/tr>\n<tr>\n<td data-sheets-value=\"{\"1\":2,\"2\":\"MERCEDES BENZ 1420, MERCEDES BENZ OM 366 LA OM 366 LA 6.0 L 12V SOHV L6 DIESEL, 2002-2005.\"}\">MERCEDES BENZ 1420, MERCEDES BENZ OM 366 LA OM 366 LA 6.0 L 12V SOHV L6 DIESEL, 2002-2005.<\/td>\n<\/tr>\n<tr>\n<td data-sheets-value=\"{\"1\":2,\"2\":\"MERCEDES BENZ LO 712, MERCEDES BENZ OM 364 LA OM 364 LA 4.0 L 8V SOHV L4 DIESEL, 2003-2012.\"}\">MERCEDES BENZ LO 712, MERCEDES BENZ OM 364 LA OM 364 LA 4.0 L 8V SOHV L4 DIESEL, 2003-2012.<\/td>\n<\/tr>\n<tr>\n<td data-sheets-value=\"{\"1\":2,\"2\":\"MERCEDES BENZ LK 1214, MERCEDES BENZ OM 366 OM 366 6.0 L 12V SOHV L6 DIESEL, 1989-1997.\"}\">MERCEDES BENZ LK 1214, MERCEDES BENZ OM 366 OM 366 6.0 L 12V SOHV L6 DIESEL, 1989-1997.<\/td>\n<\/tr>\n<tr>\n<td data-sheets-value=\"{\"1\":2,\"2\":\"MERCEDES BENZ LO 610, MERCEDES BENZ OM 364 LA OM 364 LA 4.0 L 8V SOHV L4 DIESEL, 2001-2003.\"}\">MERCEDES BENZ LO 610, MERCEDES BENZ OM 364 LA OM 364 LA 4.0 L 8V SOHV L4 DIESEL, 2001-2003.<\/td>\n<\/tr>\n<tr>\n<td data-sheets-value=\"{\"1\":2,\"2\":\"MERCEDES BENZ LK 1618, MERCEDES BENZ OM 366 A OM 366 A 6.0 L 12V SOHV L6 DIESEL, 1989-1996.\"}\">MERCEDES BENZ LK 1618, MERCEDES BENZ OM 366 A OM 366 A 6.0 L 12V SOHV L6 DIESEL, 1989-1996.<\/td>\n<\/tr>\n<tr>\n<td data-sheets-value=\"{\"1\":2,\"2\":\"MERCEDES BENZ O 371 UL , MERCEDES BENZ OM 366 OM 366 6.0 L 12V SOHV L6 DIESEL, 1995-1998.\"}\">MERCEDES BENZ O 371 UL , MERCEDES BENZ OM 366 OM 366 6.0 L 12V SOHV L6 DIESEL, 1995-1998.<\/td>\n<\/tr>\n<tr>\n<td data-sheets-value=\"{\"1\":2,\"2\":\"MERCEDES BENZ 1418 E, MERCEDES BENZ OM 366 A OM 366 A 6.0 L 12V SOHV L6 DIESEL, 2000-2019.\"}\">MERCEDES BENZ 1418 E, MERCEDES BENZ OM 366 A OM 366 A 6.0L 12V SOHV L6 DIESEL, 2000-2019.<\/td>\n<\/tr>\n<tr>\n<td data-sheets-value=\"{\"1\":2,\"2\":\"MERCEDES BENZ 1214 K, MERCEDES BENZ OM 366 OM 366 6.0 L 12V SOHV L6 DIESEL, 1999-1999.\"}\">MERCEDES BENZ 1214 K, MERCEDES BENZ OM 366 OM 366 6.0 L 12V SOHV L6 DIESEL, 1999-1999.<\/td>\n<\/tr>\n<tr>\n<td data-sheets-value=\"{\"1\":2,\"2\":\"MERCEDES BENZ 1718 K, MERCEDES BENZ OM 366 A OM 366 A 6.0 L 12V SOHV L6 DIESEL, 1991-1999.\"}\">MERCEDES BENZ 1718 K, MERCEDES BENZ OM 366 A OM 366 A 6.0 L 12V SOHV L6 DIESEL, 1991-1999.<\/td>\n<\/tr>\n<tr>\n<td data-sheets-value=\"{\"1\":2,\"2\":\"MERCEDES BENZ L 1418 E, MERCEDES BENZ OM 366 A OM 366 A 6.0 L 12V SOHV L6 DIESEL, 1989-1997.\"}\">MERCEDES BENZ L 1418 E, MERCEDES BENZ OM 366 A OM 366 A 6.0 L 12V SOHV L6 DIESEL, 1989-1997.<\/td>\n<\/tr>\n<tr>\n<td data-sheets-value=\"{\"1\":2,\"2\":\"MERCEDES BENZ 1723, MERCEDES BENZ OM 366 LA OM 366 LA 6.0 L 12V SOHV L6 DIESEL, 1999-2002.\"}\">MERCEDES BENZ 1723, MERCEDES BENZ OM 366 LA OM 366 LA 6.0 L 12V SOHV L6 DIESEL, 1999-2002.<\/td>\n<\/tr>\n<tr>\n<td data-sheets-value=\"{\"1\":2,\"2\":\"MERCEDES BENZ L 1614, MERCEDES BENZ OM 366 OM 366 6.0 L 12V SOHV L6 DIESEL, 1989-1995.\"}\">MERCEDES BENZ L 1614, MERCEDES BENZ OM 366 OM 366 6.0 L 12V SOHV L6 DIESEL, 1989-1995.<\/td>\n<\/tr>\n<tr>\n<td data-sheets-value=\"{\"1\":2,\"2\":\"MERCEDES BENZ OH 1420, MERCEDES BENZ OM 366 LA OM 366 LA 6.0 L 12V SOHV L6 DIESEL, 1998-2003.\"}\">MERCEDES BENZ OH 1420, MERCEDES BENZ OM 366 LA OM 366 LA 6.0 L 12V SOHV L6 DIESEL, 1998-2003.<\/td>\n<\/tr>\n<tr>\n<td data-sheets-value=\"{\"1\":2,\"2\":\"MERCEDES BENZ L 1721 S, MERCEDES BENZ OM 366 LA OM 366 LA 6.0 L 12V SOHV L6 DIESEL, 1992-1998.\"}\">MERCEDES BENZ L 1721 S, MERCEDES BENZ OM 366 LA OM 366 LA 6.0 L 12V SOHV L6 DIESEL, 1992-1998.<\/td>\n<\/tr>\n<tr>\n<td data-sheets-value=\"{\"1\":2,\"2\":\"MERCEDES BENZ LK 1414, MERCEDES BENZ OM 366 OM 366 6.0 L 12V SOHV L6 DIESEL, 1989-1996.\"}\">MERCEDES BENZ LK 1414, MERCEDES BENZ OM 366 OM 366 6.0 L 12V SOHV L6 DIESEL, 1989-1996.<\/td>\n<\/tr>\n<tr>\n<td data-sheets-value=\"{\"1\":2,\"2\":\"MERCEDES BENZ 710, MERCEDES BENZ OM 364 A OM 364 A 4.0 L 8V SOHV L4 DIESEL, 1995-1997.\"}\">MERCEDES BENZ 710, MERCEDES BENZ OM 364 A OM 364 A 4.0 L 8V SOHV L4 DIESEL, 1995-1997.<\/td>\n<\/tr>\n<tr>\n<td data-sheets-value=\"{\"1\":2,\"2\":\"MERCEDES BENZ L 709, MERCEDES BENZ OM 364 OM 364 4.0 L 8V SOHV L4 DIESEL, 1988-1993.\"}\">MERCEDES BENZ L 709, MERCEDES BENZ OM 364 OM 364 4.0 L 8V SOHV L4 DIESEL, 1988-1993.<\/td>\n<\/tr>\n<tr>\n<td data-sheets-value=\"{\"1\":2,\"2\":\"MERCEDES BENZ 1718 A, MERCEDES BENZ OM 366 A OM 366 A 6.0 L 12V SOHV L6 DIESEL, 1991-2020.\"}\">MERCEDES BENZ 1718 A, MERCEDES BENZ OM 366 A OM 366 A 6.0L 12V SOHV L6 DIESEL, 1991-2020.<\/td>\n<\/tr>\n<tr>\n<td data-sheets-value=\"{\"1\":2,\"2\":\"MERCEDES BENZ 2418, MERCEDES BENZ OM 366 A OM 366 A 6.0 L 12V SOHV L6 DIESEL, 1992-1999.\"}\">MERCEDES BENZ 2418, MERCEDES BENZ OM 366 A OM 366 A 6.0 L 12V SOHV L6 DIESEL, 1992-1999.<\/td>\n<\/tr>\n<tr>\n<td data-sheets-value=\"{\"1\":2,\"2\":\"MERCEDES BENZ L 2215, MERCEDES BENZ OM 366 A OM 366 A 6.0 L 12V SOHV L6 DIESEL, 1985-1986.\"}\">MERCEDES BENZ L 2215, MERCEDES BENZ OM 366 A OM 366 A 6.0 L 12V SOHV L6 DIESEL, 1985-1986.<\/td>\n<\/tr>\n<tr>\n<td data-sheets-value=\"{\"1\":2,\"2\":\"MERCEDES BENZ L 1414, MERCEDES BENZ OM 366 OM 366 6.0 L 12V SOHV L6 DIESEL, 1989-1996.\"}\">MERCEDES BENZ L 1414, MERCEDES BENZ OM 366 OM 366 6.0 L 12V SOHV L6 DIESEL, 1989-1996.<\/td>\n<\/tr>\n<tr>\n<td data-sheets-value=\"{\"1\":2,\"2\":\"MERCEDES BENZ 1714 K, MERCEDES BENZ OM 366 OM 366 6.0 L 12V SOHV L6 DIESEL, 1991-1993.\"}\">MERCEDES BENZ 1714 K, MERCEDES BENZ OM 366 OM 366 6.0 L 12V SOHV L6 DIESEL, 1991-1993.<\/td>\n<\/tr>\n<tr>\n<td data-sheets-value=\"{\"1\":2,\"2\":\"MERCEDES BENZ LK 1621, MERCEDES BENZ OM 366 LA OM 366 LA 6.0 L 12V SOHV L6 DIESEL, 1989-1996.\"}\">MERCEDES BENZ LK 1621, MERCEDES BENZ OM 366 LA OM 366 LA 6.0 L 12V SOHV L6 DIESEL, 1989-1996.<\/td>\n<\/tr>\n<tr>\n<td data-sheets-value=\"{\"1\":2,\"2\":\"MERCEDES BENZ 1718 M96, MERCEDES BENZ OM 366 A OM 366 A 6.0 L 12V SOHV L6 DIESEL, 2000-2002.\"}\">MERCEDES BENZ 1718 M96, MERCEDES BENZ OM 366 A OM 366 A 6.0 L 12V SOHV L6 DIESEL, 2000-2002.<\/td>\n<\/tr>\n<tr>\n<td data-sheets-value=\"{\"1\":2,\"2\":\"MERCEDES BENZ OH 1420, MERCEDES BENZ OM 366 OM 366 6.0 L 12V SOHV L6 DIESEL, 1987-1989.\"}\">MERCEDES BENZ OH 1420, MERCEDES BENZ OM 366 OM 366 6.0 L 12V SOHV L6 DIESEL, 1987-1989.<\/td>\n<\/tr>\n<tr>\n<td data-sheets-value=\"{\"1\":2,\"2\":\"MERCEDES BENZ LK 1418 E, MERCEDES BENZ OM 366 A OM 366 A 6.0 L 12V SOHV L6 DIESEL, 1989-1993.\"}\">MERCEDES BENZ LK 1418 E, MERCEDES BENZ OM 366 A OM 366 A 6.0 L 12V SOHV L6 DIESEL, 1989-1993.<\/td>\n<\/tr>\n<tr>\n<td data-sheets-value=\"{\"1\":2,\"2\":\"MERCEDES BENZ L 2314, MERCEDES BENZ OM 366 OM 366 6.0 L 12V SOHV L6 DIESEL, 1990-1993.\"}\">MERCEDES BENZ L 2314, MERCEDES BENZ OM 366 OM 366 6.0 L 12V SOHV L6 DIESEL, 1990-1993.<\/td>\n<\/tr>\n<tr>\n<td data-sheets-value=\"{\"1\":2,\"2\":\"MERCEDES BENZ LK 2318, MERCEDES BENZ OM 366 A OM 366 A 6.0 L 12V SOHV L6 DIESEL, 1990-1993.\"}\">MERCEDES BENZ LK 2318, MERCEDES BENZ OM 366 A OM 366 A 6.0 L 12V SOHV L6 DIESEL, 1990-1993.<\/td>\n<\/tr>\n<tr>\n<td data-sheets-value=\"{\"1\":2,\"2\":\"MERCEDES BENZ 1718, MERCEDES BENZ OM 366 A OM 366 A 6.0 L 12V SOHV L6 DIESEL, 1991-2017.\"}\">MERCEDES BENZ 1718, MERCEDES BENZ OM 366 A OM 366 A 6.0 L 12V SOHV L6 DIESEL, 1991-2017.<\/td>\n<\/tr>\n<tr>\n<td data-sheets-value=\"{\"1\":2,\"2\":\"MERCEDES BENZ L 1714 K, MERCEDES BENZ OM 366 OM 366 6.0 L 12V SOHV L6 DIESEL, 1991-1993.\"}\">MERCEDES BENZ L 1714 K, MERCEDES BENZ OM 366 OM 366 6.0 L 12V SOHV L6 DIESEL, 1991-1993.<\/td>\n<\/tr>\n<tr>\n<td data-sheets-value=\"{\"1\":2,\"2\":\"MERCEDES BENZ LAK 1418, MERCEDES BENZ OM 366 A OM 366 A 6.0 L 12V SOHV L6 DIESEL, 1989-2019.\"}\">MERCEDES BENZ LAK 1418, MERCEDES BENZ OM 366 A OM 366 A 6.0L 12V SOHV L6 DIESEL, 1989-2019.<\/td>\n<\/tr>\n<tr>\n<td data-sheets-value=\"{\"1\":2,\"2\":\"MERCEDES BENZ LB 2318, MERCEDES BENZ OM 366 A OM 366 A 6.0 L 12V SOHV L6 DIESEL, 1990-1993.\"}\">MERCEDES BENZ LB 2318, MERCEDES BENZ OM 366 A OM 366 A 6.0 L 12V SOHV L6 DIESEL, 1990-1993.<\/td>\n<\/tr>\n<tr>\n<td data-sheets-value=\"{\"1\":2,\"2\":\"MERCEDES BENZ OH 1623, MERCEDES BENZ OM 366 LA OM 366 LA 6.0 L 12V SOHV L6 DIESEL, 2001-2006.\"}\">MERCEDES BENZ OH 1623, MERCEDES BENZ OM 366 LA OM 366 LA 6.0 L 12V SOHV L6 DIESEL, 2001-2006.<\/td>\n<\/tr>\n<tr>\n<td data-sheets-value=\"{\"1\":2,\"2\":\"MERCEDES BENZ L 1319, MERCEDES BENZ OM 366 LA OM 366 LA 6.0 L 12V SOHV L6 DIESEL, 1984-1986.\"}\">MERCEDES BENZ L 1319, MERCEDES BENZ OM 366 LA OM 366 LA 6.0 L 12V SOHV L6 DIESEL, 1984-1986.<\/td>\n<\/tr>\n<tr>\n<td data-sheets-value=\"{\"1\":2,\"2\":\"MERCEDES BENZ 1720 A, MERCEDES BENZ OM 366 LA OM 366 LA 6.0 L 12V SOHV L6 DIESEL, 2019-2019.\"}\">MERCEDES BENZ 1720 A, MERCEDES BENZ OM 366 LA OM 366 LA 6.0 L 12V SOHV L6 DIESEL, 2019-2019.<\/td>\n<\/tr>\n<tr>\n<td data-sheets-value=\"{\"1\":2,\"2\":\"MERCEDES BENZ OF 809, MERCEDES BENZ OM 364 OM 364 4.0 L 8V SOHV L4 DIESEL, 1996-1996.\"}\">MERCEDES BENZ DE 809, MERCEDES BENZ OM 364 OM 364 4.0 L 8V SOHV L4 DIESEL, 1996-1996.<\/td>\n<\/tr>\n<tr>\n<td data-sheets-value=\"{\"1\":2,\"2\":\"MERCEDES BENZ OH 1421 L , MERCEDES BENZ OM 366 LA OM 366 LA 6.0 L 12V SOHV L6 DIESEL, 2003-2003.\"}\">MERCEDES BENZ OH 1421 L , MERCEDES BENZ OM 366 LA OM 366 LA 6.0 L 12V SOHV L6 DIESEL, 2003-2003.<\/td>\n<\/tr>\n<\/tbody>\n<\/table>\n<div><\/div>\n<div>ATENCI\u00d3N:<\/div>\n<div>Recomendamos que la instalaci\u00f3n la realice un profesional formado y especializado.<\/div>\n<div>S\u00f3lo compra este producto si est\u00e1s seguro de que es compatible con tu veh\u00edculo. Si tienes alguna duda, no dudes en ponerte en contacto con nosotros. Nuestro horario de apertura es de lunes a viernes de 8 a 18 h.<\/div>\n<div><\/div>\n<div>Sobre nosotros<\/div>\n<div>COM Automotive est\u00e1 especializada en piezas de autom\u00f3vil de dise\u00f1o original para el sector de la reparaci\u00f3n posventa, clientes industriales y fabricantes de veh\u00edculos especiales OEM.<\/div>\n<div>Nuestro equipo tiene m\u00e1s de 28 a\u00f1os de experiencia en la fabricaci\u00f3n y el suministro de piezas de automoci\u00f3n a escala mundial.<\/div>\n<div>Nuestra MISI\u00d3N es ofrecer productos de dise\u00f1o original con una calidad impecable y una sustituci\u00f3n personalizada.<\/div>\n<div>Nuestra VISI\u00d3N es promover el crecimiento y un valor inigualable para nuestros clientes.<\/div>\n","protected":false},"excerpt":{"rendered":"<p>8200295-COM. En stock. Ref: T001000063, 8200295, A3761510401, A0051518301, A3761510201, 3761510201R, 3761510301R, A 0 051 518 301, 10479651, 3761510201, 8200003, 8200295, 8200295R3, 8200511, 10479646, ZEN 33007, ZEN 33016, ZM 8028005, EURO 20611, DITA 20527 &#8211; compatible con: MERCEDES. Marca: COM Automotive &#8211; Producto con calidad y dise\u00f1o originales. Compatible con Delco Remy<\/p>\n","protected":false},"featured_media":18684,"comment_status":"open","ping_status":"closed","template":"","meta":[],"product_brand":[],"product_cat":[8119],"product_tag":[15635,15539,15633,15536,15537,15538,21651,27140,15540,15532,15541,15543,15637,15534,21650,15535,15533,15531,15530,15545],"class_list":{"0":"post-16113","1":"product","2":"type-product","3":"status-publish","4":"has-post-thumbnail","6":"product_cat-motor-de-arranque","7":"product_tag-0051518301-es","8":"product_tag-10479651-es","9":"product_tag-35008vlp-es","10":"product_tag-3761510201-es","11":"product_tag-3761510201r-es","12":"product_tag-3761510301r-es","13":"product_tag-61006208-es","14":"product_tag-6849n-es","15":"product_tag-8200003-es","16":"product_tag-8200295-es","17":"product_tag-8200295r3-es","18":"product_tag-8200511-es","19":"product_tag-a0051514901-es","20":"product_tag-a0051518301-es","21":"product_tag-a0061515101-es","22":"product_tag-a3761510201-es","23":"product_tag-a3761510401-es","24":"product_tag-t001000063-es","25":"product_tag-zen-33007-es","26":"product_tag-zm-8029001-es","28":"first","29":"instock","30":"taxable","31":"shipping-taxable","32":"purchasable","33":"product-type-simple"},"_links":{"self":[{"href":"https:\/\/com-automotive.com\/es\/wp-json\/wp\/v2\/product\/16113","targetHints":{"allow":["GET"]}}],"collection":[{"href":"https:\/\/com-automotive.com\/es\/wp-json\/wp\/v2\/product"}],"about":[{"href":"https:\/\/com-automotive.com\/es\/wp-json\/wp\/v2\/types\/product"}],"replies":[{"embeddable":true,"href":"https:\/\/com-automotive.com\/es\/wp-json\/wp\/v2\/comments?post=16113"}],"wp:featuredmedia":[{"embeddable":true,"href":"https:\/\/com-automotive.com\/es\/wp-json\/wp\/v2\/media\/18684"}],"wp:attachment":[{"href":"https:\/\/com-automotive.com\/es\/wp-json\/wp\/v2\/media?parent=16113"}],"wp:term":[{"taxonomy":"product_brand","embeddable":true,"href":"https:\/\/com-automotive.com\/es\/wp-json\/wp\/v2\/product_brand?post=16113"},{"taxonomy":"product_cat","embeddable":true,"href":"https:\/\/com-automotive.com\/es\/wp-json\/wp\/v2\/product_cat?post=16113"},{"taxonomy":"product_tag","embeddable":true,"href":"https:\/\/com-automotive.com\/es\/wp-json\/wp\/v2\/product_tag?post=16113"}],"curies":[{"name":"wp","href":"https:\/\/api.w.org\/{rel}","templated":true}]}}