{"id":16053,"date":"2023-11-15T20:25:26","date_gmt":"2023-11-15T23:25:26","guid":{"rendered":"https:\/\/com-automotive.com\/alternador-24v-80a-0124555036-0124555119-21429782-para-volvo-d12-d13-nh-fh-04\/"},"modified":"2023-11-15T20:25:26","modified_gmt":"2023-11-15T23:25:26","slug":"alternador-24v-80a-0124555036-0124555119-21429782-para-volvo-d12-d13-nh-fh-04","status":"publish","type":"product","link":"https:\/\/com-automotive.com\/es\/alternador-24v-80a-0124555036-0124555119-21429782-para-volvo-d12-d13-nh-fh-04\/","title":{"rendered":"Alternador 24V 80A 0124555036 0124555119 21429782 para Volvo D12 D13 NH FH 04&gt;<span class=\"product-sku\" style=\"display: block; font-size: 0.85em; color: #777; margin-top: 5px; margin-bottom: 5px;\">SKU: 8000.5036-COM<\/span>"},"content":{"rendered":"<h1><strong>COM-AUTOMOTIVE, calidad de dise\u00f1o original.<\/strong><\/h1>\n<p>Alternador 0124555036 de 24 V y 80 amperios con polea &#8211; Dise\u00f1o: BOSCH SEG &#8211; OEM: VOLVO<\/p>\n<h2>Preguntas m\u00e1s frecuentes<\/h2>\n<h3><strong>\u00bfCu\u00e1les son las referencias cruzadas?<\/strong><\/h3>\n<p>0124555119, 0124555036, 21429782, 21429782, 20850236<\/p>\n<h2><strong>Tabla de aplicaci\u00f3n<\/strong><\/h2>\n<table width=\"1105\">\n<tbody>\n<tr>\n<td width=\"1105\">VOLVO FH 460 6X2T SUSPENSI\u00d3N NEUM\u00c1TICA , VOLVO D13C460 D13C460 12.8 L 24V SOHC L6 DIESEL, 2012-2019.<\/td>\n<\/tr>\n<tr>\n<td>VOLVO FH 440 6X2T , VOLVO D 13 A D 13 A 12.8 L 24V SOHC L6 DIESEL, 2006-2015.<\/td>\n<\/tr>\n<tr>\n<td>VOLVO FH 460 6X2T SUSPENSI\u00d3N BASCULANTE , VOLVO D13C460 D13C460 12,8 L 24V SOHC L6 DIESEL, 2015-2023.<\/td>\n<\/tr>\n<tr>\n<td>VOLVO FH 460 6X4T , VOLVO D13C460 D13C460 12,8 L 24V SOHC L6 DIESEL, 2013-2023.<\/td>\n<\/tr>\n<tr>\n<td>VOLVO FH 500 6X4T , VOLVO D13C500 D13C500 12,8 L 24V SOHC L6 DIESEL, 2013-2023.<\/td>\n<\/tr>\n<tr>\n<td>VOLVO FH 460 4X2T , VOLVO D13C460 D13C460 12.8 L 24V SOHC L6 DIESEL, 2013-2023.<\/td>\n<\/tr>\n<tr>\n<td>VOLVO FH 400 6X2T , VOLVO D 13 A D 13 A 12.8 L 24V SOHC L6 DIESEL, 2006-2016.<\/td>\n<\/tr>\n<tr>\n<td>VOLVO FH 440 6X4T , VOLVO D 13 A D 13 A 12.8 L 24V SOHC L6 DIESEL, 2006-2013.<\/td>\n<\/tr>\n<tr>\n<td>VOLVO FH 400 4X2T , VOLVO D 13 A D 13 A 12.8 L 24V SOHC L6 DIESEL, 2006-2017.<\/td>\n<\/tr>\n<tr>\n<td>VOLVO FH 520 6X4T , VOLVO D 13 A D 13 A 12.8 L 24V SOHC L6 DIESEL, 2006-2013.<\/td>\n<\/tr>\n<tr>\n<td>VOLVO FMX 500 6X4T , VOLVO D13C500 D13C500 12.8 L 24V SOHC L6 DIESEL, 2012-2017.<\/td>\n<\/tr>\n<tr>\n<td>VOLVO FMX 460 8X4R , VOLVO D13C460 D13C460 12.8 L 24V SOHC L6 DIESEL, 2012-2013.<\/td>\n<\/tr>\n<tr>\n<td>VOLVO FH 440 4X2T , VOLVO D 13 A D 13 A 12.8 L 24V SOHC L6 DIESEL, 2006-2012.<\/td>\n<\/tr>\n<tr>\n<td>VOLVO FH 500 6X2T SUSPENSI\u00d3N BASCULANTE , VOLVO D13C500 D13C500 12,8 L 24V SOHC L6 DIESEL, 2015-2023.<\/td>\n<\/tr>\n<tr>\n<td>VOLVO FH 460 6X2T SUSPENSI\u00d3N T\u00c1NDEM , VOLVO D13C460 D13C460 12.8 L 24V SOHC L6 DIESEL, 2012-2019.<\/td>\n<\/tr>\n<tr>\n<td>VOLVO FH 480 6X4T , VOLVO D 13 A D 13 A 12.8 L 24V SOHC L6 DIESEL, 2006-2015.<\/td>\n<\/tr>\n<tr>\n<td>VOLVO FH 460 8X2T , VOLVO D13C460 D13C460 12,8 L 24V SOHC L6 DIESEL, 2017-2023.<\/td>\n<\/tr>\n<tr>\n<td>VOLVO FH 500 6X2T SUSPENSI\u00d3N NEUM\u00c1TICA , VOLVO D13C500 D13C500 12.8 L 24V SOHC L6 DIESEL, 2013-2019.<\/td>\n<\/tr>\n<tr>\n<td>VOLVO FH 500 4X2T , VOLVO D13C500 D13C500 12,8 L 24V SOHC L6 DIESEL, 2013-2023.<\/td>\n<\/tr>\n<tr>\n<td>VOLVO FMX 500 8X4R , VOLVO D13C500 D13C500 12,8 L 24V SOHC L6 DIESEL, 2016-2023.<\/td>\n<\/tr>\n<tr>\n<td>VOLVO FM 440 6X4R , VOLVO D 13 A D 13 A 12.8 L 24V SOHC L6 DIESEL, 2006-2015.<\/td>\n<\/tr>\n<tr>\n<td>VOLVO FM 460 6X4R , VOLVO D13C460 D13C460 12,8 L 24V SOHC L6 DIESEL, 2008-2023.<\/td>\n<\/tr>\n<tr>\n<td>VOLVO FH 500 8X2T , VOLVO D13C500 D13C500 12,8 L 24V SOHC L6 DIESEL, 2008-2023.<\/td>\n<\/tr>\n<tr>\n<td>VOLVO FM 500 8X4R , VOLVO D13C500 D13C500 12.8 L 24V SOHC L6 DIESEL, 2008-2019.<\/td>\n<\/tr>\n<tr>\n<td>VOLVO FM 480 6X4T , VOLVO D 13 A D 13 A 12.8 L 24V SOHC L6 DIESEL, 2006-2012.<\/td>\n<\/tr>\n<tr>\n<td>VOLVO FH 500 6X2T SUSPENSI\u00d3N T\u00c1NDEM , VOLVO D13C500 D13C500 12,8 L 24V SOHC L6 DIESEL, 2015-2019.<\/td>\n<\/tr>\n<tr>\n<td>VOLVO FM 440 6X4T , VOLVO D 13 A D 13 A 12.8 L 24V SOHC L6 DIESEL, 2006-2012.<\/td>\n<\/tr>\n<tr>\n<td>VOLVO FH 520 6X2T , VOLVO D 13 A D 13 A 12.8 L 24V SOHC L6 DIESEL, 2006-2018.<\/td>\n<\/tr>\n<tr>\n<td>VOLVO FMX 440 , VOLVO D 13 A D 13 A 12.8 L 24V SOHC L6 DIESEL, 2011-2011.<\/td>\n<\/tr>\n<tr>\n<td>VOLVO FM 380 4X2T , VOLVO D13C380 D13C380 12.8 L 24V SOHC L6 DIESEL, 2015-2023.<\/td>\n<\/tr>\n<tr>\n<td>VOLVO FMX 400 , VOLVO D 13 A D 13 A 12.8 L 24V SOHC L6 DIESEL, 2011-2011.<\/td>\n<\/tr>\n<tr>\n<td>VOLVO FM 460 6X4T , VOLVO D13C460 D13C460 12.8 L 24V SOHC L6 DIESEL, 2008-2019.<\/td>\n<\/tr>\n<tr>\n<td>VOLVO FMX 500 6X4R , VOLVO D13C500 D13C500 12.8 L 24V SOHC L6 DIESEL, 2014-2017.<\/td>\n<\/tr>\n<tr>\n<td>VOLVO FM 400 RIGID , VOLVO D 13 A D 13 A 12.8 L 24V SOHC L6 DIESEL, 2006-2015.<\/td>\n<\/tr>\n<tr>\n<td>VOLVO FM 480 8X4R , VOLVO D 13 A D 13 A 12.8 L 24V SOHC L6 DIESEL, 2006-2015.<\/td>\n<\/tr>\n<tr>\n<td>VOLVO FM 480 6X4R , VOLVO D 13 A D 13 A 12.8 L 24V SOHC L6 DIESEL, 2006-2015.<\/td>\n<\/tr>\n<tr>\n<td>VOLVO FM 440 8X4R , VOLVO D 13 A D 13 A 12.8 L 24V SOHC L6 DIESEL, 2006-2019.<\/td>\n<\/tr>\n<tr>\n<td>VOLVO FH 520 6X4R , VOLVO D 13 A D 13 A 12.8 L 24V SOHC L6 DIESEL, 2006-2012.<\/td>\n<\/tr>\n<tr>\n<td>VOLVO FMX 480 , VOLVO D 13 A D 13 A 12.8 L 24V SOHC L6 DIESEL, 2011-2011.<\/td>\n<\/tr>\n<tr>\n<td>VOLVO FH 480 6X2T , VOLVO D 13 A D 13 A 12.8 L 24V SOHC L6 DIESEL, 2006-2015.<\/td>\n<\/tr>\n<tr>\n<td>VOLVO FH 520 4X2T , VOLVO D 13 A D 13 A 12.8 L 24V SOHC L6 DIESEL, 2006-2012.<\/td>\n<\/tr>\n<tr>\n<td>VOLVO FH 400 6X4T , VOLVO D 13 A D 13 A 12.8 L 24V SOHC L6 DIESEL, 2006-2015.<\/td>\n<\/tr>\n<tr>\n<td>VOLVO FM 380 6X2T NEUM\u00c1TICO , VOLVO D13C380 12.8 L 24V SOHC L6 DIESEL, 2015-2023.<\/td>\n<\/tr>\n<tr>\n<td>VOLVO FM 380 6X2T TANDEM , VOLVO D13C380 12.8 L 24V SOHC L6 DIESEL, 2015-2019.<\/td>\n<\/tr>\n<tr>\n<td>TRACTOR VOLVO FM 400 , VOLVO D 13 A D 13 A 12.8 L 24V SOHC L6 DIESEL, 2006-2012.<\/td>\n<\/tr>\n<tr>\n<td>VOLVO FH 480 4X2T , VOLVO D 13 A D 13 A 12.8 L 24V SOHC L6 DIESEL, 2006-2012.<\/td>\n<\/tr>\n<tr>\n<td>VOLVO FH 460 6X4R , VOLVO D13C460 D13C460 12,8 L 24V SOHC L6 DIESEL, 2014-2023.<\/td>\n<\/tr>\n<tr>\n<td>VOLVO FM 460 8X4R , VOLVO D13C460 D13C460 12.8 L 24V SOHC L6 DIESEL, 2008-2019.<\/td>\n<\/tr>\n<tr>\n<td>VOLVO FH 500 4X2R , VOLVO D13C500 D13C500 12,8 L 24V SOHC L6 DIESEL, 2020-2023.<\/td>\n<\/tr>\n<tr>\n<td>VOLVO FH 460 4X2R , VOLVO D13C460 D13C460 12.8 L 24V SOHC L6 DIESEL, 2014-2023.<\/td>\n<\/tr>\n<tr>\n<td>VOLVO FMX 460 6X4T , VOLVO D13C460 D13C460 12.8 L 24V SOHC L6 DIESEL, 2016-2016.<\/td>\n<\/tr>\n<tr>\n<td>VOLVO FM 380 6X2R , VOLVO D13C380 12,8 L 24V SOHC L6 DIESEL, 2021-2023.<\/td>\n<\/tr>\n<tr>\n<td>VOLVO FMX 460 6X4R , VOLVO D13C460 D13C460 12.8 L 24V SOHC L6 DIESEL, 2016-2016.<\/td>\n<\/tr>\n<tr>\n<td>VOLVO FH 500 6X4R , VOLVO D13C500 D13C500 12,8 L 24V SOHC L6 DIESEL, 2008-2008.<\/td>\n<\/tr>\n<tr>\n<td>VOLVO FH 500 6X4R , VOLVO D13C500 D13C500 12,8 L 24V SOHV L6 DIESEL, 2020-2023.<\/td>\n<\/tr>\n<tr>\n<td>VOLVO FH 500 8X4T , VOLVO D13C500 D13C500 12,8 L 24V SOHC L6 DIESEL, 2008-2008.<\/td>\n<\/tr>\n<tr>\n<td>VOLVO FH 460 8X2R , VOLVO D13C460 D13C460 12.8 L 24V SOHC L6 DIESEL, 2016-2016.<\/td>\n<\/tr>\n<tr>\n<td>VOLVO FM 380 4X2R , VOLVO D13C380 D13C380 10.9 L 24V SOHC L6 DIESEL, 2019-2019.<\/td>\n<\/tr>\n<tr>\n<td>VOLVO FM 380 8X2R , VOLVO D13C380 12.8 L 24V SOHC L6 DIESEL, 2016-2018.<\/td>\n<\/tr>\n<tr>\n<td>VOLVO FMX 380 6X4R , VOLVO D13C380 12.8 L 24V SOHC L6 DIESEL, 2017-2017.<\/td>\n<\/tr>\n<tr>\n<td>VOLVO FMX 500 6X6R , VOLVO D13C500 D13C500 12,8 L 24V SOHC L6 DIESEL, 2016-2016. 0124555036 0124555036 0124555036 0124555036<\/td>\n<\/tr>\n<\/tbody>\n<\/table>\n<div>ATENCI\u00d3N:<\/div>\n<div><\/div>\n<div>Recomendamos que la instalaci\u00f3n 0124555036 ser realizada por un profesional capacitado y especializado.<\/div>\n<div>Solo realiza la compra de este producto 0124555036 seguro de que es compatible con tu veh\u00edculo, si tienes alguna duda, no dudes en ponerte en contacto con nosotros. Nuestro horario de apertura es de lunes a viernes de 8 a 18 h.<\/div>\n<div><\/div>\n<div>Sobre nosotros<\/div>\n<div>COM Automotive est\u00e1 especializada en piezas de autom\u00f3vil de dise\u00f1o original para el sector de la reparaci\u00f3n posventa, clientes industriales y fabricantes de veh\u00edculos especiales OEM.<\/div>\n<div>Nuestro equipo tiene m\u00e1s de 28 a\u00f1os de experiencia en la fabricaci\u00f3n y el suministro de piezas de automoci\u00f3n a escala mundial.<\/div>\n<div>Nuestra MISI\u00d3N es ofrecer productos de dise\u00f1o original con una calidad impecable y una sustituci\u00f3n personalizada.<\/div>\n<div>Nuestra VISI\u00d3N es promover el crecimiento y un valor inigualable para nuestros clientes.<\/div>\n","protected":false},"excerpt":{"rendered":"<p>0124555036-COM. En stock. Ref: 0124555119, 0124555036, 21429782, 20850236 &#8211; compatible con: VOLVO. Marca: COM Automotive &#8211; Producto con calidad y dise\u00f1o originales. Compatible con Bosch<\/p>\n","protected":false},"featured_media":20415,"comment_status":"open","ping_status":"closed","template":"","meta":[],"product_brand":[],"product_cat":[8109],"product_tag":[15441,15444,15440,15443,15442],"class_list":{"0":"post-16053","1":"product","2":"type-product","3":"status-publish","4":"has-post-thumbnail","6":"product_cat-alternador-es-2","7":"product_tag-0124555036-es","8":"product_tag-0124555036-com-es","9":"product_tag-0124555119-es","10":"product_tag-20850236-es","11":"product_tag-21429782-es","13":"first","14":"instock","15":"taxable","16":"shipping-taxable","17":"purchasable","18":"product-type-simple"},"_links":{"self":[{"href":"https:\/\/com-automotive.com\/es\/wp-json\/wp\/v2\/product\/16053","targetHints":{"allow":["GET"]}}],"collection":[{"href":"https:\/\/com-automotive.com\/es\/wp-json\/wp\/v2\/product"}],"about":[{"href":"https:\/\/com-automotive.com\/es\/wp-json\/wp\/v2\/types\/product"}],"replies":[{"embeddable":true,"href":"https:\/\/com-automotive.com\/es\/wp-json\/wp\/v2\/comments?post=16053"}],"wp:featuredmedia":[{"embeddable":true,"href":"https:\/\/com-automotive.com\/es\/wp-json\/wp\/v2\/media\/20415"}],"wp:attachment":[{"href":"https:\/\/com-automotive.com\/es\/wp-json\/wp\/v2\/media?parent=16053"}],"wp:term":[{"taxonomy":"product_brand","embeddable":true,"href":"https:\/\/com-automotive.com\/es\/wp-json\/wp\/v2\/product_brand?post=16053"},{"taxonomy":"product_cat","embeddable":true,"href":"https:\/\/com-automotive.com\/es\/wp-json\/wp\/v2\/product_cat?post=16053"},{"taxonomy":"product_tag","embeddable":true,"href":"https:\/\/com-automotive.com\/es\/wp-json\/wp\/v2\/product_tag?post=16053"}],"curies":[{"name":"wp","href":"https:\/\/api.w.org\/{rel}","templated":true}]}}