{"id":16051,"date":"2023-11-15T20:25:05","date_gmt":"2023-11-15T23:25:05","guid":{"rendered":"https:\/\/com-automotive.com\/alternador-12v-120amp-f000bl0643-f000bl06z0-cn1510300ab-ford\/"},"modified":"2023-11-15T20:25:05","modified_gmt":"2023-11-15T23:25:05","slug":"alternador-12v-120amp-f000bl0643-f000bl06z0-cn1510300ab-ford","status":"publish","type":"product","link":"https:\/\/com-automotive.com\/es\/alternador-12v-120amp-f000bl0643-f000bl06z0-cn1510300ab-ford\/","title":{"rendered":"Alternador 12V 120Amp F000BL0643 F000BL06Z0 CN1510300AB FORD<span class=\"product-sku\" style=\"display: block; font-size: 0.85em; color: #777; margin-top: 5px; margin-bottom: 5px;\">SKU: 8000.0643-COM<\/span>"},"content":{"rendered":"<h1><strong>COM-AUTOMOTIVE, calidad de dise\u00f1o original.<\/strong><\/h1>\n<p>F000BL0643 Alternador de 12V 120Amp con Polea &#8211; Dise\u00f1o: BOSCH SEG &#8211; OEM: FORD<\/p>\n<h2>Preguntas m\u00e1s frecuentes<\/h2>\n<h3><strong>\u00bfCu\u00e1les son las referencias cruzadas?<\/strong><\/h3>\n<p>F000BL06Z0, F000BL0643, CN1510300AB, 04C903023P, CN1510300AB, CN1510300BA, CN1510300BB, CN1510300BC, CN1510300CA, CN1510300CB, DN1510300AA, DN1510300AB<\/p>\n<h2><strong>Tabla de aplicaci\u00f3n<\/strong><\/h2>\n<table width=\"1105\">\n<tbody>\n<tr>\n<td width=\"1105\">FORD FIESTA SE G-3, SIGMA TIVCT 1.6 L 16V DOHC L4 FLEX, 2011-2018.<\/td>\n<\/tr>\n<tr>\n<td>FORD ECOSPORT FREESTYLE G-2, SIGMA TIVCT 1.6 L 16V DOHC L4 FLEX, 2012-2019.<\/td>\n<\/tr>\n<tr>\n<td>FORD FOCUS GLX G-2, SIGMA TIVCT 1.6 L 16V DOHC L4 FLEX, 2010-2013.<\/td>\n<\/tr>\n<tr>\n<td>FORD FIESTA SED\u00c1N SE G-3, SIGMA TIVCT 1.6 L 16V DOHC L4 FLEX, 2010-2015.<\/td>\n<\/tr>\n<tr>\n<td>FORD ECOSPORT FREESTYLE PLUS G-2, SIGMA TIVCT 1.6 L 16V DOHC L4 FLEX, 2012-2015.<\/td>\n<\/tr>\n<tr>\n<td>FORD ECOSPORT SE G-2, SIGMA TIVCT 1.6 L 16V DOHC L4 FLEX, 2012-2018.<\/td>\n<\/tr>\n<tr>\n<td>FORD FIESTA SE POWERSHIFT G-3, SIGMA TIVCT 1.6 L 16V DOHC L4 FLEX, 2013-2019.<\/td>\n<\/tr>\n<tr>\n<td>FORD ECOSPORT XLT G-1, DURATEC HE 2.0 L 16V DOHC L4 FLEX, 2009-2012.<\/td>\n<\/tr>\n<tr>\n<td>FORD FIESTA TITANIUM G-3, SIGMA TIVCT 1.6 L 16V DOHC L4 FLEX, 2013-2019.<\/td>\n<\/tr>\n<tr>\n<td>FORD FIESTA TITANIUM POWERSHIFT G-3, SIGMA TIVCT 1.6 L 16V DOHC L4 FLEX, 2013-2015.<\/td>\n<\/tr>\n<tr>\n<td>FORD ECOSPORT XLT G-1, DURATEC HE FPJA 2.0 L 16V DOHC L4 GASOLINA, 2003-2009.<\/td>\n<\/tr>\n<tr>\n<td>FORD ECOSPORT TITANIUM PLUS POWERSHIFT G-2, DURATEC 2.0 L 16V DOHC L4 FLEX, 2012-2015.<\/td>\n<\/tr>\n<tr>\n<td>FORD FOCUS SE POWERSHIFT G-3, DURATEC 2.0 L 16V DOHC L4 FLEX, 2013-2020.<\/td>\n<\/tr>\n<tr>\n<td>FORD FOCUS GLX , DURATEC HE 2.0 L 16V DOHC L4 FLEX, 2010-2013.<\/td>\n<\/tr>\n<tr>\n<td>FORD ECOSPORT FREESTYLE 4WD PLUS 2.0 G-2, DURATEC 2.0 L 16V DOHC L4 FLEX, 2012-2018.<\/td>\n<\/tr>\n<tr>\n<td>FORD ECOSPORT TITANIUM EN G-2, DURATEC 2.0 L 16V DOHC L4 FLEX, 2012-2018.<\/td>\n<\/tr>\n<tr>\n<td>FORD FOCUS GLX G-2, DURATEC HE 2.0 L 16V DOHC L4 FLEX, 2011-2013.<\/td>\n<\/tr>\n<tr>\n<td>FORD ECOSPORT SE POWERSHIFT G-2, SIGMA TIVCT 1.6 L 16V DOHC L4 FLEX, 2016-2019.<\/td>\n<\/tr>\n<tr>\n<td>FORD ECOSPORT FREESTYLE PLUS POWERSHIFT G-2, SIGMA TIVCT 1.6 L 16V DOHC L4 FLEX, 2016-2020.<\/td>\n<\/tr>\n<tr>\n<td>FORD FIESTA TITANIUM AT G-3, SIGMA TIVCT 1.6 L 16V DOHC L4 FLEX, 2013-2019.<\/td>\n<\/tr>\n<tr>\n<td>FORD ECOSPORT FREESTYLE POWERSHIFT G-2, SIGMA TIVCT 1.6 L 16V DOHC L4 FLEX, 2016-2020.<\/td>\n<\/tr>\n<tr>\n<td>FORD ECOSPORT TITANIUM G-2, SIGMA TIVCT 1.6 L 16V DOHC L4 FLEX, 2012-2019.<\/td>\n<\/tr>\n<tr>\n<td>FORD FOCUS S G-3, SIGMA TIVCT 1.6 L 16V DOHC L4 FLEX, 2013-2015.<\/td>\n<\/tr>\n<tr>\n<td>FORD ECOSPORT FREESTYLE 4WD G-2, DURATEC 2.0 L 16V DOHC L4 FLEX, 2012-2015.<\/td>\n<\/tr>\n<tr>\n<td>FORD FOCUS SE PLUS POWERSHIFT G-3, DURATEC 2.0 L 16V DOHC L4 FLEX, 2013-2018.<\/td>\n<\/tr>\n<tr>\n<td>FORD FIESTA SE ESTILO G-3, SIGMA TIVCT 1.6 L 16V DOHC L4 FLEX, 2016-2018.<\/td>\n<\/tr>\n<tr>\n<td>FORD FOCUS SE G-3, SIGMA TIVCT 1.6 L 16V DOHC L4 FLEX, 2013-2015.<\/td>\n<\/tr>\n<tr>\n<td>FORD FIESTA TITANIUM PLUS AT G-3, SIGMA TIVCT 1.6 L 16V DOHC L4 FLEX, 2016-2019.<\/td>\n<\/tr>\n<tr>\n<td>FORD FIESTA SEL G-3, SIGMA TIVCT 1.6 L 16V DOHC L4 FLEX, 2016-2019.<\/td>\n<\/tr>\n<tr>\n<td>FORD FOCUS S POWERSHIFT G-3, DURATEC 2.0 L 16V DOHC L4 FLEX, 2013-2018.<\/td>\n<\/tr>\n<tr>\n<td>FORD ECOSPORT STORM G-3, DURATEC 2.0 L 16V DOHC L4 FLEX, 2019-2021.<\/td>\n<\/tr>\n<tr>\n<td>FORD FOCUS SE G-4, SIGMA TIVCT 1.6 L 16V DOHC L4 FLEX, 2015-2019.<\/td>\n<\/tr>\n<tr>\n<td>FORD FOCUS GHIA G-2, DURATEC HE 2.0 L 16V DOHC L4 FLEX, 2010-2013.<\/td>\n<\/tr>\n<tr>\n<td>FORD ECOSPORT SE 2.0 AT. G-2, DURATEC 2.0 L 16V DOHC L4 FLEX, 2012-2019.<\/td>\n<\/tr>\n<tr>\n<td>FORD FOCUS TITANIUM EN G-4, DURATEC 2.0 L 16V DOHC L4 FLEX, 2015-2020.<\/td>\n<\/tr>\n<tr>\n<td>FORD FOCUS NEW GLX, SIGMA TIVCT 1.6 L 16V DOHC L4 FLEX, 2010-2015.<\/td>\n<\/tr>\n<tr>\n<td>FORD FIESTA SEL AT G-3, SIGMA TIVCT 1.6 L 16V DOHC L4 FLEX, 2016-2018.<\/td>\n<\/tr>\n<tr>\n<td>FORD FOCUS SE PLUS 2.0 AT G-4, DURATEC 2.0 L 16V DOHC L4 FLEX, 2015-2020.<\/td>\n<\/tr>\n<tr>\n<td>FORD ECOSPORT S G-2, SIGMA TIVCT 1.6 L 16V DOHC L4 FLEX, 2012-2015.<\/td>\n<\/tr>\n<tr>\n<td>FORD FOCUS SE PLUS G-4, SIGMA TIVCT 1.6 L 16V DOHC L4 FLEX, 2015-2020.<\/td>\n<\/tr>\n<tr>\n<td>FORD FOCUS TITANIUM POWERSHIFT G-3, DURATEC 2.0 L 16V DOHC L4 FLEX, 2013-2015.<\/td>\n<\/tr>\n<tr>\n<td>FORD FOCUS GL , SIGMA TIVCT 1.6 L 16V DOHC L4 FLEX, 2010-2012.<\/td>\n<\/tr>\n<tr>\n<td>FORD FOCUS S POWERSHIFT G-3, SIGMA TIVCT 1.6 L 16V DOHC L4 FLEX, 2013-2015.<\/td>\n<\/tr>\n<tr>\n<td>FORD FOCUS SE POWERSHIFT G-3, SIGMA TIVCT 1.6 L 16V DOHC L4 FLEX, 2013-2015.<\/td>\n<\/tr>\n<tr>\n<td>FORD FIESTA SEL ESTILO G-3, SIGMA TIVCT 1.6 L 16V DOHC L4 FLEX, 2016-2018.<\/td>\n<\/tr>\n<tr>\n<td>FORD ECOSPORT 4WD G-1, DURATEC FPJA 2.0 L 16V DOHC L4 GASOLINA, 2004-2009.<\/td>\n<\/tr>\n<tr>\n<td>FORD ECOSPORT TITANIUM 2.0 AT G-3, DURATEC 2.0 L 16V DOHC L4 FLEX, 2017-2021.<\/td>\n<\/tr>\n<tr>\n<td>FORD FIESTA TITANIUM PLUS , SIGMA TIVCT 1.6 L 16V DOHC L4 FLEX, 2014-2019.<\/td>\n<\/tr>\n<tr>\n<td>FORD FIESTA TITANIUM PLUS G-3, SIGMA TIVCT 1.6 L 16V DOHC L4 FLEX, 2015-2019.<\/td>\n<\/tr>\n<tr>\n<td>FORD FIESTA SPORT G-3, SIGMA TIVCT 1.6 L 16V DOHC L4 FLEX, 2015-2016.<\/td>\n<\/tr>\n<tr>\n<td>FORD ECOSPORT FREESTYLE 2.0 POWERSHIFT G-2, DURATEC 2.0 L 16V DOHC L4 FLEX, 2014-2015.<\/td>\n<\/tr>\n<tr>\n<td>FORD FOCUS TITANIUM PLUS POWERSHIFT 2.0 G-4, DURATEC 2.0 L 16V DOHC L4 FLEX, 2015-2019.<\/td>\n<\/tr>\n<tr>\n<td>FORD ECOSPORT XLS G-1, DURATEC HE FPJA 2.0 L 16V DOHC L4 GASOLINA, 2006-2009.<\/td>\n<\/tr>\n<tr>\n<td>FORD ECOSPORT FREESTYLE PLUS POWERSHIFT G-2, DURATEC FPJA 2.0 L 16V DOHC L4 FLEX, 2015-2015.<\/td>\n<\/tr>\n<tr>\n<td>FORD FOCUS TITANIUM PLUS POWERSHIFT G-3, DURATEC 2.0 L 16V DOHC L4 FLEX, 2013-2018.<\/td>\n<\/tr>\n<tr>\n<td>FORD FOCUS TITANIUM SEDAN MT , DURATEC HE 2.0 L 16V DOHC L4 FLEX, 2012-2013.<\/td>\n<\/tr>\n<tr>\n<td>FORD ECOSPORT 4WD G-1, DURATEC HE 2.0 L 16V DOHC L4 FLEX, 2009-2012.<\/td>\n<\/tr>\n<tr>\n<td>FORD FIESTA SE G-4, SIGMA TIVCT 1.6 L 16V DOHC L4 FLEX, 2019-2020.<\/td>\n<\/tr>\n<tr>\n<td>FORD ECOSPORT XLT 4X4 G-1, DURATEC FPJA 2.0 L 16V DOHC L4 GASOLINA, 2006-2009.<\/td>\n<\/tr>\n<tr>\n<td>FORD FOCUS GHIA , DURATEC HE 2.0 L 16V DOHC L4 FLEX, 2010-2011.<\/td>\n<\/tr>\n<tr>\n<td>FORD ECOSPORT XLS G-1, DURATEC HE 2.0 L 16V DOHC L4 FLEX, 2009-2020.<\/td>\n<\/tr>\n<tr>\n<td>FORD FOCUS GLX AUT , DURATEC HE 2.0 L 16V DOHC L4 FLEX, 2012-2013.<\/td>\n<\/tr>\n<tr>\n<td>FORD ECOSPORT XL G-1, DURATEC HE 2.0 L 16V DOHC L4 FLEX, 2009-2012.<\/td>\n<\/tr>\n<tr>\n<td>FORD FIESTA SE ESTILO G-4, SIGMA TIVCT 1.6 L 16V DOHC L4 FLEX, 2019-2019.<\/td>\n<\/tr>\n<tr>\n<td>FORD FIESTA SEL G-4, SIGMA TIVCT 1.6 L 16V DOHC L4 FLEX, 2019-2019.<\/td>\n<\/tr>\n<tr>\n<td>FORD ECOSPORT SE DIRECT POWERSHIFT G-2, SIGMA TIVCT 1.6 L 16V DOHC L4 FLEX, 2017-2018.<\/td>\n<\/tr>\n<tr>\n<td>FORD FOCUS FASTBACK SE 2.0 POWERSHIFT G-4, DURATEC 2.0 L 16V DOHC L4 FLEX, 2019-2019.<\/td>\n<\/tr>\n<tr>\n<td>FORD FOCUS NEW GL, SIGMA TIVCT 1.6 L 16V DOHC L4 FLEX, 2010-2014.<\/td>\n<\/tr>\n<tr>\n<td>FORD FIESTA SE EN. G-3, SIGMA TIVCT 1.6 L 16V DOHC L4 FLEX, 2013-2016.<\/td>\n<\/tr>\n<tr>\n<td>FORD FOCUS TITANIUM , DURATEC HE 2.0 L 16V DOHC L4 FLEX, 2013-2013.<\/td>\n<\/tr>\n<tr>\n<td>FORD FOCUS FASTBACK SE PLUS 2.0 POWERSHIFT G-4, DURATEC 2.0 L 16V DOHC L4 FLEX, 2019-2019.<\/td>\n<\/tr>\n<tr>\n<td>FORD FOCUS FASTBACK TITANIUM PLUS 2.0 POWERSHIFT G-4, DURATEC 2.0 L 16V DOHC L4 FLEX, 2019-2019.<\/td>\n<\/tr>\n<tr>\n<td>FORD FOCUS FASTBACK TITANIUM 2.0 POWERSHIFT G-4, DURATEC 2.0 L 16V DOHC L4 FLEX, 2019-2019.<\/td>\n<\/tr>\n<tr>\n<td>FORD FOCUS SE 2.0 AT G-4, DURATEC 2.0 L 16V DOHC L4 FLEX, 2019-2019.<\/td>\n<\/tr>\n<tr>\n<td>FORD FIESTA SEL AT G-4, SIGMA TIVCT 1.6 L 16V DOHC L4 FLEX, 2019-2020.<\/td>\n<\/tr>\n<tr>\n<td>FORD FIESTA TITANIUM AT G-4, SIGMA TIVCT 1.6 L 16V DOHC L4 FLEX, 2019-2019.<\/td>\n<\/tr>\n<tr>\n<td>FORD FIESTA SE PLUS G-4, SIGMA TIVCT 1.6 L 16V DOHC L4 FLEX, 2019-2019. F000BL0643 F000BL0643 F000BL0643 F000BL0643 F000BL0643 F000BL0643<\/td>\n<\/tr>\n<\/tbody>\n<\/table>\n<p>&nbsp;<\/p>\n<div>ATENCI\u00d3N:<\/div>\n<div>Recomendamos que la instalaci\u00f3n la realice un profesional formado y especializado.<\/div>\n<div>S\u00f3lo compra este producto si est\u00e1s seguro de que es compatible con tu veh\u00edculo. Si tienes alguna duda, no dudes en ponerte en contacto con nosotros. Nuestro horario de apertura es de lunes a viernes de 8 a 18 h.<\/div>\n<div><\/div>\n<div>Sobre nosotros<\/div>\n<div>COM Automotive est\u00e1 especializada en piezas de autom\u00f3vil de dise\u00f1o original para el sector de la reparaci\u00f3n posventa, clientes industriales y fabricantes de veh\u00edculos especiales OEM.<\/div>\n<div>Nuestro equipo tiene m\u00e1s de 28 a\u00f1os de experiencia en la fabricaci\u00f3n y el suministro de piezas de automoci\u00f3n a escala mundial.<\/div>\n<div>Nuestra MISI\u00d3N es ofrecer productos de dise\u00f1o original con una calidad impecable y una sustituci\u00f3n personalizada.<\/div>\n<div>Nuestra VISI\u00d3N es promover el crecimiento y un valor inigualable para nuestros clientes.<\/div>\n","protected":false},"excerpt":{"rendered":"<p>F000. BL0.643-COM Alternador 12V 120Amp con polea. En stock. Dise\u00f1o de producto de calidad original, marca: COM Automotive, referencia cruzada: F000BL0643-COM, F000BL06Z0, F000BL0643, F000. BL0.6Z0, F000. BL0.643, CN1510300AB, 04C903023P, CN1510300AB, CN1510300BA, CN1510300BB, CN1510300BC, CN1510300CA, CN1510300CB, DN1510300AA, DN1510300AB &#8211; Ref. Dise\u00f1o: BOSCH &#8211; OEM: FORD<\/p>\n","protected":false},"featured_media":10954,"comment_status":"closed","ping_status":"closed","template":"","meta":[],"product_brand":[],"product_cat":[8109,8542],"product_tag":[14958,15424,15425,15426,15427,15428,15429,15430,15431,15423,15422,15421,15420],"class_list":{"0":"post-16051","1":"product","2":"type-product","3":"status-publish","4":"has-post-thumbnail","6":"product_cat-alternador-es-2","7":"product_cat-sempreco-es","8":"product_tag-04c903023p-es","9":"product_tag-cn1510300ab-es","10":"product_tag-cn1510300ba-es","11":"product_tag-cn1510300bb-es","12":"product_tag-cn1510300bc-es","13":"product_tag-cn1510300ca-es","14":"product_tag-cn1510300cb-es","15":"product_tag-dn1510300aa-es","16":"product_tag-dn1510300ab-es","17":"product_tag-f000-bl0-643-es","18":"product_tag-f000-bl0-6z0-es","19":"product_tag-f000bl0643-es","20":"product_tag-f000bl06z0-es","22":"first","23":"instock","24":"taxable","25":"shipping-taxable","26":"purchasable","27":"product-type-simple"},"_links":{"self":[{"href":"https:\/\/com-automotive.com\/es\/wp-json\/wp\/v2\/product\/16051","targetHints":{"allow":["GET"]}}],"collection":[{"href":"https:\/\/com-automotive.com\/es\/wp-json\/wp\/v2\/product"}],"about":[{"href":"https:\/\/com-automotive.com\/es\/wp-json\/wp\/v2\/types\/product"}],"replies":[{"embeddable":true,"href":"https:\/\/com-automotive.com\/es\/wp-json\/wp\/v2\/comments?post=16051"}],"wp:featuredmedia":[{"embeddable":true,"href":"https:\/\/com-automotive.com\/es\/wp-json\/wp\/v2\/media\/10954"}],"wp:attachment":[{"href":"https:\/\/com-automotive.com\/es\/wp-json\/wp\/v2\/media?parent=16051"}],"wp:term":[{"taxonomy":"product_brand","embeddable":true,"href":"https:\/\/com-automotive.com\/es\/wp-json\/wp\/v2\/product_brand?post=16051"},{"taxonomy":"product_cat","embeddable":true,"href":"https:\/\/com-automotive.com\/es\/wp-json\/wp\/v2\/product_cat?post=16051"},{"taxonomy":"product_tag","embeddable":true,"href":"https:\/\/com-automotive.com\/es\/wp-json\/wp\/v2\/product_tag?post=16051"}],"curies":[{"name":"wp","href":"https:\/\/api.w.org\/{rel}","templated":true}]}}