{"id":16050,"date":"2023-11-15T20:24:59","date_gmt":"2023-11-15T23:24:59","guid":{"rendered":"https:\/\/com-automotive.com\/alternador-12v-90a-0124320001-500317453-para-iveco-daily-ii-2-8-tdi-9902\/"},"modified":"2023-11-15T20:24:59","modified_gmt":"2023-11-15T23:24:59","slug":"alternador-12v-90a-0124320001-500317453-para-iveco-daily-ii-2-8-tdi-9902","status":"publish","type":"product","link":"https:\/\/com-automotive.com\/es\/alternador-12v-90a-0124320001-500317453-para-iveco-daily-ii-2-8-tdi-9902\/","title":{"rendered":"Alternador 12V 90A 0124320001 500317453 para Iveco Daily II 2.8 TDI 99&gt;02<span class=\"product-sku\" style=\"display: block; font-size: 0.85em; color: #777; margin-top: 5px; margin-bottom: 5px;\">SKU: 8000.7453-COM<\/span>"},"content":{"rendered":"<h1><strong>COM-AUTOMOTIVE, calidad de dise\u00f1o original.<\/strong><\/h1>\n<p>0124320001 Alternador de 12V 90Amp con Polea &#8211; Dise\u00f1o: BOSCH SEG &#8211; OEM: IVECO<\/p>\n<h2>Preguntas m\u00e1s frecuentes<\/h2>\n<h3><strong>\u00bfCu\u00e1les son las referencias cruzadas?<\/strong><\/h3>\n<p>0124320005, 0124320001<\/p>\n<h2><strong>Tabla de aplicaci\u00f3n<\/strong><\/h2>\n<table style=\"height: 754px;\" width=\"1278\">\n<tbody>\n<tr>\n<td width=\"782\">IVECO DAILY 35.13 URGE HM 3300 RS , FPT INDUSTRIAL 8140.43S 8140.43S 2.8 L 8V SOHC L4 DIESEL, 2005-2009.<\/td>\n<\/tr>\n<tr>\n<td>IVECO DAILY 70.13 , FPT INDUSTRIAL 8140.43S 8140.43S 2.8 L 8V SOHC L4 DIESEL, 2005-2007.<\/td>\n<\/tr>\n<tr>\n<td>IVECO DAILY 50.13 FURGON HM 3600 , FPT INDUSTRIAL 8140.43S 8140.43S 2.8 L 8V SOHC L4 DIESEL, 2005-2007.<\/td>\n<\/tr>\n<tr>\n<td>IVECO DAILY 38.13 URGE HMV 3300 , FPT INDUSTRIAL 8140.43S 8140.43S 2.8 L 8V SOHC L4 DIESEL, 2005-2008.<\/td>\n<\/tr>\n<tr>\n<td>IVECO DAILY 35.13 URGE HM 2800 RS , FPT INDUSTRIAL 8140.43S 8140.43S 2.8 L 8V SOHC L4 DIESEL, 2005-2007.<\/td>\n<\/tr>\n<tr>\n<td>IVECO DAILY 50.13 URGE HM 3300 , FPT INDUSTRIAL 8140.43S 8140.43S 2.8 L 8V SOHC L4 DIESEL, 2005-2007.<\/td>\n<\/tr>\n<tr>\n<td>IVECO DAILY 50C13 URGE HMV 3300 , FPT INDUSTRIAL 8140.43S 8140.43S 2.8 L 8V SOHC L4 DIESEL, 2001-2002.<\/td>\n<\/tr>\n<tr>\n<td>IVECO SCUDATO 60.13 HM 3600 , FPT INDUSTRIAL 8140.43S 8140.43S 2.8 L 8V SOHC L4 DIESEL, 2005-2008.<\/td>\n<\/tr>\n<tr>\n<td>IVECO DAILY 40.13 URGE HM 3600 , FPT INDUSTRIAL 8140.43S 8140.43S 2.8 L 8V SOHC L4 DIESEL, 2005-2006.<\/td>\n<\/tr>\n<tr>\n<td>IVECO DAILY 40.13 FURGON HM 3300 , FPT INDUSTRIAL 8140.43S 8140.43S 2.8 L 8V SOHC L4 DIESEL, 2005-2007.<\/td>\n<\/tr>\n<tr>\n<td>IVECO SCUDATO 60.13 HMV 3300 VETRATO, FPT INDUSTRIAL 8140.43S 8140.43S 2.8L 8V SOHC L4 DIESEL, 2005-2008.<\/td>\n<\/tr>\n<tr>\n<td>IVECO DAILY 50.13 URGE HMV 3950 , FPT INDUSTRIAL 8140.43S 8140.43S 2.8 L 8V SOHC L4 DIESEL, 2005-2007.<\/td>\n<\/tr>\n<tr>\n<td>IVECO DAILY 50.13 HURN HMV 3300 , FPT INDUSTRIAL 8140.43S 8140.43S 2.8 L 8V SOHC L4 DIESEL, 2005-2007.<\/td>\n<\/tr>\n<tr>\n<td>IVECO DAILY 40.13 URGE HMV 3300 , FPT INDUSTRIAL 8140.43S 8140.43S 2.8 L 8V SOHC L4 DIESEL, 2006-2007.<\/td>\n<\/tr>\n<tr>\n<td>IVECO SCUDATO 50.13 HMV VETRATO, FPT INDUSTRIAL 8140.43S 8140.43S 2.8L 8V SOHC L4 DIESEL, 2005-2008.<\/td>\n<\/tr>\n<tr>\n<td>IVECO SCUDATO 60.13 HM 4180 , FPT INDUSTRIAL 8140.43S 8140.43S 2.8 L 8V SOHC L4 DIESEL, 2006-2007. \u00ab<\/td>\n<\/tr>\n<\/tbody>\n<\/table>\n<p>&nbsp;<\/p>\n<div>ATENCI\u00d3N:<\/div>\n<div>Recomendamos que la instalaci\u00f3n la realice un profesional formado y especializado.<\/div>\n<div>S\u00f3lo compra este producto si est\u00e1s seguro de que es compatible con tu veh\u00edculo. Si tienes alguna duda, no dudes en ponerte en contacto con nosotros. Nuestro horario de apertura es de lunes a viernes de 8 a 18 h.<\/div>\n<div><\/div>\n<div>Sobre nosotros<\/div>\n<div>COM Automotive est\u00e1 especializada en piezas de autom\u00f3vil de dise\u00f1o original para el sector de la reparaci\u00f3n posventa, clientes industriales y fabricantes de veh\u00edculos especiales OEM.<\/div>\n<div>Nuestro equipo tiene m\u00e1s de 28 a\u00f1os de experiencia en la fabricaci\u00f3n y el suministro de piezas de automoci\u00f3n a escala mundial.<\/div>\n<div>Nuestra MISI\u00d3N es ofrecer productos de dise\u00f1o original con una calidad impecable y una sustituci\u00f3n personalizada.<\/div>\n<div>Nuestra VISI\u00d3N es promover el crecimiento y un valor inigualable para nuestros clientes.<\/div>\n","protected":false},"excerpt":{"rendered":"<p>0124320001-COM. En stock. Ref: 0124320005, 0124320001, 500317453 &#8211; compatible con: IVECO. Marca: COM Automotive &#8211; Producto con calidad y dise\u00f1o originales. Compatible con Bosch<\/p>\n","protected":false},"featured_media":20413,"comment_status":"open","ping_status":"closed","template":"","meta":[],"product_brand":[],"product_cat":[8109],"product_tag":[15415,15416,15414],"class_list":{"0":"post-16050","1":"product","2":"type-product","3":"status-publish","4":"has-post-thumbnail","6":"product_cat-alternador-es-2","7":"product_tag-0124320001-es","8":"product_tag-0124320001-com-es","9":"product_tag-0124320005-es","11":"first","12":"instock","13":"taxable","14":"shipping-taxable","15":"purchasable","16":"product-type-simple"},"_links":{"self":[{"href":"https:\/\/com-automotive.com\/es\/wp-json\/wp\/v2\/product\/16050","targetHints":{"allow":["GET"]}}],"collection":[{"href":"https:\/\/com-automotive.com\/es\/wp-json\/wp\/v2\/product"}],"about":[{"href":"https:\/\/com-automotive.com\/es\/wp-json\/wp\/v2\/types\/product"}],"replies":[{"embeddable":true,"href":"https:\/\/com-automotive.com\/es\/wp-json\/wp\/v2\/comments?post=16050"}],"wp:featuredmedia":[{"embeddable":true,"href":"https:\/\/com-automotive.com\/es\/wp-json\/wp\/v2\/media\/20413"}],"wp:attachment":[{"href":"https:\/\/com-automotive.com\/es\/wp-json\/wp\/v2\/media?parent=16050"}],"wp:term":[{"taxonomy":"product_brand","embeddable":true,"href":"https:\/\/com-automotive.com\/es\/wp-json\/wp\/v2\/product_brand?post=16050"},{"taxonomy":"product_cat","embeddable":true,"href":"https:\/\/com-automotive.com\/es\/wp-json\/wp\/v2\/product_cat?post=16050"},{"taxonomy":"product_tag","embeddable":true,"href":"https:\/\/com-automotive.com\/es\/wp-json\/wp\/v2\/product_tag?post=16050"}],"curies":[{"name":"wp","href":"https:\/\/api.w.org\/{rel}","templated":true}]}}