{"id":16044,"date":"2023-12-28T18:27:51","date_gmt":"2023-12-28T21:27:51","guid":{"rendered":"https:\/\/com-automotive.com\/motor-de-arranque-24v-13t-m9t66171-mercedes-atego-a0061516801-m009t66171\/"},"modified":"2024-07-31T14:41:25","modified_gmt":"2024-07-31T17:41:25","slug":"motor-de-arranque-24v-13t-m9t66171-mercedes-atego-a0061516801-m009t66171","status":"publish","type":"product","link":"https:\/\/com-automotive.com\/es\/motor-de-arranque-24v-13t-m9t66171-mercedes-atego-a0061516801-m009t66171\/","title":{"rendered":"Motor de arranque 24V 13T M9T66171 Mercedes Atego A0061516801 M009T66171<span class=\"product-sku\" style=\"display: block; font-size: 0.85em; color: #777; margin-top: 5px; margin-bottom: 5px;\">SKU: 6000.66171-COM<\/span>"},"content":{"rendered":"<h1><strong>COM-AUTOMOTIVE, calidad de dise\u00f1o original.<\/strong><\/h1>\n<h2>Preguntas m\u00e1s frecuentes<\/h2>\n<h3><strong>\u00bfCu\u00e1les son las referencias cruzadas?<\/strong><\/h3>\n<p> A0061516801, A0061514801, A0071510801, M9T64371, M9T65271, M009T66171, M9T66171, M009T64371, M009T65271, 8200297, 0001251515 <\/p>\n<h2><strong>Tabla de aplicaci\u00f3n<\/strong><\/h2>\n<p> MERCEDES-BENZ: Atego 1718, Atego 1719, Atego 1725, Atego 1726, Atego 1729, Atego 2426, Atego 2429, Atron 1319, Atron 2324, Annibus. <\/p>\n<div><\/div>\n<div>ATENCI\u00d3N:<\/div>\n<div>Recomendamos que la instalaci\u00f3n la realice un profesional formado y especializado.<\/div>\n<div>S\u00f3lo compra este producto si est\u00e1s seguro de que es compatible con tu veh\u00edculo. Si tienes alguna duda, no dudes en ponerte en contacto con nosotros. Nuestro horario de apertura es de lunes a viernes de 8 a 18 h.<\/div>\n<div><\/div>\n<div>Sobre nosotros<\/div>\n<div>COM Automotive est\u00e1 especializada en piezas de autom\u00f3vil de dise\u00f1o original para el sector de la reparaci\u00f3n posventa, clientes industriales y fabricantes de veh\u00edculos especiales OEM.<\/div>\n<div>Nuestro equipo tiene m\u00e1s de 28 a\u00f1os de experiencia en la fabricaci\u00f3n y el suministro de piezas de automoci\u00f3n a escala mundial.<\/div>\n<div>Nuestra MISI\u00d3N es ofrecer productos de dise\u00f1o original con una calidad impecable y una sustituci\u00f3n personalizada.<\/div>\n<div>Nuestra VISI\u00d3N es promover el crecimiento y un valor inigualable para nuestros clientes.<\/div>\n","protected":false},"excerpt":{"rendered":"<p>M9T66171-COM. En stock. Ref: M9T66171, A0061516801, A0061514801, A0071510801, A00715149010001251515, M100, M93, 8200297, M9T64371, M9T65271, M009T66171, M9T66171AM, M009T64371, M009T65271, M009TD0471, M9TD0471, M90R3553SEVPP, 19320N &#8211; compatible con: Mercedes. Marca: COM Automotive &#8211; Producto con calidad y dise\u00f1o originales. Compatible con Mitsubishi<\/p>\n","protected":false},"featured_media":20647,"comment_status":"open","ping_status":"closed","template":"","meta":[],"product_brand":[],"product_cat":[8119],"product_tag":[27529,9351,15373,15372,15374,15379,15380,15377,27523,27517,27527,27518,15375,15376,15378,15371,27521,27525],"class_list":{"0":"post-16044","1":"product","2":"type-product","3":"status-publish","4":"has-post-thumbnail","6":"product_cat-motor-de-arranque","7":"product_tag-19320n-es","8":"product_tag-8200297-es","9":"product_tag-a0061514801-es","10":"product_tag-a0061516801-es","11":"product_tag-a0071510801-es","12":"product_tag-m009t64371-es","13":"product_tag-m009t65271-es","14":"product_tag-m009t66171-es","15":"product_tag-m009td0471-es","16":"product_tag-m100-es","17":"product_tag-m90r3553sevpp-es","18":"product_tag-m93-es","19":"product_tag-m9t64371-es","20":"product_tag-m9t65271-es","21":"product_tag-m9t66171-es","22":"product_tag-m9t66171-com-es","23":"product_tag-m9t66171am-es","24":"product_tag-m9td0471-es","26":"first","27":"instock","28":"taxable","29":"shipping-taxable","30":"purchasable","31":"product-type-simple"},"_links":{"self":[{"href":"https:\/\/com-automotive.com\/es\/wp-json\/wp\/v2\/product\/16044","targetHints":{"allow":["GET"]}}],"collection":[{"href":"https:\/\/com-automotive.com\/es\/wp-json\/wp\/v2\/product"}],"about":[{"href":"https:\/\/com-automotive.com\/es\/wp-json\/wp\/v2\/types\/product"}],"replies":[{"embeddable":true,"href":"https:\/\/com-automotive.com\/es\/wp-json\/wp\/v2\/comments?post=16044"}],"wp:featuredmedia":[{"embeddable":true,"href":"https:\/\/com-automotive.com\/es\/wp-json\/wp\/v2\/media\/20647"}],"wp:attachment":[{"href":"https:\/\/com-automotive.com\/es\/wp-json\/wp\/v2\/media?parent=16044"}],"wp:term":[{"taxonomy":"product_brand","embeddable":true,"href":"https:\/\/com-automotive.com\/es\/wp-json\/wp\/v2\/product_brand?post=16044"},{"taxonomy":"product_cat","embeddable":true,"href":"https:\/\/com-automotive.com\/es\/wp-json\/wp\/v2\/product_cat?post=16044"},{"taxonomy":"product_tag","embeddable":true,"href":"https:\/\/com-automotive.com\/es\/wp-json\/wp\/v2\/product_tag?post=16044"}],"curies":[{"name":"wp","href":"https:\/\/api.w.org\/{rel}","templated":true}]}}