{"id":16038,"date":"2023-12-28T18:27:49","date_gmt":"2023-12-28T21:27:49","guid":{"rendered":"https:\/\/com-automotive.com\/motor-de-arranque-12v-11d-1l5t11000aa-ford-ranger-l4-2-3l\/"},"modified":"2024-07-31T14:46:14","modified_gmt":"2024-07-31T17:46:14","slug":"motor-de-arranque-12v-11d-1l5t11000aa-ford-ranger-l4-2-3l","status":"publish","type":"product","link":"https:\/\/com-automotive.com\/es\/motor-de-arranque-12v-11d-1l5t11000aa-ford-ranger-l4-2-3l\/","title":{"rendered":"Motor de arranque 12V 11D 1L5T11000AA Ford Ranger L4 2.3L<span class=\"product-sku\" style=\"display: block; font-size: 0.85em; color: #777; margin-top: 5px; margin-bottom: 5px;\">SKU: 6000.00AA-COM<\/span>"},"content":{"rendered":"<h1><strong>COM-AUTOMOTIVE, calidad de dise\u00f1o original.<\/strong><\/h1>\n<h2>Preguntas m\u00e1s frecuentes<\/h2>\n<h3><strong>\u00bfCu\u00e1les son las referencias cruzadas?<\/strong><\/h3>\n<p> 1L5T11000AA, 1L5TAA, 1L5Z11002AA, 1L5Z11002AARM, 4L551100044, 6L5T11000AA, 6L5Z11002AARM, 6L5TAA, 6L5Z11002AA, 1F2018400A, 35261260 <\/p>\n<h2><strong>Tabla de aplicaci\u00f3n<\/strong><\/h2>\n<p>  \u2013 Guardabosques. MAZDA: Cami\u00f3n. CAMIONETA FORD RANGER 12V 11D L4 2.3L B2300 1L5T11000AA 4L551100044 6L5T11000AA 1F2018400A 35261260 261260 4L5511000AA 8076103 D20385 <\/p>\n<div><\/div>\n<div>ATENCI\u00d3N:<\/div>\n<div>Recomendamos que la instalaci\u00f3n la realice un profesional formado y especializado.<\/div>\n<div>S\u00f3lo compra este producto si est\u00e1s seguro de que es compatible con tu veh\u00edculo. Si tienes alguna duda, no dudes en ponerte en contacto con nosotros. Nuestro horario de apertura es de lunes a viernes de 8 a 18 h.<\/div>\n<div><\/div>\n<div>Sobre nosotros<\/div>\n<div>COM Automotive est\u00e1 especializada en piezas de autom\u00f3vil de dise\u00f1o original para el sector de la reparaci\u00f3n posventa, clientes industriales y fabricantes de veh\u00edculos especiales OEM.<\/div>\n<div>Nuestro equipo tiene m\u00e1s de 28 a\u00f1os de experiencia en la fabricaci\u00f3n y el suministro de piezas de automoci\u00f3n a escala mundial.<\/div>\n<div>Nuestra MISI\u00d3N es ofrecer productos de dise\u00f1o original con una calidad impecable y una sustituci\u00f3n personalizada.<\/div>\n<div>Nuestra VISI\u00d3N es promover el crecimiento y un valor inigualable para nuestros clientes.<\/div>\n","protected":false},"excerpt":{"rendered":"<p>1L5T11000AA-COM. En stock. Ref: 1L5T11000AA, 1L5T11000AA, 1L5TAA, 1L5Z11002AA, 1L5Z11002AARM, 4L551100044, 6L5T11000AA, 6L5Z11002AARM, 6L5TAA, 1F2018400A, ZM 8076103, 35261260, 6657N &#8211; compatible con: Ford. Marca: COM Automotive &#8211; Producto con calidad y dise\u00f1o originales. Compatible con Ford<\/p>\n","protected":false},"featured_media":21732,"comment_status":"open","ping_status":"closed","template":"","meta":[],"product_brand":[],"product_cat":[8119],"product_tag":[15345,15329,15328,15330,15331,15333,15347,15335,27577,15337,15341,15339,27576],"class_list":{"0":"post-16038","1":"product","2":"type-product","3":"status-publish","4":"has-post-thumbnail","6":"product_cat-motor-de-arranque","7":"product_tag-1f2018400a-es","8":"product_tag-1l5t11000aa-es","9":"product_tag-1l5t11000aa-com-es","10":"product_tag-1l5taa-es","11":"product_tag-1l5z11002aa-es","12":"product_tag-1l5z11002aarm-es","13":"product_tag-35261260-es","14":"product_tag-4l551100044-es","15":"product_tag-6657n-es","16":"product_tag-6l5t11000aa-es","17":"product_tag-6l5taa-es","18":"product_tag-6l5z11002aarm-es","19":"product_tag-zm-8076103-es","21":"first","22":"instock","23":"taxable","24":"shipping-taxable","25":"purchasable","26":"product-type-simple"},"_links":{"self":[{"href":"https:\/\/com-automotive.com\/es\/wp-json\/wp\/v2\/product\/16038","targetHints":{"allow":["GET"]}}],"collection":[{"href":"https:\/\/com-automotive.com\/es\/wp-json\/wp\/v2\/product"}],"about":[{"href":"https:\/\/com-automotive.com\/es\/wp-json\/wp\/v2\/types\/product"}],"replies":[{"embeddable":true,"href":"https:\/\/com-automotive.com\/es\/wp-json\/wp\/v2\/comments?post=16038"}],"wp:featuredmedia":[{"embeddable":true,"href":"https:\/\/com-automotive.com\/es\/wp-json\/wp\/v2\/media\/21732"}],"wp:attachment":[{"href":"https:\/\/com-automotive.com\/es\/wp-json\/wp\/v2\/media?parent=16038"}],"wp:term":[{"taxonomy":"product_brand","embeddable":true,"href":"https:\/\/com-automotive.com\/es\/wp-json\/wp\/v2\/product_brand?post=16038"},{"taxonomy":"product_cat","embeddable":true,"href":"https:\/\/com-automotive.com\/es\/wp-json\/wp\/v2\/product_cat?post=16038"},{"taxonomy":"product_tag","embeddable":true,"href":"https:\/\/com-automotive.com\/es\/wp-json\/wp\/v2\/product_tag?post=16038"}],"curies":[{"name":"wp","href":"https:\/\/api.w.org\/{rel}","templated":true}]}}