{"id":16022,"date":"2023-11-15T20:25:59","date_gmt":"2023-11-15T23:25:59","guid":{"rendered":"https:\/\/com-automotive.com\/alternador-f000bl07ac-de-24-v-y-80-a-para-cargadora-de-ruedas-de-la-serie-jdeere-g\/"},"modified":"2023-11-15T20:25:59","modified_gmt":"2023-11-15T23:25:59","slug":"alternador-f000bl07ac-de-24-v-y-80-a-para-cargadora-de-ruedas-de-la-serie-jdeere-g","status":"publish","type":"product","link":"https:\/\/com-automotive.com\/es\/alternador-f000bl07ac-de-24-v-y-80-a-para-cargadora-de-ruedas-de-la-serie-jdeere-g\/","title":{"rendered":"Alternador F000BL07AC de 24 V y 80 A para cargadora de ruedas de la serie JDeere G<span class=\"product-sku\" style=\"display: block; font-size: 0.85em; color: #777; margin-top: 5px; margin-bottom: 5px;\">SKU: 8000.6381-COM<\/span>"},"content":{"rendered":"<h1><strong>COM-AUTOMOTIVE, calidad de dise\u00f1o original.<\/strong><\/h1>\n<p>Alternador F000BL07AC de 24 V y 80 amperios con polea &#8211; Dise\u00f1o: BOSCH SEG &#8211; OEM: John Deere<\/p>\n<h2>Preguntas m\u00e1s frecuentes<\/h2>\n<h3><strong>\u00bfCu\u00e1les son las referencias cruzadas?<\/strong><\/h3>\n<p>F000BL079A, F000BL07AC, AT446381, AT446381<\/p>\n<h2><strong>Tabla de aplicaci\u00f3n<\/strong><\/h2>\n<p>JOHN DEERE , JOHN DEERE 4045HDW54 4.5L DIESEL, .<br \/>\nJOHN DEERE 444G , JOHN DEERE POWERTECH E 4045H 4.5L DIESEL, .<br \/>\nJOHN DEERE 524K , JOHN DEERE E 6068H 6.8L DIESEL, .<br \/>\nJOHN DEERE 524K-II , JOHN DEERE 6068H 6.8L DIESEL, .<br \/>\nJOHN DEERE 544K , JOHN DEERE E 6068H 6.8L DIESEL, .<br \/>\nJOHN DEERE 544K-II , JOHN DEERE POWERTECH 6068H 6.8L DIESEL, .<br \/>\nJOHN DEERE 624K , JOHN DEERE 6068H 6.8L DIESEL, .<br \/>\nJOHN DEERE 624K-II , JOHN DEERE POWERTECH PVX 6068 6.8L DIESEL, .<br \/>\nJOHN DEERE 644K , JOHN DEERE POWERTECH 6068H 6.8L DIESEL, .<br \/>\nJOHN DEERE 700J , JOHN DEERE POWERTECH 6068T 6.8L DIESEL, .<br \/>\nJOHN DEERE 700J-II , JOHN DEERE POWERTECH E 6068 6.8L DIESEL, .<br \/>\nJOHN DEERE 750J , JOHN DEERE 6068HT063 6.8L DIESEL, .<br \/>\nJOHN DEERE 750J-II , JOHN DEERE POWERTECH E 6068 6.8L DIESEL, .<br \/>\nJOHN DEERE 850J , JOHN DEERE POWERTECH 6068 6.8L DIESEL, .<br \/>\nJOHN DEERE 850J-II, JOHN DEERE POWERTECH PLUS 6068 CON EGR DI\u00c9SEL DE 6,8 L<\/p>\n<p>&nbsp;<\/p>\n<div>ATENCI\u00d3N:<\/div>\n<div>Recomendamos que la instalaci\u00f3n F000BL07AC ser realizada por un profesional capacitado y especializado.<\/div>\n<div>Solo realiza la compra de este producto F000BL07AC aseg\u00farate de que es compatible con tu veh\u00edculo, si tienes alguna duda, no dudes en ponerte en contacto con nosotros. Nuestro horario de apertura es de lunes a viernes de 8 a 18 h.<\/div>\n<div><\/div>\n<div>Sobre nosotros<\/div>\n<div>COM Automotive est\u00e1 especializada en piezas de autom\u00f3vil de dise\u00f1o original para el sector de la reparaci\u00f3n posventa, clientes industriales y fabricantes de veh\u00edculos especiales OEM.<\/div>\n<div>Nuestro equipo tiene m\u00e1s de 28 a\u00f1os de experiencia en la fabricaci\u00f3n y el suministro de piezas de automoci\u00f3n a escala mundial.<\/div>\n<div>Nuestra MISI\u00d3N es ofrecer productos de dise\u00f1o original con una calidad impecable y una sustituci\u00f3n personalizada.<\/div>\n<div>Nuestra VISI\u00d3N es promover el crecimiento y un valor inigualable para nuestros clientes.<\/div>\n","protected":false},"excerpt":{"rendered":"<p>F000BL07AC-COM. En stock. Ref: F000BL079A, F000BL07AC, AT446381 &#8211; compatible con: John Deere. Marca: COM Automotive &#8211; Producto con calidad y dise\u00f1o originales. Compatible con Bosch<\/p>\n","protected":false},"featured_media":20420,"comment_status":"open","ping_status":"closed","template":"","meta":[],"product_brand":[],"product_cat":[8109],"product_tag":[15256,15254,15255,15257],"class_list":{"0":"post-16022","1":"product","2":"type-product","3":"status-publish","4":"has-post-thumbnail","6":"product_cat-alternador-es-2","7":"product_tag-at446381-es","8":"product_tag-f000bl079a-es","9":"product_tag-f000bl07ac-es","10":"product_tag-f000bl07ac-com-es","12":"first","13":"instock","14":"taxable","15":"shipping-taxable","16":"purchasable","17":"product-type-simple"},"_links":{"self":[{"href":"https:\/\/com-automotive.com\/es\/wp-json\/wp\/v2\/product\/16022","targetHints":{"allow":["GET"]}}],"collection":[{"href":"https:\/\/com-automotive.com\/es\/wp-json\/wp\/v2\/product"}],"about":[{"href":"https:\/\/com-automotive.com\/es\/wp-json\/wp\/v2\/types\/product"}],"replies":[{"embeddable":true,"href":"https:\/\/com-automotive.com\/es\/wp-json\/wp\/v2\/comments?post=16022"}],"wp:featuredmedia":[{"embeddable":true,"href":"https:\/\/com-automotive.com\/es\/wp-json\/wp\/v2\/media\/20420"}],"wp:attachment":[{"href":"https:\/\/com-automotive.com\/es\/wp-json\/wp\/v2\/media?parent=16022"}],"wp:term":[{"taxonomy":"product_brand","embeddable":true,"href":"https:\/\/com-automotive.com\/es\/wp-json\/wp\/v2\/product_brand?post=16022"},{"taxonomy":"product_cat","embeddable":true,"href":"https:\/\/com-automotive.com\/es\/wp-json\/wp\/v2\/product_cat?post=16022"},{"taxonomy":"product_tag","embeddable":true,"href":"https:\/\/com-automotive.com\/es\/wp-json\/wp\/v2\/product_tag?post=16022"}],"curies":[{"name":"wp","href":"https:\/\/api.w.org\/{rel}","templated":true}]}}