{"id":16021,"date":"2023-11-17T12:02:44","date_gmt":"2023-11-17T15:02:44","guid":{"rendered":"https:\/\/com-automotive.com\/rodete-de-arranque-10-dientes-gol-parati-g2-g3\/"},"modified":"2023-11-17T12:02:44","modified_gmt":"2023-11-17T15:02:44","slug":"rodete-de-arranque-10-dientes-gol-parati-g2-g3","status":"publish","type":"product","link":"https:\/\/com-automotive.com\/es\/rodete-de-arranque-10-dientes-gol-parati-g2-g3\/","title":{"rendered":"Rodete de arranque 10 DIENTES Gol PARATI G2 G3<span class=\"product-sku\" style=\"display: block; font-size: 0.85em; color: #777; margin-top: 5px; margin-bottom: 5px;\">SKU: 6200.0682-COM<\/span>"},"content":{"rendered":"<h1><strong>COM-AUTOMOTIVE, calidad de dise\u00f1o original.<\/strong><\/h1>\n<p>Impulsor de arranque, 10 dientes Gol Parati G2 G3<\/p>\n<h2>Preguntas m\u00e1s frecuentes<\/h2>\n<h3><strong>\u00bfCu\u00e1les son las referencias cruzadas?<\/strong><\/h3>\n<p>F000AL1682, F000AL1682, ZEN 1222<\/p>\n<h2><strong>Tabla de aplicaci\u00f3n<\/strong><\/h2>\n<p>Aplicaci\u00f3n (Motor\/Alternador) &#8211; Bosch: 9000081010 (Alternador: 9000081010)<br \/>\nAplicaci\u00f3n (Motor\/Alternador) &#8211; Bosch: F000AL0401 (Alternador: F000AL0401)<br \/>\nAplicaci\u00f3n (Motor\/Alternador) &#8211; Bosch: F000AL0414 (Alternador: F000AL0414)<br \/>\nLight Line \u2013 Autom\u00f3viles &#8211; Volkswagen: Gol G2 (Motor: 1.0 MI)<br \/>\nLight Line \u2013 Autom\u00f3viles &#8211; Volkswagen: Gol G3 (Motor: 1.0 16V Turbo)<br \/>\nLight Line \u2013 Autom\u00f3viles &#8211; Volkswagen: Gol G3 (Motor: 1.0 MI)<br \/>\nLight Line \u2013 Autom\u00f3viles &#8211; Volkswagen: Gol G3 (Motor: 1.0 MI 16V)<br \/>\nLight Line \u2013 Autom\u00f3viles &#8211; Volkswagen: Parati G3 (Motor: 1.0 MI 16V)<br \/>\nLight Line \u2013 Autom\u00f3viles &#8211; Volkswagen: Parati G3 (Motor: 1.0 MI 16V Turbo)<\/p>\n<p>&nbsp;<\/p>\n<div>ATENCI\u00d3N:<\/div>\n<div>Recomendamos que la instalaci\u00f3n la realice un profesional formado y especializado.<\/div>\n<div>S\u00f3lo compra este producto si est\u00e1s seguro de que es compatible con tu veh\u00edculo. Si tienes alguna duda, no dudes en ponerte en contacto con nosotros. Nuestro horario de apertura es de lunes a viernes de 8 a 18 h.<\/div>\n<div><\/div>\n<div>Sobre nosotros<\/div>\n<div>COM Automotive est\u00e1 especializada en piezas de autom\u00f3vil de dise\u00f1o original para el sector de la reparaci\u00f3n posventa, clientes industriales y fabricantes de veh\u00edculos especiales OEM.<\/div>\n<div>Nuestro equipo tiene m\u00e1s de 28 a\u00f1os de experiencia en la fabricaci\u00f3n y el suministro de piezas de automoci\u00f3n a escala mundial.<\/div>\n<div>Nuestra MISI\u00d3N es ofrecer productos de dise\u00f1o original con una calidad impecable y una sustituci\u00f3n personalizada.<\/div>\n<div>Nuestra VISI\u00d3N es promover el crecimiento y un valor inigualable para nuestros clientes.<\/div>\n","protected":false},"excerpt":{"rendered":"<p>F000AL1682-COM. En stock. Ref: F000AL1682, F000AL1682, ZEN 1222 &#8211; compatible con: VOLKSWAGEN. Marca: COM Automotive &#8211; Producto con calidad y dise\u00f1o originales. Compatible con Bosch<\/p>\n","protected":false},"featured_media":20169,"comment_status":"open","ping_status":"closed","template":"","meta":[],"product_brand":[],"product_cat":[41539,8448],"product_tag":[15210,15212],"class_list":{"0":"post-16021","1":"product","2":"type-product","3":"status-publish","4":"has-post-thumbnail","6":"product_cat-lancamentos","7":"product_cat-rodete","8":"product_tag-f000al1682-es","9":"product_tag-zen-1222-es","11":"first","12":"instock","13":"taxable","14":"shipping-taxable","15":"purchasable","16":"product-type-simple"},"_links":{"self":[{"href":"https:\/\/com-automotive.com\/es\/wp-json\/wp\/v2\/product\/16021","targetHints":{"allow":["GET"]}}],"collection":[{"href":"https:\/\/com-automotive.com\/es\/wp-json\/wp\/v2\/product"}],"about":[{"href":"https:\/\/com-automotive.com\/es\/wp-json\/wp\/v2\/types\/product"}],"replies":[{"embeddable":true,"href":"https:\/\/com-automotive.com\/es\/wp-json\/wp\/v2\/comments?post=16021"}],"wp:featuredmedia":[{"embeddable":true,"href":"https:\/\/com-automotive.com\/es\/wp-json\/wp\/v2\/media\/20169"}],"wp:attachment":[{"href":"https:\/\/com-automotive.com\/es\/wp-json\/wp\/v2\/media?parent=16021"}],"wp:term":[{"taxonomy":"product_brand","embeddable":true,"href":"https:\/\/com-automotive.com\/es\/wp-json\/wp\/v2\/product_brand?post=16021"},{"taxonomy":"product_cat","embeddable":true,"href":"https:\/\/com-automotive.com\/es\/wp-json\/wp\/v2\/product_cat?post=16021"},{"taxonomy":"product_tag","embeddable":true,"href":"https:\/\/com-automotive.com\/es\/wp-json\/wp\/v2\/product_tag?post=16021"}],"curies":[{"name":"wp","href":"https:\/\/api.w.org\/{rel}","templated":true}]}}