{"id":16009,"date":"2023-10-24T01:10:38","date_gmt":"2023-10-24T04:10:38","guid":{"rendered":"https:\/\/com-automotive.com\/alternador-12v-120a-6pk-f000bl0732-f000bl07g0-sprinter-311-415-515-0116\/"},"modified":"2023-10-24T01:10:38","modified_gmt":"2023-10-24T04:10:38","slug":"alternador-12v-120a-6pk-f000bl0732-f000bl07g0-sprinter-311-415-515-0116","status":"publish","type":"product","link":"https:\/\/com-automotive.com\/es\/alternador-12v-120a-6pk-f000bl0732-f000bl07g0-sprinter-311-415-515-0116\/","title":{"rendered":"Alternador 12V 120A 6PK F000BL0732 F000BL07G0 Sprinter 311 415 515 01&gt;16<span class=\"product-sku\" style=\"display: block; font-size: 0.85em; color: #777; margin-top: 5px; margin-bottom: 5px;\">SKU: 8000.0732-COM<\/span>"},"content":{"rendered":"<p>Calidad de dise\u00f1o original COM-AUTOMOTIVE.<\/p>\n<p>F000BL0732 Alternador de 12V 120A con Polea &#8211; Dise\u00f1o: BOSCH SEG &#8211; OEM: SPRINTER<\/p>\n<h2>Preguntas m\u00e1s frecuentes<\/h2>\n<h3><strong>\u00bfCu\u00e1les son las referencias cruzadas?<\/strong><\/h3>\n<p>F000BL07G0, F000BL0732, A0009060422, 0009060422 9060422<\/p>\n<h2><strong>TABLA DE APLICACI\u00d3N<\/strong><\/h2>\n<table style=\"height: 1055px;\" width=\"1258\">\n<tbody>\n<tr>\n<td width=\"1036\">MERCEDES BENZ SPRINTER VAN 313 CDI , MERCEDES BENZ OM 611 LA OM 611 LA 2.2 L 16V DOHC L4 DIESEL, 2005-2012.<\/td>\n<\/tr>\n<tr>\n<td>MERCEDES BENZ SPRINTER VAN 313 CDI , MERCEDES BENZ OM 611 LA OM 611 LA 2.2 L 16V DOHC L4 DIESEL, 2002-2012.<\/td>\n<\/tr>\n<tr>\n<td>MERCEDES BENZ SPRINTER FURGONETA 416 CDI E.L TECHO ALTO , MERCEDES BENZ OM 651 LA OM 651 LA 2.2 L 16V DOHC L4 DIESEL, 2020-2023.<\/td>\n<\/tr>\n<tr>\n<td>MERCEDES BENZ SPRINTER CHASIS 515 CDI , MERCEDES BENZ OM 651 LA OM 651 LA 2.2 L 16V DOHC L4 DIESEL, 2012-2023.<\/td>\n<\/tr>\n<tr>\n<td>MERCEDES BENZ SPRINTER CHASIS 415 CDI , MERCEDES BENZ OM 651 LA OM 651 LA 2.2 L 16V DOHC L4 DIESEL, 2011-2023.<\/td>\n<\/tr>\n<tr>\n<td>MERCEDES BENZ SPRINTER FURGONETA 413 CDI , MERCEDES BENZ OM 611 LA OM 611 LA 2.2 L 16V DOHC L4 DIESEL, 2008-2013.<\/td>\n<\/tr>\n<tr>\n<td>MERCEDES BENZ SPRINTER FURGONETA 311 CDI STREET , MERCEDES BENZ OM 611 LA OM 611 LA 2.2 L 16V DOHC L4 DIESEL, 2009-2013.<\/td>\n<\/tr>\n<tr>\n<td>MERCEDES BENZ SPRINTER VAN 415 CDI , MERCEDES BENZ OM 651 LA OM 651 LA 2.2 L 16V DOHC L4 DIESEL, 2013-2023.<\/td>\n<\/tr>\n<tr>\n<td>MERCEDES BENZ SPRINTER VAN 515 CDI , MERCEDES BENZ OM 651 LA OM 651 LA 2.2 L 16V DOHC L4 DIESEL, 2013-2023.<\/td>\n<\/tr>\n<tr>\n<td>MERCEDES BENZ SPRINTER VAN 311 CDI , MERCEDES BENZ OM 611 LA OM 611 LA 2.2 L 16V DOHC L4 DIESEL, 2002-2004.<\/td>\n<\/tr>\n<tr>\n<td>MERCEDES BENZ SPRINTER FURGONETA 516 CDI E.L. LARGA TECHO ALTO , MERCEDES BENZ OM 651 LA OM 651 LA 2.2 L 16V DOHC L4 DIESEL, 2020-2023.<\/td>\n<\/tr>\n<tr>\n<td>MERCEDES BENZ SPRINTER VAN 515 CDI , MERCEDES BENZ OM 651 LA OM 651 LA 2.2 L 16V DOHC L4 DIESEL, 2013-2023.<\/td>\n<\/tr>\n<tr>\n<td>MERCEDES BENZ SPRINTER FURGONETA 311 CDI STREET , MERCEDES BENZ OM 651 LA OM 651 LA 2.2 L 16V DOHC L4 DIESEL, 2013-2016.<\/td>\n<\/tr>\n<tr>\n<td>MERCEDES BENZ SPRINTER CHASIS 313 CDI , MERCEDES BENZ OM 611 LA OM 611 LA 2.2 L 16V DOHC L4 DIESEL, 2002-2011.<\/td>\n<\/tr>\n<tr>\n<td>MERCEDES BENZ SPRINTER FURGONETA 415 CDI , MERCEDES BENZ OM 651 LA OM 651 LA 2.2 L 16V DOHC L4 DIESEL, 2013-2023.<\/td>\n<\/tr>\n<tr>\n<td>MERCEDES BENZ SPRINTER CHASIS 314 CDI TECHO BAJO , MERCEDES BENZ OM 651 LA OM 651 LA 2.2 L 16V DOHC L4 DIESEL, 2020-2023.<\/td>\n<\/tr>\n<tr>\n<td>MERCEDES BENZ SPRINTER FURGONETA 416 CDI LARGA TECHO ALTO , MERCEDES BENZ OM 651 LA OM 651 LA 2.2 L 16V DOHC L4 DIESEL, 2020-2023.<\/td>\n<\/tr>\n<tr>\n<td>MERCEDES BENZ SPRINTER CHASIS 311 CDI STREET , MERCEDES BENZ OM 611 LA OM 611 LA 2.2 L 16V DOHC L4 DIESEL, 2010-2012.<\/td>\n<\/tr>\n<tr>\n<td>MERCEDES BENZ SPRINTER FURGONETA 413 CDI , MERCEDES BENZ OM 611 LA OM 611 LA 2.2 L 16V DOHC L4 DIESEL, 2003-2009.<\/td>\n<\/tr>\n<tr>\n<td>MERCEDES BENZ SPRINTER VAN 415 CDI LUXURY , MERCEDES BENZ OM 651 LA OM 651 LA 2.2 L 16V DOHC L4 DIESEL, 2014-2023.<\/td>\n<\/tr>\n<tr>\n<td>MERCEDES BENZ SPRINTER CHASIS 311 CDI STREET , MERCEDES BENZ OM 651 LA OM 651 LA 2.2 L 16V DOHC L4 DIESEL, 2013-2016.<\/td>\n<\/tr>\n<tr>\n<td>MERCEDES BENZ SPRINTER FURGONETA 313 CDI CORTA , MERCEDES BENZ OM 651 LA OM 651 LA 2.2 L 16V DOHC L4 DIESEL, 2017-2019.<\/td>\n<\/tr>\n<tr>\n<td>MERCEDES BENZ SPRINTER CHASIS 516 CDI , MERCEDES BENZ OM 651 LA OM 651 LA 2.2 L 16V DOHC L4 DIESEL, 2020-2023.<\/td>\n<\/tr>\n<tr>\n<td>MERCEDES BENZ SPRINTER CHASIS 313 CDI , MERCEDES BENZ OM 651 LA OM 651 LA 2.2 L 16V DOHC L4 DIESEL, 2017-2023.<\/td>\n<\/tr>\n<tr>\n<td>MERCEDES BENZ SPRINTER FURGONETA 313 CDI LARGA TECHO ALTO , MERCEDES BENZ OM 651 LA OM 651 LA 2.2 L 16V DOHC L4 DIESEL, 2017-2023.<\/td>\n<\/tr>\n<tr>\n<td>MERCEDES BENZ SPRINTER CHASIS 416 CDI LARGO TECHO BAJO , MERCEDES BENZ OM 651 LA OM 651 LA 2.2 L 16V DOHC L4 DIESEL, 2020-2023.<\/td>\n<\/tr>\n<tr>\n<td>MERCEDES BENZ SPRINTER FURGONETA 416 CDI ESTANDAR TECHO ALTO , MERCEDES BENZ OM 651 LA OM 651 LA 2.2 L 16V DOHC L4 DIESEL, 2020-2023.<\/td>\n<\/tr>\n<tr>\n<td>MERCEDES BENZ SPRINTER CHASIS 413 CDI , MERCEDES BENZ OM 611 LA OM 611 LA 2.2 L 16V DOHC L4 DIESEL, 2002-2009.<\/td>\n<\/tr>\n<tr>\n<td>MERCEDES BENZ SPRINTER FURGONETA 314 CDI E.L. LARGA TECHO ALTO , MERCEDES BENZ OM 651 LA OM 651 LA 2.2 L 16V DOHC L4 DIESEL, 2020-2023.<\/td>\n<\/tr>\n<tr>\n<td>MERCEDES BENZ SPRINTER FURGONETA 416 CDI LUJO TECHO ALTO 16L , MERCEDES BENZ OM 651 LA OM 651 LA 2.2 L 16V DOHC L4 DIESEL, 2020-2023.<\/td>\n<\/tr>\n<tr>\n<td>MERCEDES BENZ SPRINTER FURGONETA 313 CDI LARGA TECHO BAJO , MERCEDES BENZ OM 651 LA OM 651 LA 2.2 L 16V DOHC L4 DIESEL, 2017-2018.<\/td>\n<\/tr>\n<tr>\n<td>MERCEDES BENZ SPRINTER FURGONETA 314 CDI LARGA TECHO ALTO , MERCEDES BENZ OM 651 LA OM 651 LA 2.2 L 16V DOHC L4 DIESEL, 2020-2023.<\/td>\n<\/tr>\n<tr>\n<td>MERCEDES BENZ SPRINTER FURGONETA 516 CDI E.L TECHO ALTO 21L , MERCEDES BENZ OM 651 LA OM 651 LA 2.2 L 16V DOHC L4 DIESEL, 2020-2023.<\/td>\n<\/tr>\n<tr>\n<td>MERCEDES BENZ SPRINTER FURGONETA 516 CDI E.L TECHO ALTO 18L , MERCEDES BENZ OM 651 LA OM 651 LA 2.2 L 16V DOHC L4 DIESEL, 2020-2023.<\/td>\n<\/tr>\n<tr>\n<td>MERCEDES BENZ SPRINTER FURGONETA 416 CDI AMBULANCIA , MERCEDES BENZ OM 651 LA OM 651 LA 2.2 L 16V DOHC L4 DIESEL, 2021-2023.<\/td>\n<\/tr>\n<tr>\n<td>MERCEDES BENZ SPRINTER CHASIS 516 CDI LONG , MERCEDES BENZ OM 651 LA OM 651 LA 2.2 L 16V DOHC L4 DIESEL, 2020-2023.<\/td>\n<\/tr>\n<\/tbody>\n<\/table>\n<div><\/div>\n<div>ATENCI\u00d3N:<\/div>\n<div>Recomendamos que la instalaci\u00f3n del F000BL0732 sea realizada por un profesional capacitado y especializado.<\/div>\n<div>Solo realiza la compra de este producto F000BL0732 aseg\u00farate de que es compatible con tu veh\u00edculo, si tienes alguna duda, no dudes en ponerte en contacto con nosotros. Nuestro horario de apertura es de lunes a viernes de 8 a 18 h.<\/div>\n<div><\/div>\n<div>Sobre nosotros<\/div>\n<div>COM Automotive est\u00e1 especializada en piezas de autom\u00f3vil de dise\u00f1o original para el sector de la reparaci\u00f3n posventa, clientes industriales y fabricantes de veh\u00edculos especiales OEM.<\/div>\n<div>Nuestro equipo tiene m\u00e1s de 28 a\u00f1os de experiencia en la fabricaci\u00f3n y el suministro de piezas de automoci\u00f3n a escala mundial.<\/div>\n<div>Nuestra MISI\u00d3N es ofrecer productos de dise\u00f1o original con una calidad impecable y una sustituci\u00f3n personalizada.<\/div>\n<div>Nuestra VISI\u00d3N es promover el crecimiento y un valor inigualable para nuestros clientes.<\/div>\n","protected":false},"excerpt":{"rendered":"<p>F000BL0732-COM. En stock. Ref: F000BL07G0, F000BL0732, A0009060422, 8EL011712641 &#8211; compatible con: SPRINTER. Marca: COM Automotive &#8211; Producto con calidad y dise\u00f1o originales. Compatible con Bosch<\/p>\n","protected":false},"featured_media":19091,"comment_status":"open","ping_status":"closed","template":"","meta":[],"product_brand":[],"product_cat":[8109],"product_tag":[10509],"class_list":{"0":"post-16009","1":"product","2":"type-product","3":"status-publish","4":"has-post-thumbnail","6":"product_cat-alternador-es-2","7":"product_tag-a0009060422-es","9":"first","10":"instock","11":"taxable","12":"shipping-taxable","13":"purchasable","14":"product-type-simple"},"_links":{"self":[{"href":"https:\/\/com-automotive.com\/es\/wp-json\/wp\/v2\/product\/16009","targetHints":{"allow":["GET"]}}],"collection":[{"href":"https:\/\/com-automotive.com\/es\/wp-json\/wp\/v2\/product"}],"about":[{"href":"https:\/\/com-automotive.com\/es\/wp-json\/wp\/v2\/types\/product"}],"replies":[{"embeddable":true,"href":"https:\/\/com-automotive.com\/es\/wp-json\/wp\/v2\/comments?post=16009"}],"wp:featuredmedia":[{"embeddable":true,"href":"https:\/\/com-automotive.com\/es\/wp-json\/wp\/v2\/media\/19091"}],"wp:attachment":[{"href":"https:\/\/com-automotive.com\/es\/wp-json\/wp\/v2\/media?parent=16009"}],"wp:term":[{"taxonomy":"product_brand","embeddable":true,"href":"https:\/\/com-automotive.com\/es\/wp-json\/wp\/v2\/product_brand?post=16009"},{"taxonomy":"product_cat","embeddable":true,"href":"https:\/\/com-automotive.com\/es\/wp-json\/wp\/v2\/product_cat?post=16009"},{"taxonomy":"product_tag","embeddable":true,"href":"https:\/\/com-automotive.com\/es\/wp-json\/wp\/v2\/product_tag?post=16009"}],"curies":[{"name":"wp","href":"https:\/\/api.w.org\/{rel}","templated":true}]}}