{"id":16005,"date":"2023-10-23T22:27:22","date_gmt":"2023-10-24T01:27:22","guid":{"rendered":"https:\/\/com-automotive.com\/alternador-12v-90a-a002tc1391-nueva-polea-civic-crv-hrv-7pk\/"},"modified":"2023-10-23T22:27:22","modified_gmt":"2023-10-24T01:27:22","slug":"alternador-12v-90a-a002tc1391-nueva-polea-civic-crv-hrv-7pk","status":"publish","type":"product","link":"https:\/\/com-automotive.com\/es\/alternador-12v-90a-a002tc1391-nueva-polea-civic-crv-hrv-7pk\/","title":{"rendered":"Alternador 12V 90A A002TC1391 Nueva Polea Civic CRV HRV 7PK<span class=\"product-sku\" style=\"display: block; font-size: 0.85em; color: #777; margin-top: 5px; margin-bottom: 5px;\">SKU: 8000.1391-COM<\/span>"},"content":{"rendered":"<h1>Calidad de dise\u00f1o original COM-AUTOMOTIVE.<\/h1>\n<p>Alternador A002TC1391 de 12 V y 90 amperios con polea &#8211; Dise\u00f1o: MITSUBISHI &#8211; OEM:<\/p>\n<h2>Preguntas m\u00e1s frecuentes<\/h2>\n<h3><strong>\u00bfCu\u00e1les son las referencias cruzadas?<\/strong><\/h3>\n<p>A002TC1391, 31100RNAA01, 31100RNAA012M2, 31100RNAA01RM, AHGA67, A002TC1391, ZEN 45002, Euro 70040, T002001003.<\/p>\n<h2><strong>TABLA DE APLICACI\u00d3N<\/strong><\/h2>\n<table width=\"1036\">\n<tbody>\n<tr>\n<td width=\"1036\">HONDA CIVIC LXS G-8, I-VTEC R18A1 1.8 L 16V SOHC L4 FLEX, 2008-2011.<\/td>\n<\/tr>\n<tr>\n<td>HONDA CIVIC LXL G-8, I-VTEC R18A1 1.8 L 16V SOHC L4 FLEX, 2010-2012.<\/td>\n<\/tr>\n<tr>\n<td>HONDA CIVIC LXS G-9, I-VTEC R18A1 1.8L 16V SOHC L4 FLEX, 2012-2013.<\/td>\n<\/tr>\n<tr>\n<td>HONDA CIVIC LXS G-8, I-VTEC R18A1 1.8 L 16V SOHC L4 FLEX, 2006-2007.<\/td>\n<\/tr>\n<tr>\n<td>HONDA CIVIC LXS AUTOM\u00c1TICO G-9, I-VTEC R18A1 1.8 L 16V SOHC L4 FLEX, 2012-2013.<\/td>\n<\/tr>\n<tr>\n<td>HONDA CIVIC EXS G-8, I-VTEC R18A1 1.8 L 16V SOHC L4 FLEX, 2011-2012.<\/td>\n<\/tr>\n<tr>\n<td>HONDA CIVIC LXS G-9, I-VTEC R18A1 1.8 L 16V SOHC L4 FLEX, 2014-2015.<\/td>\n<\/tr>\n<tr>\n<td>HONDA CIVIC LXS AUTOM\u00c1TICO G-9, I-VTEC R18A1 1.8 L 16V SOHC L4 FLEX, 2014-2015.<\/td>\n<\/tr>\n<tr>\n<td>HONDA CIVIC EXS G-8, I-VTEC R18A1 1.8L 16V SOHC L4 GASOLINA, 2006-2007.<\/td>\n<\/tr>\n<tr>\n<td>HONDA CIVIC LX G-8, I-VTEC R18A1 1.8L 16V SOHC L4 GASOLINA, 2006-2007.<\/td>\n<\/tr>\n<tr>\n<td>HONDA CIVIC LXS G-8, I-VTEC R18A1 1.8L 16V SOHC L4 GASOLINA, 2009-2009.<\/td>\n<\/tr>\n<\/tbody>\n<\/table>\n<div><\/div>\n<div>ATENCI\u00d3N:<\/div>\n<div>Recomendamos que la instalaci\u00f3n del A002TC1391 sea realizada por un profesional capacitado y especializado.<\/div>\n<div>Solo realiza la compra de este producto A002TC1391 aseg\u00farate de que es compatible con tu veh\u00edculo, si tienes alguna duda, no dudes en ponerte en contacto con nosotros. Nuestro horario de apertura es de lunes a viernes de 8 a 18 h.<\/div>\n<div><\/div>\n<div>Sobre nosotros<\/div>\n<div>COM Automotive est\u00e1 especializada en piezas de autom\u00f3vil de dise\u00f1o original para el sector de la reparaci\u00f3n posventa, clientes industriales y fabricantes de veh\u00edculos especiales OEM.<\/div>\n<div>Nuestro equipo tiene m\u00e1s de 28 a\u00f1os de experiencia en la fabricaci\u00f3n y el suministro de piezas de automoci\u00f3n a escala mundial.<\/div>\n<div>Nuestra MISI\u00d3N es ofrecer productos de dise\u00f1o original con una calidad impecable y una sustituci\u00f3n personalizada.<\/div>\n<div>Nuestra VISI\u00d3N es promover el crecimiento y un valor inigualable para nuestros clientes.<\/div>\n","protected":false},"excerpt":{"rendered":"<p>A002TC1391-COM. En stock. Ref: T002001003, A002TC1391, 31100RNAA01, 31100RNAA012M2, 31100RNAA01RM, AHGA67, A002TC1391, A002TC1391ZC, A002TC1391ZE, A2TC1391, A2TC1391ZC, A2TC1391ZE, ZEN 45002, EURO 70040, 8EL011712351, DITA 10220 &#8211; compatible con: Honda. Marca: COM Automotive &#8211; Producto con calidad y dise\u00f1o originales. Compatible con Mitsubishi<\/p>\n","protected":false},"featured_media":20394,"comment_status":"open","ping_status":"closed","template":"","meta":[],"product_brand":[],"product_cat":[8109],"product_tag":[15096,15098,15100,15094,15115,15104,15106,15107,15108,15110,15102,15113,15092,15112],"class_list":{"0":"post-16005","1":"product","2":"type-product","3":"status-publish","4":"has-post-thumbnail","6":"product_cat-alternador-es-2","7":"product_tag-31100rnaa01-es","8":"product_tag-31100rnaa012m2-es","9":"product_tag-31100rnaa01rm-es","10":"product_tag-a002tc1391-es","11":"product_tag-a002tc1391-com-es","12":"product_tag-a002tc1391zc-es","13":"product_tag-a002tc1391ze-es","14":"product_tag-a2tc1391-es","15":"product_tag-a2tc1391zc-es","16":"product_tag-a2tc1391ze-es","17":"product_tag-ahga67-es","18":"product_tag-euro-70040-es","19":"product_tag-t002001003-es","20":"product_tag-zen-45002-es","22":"first","23":"instock","24":"taxable","25":"shipping-taxable","26":"purchasable","27":"product-type-simple"},"_links":{"self":[{"href":"https:\/\/com-automotive.com\/es\/wp-json\/wp\/v2\/product\/16005","targetHints":{"allow":["GET"]}}],"collection":[{"href":"https:\/\/com-automotive.com\/es\/wp-json\/wp\/v2\/product"}],"about":[{"href":"https:\/\/com-automotive.com\/es\/wp-json\/wp\/v2\/types\/product"}],"replies":[{"embeddable":true,"href":"https:\/\/com-automotive.com\/es\/wp-json\/wp\/v2\/comments?post=16005"}],"wp:featuredmedia":[{"embeddable":true,"href":"https:\/\/com-automotive.com\/es\/wp-json\/wp\/v2\/media\/20394"}],"wp:attachment":[{"href":"https:\/\/com-automotive.com\/es\/wp-json\/wp\/v2\/media?parent=16005"}],"wp:term":[{"taxonomy":"product_brand","embeddable":true,"href":"https:\/\/com-automotive.com\/es\/wp-json\/wp\/v2\/product_brand?post=16005"},{"taxonomy":"product_cat","embeddable":true,"href":"https:\/\/com-automotive.com\/es\/wp-json\/wp\/v2\/product_cat?post=16005"},{"taxonomy":"product_tag","embeddable":true,"href":"https:\/\/com-automotive.com\/es\/wp-json\/wp\/v2\/product_tag?post=16005"}],"curies":[{"name":"wp","href":"https:\/\/api.w.org\/{rel}","templated":true}]}}