{"id":16003,"date":"2023-10-23T22:58:08","date_gmt":"2023-10-24T01:58:08","guid":{"rendered":"https:\/\/com-automotive.com\/alternador-12v-120a-f000bl0700-f000bl074d-51839616-fiat-all-1-8l-etorq\/"},"modified":"2023-10-23T22:58:08","modified_gmt":"2023-10-24T01:58:08","slug":"alternador-12v-120a-f000bl0700-f000bl074d-51839616-fiat-all-1-8l-etorq","status":"publish","type":"product","link":"https:\/\/com-automotive.com\/es\/alternador-12v-120a-f000bl0700-f000bl074d-51839616-fiat-all-1-8l-etorq\/","title":{"rendered":"Alternador 12V 120A F000BL0700 F000BL074D 51839616 Fiat All 1.8L ETorq<span class=\"product-sku\" style=\"display: block; font-size: 0.85em; color: #777; margin-top: 5px; margin-bottom: 5px;\">SKU: 8000.0700-COM<\/span>"},"content":{"rendered":"<h1>COM-AUTOMOTIVE, calidad de dise\u00f1o original.<\/h1>\n<p>F000BL0700 Alternador de 12V 120Amp con polea &#8211; Dise\u00f1o: BOSCH SEG &#8211; OEM: FIAT<\/p>\n<h2>Preguntas m\u00e1s frecuentes<\/h2>\n<h3><strong>\u00bfCu\u00e1les son las referencias cruzadas?<\/strong><\/h3>\n<p>F000BL074D, F000BL0700, 51839616, 51839616, F000BL07DX<\/p>\n<h2><strong>TABLA DE APLICACI\u00d3N<\/strong><\/h2>\n<table style=\"height: 2943px;\" width=\"984\">\n<tbody>\n<tr>\n<td width=\"623\">FIAT STRADA CS HARD WORKING G-5, FUEGO 310 A 2011 1.4 L 8V SOHC L4 FLEX, 2016-2023.<\/td>\n<\/tr>\n<tr>\n<td>FIAT STRADA CS EN FUNCIONAMIENTO , FUEGO 310 A 2011 1.4 L 8V SOHC L4 FLEX, 2013-2015.<\/td>\n<\/tr>\n<tr>\n<td>FIAT GRAND SIENA ATRACTIVE , FIRE EVO 310 A 2011 1.4 L 8V SOHC L4 FLEX, 2012-2016.<\/td>\n<\/tr>\n<tr>\n<td>FIAT PUNTO ATRACTIVE G-1, FIRE 310 A 2011 1.4 L 8V SOHC L4 FLEX, 2010-2015.<\/td>\n<\/tr>\n<tr>\n<td>FIAT STRADA CD FUNCIONAMIENTO 3 PUERTAS , FUEGO 310 A 2011 1.4 L 8V SOHC L4 FLEX, 2013-2019.<\/td>\n<\/tr>\n<tr>\n<td>FIAT SIENA EL , FIRE EVO 310 A 2011 1.4 L 8V SOHC L4 FLEX, 2012-2019.<\/td>\n<\/tr>\n<tr>\n<td>FIAT STRADA CD FUNCIONANDO , FUEGO 310 A 2011 1.4 L 8V SOHC L4 FLEX, 2010-2013.<\/td>\n<\/tr>\n<tr>\n<td>FIAT PUNTO ELX G-1, FIRE 310 A 2011 1.4 L 8V SOHC L4 FLEX, 2007-2019.<\/td>\n<\/tr>\n<tr>\n<td>FIAT STRADA CD ADVENTURE LOCKER , E-TORQ 370 A 0011 1.8 L 16V DOHC L4 FLEX, 2010-2013.<\/td>\n<\/tr>\n<tr>\n<td>FIAT STRADA CE EN FUNCIONAMIENTO , FUEGO 310 A 2011 1.4 L 8V SOHC L4 FLEX, 2010-2019.<\/td>\n<\/tr>\n<tr>\n<td>FIAT GRAND SIENA ESSENCE , E-TORQ 310 A 5011 1.6 L 16V SOHC L4 FLEX, 2012-2023.<\/td>\n<\/tr>\n<tr>\n<td>FIAT STRADA CD ADVENTURE G-5, E-TORQ 370 A 0011 1.8 L 16V DOHC L4 FLEX, 2016-2023.<\/td>\n<\/tr>\n<tr>\n<td>FIAT PUNTO ESSENCE G-1, E-TORQ 310 A 5011 1.6 L 16V SOHC L4 FLEX, 2010-2015.<\/td>\n<\/tr>\n<tr>\n<td>FIAT STRADA CD HARD WORKING G-5, FUEGO 310 A 2011 1.4 L 8V SOHC L4 FLEX, 2016-2023.<\/td>\n<\/tr>\n<tr>\n<td>FIAT STRADA CE HARD WORKING G-5, FUEGO 310 A 2011 1.4 L 8V SOHC L4 FLEX, 2016-2023.<\/td>\n<\/tr>\n<tr>\n<td>FIAT PALIO SPORTING G-4, E-TORQ 310 A 5011 1.6 L 16V SOHC L4 FLEX, 2012-2019.<\/td>\n<\/tr>\n<tr>\n<td>FIAT PALIO ELX RST III G-3, FIRE 310 A 2011 1.4 L 8V SOHC L4 FLEX, 2009-2019.<\/td>\n<\/tr>\n<tr>\n<td>FIAT STRADA CS TRABAJANDO FLEX , FIRE 310 A 2011 1.4 L 8V SOHC L4 FLEX, 2010-2013.<\/td>\n<\/tr>\n<tr>\n<td>FIAT STRADA CE TREK RST III , FIRE 310 A 2011 1.4 L 8V SOHC L4 FLEX, 2008-2012.<\/td>\n<\/tr>\n<tr>\n<td>FIAT STRADA CS TRABAJANDO G-5, FUEGO 310 A 2011 1.4 L 8V SOHC L4 FLEX, 2016-2023.<\/td>\n<\/tr>\n<tr>\n<td>FIAT PALIO WEEKEND ELX RST III , FIRE 310 A 2011 1.4 L 8V SOHC L4 FLEX, 2008-2010.<\/td>\n<\/tr>\n<tr>\n<td>FIAT IDEA ADVENTURE , E-TORQ 370 A 0011 1.8 L 16V DOHC L4 FLEX, 2010-2015.<\/td>\n<\/tr>\n<tr>\n<td>FIAT STRADA CE ADVENTURE G-5, E-TORQ 370 A 0011 1.8 L 16V DOHC L4 FLEX, 2016-2019.<\/td>\n<\/tr>\n<tr>\n<td>FIAT PALIO WEEKEND ATRACTIVE , FUEGO 310 A 2011 1.4 L 8V SOHC L4 FLEX, 2010-2016.<\/td>\n<\/tr>\n<tr>\n<td>FIAT PALIO WEEKEND TREKKING RST III , FUEGO 310 A 2011 1.4 L 8V SOHC L4 FLEX, 2008-2010.<\/td>\n<\/tr>\n<tr>\n<td>FIAT PALIO WEEKEND ADVENTURE , E-TORQ 310 A 5011 1.6 L 16V SOHC L4 FLEX, 2012-2016.<\/td>\n<\/tr>\n<tr>\n<td>FIAT STRADA CS WORKING PLUS G-5, FIRE 310 A 2011 1.4 L 8V SOHC L4 FLEX, 2016-2019.<\/td>\n<\/tr>\n<tr>\n<td>FIAT DOBLO ESSENCE 1.8 16V G-2, E-TORQ 370 A 0011 1.8 L 16V DOHC L4 FLEX, 2016-2023.<\/td>\n<\/tr>\n<tr>\n<td>FIAT STRADA ADVENTURE DUALOGIC G-5, E-TORQ 370 A 0011 1.8 L 16V DOHC L4 FLEX, 2016-2018.<\/td>\n<\/tr>\n<tr>\n<td>FIAT STRADA TREK RST III , FIRE 310 A 2011 1.4 L 8V SOHC L4 FLEX, 2008-2023.<\/td>\n<\/tr>\n<tr>\n<td>FIAT DOBLO CARGO , FIRE 310 A 2011 1.4 L 8V SOHC L4 FLEX, 2009-2015.<\/td>\n<\/tr>\n<tr>\n<td>FIAT GRAND SIENA ESSENCE DUALOGIC , E-TORQ 310 A 5011 1.6 L 16V SOHC L4 FLEX, 2012-2019.<\/td>\n<\/tr>\n<tr>\n<td>FIAT SIENA SUBLIME DUALOGIC , E-TORQ 310 A 5011 1.6 L 16V SOHC L4 FLEX, 2017-2019.<\/td>\n<\/tr>\n<tr>\n<td>FIAT STRADA ADVENTURE LOCKER , E-TORQ 370 A 0011 1.8 L 16V DOHC L4 FLEX, 2010-2013.<\/td>\n<\/tr>\n<tr>\n<td>FIAT LINEA ESSENCE , E-TORQ 370 A 0011 1.8 L 16V DOHC L4 FLEX, 2011-2016.<\/td>\n<\/tr>\n<tr>\n<td>FIAT DOBLO ADVENTURE , E-TORQ 370 A 0011 1.8 L 16V DOHC L4 FLEX, 2010-2015.<\/td>\n<\/tr>\n<tr>\n<td>FIAT BRAVO ESSENCE G-1, E-TORQ 370 A 0011 1.8 L 16V DOHC L4 FLEX, 2010-2016.<\/td>\n<\/tr>\n<tr>\n<td>FIAT SIENA SUBLIME , E-TORQ 310 A 5011 1.6 L 16V SOHC L4 FLEX, 2017-2018.<\/td>\n<\/tr>\n<tr>\n<td>FIAT STRADA CD TREKKING , E-TORQ 310 A 5011 1.6 L 16V SOHC L4 FLEX, 2012-2019.<\/td>\n<\/tr>\n<tr>\n<td>FIAT PALIO WEEKEND TREKKING , E-TORQ 310 A 5011 1.6 L 16V SOHC L4 FLEX, 2012-2016.<\/td>\n<\/tr>\n<tr>\n<td>FIAT PALIO WEEKEND ADVENTURE LOCKER DUALOGIC , E-TORQ 370 A 0011 1.8 L 16V DOHC L4 FLEX, 2010-2019.<\/td>\n<\/tr>\n<tr>\n<td>FIAT PALIO WEEKEND ADVENTURE LOCKER , E-TORQ 370 A 0011 1.8 L 16V DOHC L4 FLEX, 2010-2019.<\/td>\n<\/tr>\n<tr>\n<td>FIAT PALIO ATRACTIVE G-3, FIRE 310 A 2011 1.4 L 8V SOHC L4 FLEX, 2010-2012.<\/td>\n<\/tr>\n<tr>\n<td>FIAT PUNTO ESSENCE DUAL G-1, E-TORQ 370 A 0011 1.8 L 16V DOHC L4 FLEX, 2010-2015.<\/td>\n<\/tr>\n<tr>\n<td>FIAT PUNTO FIRE FLEX G-1, FIRE 310 A 2011 1.4 L 8V SOHC L4 FLEX, 2007-2011.<\/td>\n<\/tr>\n<tr>\n<td>FIAT DOBLO ADVENTURE FLEX III , E-TORQ 370 A 0011 1.8 L 16V DOHC L4 FLEX, 2011-2012.<\/td>\n<\/tr>\n<tr>\n<td>FIAT SIENA EL , FIRE 310 A 2011 1.4 L 8V SOHC L4 FLEX, 2010-2012.<\/td>\n<\/tr>\n<tr>\n<td>FIAT DOBLO ESSENCE , E-TORQ 370 A 0011 1.8 L 16V DOHC L4 FLEX, 2013-2015.<\/td>\n<\/tr>\n<tr>\n<td>FIAT DOBLO ESSENCE FLEX III , E-TORQ 370 A 0011 1.8 L 16V DOHC L4 FLEX, 2011-2013.<\/td>\n<\/tr>\n<tr>\n<td>FIAT PALIO WEEKEND TREKKING RST III , E-TORQ 310 A 5011 1.6 L 16V SOHC L4 FLEX, 2010-2012.<\/td>\n<\/tr>\n<tr>\n<td>FIAT IDEA ADVENTURE DUAL , E-TORQ 370 A 0011 1.8 L 16V DOHC L4 FLEX, 2010-2012.<\/td>\n<\/tr>\n<tr>\n<td>FIAT PALIO WEEKEND ADVENTURE , E-TORQ 370 A 0011 1.8 L 16V DOHC L4 FLEX, 2016-2020.<\/td>\n<\/tr>\n<tr>\n<td>FIAT PUNTO BLACKMOTION G-2, E-TORQ 370 A 0011 1.8 L 16V DOHC L4 FLEX, 2013-2017.<\/td>\n<\/tr>\n<tr>\n<td>FIAT STRADA ADVENTURE CD DUALOGIC , CADENA CINEM\u00c1TICA H2 1.8 L 16V DOHC L4 FLEX, 2013-2015.<\/td>\n<\/tr>\n<tr>\n<td>FIAT STRADA ADVENTURE CD LOCKER , POWERTRAIN H2 1.8 L 16V DOHC L4 FLEX, 2013-2015.<\/td>\n<\/tr>\n<tr>\n<td>FIAT STRADA CS TRABAJO DURO , FUEGO 310 A 2011 1.4 L 8V SOHC L4 FLEX, 2014-2015.<\/td>\n<\/tr>\n<tr>\n<td>FIAT STRADA CD TRABAJO DURO , FUEGO 310 A 2011 1.4 L 8V SOHC L4 FLEX, 2014-2015.<\/td>\n<\/tr>\n<tr>\n<td>FIAT PUNTO ITALIA G-2, FIRE EVO 310 A 2011 1.4 L 8V SOHC L4 FLEX, 2014-2017.<\/td>\n<\/tr>\n<tr>\n<td>FIAT PUNTO SPORTING G-2, E-TORQ 370 A 0011 1.8 L 16V DOHC L4 FLEX, 2014-2017.<\/td>\n<\/tr>\n<tr>\n<td>FIAT PUNTO ATRACTIVE G-2, FIRE EVO 327 A 2011 1.4 L 8V SOHC L4 FLEX, 2014-2020.<\/td>\n<\/tr>\n<tr>\n<td>FIAT BRAVO SPORTING G-1, E-TORQ 370 A 0011 1.8 L 16V DOHC L4 FLEX, 2012-2016.<\/td>\n<\/tr>\n<tr>\n<td>FIAT PUNTO ESSENCE SP G-2, E-TORQ EVO 310 A 5011 1.6 L 16V DOHC L4 FLEX, 2014-2019.<\/td>\n<\/tr>\n<tr>\n<td>FIAT STRADA CD TREKKING LOCKER , E-TORQ 310 A 5011 1.6 L 16V SOHC L4 FLEX, 2012-2015.<\/td>\n<\/tr>\n<tr>\n<td>FIAT BRAVO ESSENCE DUALOGIC G-1, E-TORQ 370 A 0011 1.8 L 16V DOHC L4 FLEX, 2010-2013.<\/td>\n<\/tr>\n<tr>\n<td>FIAT DOBLO ATRACTIVE FLEX III , FIRE 310 A 2011 1.4 L 8V SOHC L4 FLEX, 2011-2012.<\/td>\n<\/tr>\n<tr>\n<td>FIAT DOBLO CARGO , E-TORQ 370 A 0011 1.8 L 16V DOHC L4 FLEX, 2010-2015.<\/td>\n<\/tr>\n<tr>\n<td>FIAT PALIO WEEKEND ADVENTURE DUALOGIC , E-TORQ 370 A 0011 1.8 L 16V DOHC L4 FLEX, 2016-2019.<\/td>\n<\/tr>\n<tr>\n<td>FIAT LINEA ABSOLUTE DUALOGIC , E-TORQ 370 A 0011 1.8 L 16V DOHC L4 FLEX, 2014-2016.<\/td>\n<\/tr>\n<tr>\n<td>FIAT PALIO ESSENCE DUAL G-4, E-TORQ 310 A 5011 1.6 L 16V SOHC L4 FLEX, 2012-2018.<\/td>\n<\/tr>\n<tr>\n<td>FIAT IDEA SUBLIME , E-TORQ 310 A 5011 1.6 L 16V SOHC L4 FLEX, 2014-2018.<\/td>\n<\/tr>\n<tr>\n<td>FIAT PALIO FIN DE SEMANA ATRACTIVO , FUEGO 310 A 2011 1.4 L 8V SOHC L4 FLEX, 2016-2020.<\/td>\n<\/tr>\n<tr>\n<td>FIAT DOBLO ATRACTIVE , FUEGO 310 A 2011 1.4 L 8V SOHC L4 FLEX, 2013-2015.<\/td>\n<\/tr>\n<tr>\n<td>FIAT IDEA ESSENCE DUALOGIC , E-TORQ 310 A 5011 1.6 L 16V SOHC L4 FLEX, 2010-2013.<\/td>\n<\/tr>\n<tr>\n<td>FIAT LINEA ABSOLUTE DUAL , E-TORQ 370 A 0011 1.8 L 16V DOHC L4 FLEX, 2010-2013.<\/td>\n<\/tr>\n<tr>\n<td>FIAT STRADA ADVENTURE CE , E-TORQ 370 A 0011 1.8 L 16V DOHC L4 FLEX, 2013-2015.<\/td>\n<\/tr>\n<tr>\n<td>FIAT DOBLO ADVENTURE 1.8 16V G-2, E-TORQ 370 A 0011 1.8 L 16V DOHC L4 FLEX, 2016-2020.<\/td>\n<\/tr>\n<tr>\n<td>FIAT PALIO SPORTING DUAL G-4, E-TORQ 310 A 5011 1.6 L 16V SOHC L4 FLEX, 2012-2018.<\/td>\n<\/tr>\n<tr>\n<td>FIAT STRADA ADVENTURE CE LOCKER , E-TORQ 370 A 0011 1.8 L 16V DOHC L4 FLEX, 2013-2015.<\/td>\n<\/tr>\n<tr>\n<td>FIAT STRADA ADVENTURE CE DUALOGIC , E-TORQ 370 A 0011 1.8 L 16V DOHC L4 FLEX, 2013-2015.<\/td>\n<\/tr>\n<tr>\n<td>FIAT STRADA CE TRABAJO DURO , FUEGO 310 A 2011 1.4 L 8V SOHC L4 FLEX, 2014-2015.<\/td>\n<\/tr>\n<tr>\n<td>FIAT LINEA ESSENCE DUAL , E-TORQ 370 A 0011 1.8 L 16V DOHC L4 FLEX, 2011-2013.<\/td>\n<\/tr>\n<\/tbody>\n<\/table>\n<p>ATENCI\u00d3N:<br \/>\nRecomendamos que la instalaci\u00f3n la realice un profesional formado y especializado.<br \/>\nS\u00f3lo compra este producto si est\u00e1s seguro de que es compatible con tu veh\u00edculo. Si tienes alguna duda, no dudes en ponerte en contacto con nosotros. Nuestro horario de apertura es de lunes a viernes de 8 a 18 h.<\/p>\n","protected":false},"excerpt":{"rendered":"<p>F000BL0700-COM. En stock. Ref: F000BL074D, F000BL0700, 51839616, F000BL07DX &#8211; compatible con: FIAT. Marca: COM Automotive &#8211; Producto con calidad y dise\u00f1o originales. Compatible con Bosch<\/p>\n","protected":false},"featured_media":19178,"comment_status":"open","ping_status":"closed","template":"","meta":[],"product_brand":[],"product_cat":[8109],"product_tag":[],"class_list":{"0":"post-16003","1":"product","2":"type-product","3":"status-publish","4":"has-post-thumbnail","6":"product_cat-alternador-es-2","8":"first","9":"instock","10":"taxable","11":"shipping-taxable","12":"purchasable","13":"product-type-simple"},"_links":{"self":[{"href":"https:\/\/com-automotive.com\/es\/wp-json\/wp\/v2\/product\/16003","targetHints":{"allow":["GET"]}}],"collection":[{"href":"https:\/\/com-automotive.com\/es\/wp-json\/wp\/v2\/product"}],"about":[{"href":"https:\/\/com-automotive.com\/es\/wp-json\/wp\/v2\/types\/product"}],"replies":[{"embeddable":true,"href":"https:\/\/com-automotive.com\/es\/wp-json\/wp\/v2\/comments?post=16003"}],"wp:featuredmedia":[{"embeddable":true,"href":"https:\/\/com-automotive.com\/es\/wp-json\/wp\/v2\/media\/19178"}],"wp:attachment":[{"href":"https:\/\/com-automotive.com\/es\/wp-json\/wp\/v2\/media?parent=16003"}],"wp:term":[{"taxonomy":"product_brand","embeddable":true,"href":"https:\/\/com-automotive.com\/es\/wp-json\/wp\/v2\/product_brand?post=16003"},{"taxonomy":"product_cat","embeddable":true,"href":"https:\/\/com-automotive.com\/es\/wp-json\/wp\/v2\/product_cat?post=16003"},{"taxonomy":"product_tag","embeddable":true,"href":"https:\/\/com-automotive.com\/es\/wp-json\/wp\/v2\/product_tag?post=16003"}],"curies":[{"name":"wp","href":"https:\/\/api.w.org\/{rel}","templated":true}]}}